{"id":281,"date":"2025-07-21T10:50:08","date_gmt":"2025-07-21T08:50:08","guid":{"rendered":"https:\/\/semmelweis.hu\/godollo\/?page_id=281"},"modified":"2025-08-28T08:58:29","modified_gmt":"2025-08-28T06:58:29","slug":"felnott-fogaszat","status":"publish","type":"page","link":"https:\/\/semmelweis.hu\/godollo\/betegellatas\/felnott-fogaszat\/","title":{"rendered":"Fog\u00e1szat &#8211; feln\u0151tt"},"content":{"rendered":"<div class=\"keretes w-100\">\n<h5>A feln\u0151tt fogorvosi rendel\u00e9s a G\u00f6d\u00f6ll\u0151i Semmelweis Eg\u00e9szs\u00e9gk\u00f6zpont \u00e9p\u00fclet\u00e9ben, azonban att\u00f3l f\u00fcggetlen\u00fcl m\u0171k\u00f6dik!\u00a0\u00a0<\/h5>\n<\/div>\n<h4><strong> Rendel\u00e9si id\u0151k az \u00d6nkorm\u00e1nyzat honlapj\u00e1n:<\/strong><\/h4>\n<p><a href=\"https:\/\/www.godollo.hu\/godollo-egeszsegugy\/44501\/\" target=\"_blank\" rel=\"noopener\"><strong>Feln\u0151tt fogorvosi rendel\u00e9si id\u0151k \u2192<\/strong><\/a><\/p>\n<h4><strong>El\u00e9rhet\u0151s\u00e9gek &#8211; dr. Mat\u00faz M\u00e1rta:\u00a0<\/strong><\/h4>\n<p><strong>Figyelem, bejelentkez\u00e9s sz\u00fcks\u00e9ges!<\/strong><\/p>\n<p>+36 70 502 \u2013 1980<br \/>\n+36 28 \/ 430 \u2013 655 \u00e9s 5-\u00f6s gomb<br \/>\n+36 28 \/ 430 \u2013 452 \u00e9s 5-\u00f6s gomb<\/p>\n","protected":false},"excerpt":{"rendered":"<p>A feln\u0151tt fogorvosi rendel\u00e9s a G\u00f6d\u00f6ll\u0151i Semmelweis Eg\u00e9szs\u00e9gk\u00f6zpont \u00e9p\u00fclet\u00e9ben, azonban att\u00f3l f\u00fcggetlen\u00fcl m\u0171k\u00f6dik!\u00a0\u00a0<\/p>\n<p> Rendel\u00e9si id\u0151k az \u00d6nkorm\u00e1nyzat honlapj\u00e1n:<br \/>\n<a href=\"https:\/\/www.godollo.hu\/godollo-egeszsegugy\/44501\/\" target=\"_blank\" rel=\"noopener\">Feln\u0151tt fogorvosi rendel\u00e9si id\u0151k \u2192<\/a><br \/>\nEl\u00e9rhet\u0151s\u00e9gek &#8211; dr. Mat\u00faz M\u00e1rta:\u00a0<br \/>\nFigyelem, bejelentkez\u00e9s sz\u00fcks\u00e9ges!<br \/>\n+36 70 502 \u2013 1980<br \/>\n+36 28 \/ 430 \u2013 655 \u00e9s 5-\u00f6s gomb<br \/>\n+36 28 \/ 430 \u2013 452 \u00e9s 5-\u00f6s gomb<\/p>\n","protected":false},"author":12,"featured_media":319,"parent":92,"menu_order":6,"comment_status":"closed","ping_status":"closed","template":"","meta":{"_acf_changed":false,"footnotes":""},"categories":[5,8],"tags":[],"class_list":["post-281","page","type-page","status-publish","has-post-thumbnail","hentry","category-nyitolap","category-rolunk-kapcsolodo"],"acf":[],"_links":{"self":[{"href":"https:\/\/semmelweis.hu\/godollo\/wp-json\/wp\/v2\/pages\/281","targetHints":{"allow":["GET"]}}],"collection":[{"href":"https:\/\/semmelweis.hu\/godollo\/wp-json\/wp\/v2\/pages"}],"about":[{"href":"https:\/\/semmelweis.hu\/godollo\/wp-json\/wp\/v2\/types\/page"}],"author":[{"embeddable":true,"href":"https:\/\/semmelweis.hu\/godollo\/wp-json\/wp\/v2\/users\/12"}],"replies":[{"embeddable":true,"href":"https:\/\/semmelweis.hu\/godollo\/wp-json\/wp\/v2\/comments?post=281"}],"version-history":[{"count":6,"href":"https:\/\/semmelweis.hu\/godollo\/wp-json\/wp\/v2\/pages\/281\/revisions"}],"predecessor-version":[{"id":977,"href":"https:\/\/semmelweis.hu\/godollo\/wp-json\/wp\/v2\/pages\/281\/revisions\/977"}],"up":[{"embeddable":true,"href":"https:\/\/semmelweis.hu\/godollo\/wp-json\/wp\/v2\/pages\/92"}],"wp:featuredmedia":[{"embeddable":true,"href":"https:\/\/semmelweis.hu\/godollo\/wp-json\/wp\/v2\/media\/319"}],"wp:attachment":[{"href":"https:\/\/semmelweis.hu\/godollo\/wp-json\/wp\/v2\/media?parent=281"}],"wp:term":[{"taxonomy":"category","embeddable":true,"href":"https:\/\/semmelweis.hu\/godollo\/wp-json\/wp\/v2\/categories?post=281"},{"taxonomy":"post_tag","embeddable":true,"href":"https:\/\/semmelweis.hu\/godollo\/wp-json\/wp\/v2\/tags?post=281"}],"curies":[{"name":"wp","href":"https:\/\/api.w.org\/{rel}","templated":true}]}}