{"id":263,"date":"2025-07-21T10:52:24","date_gmt":"2025-07-21T08:52:24","guid":{"rendered":"https:\/\/semmelweis.hu\/godollo\/?page_id=263"},"modified":"2025-10-28T10:36:54","modified_gmt":"2025-10-28T09:36:54","slug":"haziorvosi-rendelok","status":"publish","type":"page","link":"https:\/\/semmelweis.hu\/godollo\/betegellatas\/haziorvosi-rendelok\/","title":{"rendered":"H\u00e1ziorvosi rendel\u0151k &#8211; feln\u0151tt \u00e9s gyermek"},"content":{"rendered":"<div class=\"keretes w-100\">\n<h5>A gyermek \u00e9s feln\u0151tt h\u00e1ziorvosi rendel\u0151k a G\u00f6d\u00f6ll\u0151i Semmelweis Eg\u00e9szs\u00e9gk\u00f6zpont \u00e9p\u00fclet\u00e9ben, azonban att\u00f3l f\u00fcggetlen\u00fcl m\u0171k\u00f6dnek.\u00a0<\/h5>\n<\/div>\n<h4><strong>A Rendel\u00e9si id\u0151k az \u00d6nkorm\u00e1nyzat honlapj\u00e1n:<\/strong><\/h4>\n<ul>\n<li>\n<p><strong><a href=\"https:\/\/www.godollo.hu\/godollo-egeszsegugy\/gyermek-haziorvosi-korzetek\/\" target=\"_blank\" rel=\"noopener\">Gyermek h\u00e1ziorvosi rendel\u00e9si id\u0151k \u2192<\/a><\/strong><\/p>\n<\/li>\n<li>\n<p><strong><a href=\"https:\/\/www.godollo.hu\/godollo-egeszsegugy\/felnott-haziorvosi-rendeles\/\" target=\"_blank\" rel=\"noopener\">Feln\u0151tt\u00a0h\u00e1ziorvosi rendel\u00e9si id\u0151k \u2192<\/a><\/strong><\/p>\n<\/li>\n<\/ul>\n<h4><strong>El\u00e9rhet\u0151s\u00e9gek:<\/strong><\/h4>\n<p><em>a mell\u00e9kek sz\u00e1ma lejjebb olvashat\u00f3<\/em>\u00a0<br \/>\n+36 28 \/ 430 \u2013 655\u00a0<br \/>\n+36 28 \/ 430 \u2013 452<\/p>\n<h5>Feln\u0151tt h\u00e1ziorvosok: 2-es gomb ut\u00e1n<\/h5>\n<p>dr. Schafiqul Islam: 1-es gomb \/ +36 70 502 \u2013 2031<br \/>\ndr. Gul\u00e1csi Szer\u00e9na: 2-es gomb \/ +36 70 502 \u2013 2039<br \/>\ndr. Biacsi Zsuzsanna: 3-as gomb \/ +36 70 502 \u2013 2043<br \/>\ndr. Szab\u00f3 Judit: 4-es gomb \/ +36 70 502 \u2013 2050<br \/>\ndr. T\u0151ke Istv\u00e1n: 5-\u00f6s gomb \/ +36 70 502 \u2013 2067<br \/>\ndr. R\u0151der Rita: 6-os gomb \/ +36 70 983 \u2013 9402<\/p>\n<h5>Gyermek h\u00e1ziorvosok: 3-as gomb ut\u00e1n<\/h5>\n<p>dr. Kiss Anna: 1-es gomb \/ +36 70 502 \u2013 2125<br \/>\ndr. Kiss J\u00f3zsef: <del>2-es gomb \/ +36 70 502 \u2013 2118<\/del> <span style=\"color: #ff0000\">\u21d2 telefonsz\u00e1ma megv\u00e1ltozott! \u00faj sz\u00e1m: +36 70 147 8458<\/span><br \/>\ndr. Kiss Zsuzsanna: 3-as gomb \/ +36 70 502 \u2013 2117<br \/>\ndr. Farag\u00f3 Andrea: 4-es gomb \/ +36 70 502 \u2013 2142<\/p>\n","protected":false},"excerpt":{"rendered":"<p>A gyermek \u00e9s feln\u0151tt h\u00e1ziorvosi rendel\u0151k a G\u00f6d\u00f6ll\u0151i Semmelweis Eg\u00e9szs\u00e9gk\u00f6zpont \u00e9p\u00fclet\u00e9ben, azonban att\u00f3l f\u00fcggetlen\u00fcl m\u0171k\u00f6dnek.\u00a0 A Rendel\u00e9si id\u0151k az \u00d6nkorm\u00e1nyzat honlapj\u00e1n: <a href=\"https:\/\/www.godollo.hu\/godollo-egeszsegugy\/gyermek-haziorvosi-korzetek\/\" target=\"_blank\" rel=\"noopener\">Gyermek h\u00e1ziorvosi rendel\u00e9si id\u0151k \u2192<\/a> <a href=\"https:\/\/www.godollo.hu\/godollo-egeszsegugy\/felnott-haziorvosi-rendeles\/\" target=\"_blank\" rel=\"noopener\">Feln\u0151tt\u00a0h\u00e1ziorvosi rendel\u00e9si id\u0151k \u2192<\/a> El\u00e9rhet\u0151s\u00e9gek: a mell\u00e9kek sz\u00e1ma lejjebb olvashat\u00f3\u00a0 +36 28 \/ 430 \u2013 655\u00a0 +36 28 \/ 430 \u2013 452 Feln\u0151tt h\u00e1ziorvosok: 2-es gomb ut\u00e1n dr. Schafiqul Islam: 1-es gomb \/ +36 70 502 \u2013 2031 &hellip;<\/p>\n","protected":false},"author":12,"featured_media":320,"parent":92,"menu_order":4,"comment_status":"closed","ping_status":"closed","template":"","meta":{"_acf_changed":false,"footnotes":""},"categories":[5,8],"tags":[],"class_list":["post-263","page","type-page","status-publish","has-post-thumbnail","hentry","category-nyitolap","category-rolunk-kapcsolodo"],"acf":[],"_links":{"self":[{"href":"https:\/\/semmelweis.hu\/godollo\/wp-json\/wp\/v2\/pages\/263","targetHints":{"allow":["GET"]}}],"collection":[{"href":"https:\/\/semmelweis.hu\/godollo\/wp-json\/wp\/v2\/pages"}],"about":[{"href":"https:\/\/semmelweis.hu\/godollo\/wp-json\/wp\/v2\/types\/page"}],"author":[{"embeddable":true,"href":"https:\/\/semmelweis.hu\/godollo\/wp-json\/wp\/v2\/users\/12"}],"replies":[{"embeddable":true,"href":"https:\/\/semmelweis.hu\/godollo\/wp-json\/wp\/v2\/comments?post=263"}],"version-history":[{"count":10,"href":"https:\/\/semmelweis.hu\/godollo\/wp-json\/wp\/v2\/pages\/263\/revisions"}],"predecessor-version":[{"id":1137,"href":"https:\/\/semmelweis.hu\/godollo\/wp-json\/wp\/v2\/pages\/263\/revisions\/1137"}],"up":[{"embeddable":true,"href":"https:\/\/semmelweis.hu\/godollo\/wp-json\/wp\/v2\/pages\/92"}],"wp:featuredmedia":[{"embeddable":true,"href":"https:\/\/semmelweis.hu\/godollo\/wp-json\/wp\/v2\/media\/320"}],"wp:attachment":[{"href":"https:\/\/semmelweis.hu\/godollo\/wp-json\/wp\/v2\/media?parent=263"}],"wp:term":[{"taxonomy":"category","embeddable":true,"href":"https:\/\/semmelweis.hu\/godollo\/wp-json\/wp\/v2\/categories?post=263"},{"taxonomy":"post_tag","embeddable":true,"href":"https:\/\/semmelweis.hu\/godollo\/wp-json\/wp\/v2\/tags?post=263"}],"curies":[{"name":"wp","href":"https:\/\/api.w.org\/{rel}","templated":true}]}}