{"id":256,"date":"2025-07-21T10:43:10","date_gmt":"2025-07-21T08:43:10","guid":{"rendered":"https:\/\/semmelweis.hu\/godollo\/?page_id=256"},"modified":"2025-08-29T08:40:38","modified_gmt":"2025-08-29T06:40:38","slug":"betegjogi-kepviselo","status":"publish","type":"page","link":"https:\/\/semmelweis.hu\/godollo\/betegellatas\/betegjogi-kepviselo\/","title":{"rendered":"Betegjogi K\u00e9pvisel\u0151"},"content":{"rendered":"<div class=\"keretes w-100\">\n<h6>Esetleges panasz\u00e1val fordulhat a ter\u00fcletileg illet\u00e9kes betegjogi k\u00e9pvisel\u0151h\u00f6z is. A jogv\u00e9delmi k\u00e9pvisel\u0151 az <strong>Integr\u00e1lt Jogv\u00e9delmi Szolg\u00e1lat (IJSZ) munkat\u00e1rsa<\/strong>, aki az az eg\u00e9szs\u00e9g\u00fcgyi int\u00e9zm\u00e9nyt\u0151l f\u00fcggetlen szem\u00e9ly.<\/h6>\n<\/div>\n<h4><strong>Int\u00e9zm\u00e9ny\u00fcnkben a Ter\u00fcletileg illet\u00e9kes betegjogi k\u00e9pvisel\u0151:<\/strong><\/h4>\n<h5>Bodn\u00e1r Timea<\/h5>\n<p><strong>Telefon:\u00a0<\/strong> \u00a0+36-30- 379- 8373<\/p>\n<p><strong>Munkaid\u0151ben h\u00edvhat\u00f3:<\/strong><br \/>\nh\u00e9tf\u0151t\u0151l-cs\u00fct\u00f6rt\u00f6kig\u00a008:00 \u2013 16:30,\u00a0<br \/>\np\u00e9nteken\u00a008:00 \u2013 14:00 \u00f3ra k\u00f6z\u00f6tt<\/p>\n<p><strong>E-mail c\u00edme:<\/strong> timea.bodnar@ijsz.bm.gov.hu<\/p>\n<p><strong>Fogad\u00f3\u00f3ra:<\/strong> telefonos egyeztet\u00e9st k\u00f6vet\u0151en<\/p>\n<p><a class=\"btn btn-secondary\" href=\"https:\/\/www.ijsz.hu\/betegjog.html\" target=\"_blank\" rel=\"noopener\">B\u0151vebben a betegjogokr\u00f3l \u2192<\/a><\/p>\n","protected":false},"excerpt":{"rendered":"<p>Esetleges panasz\u00e1val fordulhat a ter\u00fcletileg illet\u00e9kes betegjogi k\u00e9pvisel\u0151h\u00f6z is. A jogv\u00e9delmi k\u00e9pvisel\u0151 az Integr\u00e1lt Jogv\u00e9delmi Szolg\u00e1lat (IJSZ) munkat\u00e1rsa, aki az az eg\u00e9szs\u00e9g\u00fcgyi int\u00e9zm\u00e9nyt\u0151l f\u00fcggetlen szem\u00e9ly.<\/p>\n<p>Int\u00e9zm\u00e9ny\u00fcnkben a Ter\u00fcletileg illet\u00e9kes betegjogi k\u00e9pvisel\u0151:<br \/>\nBodn\u00e1r Timea<br \/>\nTelefon:\u00a0 \u00a0+36-30- 379- 8373<br \/>\nMunkaid\u0151ben h\u00edvhat\u00f3:<br \/>\nh\u00e9tf\u0151t\u0151l-cs\u00fct\u00f6rt\u00f6kig\u00a008:00 \u2013 16:30,\u00a0<br \/>\np\u00e9nteken\u00a008:00 \u2013 14:00 \u00f3ra k\u00f6z\u00f6tt<br \/>\nE-mail c\u00edme: timea.bodnar@ijsz.bm.gov.hu<br \/>\nFogad\u00f3\u00f3ra: telefonos egyeztet\u00e9st k\u00f6vet\u0151en<br \/>\n<a class=\"btn btn-secondary\" href=\"https:\/\/www.ijsz.hu\/betegjog.html\" target=\"_blank\" rel=\"noopener\">B\u0151vebben a betegjogokr\u00f3l \u2192<\/a><\/p>\n","protected":false},"author":12,"featured_media":0,"parent":92,"menu_order":8,"comment_status":"closed","ping_status":"closed","template":"","meta":{"_acf_changed":false,"footnotes":""},"categories":[],"tags":[],"class_list":["post-256","page","type-page","status-publish","hentry"],"acf":[],"_links":{"self":[{"href":"https:\/\/semmelweis.hu\/godollo\/wp-json\/wp\/v2\/pages\/256","targetHints":{"allow":["GET"]}}],"collection":[{"href":"https:\/\/semmelweis.hu\/godollo\/wp-json\/wp\/v2\/pages"}],"about":[{"href":"https:\/\/semmelweis.hu\/godollo\/wp-json\/wp\/v2\/types\/page"}],"author":[{"embeddable":true,"href":"https:\/\/semmelweis.hu\/godollo\/wp-json\/wp\/v2\/users\/12"}],"replies":[{"embeddable":true,"href":"https:\/\/semmelweis.hu\/godollo\/wp-json\/wp\/v2\/comments?post=256"}],"version-history":[{"count":9,"href":"https:\/\/semmelweis.hu\/godollo\/wp-json\/wp\/v2\/pages\/256\/revisions"}],"predecessor-version":[{"id":993,"href":"https:\/\/semmelweis.hu\/godollo\/wp-json\/wp\/v2\/pages\/256\/revisions\/993"}],"up":[{"embeddable":true,"href":"https:\/\/semmelweis.hu\/godollo\/wp-json\/wp\/v2\/pages\/92"}],"wp:attachment":[{"href":"https:\/\/semmelweis.hu\/godollo\/wp-json\/wp\/v2\/media?parent=256"}],"wp:term":[{"taxonomy":"category","embeddable":true,"href":"https:\/\/semmelweis.hu\/godollo\/wp-json\/wp\/v2\/categories?post=256"},{"taxonomy":"post_tag","embeddable":true,"href":"https:\/\/semmelweis.hu\/godollo\/wp-json\/wp\/v2\/tags?post=256"}],"curies":[{"name":"wp","href":"https:\/\/api.w.org\/{rel}","templated":true}]}}