{"id":24,"date":"2025-07-21T10:53:04","date_gmt":"2025-07-21T08:53:04","guid":{"rendered":"https:\/\/semmelweis.hu\/godollo\/?page_id=24"},"modified":"2026-02-13T13:04:53","modified_gmt":"2026-02-13T12:04:53","slug":"iskola-vedonoi-szolgalat","status":"publish","type":"page","link":"https:\/\/semmelweis.hu\/godollo\/iskola-vedonoi-szolgalat\/","title":{"rendered":"Iskola-v\u00e9d\u0151n\u0151i szolg\u00e1lat"},"content":{"rendered":"<div class=\"w-100\">\n<p><span style=\"font-family: Montserrat;font-size: 14pt\">K\u00e9rj\u00fck, hogy az\u00a0<strong>iskolai sz\u00fcnetekben a v\u00e9d\u0151n\u0151ket a II. sz\u00e1m\u00fa szakrendel\u0151ben<\/strong> \u2013 G\u00f6d\u00f6ll\u0151, Szabads\u00e1g t\u00e9r 3. sz\u00e1m alatt sz\u00edveskedjenek keresni! <\/span><\/p>\n<p><span style=\"font-family: Montserrat;font-size: 14pt\">Tel.: +36-28-430-655\/9222 mell\u00e9k<\/span><strong><br \/>\n<\/strong><\/p>\n<\/div>\n<h1>ANNUSN\u00c9 NAGY KATALIN<\/h1>\n<p><span style=\"font-family: Montserrat;font-size: 14pt\">Fogad\u00f3\u00f3ra egyeztet\u00e9s e-mailben sz\u00fcks\u00e9ges: <a href=\"annusne.nagy.katalin@semmelweis.hu\">annusne.nagy.katalin@semmelweis.hu<\/a><\/span><\/p>\n<table style=\"width: 90%\">\n<thead>\n<tr>\n<td style=\"width: 30%\"><span style=\"font-family: Montserrat;font-size: 14pt\">K\u00f6rzet:<\/span><\/td>\n<td style=\"width: 69.9405%\"><span style=\"font-family: Montserrat;font-size: 14pt\">Fogad\u00f3\u00f3ra helysz\u00edne:<\/span><\/td>\n<\/tr>\n<\/thead>\n<tbody>\n<tr>\n<td style=\"width: 30%\"><span style=\"font-family: Montserrat;font-size: 14pt\">Premontrei Iskola K\u00f6zpont<\/span><\/td>\n<td style=\"width: 69.9405%\"><span style=\"font-family: Montserrat;font-size: 14pt\">2100 G\u00f6d\u00f6ll\u0151, Tak\u00e1cs M. utca 2. <\/span><\/td>\n<\/tr>\n<tr>\n<td style=\"width: 30%\"><span style=\"font-family: Montserrat;font-size: 14pt\">Szent Imre Katolikus \u00c1ltal\u00e1nos Iskola<\/span><\/td>\n<td style=\"width: 69.9405%\"><span style=\"font-family: Montserrat;font-size: 14pt\">2100 G\u00f6d\u00f6ll\u0151, Szabads\u00e1g t\u00e9r 19.<\/span><\/td>\n<\/tr>\n<\/tbody>\n<\/table>\n<h1><span style=\"font-family: Montserrat\">dr. Kissn\u00e9 Deli M\u00e1ria<\/span><\/h1>\n<p><span style=\"font-family: Montserrat;font-size: 14pt\">Fogad\u00f3\u00f3ra egyeztet\u00e9s e-mailben sz\u00fcks\u00e9ges: <a href=\"mailto:kissne.deli.maria@semmelweis.hu\">kissne.deli.maria@semmelweis.hu<\/a><\/span><\/p>\n<p><span style=\"font-family: Montserrat;font-size: 14pt\">A fogad\u00f3\u00f3ra helysz\u00edn\u00e9n tart\u00f3zkodik: h\u00e9tf\u0151t\u0151l-cs\u00fct\u00f6rt\u00f6kig 14:00-15:30<\/span><\/p>\n<table style=\"width: 90%;height: 198px\">\n<thead>\n<tr style=\"height: 33px\">\n<td style=\"width: 26.2798%;height: 33px\"><span style=\"font-family: Montserrat;font-size: 14pt\">K\u00f6rzet:<\/span><\/td>\n<td style=\"height: 33px;width: 38.6905%\"><span style=\"font-family: Montserrat;font-size: 14pt\">Fogad\u00f3\u00f3ra helysz\u00edne:<\/span><\/td>\n<\/tr>\n<\/thead>\n<tbody>\n<tr style=\"height: 33px\">\n<td style=\"height: 33px;width: 26.2798%\"><span style=\"font-family: Montserrat;font-size: 14pt\">G\u00f6d\u00f6ll\u0151i Pet\u0151fi S\u00e1ndor \u00c1ltal\u00e1nos Iskola<\/span><\/td>\n<td style=\"height: 33px;width: 38.6905%\"><span style=\"font-size: 14pt;font-family: Montserrat\">II. Szakrendel\u0151 &#8211; 2100 G\u00f6d\u00f6ll\u0151, Szabads\u00e1g t\u00e9r 3. I. em.\/112 szoba <\/span><\/td>\n<\/tr>\n<tr style=\"height: 33px\">\n<td style=\"height: 33px;width: 26.2798%\"><span style=\"font-family: Montserrat;font-size: 14pt\">G\u00f6d\u00f6ll\u0151i Damjanich J\u00e1nos \u00c1ltal\u00e1nos Iskola (fels\u0151 tagozat)<\/span><\/td>\n<td style=\"height: 33px;width: 38.6905%\"><span style=\"font-size: 14pt;font-family: Montserrat\">II. Szakrendel\u0151 &#8211; 2100 G\u00f6d\u00f6ll\u0151, Szabads\u00e1g t\u00e9r 3. I. em.\/112 szoba <\/span><\/td>\n<\/tr>\n<tr style=\"height: 33px\">\n<td style=\"height: 33px;width: 26.2798%\"><span style=\"font-family: Montserrat;font-size: 14pt\">G\u00f6d\u00f6ll\u0151i Mont\u00e1gh Imre \u00c1ltal\u00e1nos Iskola, Szakiskola \u00e9s K\u00e9szs\u00e9gfejleszt\u0151 Iskola<\/span><\/td>\n<td style=\"height: 33px;width: 38.6905%\"><span style=\"font-size: 14pt;font-family: Montserrat\">II. Szakrendel\u0151 &#8211; 2100 G\u00f6d\u00f6ll\u0151, Szabads\u00e1g t\u00e9r 3. I. em.\/112 szoba<\/span><\/td>\n<\/tr>\n<\/tbody>\n<\/table>\n<h1>FeH\u00c9R-VARGA EMMA<\/h1>\n<p><span style=\"font-family: Montserrat;font-size: 14pt\">Fogad\u00f3\u00f3ra egyeztet\u00e9s e-mailben sz\u00fcks\u00e9ges: <a href=\"feher.varga.emma@semmelweis.hu\">feher.varga.emma@semmelweis.hu<\/a><\/span><\/p>\n<p><span style=\"font-family: Montserrat;font-size: 14pt\">A fogad\u00f3\u00f3ra helysz\u00edn\u00e9n tart\u00f3zkodik: h\u00e9tf\u0151t\u0151l-cs\u00fct\u00f6rt\u00f6kig 14:00-15:30<\/span><\/p>\n<table style=\"width: 90%;height: 198px\">\n<thead>\n<tr style=\"height: 33px\">\n<td style=\"width: 30%;height: 33px\"><span style=\"font-size: 14pt;font-family: Montserrat\">K\u00f6rzet:<\/span><\/td>\n<td style=\"height: 33px;width: 69.9405%\"><span style=\"font-size: 14pt;font-family: Montserrat\">Fogad\u00f3\u00f3ra helysz\u00edne:<\/span><\/td>\n<\/tr>\n<\/thead>\n<tbody>\n<tr style=\"height: 33px\">\n<td style=\"height: 33px;width: 30%\"><span style=\"font-size: 14pt;font-family: Montserrat\">G\u00f6d\u00f6ll\u0151i Haj\u00f3s Alfr\u00e9d \u00c1ltal\u00e1nos Iskola (mindk\u00e9t telephely)<\/span><\/td>\n<td style=\"height: 33px;width: 69.9405%\"><span style=\"font-size: 14pt;font-family: Montserrat\">II. Szakrendel\u0151 &#8211; 2100 G\u00f6d\u00f6ll\u0151, Szabads\u00e1g t\u00e9r 3. I. em.\/112 szoba<\/span><\/td>\n<\/tr>\n<tr style=\"height: 33px\">\n<td style=\"height: 33px;width: 30%\"><span style=\"font-size: 14pt;font-family: Montserrat\">G\u00f6d\u00f6ll\u0151i Damjanich J\u00e1nos \u00c1ltal\u00e1nos Iskola (als\u00f3 tagozat)<\/span><\/td>\n<td style=\"height: 33px;width: 69.9405%\"><span style=\"font-size: 14pt;font-family: Montserrat\">II. Szakrendel\u0151 &#8211; 2100 G\u00f6d\u00f6ll\u0151, Szabads\u00e1g t\u00e9r 3. I. em.\/112 szoba<\/span><\/td>\n<\/tr>\n<\/tbody>\n<\/table>\n<h1>Fekete Anna<\/h1>\n<p><span style=\"font-family: Montserrat\"><span style=\"font-size: 18.6667px\">Fogad\u00f3\u00f3ra egyeztet\u00e9s e-mailben sz\u00fcks\u00e9ges:\u00a0<a href=\"fekete.anna2@semmelweis.hu\">fekete.anna2@semmelweis.hu<\/a><\/span><\/span><\/p>\n<table style=\"width: 90%;height: 198px\">\n<thead>\n<tr style=\"height: 33px\">\n<td style=\"width: 30%;height: 33px\"><span style=\"font-size: 14pt;font-family: Montserrat\">K\u00f6rzet:<\/span><\/td>\n<td style=\"height: 33px;width: 69.9405%\"><span style=\"font-size: 14pt;font-family: Montserrat\">Fogad\u00f3\u00f3ra helysz\u00edne:<\/span><\/td>\n<\/tr>\n<\/thead>\n<tbody>\n<tr style=\"height: 33px\">\n<td style=\"height: 33px;text-align: left;width: 30%\"><span style=\"font-family: Montserrat;font-size: 14pt\">V\u00e1ci SzC Mad\u00e1ch Imre Technikum \u00e9s Szakk\u00e9pz\u0151 Iskola<\/span><\/td>\n<td style=\"height: 33px;text-align: left;width: 69.9405%\"><span style=\"font-family: Montserrat;font-size: 14pt\">2100 G\u00f6d\u00f6ll\u0151, Ganz \u00c1brah\u00e1m u. 1-3. <\/span><\/td>\n<\/tr>\n<tr style=\"height: 33px\">\n<td style=\"height: 33px;text-align: left;width: 30%\"><span style=\"font-family: Montserrat;font-size: 14pt\">G\u00f6d\u00f6ll\u0151i Waldorf \u00c1ltal\u00e1nos Iskola \u00e9s Alapfok\u00fa M\u0171v\u00e9szeti Iskola<\/span><\/td>\n<td style=\"height: 33px;text-align: left;width: 69.9405%\"><span style=\"font-family: Montserrat;font-size: 14pt\">2100 G\u00f6d\u00f6ll\u0151, Ganz \u00c1brah\u00e1m u. 1-3.<\/span><\/td>\n<\/tr>\n<\/tbody>\n<\/table>\n<h1>GONDA ZSOLTN\u00c9<\/h1>\n<p><span style=\"font-family: Montserrat;font-size: 14pt\">Fogad\u00f3\u00f3ra egyeztet\u00e9s e-mailben sz\u00fcks\u00e9ges:\u00a0<a href=\"gonda.zsoltne@semmelweis.hu\">gonda.zsoltne@semmelweis.hu<\/a><\/span><\/p>\n<table style=\"width: 90%;height: 132px\">\n<thead>\n<tr style=\"height: 33px\">\n<td style=\"width: 30%;height: 33px\"><span style=\"font-size: 14pt;font-family: Montserrat\">K\u00f6rzet:<\/span><\/td>\n<td style=\"height: 33px;width: 69.9405%\"><span style=\"font-size: 14pt;font-family: Montserrat\">Fogad\u00f3\u00f3ra helysz\u00edne:<\/span><\/td>\n<\/tr>\n<\/thead>\n<tbody>\n<tr style=\"height: 33px\">\n<td style=\"height: 33px;width: 30%\"><span style=\"font-size: 14pt;font-family: Montserrat\">G\u00f6d\u00f6ll\u0151i Erkel Ferenc \u00c1ltal\u00e1nos Iskola<\/span><\/td>\n<td style=\"height: 33px;width: 69.9405%\"><span style=\"font-size: 14pt;font-family: Montserrat\">2100 G\u00f6d\u00f6ll\u0151, Szabads\u00e1g t\u00e9r 18.<\/span><\/td>\n<\/tr>\n<tr style=\"height: 33px\">\n<td style=\"height: 33px;width: 30%\"><span style=\"font-size: 14pt;font-family: Montserrat\">G\u00f6d\u00f6ll\u0151i Reform\u00e1tus L\u00edceum Gimn\u00e1zium (11-12. \u00e9vfolyam)<\/span><\/td>\n<td style=\"height: 33px;width: 69.9405%\"><span style=\"font-size: 14pt;font-family: Montserrat\">2100 G\u00f6d\u00f6ll\u0151, Szabads\u00e1g t\u00e9r 9.<\/span><\/td>\n<\/tr>\n<tr style=\"height: 33px\">\n<td style=\"width: 30%;height: 33px\"><span style=\"font-size: 14pt;font-family: Montserrat\">Budapest School g\u00f6d\u00f6ll\u0151i telephely<\/span><\/td>\n<td style=\"width: 69.9405%;height: 33px\"><span style=\"font-size: 14pt;font-family: Montserrat\">Helysz\u00edn \u00e9s id\u0151pont, e-mail egyeztet\u00e9s szerint<\/span><\/td>\n<\/tr>\n<\/tbody>\n<\/table>\n<h1>Kacs\u00f3 katalin melinda<\/h1>\n<p><span style=\"font-family: Montserrat;font-size: 14pt\">Fogad\u00f3\u00f3ra egyeztet\u00e9s e-mailben sz\u00fcks\u00e9ges:\u00a0<a href=\"kacso.katalin.melinda@semmelweis.hu\">kacso.katalin.melinda@semmelweis.hu<\/a><\/span><\/p>\n<table style=\"width: 90%;height: 99px\">\n<thead>\n<tr style=\"height: 33px\">\n<td style=\"width: 30%;height: 33px\"><span style=\"font-family: Montserrat;font-size: 14pt\">K\u00f6rzet:<\/span><\/td>\n<td style=\"height: 33px;width: 69.9405%\"><span style=\"font-family: Montserrat;font-size: 14pt\">Fogad\u00f3\u00f3ra helysz\u00edne:<\/span><\/td>\n<\/tr>\n<\/thead>\n<tbody>\n<tr style=\"height: 33px\">\n<td style=\"height: 33px;width: 30%\"><span style=\"font-family: Montserrat;font-size: 14pt\">G\u00f6d\u00f6ll\u0151i T\u00f6r\u00f6k Ign\u00e1c Gimn\u00e1zium<\/span><\/td>\n<td style=\"height: 33px;width: 69.9405%\"><span style=\"font-size: 14pt;font-family: Montserrat\">2100 G\u00f6d\u00f6ll\u0151, Pet\u0151fi S. utca 12-14.\u00a0<\/span><\/td>\n<\/tr>\n<tr style=\"height: 33px\">\n<td style=\"height: 33px;width: 30%\"><span style=\"font-family: Montserrat;font-size: 14pt\">G\u00f6d\u00f6ll\u0151i Reform\u00e1tus L\u00edceum Gimn\u00e1zium (7-10. \u00e9vfolyam)<\/span><\/td>\n<td style=\"height: 33px;width: 69.9405%\"><span style=\"font-size: 14pt;font-family: Montserrat\">2100 G\u00f6d\u00f6ll\u0151, Szabads\u00e1g t\u00e9r 9.\u00a0<\/span><\/td>\n<\/tr>\n<\/tbody>\n<\/table>\n<h5>\u00a0<\/h5>\n<p>&nbsp;<\/p>\n<p>&nbsp;<\/p>\n<h5>\u00a0<\/h5>\n<p>&nbsp;<\/p>\n<p>&nbsp;<\/p>\n","protected":false},"excerpt":{"rendered":"<p>K\u00e9rj\u00fck, hogy az\u00a0iskolai sz\u00fcnetekben a v\u00e9d\u0151n\u0151ket a II. sz\u00e1m\u00fa szakrendel\u0151ben \u2013 G\u00f6d\u00f6ll\u0151, Szabads\u00e1g t\u00e9r 3. sz\u00e1m alatt sz\u00edveskedjenek keresni! Tel.: +36-28-430-655\/9222 mell\u00e9k ANNUSN\u00c9 NAGY KATALIN Fogad\u00f3\u00f3ra egyeztet\u00e9s e-mailben sz\u00fcks\u00e9ges: <a href=\"annusne.nagy.katalin@semmelweis.hu\">annusne.nagy.katalin@semmelweis.hu<\/a> K\u00f6rzet: Fogad\u00f3\u00f3ra helysz\u00edne: Premontrei Iskola K\u00f6zpont 2100 G\u00f6d\u00f6ll\u0151, Tak\u00e1cs M. utca 2. Szent Imre Katolikus \u00c1ltal\u00e1nos Iskola 2100 G\u00f6d\u00f6ll\u0151, Szabads\u00e1g t\u00e9r 19. dr. Kissn\u00e9 Deli M\u00e1ria &hellip;<\/p>\n","protected":false},"author":12,"featured_media":321,"parent":0,"menu_order":3,"comment_status":"closed","ping_status":"closed","template":"","meta":{"_acf_changed":false,"footnotes":""},"categories":[5,8,4],"tags":[],"class_list":["post-24","page","type-page","status-publish","has-post-thumbnail","hentry","category-nyitolap","category-rolunk-kapcsolodo","category-szakrendelesek"],"acf":[],"_links":{"self":[{"href":"https:\/\/semmelweis.hu\/godollo\/wp-json\/wp\/v2\/pages\/24","targetHints":{"allow":["GET"]}}],"collection":[{"href":"https:\/\/semmelweis.hu\/godollo\/wp-json\/wp\/v2\/pages"}],"about":[{"href":"https:\/\/semmelweis.hu\/godollo\/wp-json\/wp\/v2\/types\/page"}],"author":[{"embeddable":true,"href":"https:\/\/semmelweis.hu\/godollo\/wp-json\/wp\/v2\/users\/12"}],"replies":[{"embeddable":true,"href":"https:\/\/semmelweis.hu\/godollo\/wp-json\/wp\/v2\/comments?post=24"}],"version-history":[{"count":11,"href":"https:\/\/semmelweis.hu\/godollo\/wp-json\/wp\/v2\/pages\/24\/revisions"}],"predecessor-version":[{"id":1626,"href":"https:\/\/semmelweis.hu\/godollo\/wp-json\/wp\/v2\/pages\/24\/revisions\/1626"}],"wp:featuredmedia":[{"embeddable":true,"href":"https:\/\/semmelweis.hu\/godollo\/wp-json\/wp\/v2\/media\/321"}],"wp:attachment":[{"href":"https:\/\/semmelweis.hu\/godollo\/wp-json\/wp\/v2\/media?parent=24"}],"wp:term":[{"taxonomy":"category","embeddable":true,"href":"https:\/\/semmelweis.hu\/godollo\/wp-json\/wp\/v2\/categories?post=24"},{"taxonomy":"post_tag","embeddable":true,"href":"https:\/\/semmelweis.hu\/godollo\/wp-json\/wp\/v2\/tags?post=24"}],"curies":[{"name":"wp","href":"https:\/\/api.w.org\/{rel}","templated":true}]}}