{"id":22,"date":"2025-07-21T10:55:44","date_gmt":"2025-07-21T08:55:44","guid":{"rendered":"https:\/\/semmelweis.hu\/godollo\/?page_id=22"},"modified":"2026-02-16T16:00:51","modified_gmt":"2026-02-16T15:00:51","slug":"gyermek-fogaszat","status":"publish","type":"page","link":"https:\/\/semmelweis.hu\/godollo\/betegellatas\/gyermek-fogaszat\/","title":{"rendered":"Fog\u00e1szat &#8211; gyermek"},"content":{"rendered":"<div class=\"keretes w-100\">\n<h5>A rendel\u00e9s beutal\u00f3 n\u00e9lk\u00fcl, el\u0151jegyz\u00e9s alapj\u00e1n vehet\u0151 ig\u00e9nybe!<\/h5>\n<p><strong>El\u0151jegyz\u00e9s:<\/strong> +36 28 \/ 410 609<\/p>\n<p><strong>C\u00edm:<\/strong> 2100 G\u00f6d\u00f6ll\u0151, Palota-kert 3.<\/p>\n<p><strong>Ell\u00e1t\u00e1si ter\u00fcletek: <\/strong>G\u00f6d\u00f6ll\u0151 18 \u00e9v alatti lakoss\u00e1ga\u00a0<\/p>\n<p><strong>Fog\u00e1szati sz\u0171r\u00e9s: <\/strong>G\u00f6d\u00f6ll\u0151 nevel\u00e9si \u2013 oktat\u00e1si int\u00e9zm\u00e9nyeinek tanul\u00f3i (18 \u00e9v alatt), \u00f3vod\u00e1sai.<\/p>\n<\/div>\n<p><strong>S\u00fcrg\u0151ss\u00e9gi ell\u00e1t\u00f3hely: <br \/>\n<\/strong>Semmelweis Egyetem Fog\u00e1szati \u00e9s Sz\u00e1jseb\u00e9szeti Oktat\u00f3 Int\u00e9zete<br \/>\n1088 Budapest Szentkir\u00e1lyi \u00fat 40.<\/p>\n<h1>dr. Muhi Katalin<\/h1>\n<table style=\"width: 90%;height: 198px\">\n<thead>\n<tr style=\"height: 33px\">\n<td style=\"width: 30%;height: 33px\">nap<\/td>\n<td style=\"height: 33px\">id\u0151pont<\/td>\n<\/tr>\n<\/thead>\n<tbody>\n<tr style=\"height: 33px\">\n<td style=\"height: 33px\">h\u00e9tf\u0151<\/td>\n<td style=\"height: 33px\">07:45 \u2013 09:45<\/td>\n<\/tr>\n<tr style=\"height: 33px\">\n<td style=\"height: 33px\">kedd<\/td>\n<td style=\"height: 33px\">10:30 \u2013 18:30<\/td>\n<\/tr>\n<tr style=\"height: 33px\">\n<td style=\"height: 33px\">szerda<\/td>\n<td style=\"height: 33px\">08:00 \u2013 18:00<\/td>\n<\/tr>\n<tr style=\"height: 33px\">\n<td style=\"height: 33px\">cs\u00fct\u00f6rt\u00f6k<\/td>\n<td style=\"height: 33px\">10:00 \u2013 18:00<\/td>\n<\/tr>\n<tr style=\"height: 33px\">\n<td style=\"height: 33px\">p\u00e9ntek<\/td>\n<td style=\"height: 33px\">12:00 \u2013 14:00<\/td>\n<\/tr>\n<\/tbody>\n<\/table>\n<p>A rendel\u00e9s befejez\u00e9se el\u0151tt f\u00e9l \u00f3r\u00e1val \u00faj beteget m\u00e1r nem tudunk fogadni (csak s\u00fcrg\u0151s esetben)!<\/p>\n<p><strong>Helyettes\u00edt\u00e9s:<\/strong><br \/>\nOrvosilag s\u00fcrg\u0151s esetekben a m\u00e1sik rendel\u00e9s.<\/p>\n<h1>dr. Papp-Szklen\u00e1r Katalin<\/h1>\n<table style=\"width: 90%;height: 160px\">\n<thead>\n<tr>\n<td style=\"width: 30%\">nap<\/td>\n<td>id\u0151pont<\/td>\n<\/tr>\n<\/thead>\n<tbody>\n<tr>\n<td>h\u00e9tf\u0151<\/td>\n<td>09:45 \u2013 16:30<\/td>\n<\/tr>\n<tr>\n<td>kedd<\/td>\n<td>07:45 \u2013 16:00<\/td>\n<\/tr>\n<tr>\n<td>szerda<\/td>\n<td>15:30 \u2013 18:00<\/td>\n<\/tr>\n<tr>\n<td>cs\u00fct\u00f6rt\u00f6k<\/td>\n<td>07:45 \u2013 16:00<\/td>\n<\/tr>\n<tr>\n<td>p\u00e9ntek<\/td>\n<td>07:45 \u2013 12:00<\/td>\n<\/tr>\n<\/tbody>\n<\/table>\n<p><strong>Helyettes\u00edt\u00e9s:<\/strong><br \/>\nOrvosilag s\u00fcrg\u0151s esetekben a m\u00e1sik rendel\u00e9s.<\/p>\n<p>&nbsp;<\/p>\n<h1>dr. Barta Adrienn<\/h1>\n<p>Kedden, cs\u00fct\u00f6rt\u00f6k\u00f6n \u00e9s p\u00e9nteken helyettes\u00edti: Dr. Pastyik Paula<\/p>\n<table style=\"width: 90%;border-collapse: collapse\">\n<thead>\n<tr>\n<td style=\"width: 30%\" scope=\"col\">nap<\/td>\n<td>id\u0151pont<\/td>\n<\/tr>\n<\/thead>\n<tbody>\n<tr>\n<td>h\u00e9tf\u0151<\/td>\n<td>07:30 \u2013 16:00<\/td>\n<\/tr>\n<tr>\n<td>kedd<\/td>\n<td>07:30 \u2013 10:30<\/td>\n<\/tr>\n<tr>\n<td>szerda<\/td>\n<td>07:30 \u2013 16:00<\/td>\n<\/tr>\n<tr>\n<td>cs\u00fct\u00f6rt\u00f6k<\/td>\n<td>07:30 \u2013 10:30<\/td>\n<\/tr>\n<tr>\n<td>p\u00e9ntek<\/td>\n<td>07:30 \u2013 14:30<\/td>\n<\/tr>\n<\/tbody>\n<\/table>\n<p>\n<strong>Helyettes\u00edt\u00e9s:<\/strong><br \/>\nOrvosilag s\u00fcrg\u0151s esetekben a m\u00e1sik rendel\u00e9s.<\/p>\n<p>&nbsp;<\/p>\n","protected":false},"excerpt":{"rendered":"<p>A rendel\u00e9s beutal\u00f3 n\u00e9lk\u00fcl, el\u0151jegyz\u00e9s alapj\u00e1n vehet\u0151 ig\u00e9nybe! El\u0151jegyz\u00e9s: +36 28 \/ 410 609 C\u00edm: 2100 G\u00f6d\u00f6ll\u0151, Palota-kert 3. Ell\u00e1t\u00e1si ter\u00fcletek: G\u00f6d\u00f6ll\u0151 18 \u00e9v alatti lakoss\u00e1ga\u00a0 Fog\u00e1szati sz\u0171r\u00e9s: G\u00f6d\u00f6ll\u0151 nevel\u00e9si \u2013 oktat\u00e1si int\u00e9zm\u00e9nyeinek tanul\u00f3i (18 \u00e9v alatt), \u00f3vod\u00e1sai. S\u00fcrg\u0151ss\u00e9gi ell\u00e1t\u00f3hely: Semmelweis Egyetem Fog\u00e1szati \u00e9s Sz\u00e1jseb\u00e9szeti Oktat\u00f3 Int\u00e9zete 1088 Budapest Szentkir\u00e1lyi \u00fat 40. dr. Muhi Katalin &hellip;<\/p>\n","protected":false},"author":12,"featured_media":317,"parent":92,"menu_order":2,"comment_status":"closed","ping_status":"closed","template":"template-fullwidth.php","meta":{"_acf_changed":false,"footnotes":""},"categories":[5,8,4],"tags":[3],"class_list":["post-22","page","type-page","status-publish","has-post-thumbnail","hentry","category-nyitolap","category-rolunk-kapcsolodo","category-szakrendelesek","tag-gyermekellatas"],"acf":[],"_links":{"self":[{"href":"https:\/\/semmelweis.hu\/godollo\/wp-json\/wp\/v2\/pages\/22","targetHints":{"allow":["GET"]}}],"collection":[{"href":"https:\/\/semmelweis.hu\/godollo\/wp-json\/wp\/v2\/pages"}],"about":[{"href":"https:\/\/semmelweis.hu\/godollo\/wp-json\/wp\/v2\/types\/page"}],"author":[{"embeddable":true,"href":"https:\/\/semmelweis.hu\/godollo\/wp-json\/wp\/v2\/users\/12"}],"replies":[{"embeddable":true,"href":"https:\/\/semmelweis.hu\/godollo\/wp-json\/wp\/v2\/comments?post=22"}],"version-history":[{"count":10,"href":"https:\/\/semmelweis.hu\/godollo\/wp-json\/wp\/v2\/pages\/22\/revisions"}],"predecessor-version":[{"id":1654,"href":"https:\/\/semmelweis.hu\/godollo\/wp-json\/wp\/v2\/pages\/22\/revisions\/1654"}],"up":[{"embeddable":true,"href":"https:\/\/semmelweis.hu\/godollo\/wp-json\/wp\/v2\/pages\/92"}],"wp:featuredmedia":[{"embeddable":true,"href":"https:\/\/semmelweis.hu\/godollo\/wp-json\/wp\/v2\/media\/317"}],"wp:attachment":[{"href":"https:\/\/semmelweis.hu\/godollo\/wp-json\/wp\/v2\/media?parent=22"}],"wp:term":[{"taxonomy":"category","embeddable":true,"href":"https:\/\/semmelweis.hu\/godollo\/wp-json\/wp\/v2\/categories?post=22"},{"taxonomy":"post_tag","embeddable":true,"href":"https:\/\/semmelweis.hu\/godollo\/wp-json\/wp\/v2\/tags?post=22"}],"curies":[{"name":"wp","href":"https:\/\/api.w.org\/{rel}","templated":true}]}}