{"id":161,"date":"2025-07-15T16:15:11","date_gmt":"2025-07-15T14:15:11","guid":{"rendered":"https:\/\/semmelweis.hu\/godollo\/?page_id=161"},"modified":"2026-03-16T10:01:08","modified_gmt":"2026-03-16T09:01:08","slug":"urologia","status":"publish","type":"page","link":"https:\/\/semmelweis.hu\/godollo\/betegellatas\/szakrendelesek\/urologia\/","title":{"rendered":"Urol\u00f3gia"},"content":{"rendered":"<div class=\"keretes w-100\">\n<h5>A rendel\u00e9s beutal\u00f3 n\u00e9lk\u00fcl, el\u0151jegyz\u00e9s alapj\u00e1n vehet\u0151 ig\u00e9nybe!<\/h5>\n<p>A rendel\u00e9s befejez\u00e9se el\u0151tt f\u00e9l \u00f3r\u00e1val \u00faj beteget m\u00e1r nem tudunk fogadni (csak s\u00fcrg\u0151s sz\u00fcks\u00e9g eseteiben)!<\/p>\n<p><strong>El\u0151jegyz\u00e9s szem\u00e9lyesen vagy telefonon:<\/strong> +36 70\/502-1899, +36 70\/502-2283 <br \/>\nh\u00e9tf\u0151-p\u00e9ntek: 09:00 &#8211; 15:00<\/p>\n<p><strong>A szakrendel\u00e9sen telefonon:<\/strong> +3670\/502 1985<br \/>\ncs\u00fct\u00f6rt\u00f6k: 7:00 \u2013 13:00<\/p>\n<p><strong>Email:<\/strong> gse.elojegyzes@semmelweis.hu<\/p>\n<p><a href=\"https:\/\/semmelweis.hu\/betegellatas\/betegregisztracio\/\">Betegregisztr\u00e1ci\u00f3 menete \u2192<\/a><\/p>\n<p><strong>C\u00edm:<\/strong> G\u00f6d\u00f6ll\u0151, Pet\u0151fi S\u00e1ndor u. 1-3. 2. emelet 20. szoba<\/p>\n<p><strong>Ell\u00e1t\u00e1si ter\u00fcletek: <\/strong>Cs\u00f6m\u00f6r, D\u00e1ny, Erd\u0151kertes, G\u00f6d\u00f6ll\u0151, Isaszeg, Kerepes, Kistarcsa, Mogyor\u00f3d, Nagytarcsa, Szada, V\u00e1cegres, V\u00e1ckis\u00fajfalu, V\u00e1cszentl\u00e1szl\u00f3, Valk\u00f3, Veresegyh\u00e1z, Zs\u00e1mbok<\/p>\n<\/div>\n<h1>dr. k\u00e1ntor mih\u00e1ly<\/h1>\n<table style=\"width: 90%;height: 174px\">\n<thead>\n<tr style=\"height: 29px\">\n<td style=\"width: 30%;height: 29px\">nap<\/td>\n<td style=\"height: 29px\">id\u0151pont<\/td>\n<\/tr>\n<\/thead>\n<tbody>\n<tr style=\"height: 29px\">\n<td style=\"width: 30%;height: 29px\" scope=\"col\">h\u00e9tf\u0151<\/td>\n<td style=\"height: 29px\">&#8211;<\/td>\n<\/tr>\n<tr style=\"height: 29px\">\n<td style=\"height: 29px\">kedd<\/td>\n<td style=\"height: 29px\">08:00 &#8211; 13:00<\/td>\n<\/tr>\n<tr style=\"height: 29px\">\n<td style=\"height: 29px\">szerda<\/td>\n<td style=\"height: 29px\">&#8211;<\/td>\n<\/tr>\n<tr style=\"height: 29px\">\n<td style=\"height: 29px\">cs\u00fct\u00f6rt\u00f6k<\/td>\n<td style=\"height: 29px\">&#8211;<\/td>\n<\/tr>\n<tr style=\"height: 29px\">\n<td style=\"height: 29px\">p\u00e9ntek<\/td>\n<td style=\"height: 29px\">&#8211;<\/td>\n<\/tr>\n<\/tbody>\n<\/table>\n<p>&nbsp;<\/p>\n<div class=\"team-position element-6\">\n<h3>\u00a0<\/h3>\n<h3>Mivel foglalkozik az urol\u00f3gus?<\/h3>\n<p>Az urol\u00f3gia illetve az urol\u00f3gus, a h\u00fagyutak (vese, h\u00fagyvezet\u00e9k, h\u00fagyh\u00f3lyag, h\u00fagycs\u0151) velesz\u00fcletett \u00e9s szerzett rendelleness\u00e9geivel, betegs\u00e9geivel foglakozik. Ide sorolhat\u00f3k a fejl\u0151d\u00e9si rendelleness\u00e9gek, a fert\u0151z\u00e9sek, gyullad\u00e1sok, a k\u00f6vess\u00e9gek, vizelet\u00fcr\u00edt\u00e9si neh\u00e9zs\u00e9gek \u2013 neh\u00e9zvizel\u00e9s, akaratlan vizeletveszt\u00e9s \u2013, valamint a daganatos megbeteged\u00e9sek. Az urol\u00f3gus az eml\u00edtetteken fel\u00fcl a f\u00e9rfi nemi szervek (here, prosztata, h\u00edmvessz\u0151) probl\u00e9m\u00e1inak kivizsg\u00e1l\u00e1s\u00e1val \u00e9s kezel\u00e9s\u00e9vel is foglalkozik.<\/p>\n<h3>Milyen t\u00fcnetekkel forduljunk urol\u00f3gushoz?<\/h3>\n<ul>\n<li>Gyakori, f\u00e1jdalmas, cs\u00edp\u0151s, v\u00e9res vizelet\u00fcr\u00edt\u00e9s<\/li>\n<li>Vizelettart\u00e1si probl\u00e9m\u00e1k, vizeletcsepeg\u00e9s<\/li>\n<li>Vese, h\u00fagyh\u00f3lyag, h\u00fagycs\u0151 panaszai eset\u00e9n<\/li>\n<\/ul>\n<h3>\nF\u00e9rfiak eset\u00e9n:<\/h3>\n<ul>\n<li>Nehez\u00edtett, akadoz\u00f3 vizelet\u00fcr\u00edt\u00e9s<\/li>\n<li>Cs\u00f6kkent vizeletsug\u00e1r, \u00e9jszakai vizelet\u00fcr\u00edt\u00e9s<\/li>\n<li>her\u00e9k, mell\u00e9kher\u00e9k, prosztata, ond\u00f3h\u00f3lyag panaszai<\/li>\n<li>Szexu\u00e1lis diszfunkci\u00f3 (mereved\u00e9si zavar)<\/li>\n<\/ul>\n<\/div>\n","protected":false},"excerpt":{"rendered":"<p>A rendel\u00e9s beutal\u00f3 n\u00e9lk\u00fcl, el\u0151jegyz\u00e9s alapj\u00e1n vehet\u0151 ig\u00e9nybe! A rendel\u00e9s befejez\u00e9se el\u0151tt f\u00e9l \u00f3r\u00e1val \u00faj beteget m\u00e1r nem tudunk fogadni (csak s\u00fcrg\u0151s sz\u00fcks\u00e9g eseteiben)! El\u0151jegyz\u00e9s szem\u00e9lyesen vagy telefonon: +36 70\/502-1899, +36 70\/502-2283 h\u00e9tf\u0151-p\u00e9ntek: 09:00 &#8211; 15:00 A szakrendel\u00e9sen telefonon: +3670\/502 1985 cs\u00fct\u00f6rt\u00f6k: 7:00 \u2013 13:00 Email: gse.elojegyzes@semmelweis.hu <a href=\"https:\/\/semmelweis.hu\/betegellatas\/betegregisztracio\/\">Betegregisztr\u00e1ci\u00f3 menete \u2192<\/a> C\u00edm: G\u00f6d\u00f6ll\u0151, Pet\u0151fi S\u00e1ndor u. 1-3. 2. emelet &hellip;<\/p>\n","protected":false},"author":102484,"featured_media":0,"parent":20,"menu_order":0,"comment_status":"closed","ping_status":"closed","template":"","meta":{"_acf_changed":false,"footnotes":""},"categories":[4],"tags":[],"class_list":["post-161","page","type-page","status-publish","hentry","category-szakrendelesek"],"acf":[],"_links":{"self":[{"href":"https:\/\/semmelweis.hu\/godollo\/wp-json\/wp\/v2\/pages\/161","targetHints":{"allow":["GET"]}}],"collection":[{"href":"https:\/\/semmelweis.hu\/godollo\/wp-json\/wp\/v2\/pages"}],"about":[{"href":"https:\/\/semmelweis.hu\/godollo\/wp-json\/wp\/v2\/types\/page"}],"author":[{"embeddable":true,"href":"https:\/\/semmelweis.hu\/godollo\/wp-json\/wp\/v2\/users\/102484"}],"replies":[{"embeddable":true,"href":"https:\/\/semmelweis.hu\/godollo\/wp-json\/wp\/v2\/comments?post=161"}],"version-history":[{"count":11,"href":"https:\/\/semmelweis.hu\/godollo\/wp-json\/wp\/v2\/pages\/161\/revisions"}],"predecessor-version":[{"id":1738,"href":"https:\/\/semmelweis.hu\/godollo\/wp-json\/wp\/v2\/pages\/161\/revisions\/1738"}],"up":[{"embeddable":true,"href":"https:\/\/semmelweis.hu\/godollo\/wp-json\/wp\/v2\/pages\/20"}],"wp:attachment":[{"href":"https:\/\/semmelweis.hu\/godollo\/wp-json\/wp\/v2\/media?parent=161"}],"wp:term":[{"taxonomy":"category","embeddable":true,"href":"https:\/\/semmelweis.hu\/godollo\/wp-json\/wp\/v2\/categories?post=161"},{"taxonomy":"post_tag","embeddable":true,"href":"https:\/\/semmelweis.hu\/godollo\/wp-json\/wp\/v2\/tags?post=161"}],"curies":[{"name":"wp","href":"https:\/\/api.w.org\/{rel}","templated":true}]}}