{"id":159,"date":"2025-07-15T16:14:28","date_gmt":"2025-07-15T14:14:28","guid":{"rendered":"https:\/\/semmelweis.hu\/godollo\/?page_id=159"},"modified":"2025-12-09T08:18:07","modified_gmt":"2025-12-09T07:18:07","slug":"ultrahang","status":"publish","type":"page","link":"https:\/\/semmelweis.hu\/godollo\/betegellatas\/szakrendelesek\/ultrahang\/","title":{"rendered":"Ultrahang"},"content":{"rendered":"<div class=\"keretes w-100\">\n<h5>A rendel\u00e9s csak beutal\u00f3val \u00e9s el\u0151jegyz\u00e9s alapj\u00e1n vehet\u0151 ig\u00e9nybe!<\/h5>\n<p>NEAK k\u00f3d: 01H72531G<\/p>\n<p>El\u0151jegyz\u00e9s munkanapokon az al\u00e1bbi telefonsz\u00e1mon k\u00e9rhet\u0151: <span data-olk-copy-source=\"MessageBody\">+36-1-55-33-500 (08:00 &#8211; 16: 00 \u00f3r\u00e1ig)<\/span><\/p>\n<p><strong>C\u00edm:<\/strong> G\u00f6d\u00f6ll\u0151, Pet\u0151fi S\u00e1ndor u. 1-3. 1. F\u00f6ldszint 6. szoba<\/p>\n<p><strong>Ell\u00e1t\u00e1si ter\u00fcletek: <\/strong>D\u00e1ny, Erd\u0151kertes, G\u00f6d\u00f6ll\u0151, Isaszeg, Kerepes, Kistarcsa, Mogyor\u00f3d, Szada, V\u00e1cszentl\u00e1szl\u00f3, Valk\u00f3, Veresegyh\u00e1z, Zs\u00e1mbok<\/p>\n<table style=\"width: 90%;height: 206px\">\n<thead>\n<tr>\n<td style=\"width: 371.469px\">nap<\/td>\n<td style=\"width: 866.828px\">id\u0151pont<\/td>\n<\/tr>\n<\/thead>\n<tbody>\n<tr>\n<td style=\"width: 371.469px\" scope=\"col\">h\u00e9tf\u0151<\/td>\n<td style=\"width: 866.828px\">9:00-15:00<\/td>\n<\/tr>\n<tr>\n<td style=\"width: 371.469px\">kedd<\/td>\n<td style=\"width: 866.828px\">&#8211;<\/td>\n<\/tr>\n<tr>\n<td style=\"width: 371.469px\">szerda<\/td>\n<td style=\"width: 866.828px\">9:00-15:00<\/td>\n<\/tr>\n<tr>\n<td style=\"width: 371.469px\">cs\u00fct\u00f6rt\u00f6k<\/td>\n<td style=\"width: 866.828px\">&#8211;<\/td>\n<\/tr>\n<tr>\n<td style=\"width: 371.469px\">p\u00e9ntek<\/td>\n<td style=\"width: 866.828px\">&#8211;<\/td>\n<\/tr>\n<\/tbody>\n<\/table>\n<\/div>\n","protected":false},"excerpt":{"rendered":"<p>A rendel\u00e9s csak beutal\u00f3val \u00e9s el\u0151jegyz\u00e9s alapj\u00e1n vehet\u0151 ig\u00e9nybe! NEAK k\u00f3d: 01H72531G El\u0151jegyz\u00e9s munkanapokon az al\u00e1bbi telefonsz\u00e1mon k\u00e9rhet\u0151: +36-1-55-33-500 (08:00 &#8211; 16: 00 \u00f3r\u00e1ig) C\u00edm: G\u00f6d\u00f6ll\u0151, Pet\u0151fi S\u00e1ndor u. 1-3. 1. F\u00f6ldszint 6. szoba Ell\u00e1t\u00e1si ter\u00fcletek: D\u00e1ny, Erd\u0151kertes, G\u00f6d\u00f6ll\u0151, Isaszeg, Kerepes, Kistarcsa, Mogyor\u00f3d, Szada, V\u00e1cszentl\u00e1szl\u00f3, Valk\u00f3, Veresegyh\u00e1z, Zs\u00e1mbok nap id\u0151pont h\u00e9tf\u0151 9:00-15:00 kedd &#8211; szerda &hellip;<\/p>\n","protected":false},"author":102484,"featured_media":0,"parent":20,"menu_order":0,"comment_status":"closed","ping_status":"closed","template":"","meta":{"_acf_changed":false,"footnotes":""},"categories":[4],"tags":[],"class_list":["post-159","page","type-page","status-publish","hentry","category-szakrendelesek"],"acf":[],"_links":{"self":[{"href":"https:\/\/semmelweis.hu\/godollo\/wp-json\/wp\/v2\/pages\/159","targetHints":{"allow":["GET"]}}],"collection":[{"href":"https:\/\/semmelweis.hu\/godollo\/wp-json\/wp\/v2\/pages"}],"about":[{"href":"https:\/\/semmelweis.hu\/godollo\/wp-json\/wp\/v2\/types\/page"}],"author":[{"embeddable":true,"href":"https:\/\/semmelweis.hu\/godollo\/wp-json\/wp\/v2\/users\/102484"}],"replies":[{"embeddable":true,"href":"https:\/\/semmelweis.hu\/godollo\/wp-json\/wp\/v2\/comments?post=159"}],"version-history":[{"count":11,"href":"https:\/\/semmelweis.hu\/godollo\/wp-json\/wp\/v2\/pages\/159\/revisions"}],"predecessor-version":[{"id":1299,"href":"https:\/\/semmelweis.hu\/godollo\/wp-json\/wp\/v2\/pages\/159\/revisions\/1299"}],"up":[{"embeddable":true,"href":"https:\/\/semmelweis.hu\/godollo\/wp-json\/wp\/v2\/pages\/20"}],"wp:attachment":[{"href":"https:\/\/semmelweis.hu\/godollo\/wp-json\/wp\/v2\/media?parent=159"}],"wp:term":[{"taxonomy":"category","embeddable":true,"href":"https:\/\/semmelweis.hu\/godollo\/wp-json\/wp\/v2\/categories?post=159"},{"taxonomy":"post_tag","embeddable":true,"href":"https:\/\/semmelweis.hu\/godollo\/wp-json\/wp\/v2\/tags?post=159"}],"curies":[{"name":"wp","href":"https:\/\/api.w.org\/{rel}","templated":true}]}}