{"id":157,"date":"2025-07-15T16:13:33","date_gmt":"2025-07-15T14:13:33","guid":{"rendered":"https:\/\/semmelweis.hu\/godollo\/?page_id=157"},"modified":"2026-03-12T10:33:26","modified_gmt":"2026-03-12T09:33:26","slug":"tudoszures","status":"publish","type":"page","link":"https:\/\/semmelweis.hu\/godollo\/betegellatas\/szakrendelesek\/tudoszures\/","title":{"rendered":"T\u00fcd\u0151sz\u0171r\u00e9s"},"content":{"rendered":"<div class=\"keretes w-100\">\n<div class=\"x_elementToProof\">\u00a0<\/div>\n<h3><span style=\"color: #ff0000\">Figyelem! 2026.03.12-\u00e9n (cs\u00fct\u00f6rt\u00f6k), 03.16-\u00e1n (h\u00e9tf\u0151), 03.18-\u00e1n (szerda) a t\u00fcd\u0151sz\u0171r\u00e9s 10:00 &#8211; 14:00 \u00f3r\u00e1ig tart.<\/span><\/h3>\n<p><span style=\"color: #313b40;font-family: Montserrat, sans-serif;font-size: 24px;font-weight: 600\">T\u00fcd\u0151sz\u0171r\u00e9sre el\u0151zetesen id\u0151pontot nem kell k\u00e9rni &#8211; betegfogad\u00e1s \u00e9rkez\u00e9si sorrendben<\/span><\/p>\n<p>A k\u00f6telez\u0151 lakoss\u00e1gi t\u00fcd\u0151sz\u0171r\u00e9s orsz\u00e1gosan megsz\u0171nt, ez\u00e9rt vizsg\u00e1latra beh\u00edv\u00e1st a lakosok nem kapnak.<\/p>\n<ul>\n<li>40 \u00e9v feletti, \u00e9rv\u00e9nyes TAJ-k\u00e1rty\u00e1val rendelkez\u0151 p\u00e1ciensek \u00e9vente egy alkalommal t\u00e9r\u00edt\u00e9smentesen vehetnek r\u00e9szt t\u00fcd\u0151sz\u0171r\u00e9sen, amelyhez beutal\u00f3 nem sz\u00fcks\u00e9ges.<\/li>\n<li>18- 40 \u00e9ves kor k\u00f6z\u00f6tti csak \u00fczemorvosi beutal\u00f3val v\u00e9gezhet\u0151 t\u00fcd\u0151sz\u0171r\u00e9s, amely t\u00e9r\u00edt\u00e9sk\u00f6teles (1 700,- Ft).<\/li>\n<li>18 \u00e9ves kor alatt jelenlegi jogszab\u00e1ly alapj\u00e1n t\u00fcd\u0151sz\u0171r\u00e9s nem v\u00e9gezhet\u0151. A bel\u00fcgyminiszter 102\/2023. (XII. 29.) BM rendelete a fert\u0151z\u0151 betegs\u00e9gek \u00e9s a j\u00e1rv\u00e1nyok megel\u0151z\u00e9se \u00e9rdek\u00e9ben sz\u00fcks\u00e9ges j\u00e1rv\u00e1ny\u00fcgyi int\u00e9zked\u00e9sekr\u0151l sz\u00f3l\u00f3 18\/1998. (VI. 3.) NM rendelet m\u00f3dos\u00edt\u00e1s\u00e1r\u00f3l.<\/li>\n<\/ul>\n<p>Diagnosztikus felv\u00e9telt \u2013 a csak beutal\u00f3val rendelkez\u0151 betegeknek \u2013 az Int\u00e9zet <a href=\"https:\/\/semmelweis.hu\/godollo\/betegellatas\/szakrendelesek\/rontgen\/\">R\u00f6ntgen szakrendel\u00e9se<\/a> k\u00e9sz\u00edt.<\/p>\n<p>T\u00fcd\u0151gy\u00f3gy\u00e1szati szakrendel\u00e9st a <a href=\"https:\/\/semmelweis.hu\/godollo\/betegellatas\/szakrendelesek\/tudogyogyaszat\/\">T\u00fcd\u0151gondoz\u00f3<\/a> v\u00e9gez, csak beutal\u00f3val rendelkez\u0151 betegek r\u00e9sz\u00e9re.<\/p>\n<p><strong>C\u00edm:<\/strong> G\u00f6d\u00f6ll\u0151, Pet\u0151fi S\u00e1ndor u. 1-3. 21. szoba<\/p>\n<p><a href=\"https:\/\/semmelweis.hu\/betegellatas\/betegregisztracio\/\">Betegregisztr\u00e1ci\u00f3 menete \u2192<\/a><\/p>\n<p><strong>Ell\u00e1t\u00e1si ter\u00fcletek: <\/strong>D\u00e1ny, Erd\u0151kertes, G\u00f6d\u00f6ll\u0151, Isaszeg, Kerepes, Kistarcsa, Mogyor\u00f3d, P\u00e9cel, Szada, V\u00e1cszentl\u00e1szl\u00f3, Valk\u00f3, Veresegyh\u00e1z, Zs\u00e1mbok<\/p>\n<\/div>\n<h1>Rendel\u00e9si id\u0151<\/h1>\n<table style=\"width: 90%;height: 174px\">\n<thead>\n<tr style=\"height: 29px\">\n<td style=\"width: 30%;height: 29px\">nap<\/td>\n<td style=\"height: 29px\">id\u0151pont<\/td>\n<\/tr>\n<\/thead>\n<tbody>\n<tr style=\"height: 29px\">\n<td style=\"width: 30%;height: 29px\" scope=\"col\">h\u00e9tf\u0151<\/td>\n<td style=\"height: 29px\">07:00 &#8211; 13:00<\/td>\n<\/tr>\n<tr style=\"height: 29px\">\n<td style=\"height: 29px\">kedd<\/td>\n<td style=\"height: 29px\">13:00 &#8211; 18:00<\/td>\n<\/tr>\n<tr style=\"height: 29px\">\n<td style=\"height: 29px\">szerda<\/td>\n<td style=\"height: 29px\">07:00 &#8211; 13:00<\/td>\n<\/tr>\n<tr style=\"height: 29px\">\n<td style=\"height: 29px\">cs\u00fct\u00f6rt\u00f6k<\/td>\n<td style=\"height: 29px\">13:00 &#8211; 18:00<\/td>\n<\/tr>\n<tr style=\"height: 29px\">\n<td style=\"height: 29px\">p\u00e9ntek<\/td>\n<td style=\"height: 29px\">10:00 &#8211; 14:00<\/td>\n<\/tr>\n<\/tbody>\n<\/table>\n<p>&nbsp;<\/p>\n","protected":false},"excerpt":{"rendered":"<p>\u00a0 Figyelem! 2026.03.12-\u00e9n (cs\u00fct\u00f6rt\u00f6k), 03.16-\u00e1n (h\u00e9tf\u0151), 03.18-\u00e1n (szerda) a t\u00fcd\u0151sz\u0171r\u00e9s 10:00 &#8211; 14:00 \u00f3r\u00e1ig tart. T\u00fcd\u0151sz\u0171r\u00e9sre el\u0151zetesen id\u0151pontot nem kell k\u00e9rni &#8211; betegfogad\u00e1s \u00e9rkez\u00e9si sorrendben A k\u00f6telez\u0151 lakoss\u00e1gi t\u00fcd\u0151sz\u0171r\u00e9s orsz\u00e1gosan megsz\u0171nt, ez\u00e9rt vizsg\u00e1latra beh\u00edv\u00e1st a lakosok nem kapnak. 40 \u00e9v feletti, \u00e9rv\u00e9nyes TAJ-k\u00e1rty\u00e1val rendelkez\u0151 p\u00e1ciensek \u00e9vente egy alkalommal t\u00e9r\u00edt\u00e9smentesen vehetnek r\u00e9szt t\u00fcd\u0151sz\u0171r\u00e9sen, amelyhez beutal\u00f3 nem &hellip;<\/p>\n","protected":false},"author":102484,"featured_media":0,"parent":20,"menu_order":0,"comment_status":"closed","ping_status":"closed","template":"","meta":{"_acf_changed":false,"footnotes":""},"categories":[4],"tags":[],"class_list":["post-157","page","type-page","status-publish","hentry","category-szakrendelesek"],"acf":[],"_links":{"self":[{"href":"https:\/\/semmelweis.hu\/godollo\/wp-json\/wp\/v2\/pages\/157","targetHints":{"allow":["GET"]}}],"collection":[{"href":"https:\/\/semmelweis.hu\/godollo\/wp-json\/wp\/v2\/pages"}],"about":[{"href":"https:\/\/semmelweis.hu\/godollo\/wp-json\/wp\/v2\/types\/page"}],"author":[{"embeddable":true,"href":"https:\/\/semmelweis.hu\/godollo\/wp-json\/wp\/v2\/users\/102484"}],"replies":[{"embeddable":true,"href":"https:\/\/semmelweis.hu\/godollo\/wp-json\/wp\/v2\/comments?post=157"}],"version-history":[{"count":11,"href":"https:\/\/semmelweis.hu\/godollo\/wp-json\/wp\/v2\/pages\/157\/revisions"}],"predecessor-version":[{"id":1718,"href":"https:\/\/semmelweis.hu\/godollo\/wp-json\/wp\/v2\/pages\/157\/revisions\/1718"}],"up":[{"embeddable":true,"href":"https:\/\/semmelweis.hu\/godollo\/wp-json\/wp\/v2\/pages\/20"}],"wp:attachment":[{"href":"https:\/\/semmelweis.hu\/godollo\/wp-json\/wp\/v2\/media?parent=157"}],"wp:term":[{"taxonomy":"category","embeddable":true,"href":"https:\/\/semmelweis.hu\/godollo\/wp-json\/wp\/v2\/categories?post=157"},{"taxonomy":"post_tag","embeddable":true,"href":"https:\/\/semmelweis.hu\/godollo\/wp-json\/wp\/v2\/tags?post=157"}],"curies":[{"name":"wp","href":"https:\/\/api.w.org\/{rel}","templated":true}]}}