{"id":155,"date":"2025-07-15T16:12:51","date_gmt":"2025-07-15T14:12:51","guid":{"rendered":"https:\/\/semmelweis.hu\/godollo\/?page_id=155"},"modified":"2026-04-07T12:18:30","modified_gmt":"2026-04-07T10:18:30","slug":"tudogyogyaszat","status":"publish","type":"page","link":"https:\/\/semmelweis.hu\/godollo\/betegellatas\/szakrendelesek\/tudogyogyaszat\/","title":{"rendered":"T\u00fcd\u0151gy\u00f3gy\u00e1szat"},"content":{"rendered":"<div class=\"keretes w-100\">\n<h5>A rendel\u00e9s csak beutal\u00f3val \u00e9s el\u0151jegyz\u00e9s alapj\u00e1n vehet\u0151 ig\u00e9n<span style=\"color: #000000\">ybe!<\/span><\/h5>\n<p>A rendel\u00e9s befejez\u00e9se el\u0151tt 1 \u00f3r\u00e1val \u00faj beteget m\u00e1r nem tudunk fogadni (csak s\u00fcrg\u0151s sz\u00fcks\u00e9g eseteiben)!<\/p>\n<p><strong>El\u0151jegyz\u00e9s e-mailen \u00e9s telefonon:<\/strong> +3628\/420-490<br \/>\nh\u00e9tf\u0151, cs\u00fct\u00f6rt\u00f6k: 10:00 &#8211; 14:00<\/p>\n<p><strong>Email:<\/strong> gse.elojegyzes@semmelweis.hu<\/p>\n<p><a href=\"https:\/\/semmelweis.hu\/godollo\/betegellatas\/szakrendelesek\/tudoszures\/\">Inform\u00e1ci\u00f3k t\u00fcd\u0151sz\u0171r\u0151 vizsg\u00e1latr\u00f3l \u2192<\/a><\/p>\n<p><strong>C\u00edm:<\/strong> G\u00f6d\u00f6ll\u0151, Pet\u0151fi S\u00e1ndor u. 1-3. 21. szoba<\/p>\n<p><strong>Ell\u00e1t\u00e1si ter\u00fcletek: <\/strong>D\u00e1ny, Erd\u0151kertes, G\u00f6d\u00f6ll\u0151, Isaszeg, Kerepes, Kistarcsa, Mogyor\u00f3d, P\u00e9cel, Szada, V\u00e1cszentl\u00e1szl\u00f3, Valk\u00f3, Veresegyh\u00e1z, Zs\u00e1mbok<\/p>\n<\/div>\n<h1>dr. farkas \u00e9va<\/h1>\n<p><strong>Helyettes\u00edt\u00e9s:<\/strong><br \/>\nA rendel\u00e9si sz\u00fcnetekben a s\u00fcrg\u0151s eseteket a t\u00f6r\u00f6kb\u00e1linti <a href=\"https:\/\/rpckorhaz.hu\/jarobeteg-ellatas\/\" target=\"_blank\" rel=\"noopener\">Reform\u00e1tus Pulmonol\u00f3giai Centrum<\/a> fogadja el\u0151jegyz\u00e9s alapj\u00e1n az al\u00e1bbi c\u00edmen: 2045 T\u00f6r\u00f6kb\u00e1lint, Munk\u00e1csy Mih\u00e1ly utca 70., Tel.: +3623\/337-728.<\/p>\n<h3>Rendel\u00e9si id\u0151k:<\/h3>\n<table style=\"width: 90%;height: 174px\">\n<thead>\n<tr style=\"height: 29px\">\n<td style=\"width: 371.484px;height: 29px\">nap<\/td>\n<td style=\"height: 29px;width: 866.812px\">id\u0151pont<\/td>\n<\/tr>\n<\/thead>\n<tbody>\n<tr style=\"height: 29px\">\n<td style=\"width: 371.484px;height: 29px\" scope=\"col\">h\u00e9tf\u0151<\/td>\n<td style=\"height: 29px;width: 866.812px\">11:00 &#8211; 18:00<\/td>\n<\/tr>\n<tr style=\"height: 29px\">\n<td style=\"height: 29px;width: 371.484px\">kedd<\/td>\n<td style=\"height: 29px;width: 866.812px\">07:00 &#8211; 12:00<\/td>\n<\/tr>\n<tr style=\"height: 29px\">\n<td style=\"height: 29px;width: 371.484px\">szerda<\/td>\n<td style=\"height: 29px;width: 866.812px\">11:00 &#8211; 18:00<\/td>\n<\/tr>\n<tr style=\"height: 29px\">\n<td style=\"height: 29px;width: 371.484px\">cs\u00fct\u00f6rt\u00f6k<\/td>\n<td style=\"height: 29px;width: 866.812px\">07:00 &#8211; 13:00<\/td>\n<\/tr>\n<tr style=\"height: 29px\">\n<td style=\"height: 29px;width: 371.484px\">p\u00e9ntek<\/td>\n<td style=\"height: 29px;width: 866.812px\">07:00 &#8211; 12:00<\/td>\n<\/tr>\n<\/tbody>\n<\/table>\n<div data-olk-copy-source=\"MessageBody\">\u00a0<\/div>\n<div class=\"x_elementToProof\" data-olk-copy-source=\"MessageBody\"><span style=\"color: #313b40;font-family: Montserrat, sans-serif;font-size: 30px;font-weight: bold;text-transform: uppercase\">dr. mucsi j\u00e1nos<\/span><\/div>\n<div class=\"team-position element-6\">\n<table style=\"width: 90%;height: 174px\">\n<thead>\n<tr style=\"height: 29px\">\n<td style=\"width: 371.484px;height: 29px\">nap<\/td>\n<td style=\"height: 29px;width: 866.812px\">id\u0151pont<\/td>\n<\/tr>\n<\/thead>\n<tbody>\n<tr style=\"height: 29px\">\n<td style=\"width: 371.484px;height: 29px\" scope=\"col\">h\u00e9tf\u0151<\/td>\n<td style=\"height: 29px;width: 866.812px\">&#8211;<\/td>\n<\/tr>\n<tr style=\"height: 29px\">\n<td style=\"height: 29px;width: 371.484px\">kedd<\/td>\n<td style=\"height: 29px;width: 866.812px\">12:00 &#8211; 18:00<\/td>\n<\/tr>\n<tr style=\"height: 29px\">\n<td style=\"height: 29px;width: 371.484px\">szerda<\/td>\n<td style=\"height: 29px;width: 866.812px\">&#8211;<\/td>\n<\/tr>\n<tr style=\"height: 29px\">\n<td style=\"height: 29px;width: 371.484px\">cs\u00fct\u00f6rt\u00f6k<\/td>\n<td style=\"height: 29px;width: 866.812px\">&#8211;<\/td>\n<\/tr>\n<tr style=\"height: 29px\">\n<td style=\"height: 29px;width: 371.484px\">p\u00e9ntek<\/td>\n<td style=\"height: 29px;width: 866.812px\">&#8211;<\/td>\n<\/tr>\n<\/tbody>\n<\/table>\n<p><span style=\"color: #ff0000;font-size: 14pt;font-family: 'pt serif'\">A rendel\u00e9s betegs\u00e9g miatt hat\u00e1rozatlan ideig sz\u00fcnetel.<\/span><\/p>\n<h3>Mivel foglalkozik a t\u00fcd\u0151gy\u00f3gy\u00e1szat?<\/h3>\n<p>A pulmonol\u00f3gia vagyis a t\u00fcd\u0151gy\u00f3gy\u00e1szat egy olyan orvosi szakter\u00fclet, amely a l\u00e9gutak megbeteged\u00e9seit, azok \u00e1llapot\u00e1t vizsg\u00e1lja, \u00edgy a l\u00e9g\u00fati allergia kivizsg\u00e1l\u00e1sakor jelent\u0151s szerep j\u00e1tszik a diagn\u00f3zis pontos fel\u00e1ll\u00edt\u00e1s\u00e1ban t\u00fcd\u0151gy\u00f3gy\u00e1sz szakorvos.<\/p>\n<h5>A pulmonol\u00f3gus foglalkozik a k\u00f6vetkez\u0151kkel:<\/h5>\n<ul>\n<li>allergia,<\/li>\n<li>asztma,<\/li>\n<li>t\u00fcd\u0151fibr\u00f3zis,t\u00fcd\u0151gyullad\u00e1s(a t\u00fcd\u0151 akut, vagy kr\u00f3nikus gyullad\u00e1sa),<\/li>\n<li>t\u00fcd\u0151daganat (kissejtes \u00e9s nem kissejtes t\u00fcd\u0151r\u00e1k),<\/li>\n<li>adenokarcin\u00f3ma,<\/li>\n<li>laph\u00e1mr\u00e1k,<\/li>\n<li>nagysejtes t\u00fcd\u0151r\u00e1k,<\/li>\n<li>kr\u00f3nikus l\u00e9g\u00fati gyullad\u00e1s (COPD),<\/li>\n<li>interstici\u00e1lis t\u00fcd\u0151betegs\u00e9g,<\/li>\n<li>t\u00fcd\u0151emb\u00f3lia,<\/li>\n<li>tbc (t\u00fcd\u0151baj, g\u00fcm\u0151k\u00f3r), de a refluxhoz t\u00e1rsul\u00f3 l\u00e9g\u00fati t\u00fcnetek ell\u00e1t\u00e1sa \u00e9s kezel\u00e9se, \u00e9s a l\u00e9gz\u00e9si el\u00e9gtelens\u00e9g (pl.alv\u00e1sk\u00f6zbeni l\u00e9gz\u00e9skimarad\u00e1s) diagn\u00f3zisa, kezel\u00e9se is ide tartozik.<\/li>\n<\/ul>\n<h3>Milyen t\u00fcnetek eset\u00e9n \u00e9rdemes felkeresni T\u00fcd\u0151gy\u00f3gy\u00e1sz szakorvost?<\/h3>\n<p>Ha neh\u00e9zl\u00e9gz\u00e9st, fullad\u00e1st tapasztal, gyakran k\u00f6h\u00f6g, tork\u00e1ban v\u00e1lad\u00e9kk\u00e9pz\u0151d\u00e9st \u00e9szlel vagy mellkasi f\u00e1jdalom eset\u00e9n.<\/p>\n<h3>Milyen betegs\u00e9gekre der\u00edthet f\u00e9nyt a t\u00fcd\u0151gy\u00f3gy\u00e1szati vizsg\u00e1lat?<\/h3>\n<ul>\n<li>allergia<\/li>\n<li>asztma<\/li>\n<li>t\u00fcd\u0151gyullad\u00e1s<\/li>\n<li>TBC<\/li>\n<li>t\u00fcd\u0151daganat<\/li>\n<li>h\u00f6rg\u0151probl\u00e9m\u00e1k<\/li>\n<li>refluxbetegs\u00e9g<\/li>\n<li>neh\u00e9zl\u00e9gz\u00e9s<\/li>\n<li>mellkasi f\u00e1jdalom<\/li>\n<li>\u00e9jszakai izzad\u00e1s, fullad\u00e1s<\/li>\n<li>fokozott v\u00e1lad\u00e9kk\u00e9pz\u0151d\u00e9s<\/li>\n<li>k\u00f6h\u00f6g\u00e9s (produkt\u00edv vagy improdukt\u00edv)<\/li>\n<\/ul>\n<\/div>\n","protected":false},"excerpt":{"rendered":"<p>A rendel\u00e9s csak beutal\u00f3val \u00e9s el\u0151jegyz\u00e9s alapj\u00e1n vehet\u0151 ig\u00e9nybe! A rendel\u00e9s befejez\u00e9se el\u0151tt 1 \u00f3r\u00e1val \u00faj beteget m\u00e1r nem tudunk fogadni (csak s\u00fcrg\u0151s sz\u00fcks\u00e9g eseteiben)! El\u0151jegyz\u00e9s e-mailen \u00e9s telefonon: +3628\/420-490 h\u00e9tf\u0151, cs\u00fct\u00f6rt\u00f6k: 10:00 &#8211; 14:00 Email: gse.elojegyzes@semmelweis.hu <a href=\"https:\/\/semmelweis.hu\/godollo\/betegellatas\/szakrendelesek\/tudoszures\/\">Inform\u00e1ci\u00f3k t\u00fcd\u0151sz\u0171r\u0151 vizsg\u00e1latr\u00f3l \u2192<\/a> C\u00edm: G\u00f6d\u00f6ll\u0151, Pet\u0151fi S\u00e1ndor u. 1-3. 21. szoba Ell\u00e1t\u00e1si ter\u00fcletek: D\u00e1ny, Erd\u0151kertes, G\u00f6d\u00f6ll\u0151, Isaszeg, Kerepes, Kistarcsa, Mogyor\u00f3d, P\u00e9cel, &hellip;<\/p>\n","protected":false},"author":102484,"featured_media":0,"parent":20,"menu_order":0,"comment_status":"closed","ping_status":"closed","template":"","meta":{"_acf_changed":false,"footnotes":""},"categories":[4],"tags":[],"class_list":["post-155","page","type-page","status-publish","hentry","category-szakrendelesek"],"acf":[],"_links":{"self":[{"href":"https:\/\/semmelweis.hu\/godollo\/wp-json\/wp\/v2\/pages\/155","targetHints":{"allow":["GET"]}}],"collection":[{"href":"https:\/\/semmelweis.hu\/godollo\/wp-json\/wp\/v2\/pages"}],"about":[{"href":"https:\/\/semmelweis.hu\/godollo\/wp-json\/wp\/v2\/types\/page"}],"author":[{"embeddable":true,"href":"https:\/\/semmelweis.hu\/godollo\/wp-json\/wp\/v2\/users\/102484"}],"replies":[{"embeddable":true,"href":"https:\/\/semmelweis.hu\/godollo\/wp-json\/wp\/v2\/comments?post=155"}],"version-history":[{"count":11,"href":"https:\/\/semmelweis.hu\/godollo\/wp-json\/wp\/v2\/pages\/155\/revisions"}],"predecessor-version":[{"id":1815,"href":"https:\/\/semmelweis.hu\/godollo\/wp-json\/wp\/v2\/pages\/155\/revisions\/1815"}],"up":[{"embeddable":true,"href":"https:\/\/semmelweis.hu\/godollo\/wp-json\/wp\/v2\/pages\/20"}],"wp:attachment":[{"href":"https:\/\/semmelweis.hu\/godollo\/wp-json\/wp\/v2\/media?parent=155"}],"wp:term":[{"taxonomy":"category","embeddable":true,"href":"https:\/\/semmelweis.hu\/godollo\/wp-json\/wp\/v2\/categories?post=155"},{"taxonomy":"post_tag","embeddable":true,"href":"https:\/\/semmelweis.hu\/godollo\/wp-json\/wp\/v2\/tags?post=155"}],"curies":[{"name":"wp","href":"https:\/\/api.w.org\/{rel}","templated":true}]}}