{"id":153,"date":"2025-07-15T16:12:04","date_gmt":"2025-07-15T14:12:04","guid":{"rendered":"https:\/\/semmelweis.hu\/godollo\/?page_id=153"},"modified":"2026-04-01T12:59:16","modified_gmt":"2026-04-01T10:59:16","slug":"szoptatasi-es-regulacios-zavar","status":"publish","type":"page","link":"https:\/\/semmelweis.hu\/godollo\/betegellatas\/szakrendelesek\/szoptatasi-es-regulacios-zavar\/","title":{"rendered":"Szoptat\u00e1si \u00e9s regul\u00e1ci\u00f3s zavar"},"content":{"rendered":"<div class=\"keretes w-100\">\n<h5>Beutal\u00f3 nem sz\u00fcks\u00e9ges, el\u0151jegyz\u00e9s kiz\u00e1r\u00f3lag e-mailben t\u00f6rt\u00e9nik.<\/h5>\n<p><strong>El\u0151jegyz\u00e9s kiz\u00e1r\u00f3lag e-mailben:<\/strong> gse.gyermekgyogyaszat@semmelweis.hu<\/p>\n<p><strong>C\u00edm:<\/strong> G\u00f6d\u00f6ll\u0151, Pet\u0151fi S\u00e1ndor u. 1-3. 2. emelet 14. szoba<\/p>\n<p><strong>Ell\u00e1t\u00e1si ter\u00fcletek: <\/strong>D\u00e1ny, Erd\u0151kertes, G\u00f6d\u00f6ll\u0151, Isaszeg, Kerepes, Kistarcsa, Mogyor\u00f3d, Szada, V\u00e1cszentl\u00e1szl\u00f3, Valk\u00f3, Veresegyh\u00e1z, Zs\u00e1mbok<\/p>\n<p><strong>Minden\u00a0 h\u00f3nap harmadik szerd\u00e1j\u00e1n kiscsoportos szoptat\u00e1sra \u00e9s gyermek\u00e1gyra felk\u00e9sz\u00edt\u0151 tanfolyamot tartunk 13:00-16:00 \u00f3ra\u00a0 k\u00f6z\u00f6tt, amelyre szeretettel v\u00e1rjuk a gyermeket v\u00e1r\u00f3 p\u00e1rokat! A tanfolyam regisztr\u00e1ci\u00f3hoz k\u00f6t\u00f6tt, regisztr\u00e1lni a\u00a0<a href=\"mailto:gse.gyermekgyogyaszat@semmelweis.hu\">gse.gyermekgyogyaszat@semmelweis.hu<\/a>\u00a0e-mail c\u00edmen lehet.<\/strong><\/p>\n<\/div>\n<h1>dr. hegyi eszter<\/h1>\n<table style=\"width: 90%; height: 174px;\">\n<thead>\n<tr style=\"height: 29px;\">\n<td style=\"width: 30%; height: 29px;\">nap<\/td>\n<td style=\"height: 29px;\">id\u0151pont<\/td>\n<\/tr>\n<\/thead>\n<tbody>\n<tr style=\"height: 29px;\">\n<td style=\"width: 30%; height: 29px;\" scope=\"col\">h\u00e9tf\u0151<\/td>\n<td style=\"height: 29px;\">08:00 &#8211; 16:00<\/td>\n<\/tr>\n<tr style=\"height: 29px;\">\n<td style=\"height: 29px;\">kedd<\/td>\n<td style=\"height: 29px;\">08:00 &#8211; 12:00<\/td>\n<\/tr>\n<tr style=\"height: 29px;\">\n<td style=\"height: 29px;\">szerda<\/td>\n<td style=\"height: 29px;\">08:00 &#8211; 16:00<\/td>\n<\/tr>\n<tr style=\"height: 29px;\">\n<td style=\"height: 29px;\">cs\u00fct\u00f6rt\u00f6k<\/td>\n<td style=\"height: 29px;\">&#8211;<\/td>\n<\/tr>\n<tr style=\"height: 29px;\">\n<td style=\"height: 29px;\">p\u00e9ntek<\/td>\n<td style=\"height: 29px;\">&#8211;<\/td>\n<\/tr>\n<\/tbody>\n<\/table>\n<p>&nbsp;<\/p>\n<h3>Mivel foglalkozunk?<\/h3>\n<p>Ezen speci\u00e1lis gyermekgy\u00f3gy\u00e1szati szakrendel\u00e9sre szoptat\u00e1si neh\u00e9zs\u00e9gekkel \u00e9s regul\u00e1ci\u00f3s zavarokkal k\u00fczd\u0151 kisgyermekes csal\u00e1dok jelentkez\u00e9s\u00e9t v\u00e1rjuk.<\/p>\n<p>Szoptat\u00e1si ambulancia keret\u00e9ben t\u00f6bbek k\u00f6z\u00f6tt az al\u00e1bbi t\u00e9m\u00e1kban fordulhatnak hozz\u00e1nk: korszer\u0171 inform\u00e1ci\u00f3k a szoptat\u00e1ssal kapcsolatban, ig\u00e9ny szerinti szoptat\u00e1s, kezdeti neh\u00e9zs\u00e9gek, f\u00e1jdalmas szoptat\u00e1s, sebes mellbimb\u00f3, mellgyullad\u00e1s, t\u00faltel\u00edt\u0151d\u00e9s, nem el\u00e9g a tej, t\u00fal sok a tej, s\u00falygyarapod\u00e1si neh\u00e9zs\u00e9gek, szop\u00e1si sztr\u00e1jk, bimb\u00f3v\u00e9d\u0151r\u0151l leszoktat\u00e1s, cumizavar, hozz\u00e1t\u00e1pl\u00e1l\u00e1s, hossz\u00fa t\u00e1v\u00fa szoptat\u00e1s, elv\u00e1laszt\u00e1s \u2013 elv\u00e1laszt\u00f3d\u00e1s, gy\u00f3gyszerek\/vizsg\u00e1latok \u00e9s szoptat\u00e1s, t\u00e1pl\u00e1l\u00e9kallergi\u00e1k stb.<\/p>\n<p>Regul\u00e1ci\u00f3s zavarok eset\u00e9ben a h\u00e1rom \u00e9v alatti koroszt\u00e1ly ev\u00e9si \/ etet\u00e9si zavaraival, s\u00edr\u00e1ssal kapcsolatos neh\u00e9zs\u00e9geivel, illetve alv\u00e1sprobl\u00e9m\u00e1ival foglalkozunk. A szervi okok kiz\u00e1r\u00e1s\u00e1t k\u00f6vet\u0151en sz\u00fcl\u0151-csecsem\u0151 konzult\u00e1ci\u00f3 keret\u00e9ben tudjuk seg\u00edteni a csal\u00e1dokat ezekben a helyzetekben.<\/p>\n","protected":false},"excerpt":{"rendered":"<p>Beutal\u00f3 nem sz\u00fcks\u00e9ges, el\u0151jegyz\u00e9s kiz\u00e1r\u00f3lag e-mailben t\u00f6rt\u00e9nik. El\u0151jegyz\u00e9s kiz\u00e1r\u00f3lag e-mailben: gse.gyermekgyogyaszat@semmelweis.hu C\u00edm: G\u00f6d\u00f6ll\u0151, Pet\u0151fi S\u00e1ndor u. 1-3. 2. emelet 14. szoba Ell\u00e1t\u00e1si ter\u00fcletek: D\u00e1ny, Erd\u0151kertes, G\u00f6d\u00f6ll\u0151, Isaszeg, Kerepes, Kistarcsa, Mogyor\u00f3d, Szada, V\u00e1cszentl\u00e1szl\u00f3, Valk\u00f3, Veresegyh\u00e1z, Zs\u00e1mbok Minden\u00a0 h\u00f3nap harmadik szerd\u00e1j\u00e1n kiscsoportos szoptat\u00e1sra \u00e9s gyermek\u00e1gyra felk\u00e9sz\u00edt\u0151 tanfolyamot tartunk 13:00-16:00 \u00f3ra\u00a0 k\u00f6z\u00f6tt, amelyre szeretettel v\u00e1rjuk a gyermeket v\u00e1r\u00f3 &hellip;<\/p>\n","protected":false},"author":102484,"featured_media":0,"parent":20,"menu_order":0,"comment_status":"closed","ping_status":"closed","template":"","meta":{"_acf_changed":false,"footnotes":""},"categories":[4],"tags":[],"class_list":["post-153","page","type-page","status-publish","hentry","category-szakrendelesek"],"acf":[],"_links":{"self":[{"href":"https:\/\/semmelweis.hu\/godollo\/wp-json\/wp\/v2\/pages\/153","targetHints":{"allow":["GET"]}}],"collection":[{"href":"https:\/\/semmelweis.hu\/godollo\/wp-json\/wp\/v2\/pages"}],"about":[{"href":"https:\/\/semmelweis.hu\/godollo\/wp-json\/wp\/v2\/types\/page"}],"author":[{"embeddable":true,"href":"https:\/\/semmelweis.hu\/godollo\/wp-json\/wp\/v2\/users\/102484"}],"replies":[{"embeddable":true,"href":"https:\/\/semmelweis.hu\/godollo\/wp-json\/wp\/v2\/comments?post=153"}],"version-history":[{"count":10,"href":"https:\/\/semmelweis.hu\/godollo\/wp-json\/wp\/v2\/pages\/153\/revisions"}],"predecessor-version":[{"id":1795,"href":"https:\/\/semmelweis.hu\/godollo\/wp-json\/wp\/v2\/pages\/153\/revisions\/1795"}],"up":[{"embeddable":true,"href":"https:\/\/semmelweis.hu\/godollo\/wp-json\/wp\/v2\/pages\/20"}],"wp:attachment":[{"href":"https:\/\/semmelweis.hu\/godollo\/wp-json\/wp\/v2\/media?parent=153"}],"wp:term":[{"taxonomy":"category","embeddable":true,"href":"https:\/\/semmelweis.hu\/godollo\/wp-json\/wp\/v2\/categories?post=153"},{"taxonomy":"post_tag","embeddable":true,"href":"https:\/\/semmelweis.hu\/godollo\/wp-json\/wp\/v2\/tags?post=153"}],"curies":[{"name":"wp","href":"https:\/\/api.w.org\/{rel}","templated":true}]}}