{"id":150,"date":"2025-07-15T16:10:52","date_gmt":"2025-07-15T14:10:52","guid":{"rendered":"https:\/\/semmelweis.hu\/godollo\/?page_id=150"},"modified":"2026-03-30T07:01:29","modified_gmt":"2026-03-30T05:01:29","slug":"szemeszet","status":"publish","type":"page","link":"https:\/\/semmelweis.hu\/godollo\/betegellatas\/szakrendelesek\/szemeszet\/","title":{"rendered":"Szem\u00e9szet"},"content":{"rendered":"<div class=\"keretes w-100\">\n<h5>A rendel\u00e9s beutal\u00f3 n\u00e9lk\u00fcl, el\u0151jegyz\u00e9s alapj\u00e1n vehet\u0151 ig\u00e9nybe!<\/h5>\n<p><strong>S\u00fcrg\u0151s esetben:<\/strong> <span style=\"color: #ff0000\"><strong>vegyszers\u00e9r\u00fcl\u00e9s eset\u00e9n a Beteget azonnal ell\u00e1tjuk. <\/strong><\/span>S\u00e9r\u00fcl\u00e9sek, hirtelen kialakult l\u00e1t\u00e1si panaszok eset\u00e9n a betegeket el\u0151jegyz\u00e9s n\u00e9lk\u00fcl is ell\u00e1tjuk, azonban emiatt az el\u0151jegyzett betegek v\u00e1rakoz\u00e1si ideje n\u00f6vekedhet, amely el\u0151re nem kisz\u00e1m\u00edthat\u00f3.<\/p>\n<p><strong>A rendel\u00e9s befejez\u00e9se el\u0151tt f\u00e9l \u00f3r\u00e1val \u00faj beteget m\u00e1r nem tudunk fogadni!<\/strong><\/p>\n<p><strong>El\u0151jegyz\u00e9s:<\/strong> +36 70\/502-1899, +36 70\/502-2283<\/p>\n<p>h\u00e9tf\u0151 \u2013 cs\u00fct\u00f6rt\u00f6k: 09:00 \u2013 17:45<\/p>\n<p>p\u00e9ntek: 09:00 \u2013 15:45<\/p>\n<p><strong>Email:<\/strong> gse.elojegyzes@semmelweis.hu<\/p>\n<p>A szakrendel\u00e9s zavartalan munk\u00e1j\u00e1nak \u00e9rdek\u00e9ben <strong>telefonos inform\u00e1ci\u00f3ad\u00e1sra, egyeztet\u00e9sre, recept ig\u00e9nyl\u00e9sre csak az al\u00e1bbi id\u0151pontokban tudunk lehet\u0151s\u00e9get biztos\u00edtani:<\/strong><\/p>\n<p><strong>Dr. T\u00fary Judit<\/strong> +36 70\/502-1983<br \/>\nszerda-cs\u00fct\u00f6rt\u00f6k: 14:30-15:00, p\u00e9ntek: 14:00-14:30<\/p>\n<p><strong>Dr. Vir\u00e1gh Henriett <\/strong>+3670\/502-1978<br \/>\nh\u00e9tf\u0151: 16:00-17:00, kedd, szerda: 14:30-15:30, cs\u00fct\u00f6rt\u00f6k: 14:00-15:00<\/p>\n<p><a href=\"https:\/\/semmelweis.hu\/betegellatas\/betegregisztracio\/\">Betegregisztr\u00e1ci\u00f3 menete \u2192<\/a><\/p>\n<p><strong>C\u00edm:<\/strong> G\u00f6d\u00f6ll\u0151, Pet\u0151fi S\u00e1ndor u. 1-3. 2. emelet 18., 19. szoba<\/p>\n<p><strong>Ell\u00e1t\u00e1si ter\u00fcletek: <\/strong>D\u00e1ny, Erd\u0151kertes, G\u00f6d\u00f6ll\u0151, Isaszeg, Kerepes, Kistarcsa, Mogyor\u00f3d, Szada, V\u00e1cszentl\u00e1szl\u00f3, Valk\u00f3, Veresegyh\u00e1z, Zs\u00e1mbok<\/p>\n<\/div>\n<h1>dr. t\u00fary judit<\/h1>\n<p><strong>Helyettes\u00edt\u00e9s:<\/strong> S\u00fcrg\u0151s esetben k\u00e9rj\u00fck forduljon a kistarcsai Fl\u00f3r Ferenc K\u00f3rh\u00e1zhoz.<\/p>\n<table style=\"width: 90%;height: 174px\">\n<thead>\n<tr style=\"height: 29px\">\n<td style=\"width: 30%;height: 29px\">nap<\/td>\n<td style=\"height: 29px\">id\u0151pont<\/td>\n<\/tr>\n<\/thead>\n<tbody>\n<tr style=\"height: 29px\">\n<td style=\"width: 30%;height: 29px\" scope=\"col\">h\u00e9tf\u0151<\/td>\n<td style=\"height: 29px\">&#8211;<\/td>\n<\/tr>\n<tr style=\"height: 29px\">\n<td style=\"height: 29px\">kedd<\/td>\n<td style=\"height: 29px\">&#8211;<\/td>\n<\/tr>\n<tr style=\"height: 29px\">\n<td style=\"height: 29px\">szerda<\/td>\n<td style=\"height: 29px\">07:30 &#8211; 15:00<\/td>\n<\/tr>\n<tr style=\"height: 29px\">\n<td style=\"height: 29px\">cs\u00fct\u00f6rt\u00f6k<\/td>\n<td style=\"height: 29px\">07:30 &#8211; 15:00<\/td>\n<\/tr>\n<tr style=\"height: 29px\">\n<td style=\"height: 29px\">p\u00e9ntek<\/td>\n<td style=\"height: 29px\">07:30 &#8211; 14:30<\/td>\n<\/tr>\n<\/tbody>\n<\/table>\n<p>&nbsp;<\/p>\n<h1>dr. vir\u00e1gh henriett<\/h1>\n<p><strong>Helyettes\u00edt\u00e9s:<\/strong> S\u00fcrg\u0151s esetben k\u00e9rj\u00fck forduljon a kistarcsai Fl\u00f3r Ferenc K\u00f3rh\u00e1zhoz.<\/p>\n<table style=\"width: 90%;height: 174px\">\n<thead>\n<tr style=\"height: 29px\">\n<td style=\"width: 30%;height: 29px\">nap<\/td>\n<td style=\"height: 29px\">id\u0151pont<\/td>\n<\/tr>\n<\/thead>\n<tbody>\n<tr style=\"height: 29px\">\n<td style=\"width: 30%;height: 29px\" scope=\"col\">h\u00e9tf\u0151<\/td>\n<td style=\"height: 29px\">08:30 &#8211; 17:00<\/td>\n<\/tr>\n<tr style=\"height: 29px\">\n<td style=\"height: 29px\">kedd<\/td>\n<td style=\"height: 29px\">08:30 &#8211; 15:30<\/td>\n<\/tr>\n<tr style=\"height: 29px\">\n<td style=\"height: 29px\">szerda<\/td>\n<td style=\"height: 29px\">08:00 &#8211; 15:30<\/td>\n<\/tr>\n<tr style=\"height: 29px\">\n<td style=\"height: 29px\">cs\u00fct\u00f6rt\u00f6k<\/td>\n<td style=\"height: 29px\">08:00 &#8211; 15:00<\/td>\n<\/tr>\n<tr style=\"height: 29px\">\n<td style=\"height: 29px\">p\u00e9ntek<\/td>\n<td style=\"height: 29px\">&#8211;<\/td>\n<\/tr>\n<\/tbody>\n<\/table>\n<p><span style=\"color: #ff0000\">Szabads\u00e1g: 2026. \u00e1prilis 07-09.<\/span><\/p>\n<h3>Mivel foglalkozik a szem\u00e9szet?<\/h3>\n<p>A szem\u00e9szet a l\u00e1t\u00e1sprobl\u00e9m\u00e1k (r\u00f6vid- \u00e9s t\u00e1voll\u00e1t\u00e1s, sz\u00ednt\u00e9veszt\u00e9s) mellett gyullad\u00e1sos \u00e9s egy\u00e9b szembetegs\u00e9gek diagnosztiz\u00e1l\u00e1s\u00e1val \u00e9s kezel\u00e9s\u00e9vel foglalkozik. A rendszeres szem\u00e9szeti kontroll panaszmentess\u00e9g eset\u00e9n is javasolt, mivel a szem\u00e9szeti sz\u0171r\u00e9s f\u00e9nyt der\u00edthet olyan, k\u00e9s\u0151bb s\u00falyos probl\u00e9m\u00e1kat okoz\u00f3 elv\u00e1ltoz\u00e1sokra is, amelyek m\u00e9g nem okoznak probl\u00e9m\u00e1kat.<\/p>\n<h3>Milyen t\u00fcnetekkel forduljunk szem\u00e9szhez?<\/h3>\n<ul>\n<li>L\u00e1t\u00e1sroml\u00e1s<\/li>\n<li>Hom\u00e1lyos l\u00e1t\u00e1s<\/li>\n<li>L\u00e1t\u00f3t\u00e9r kies\u00e9s<\/li>\n<li>Bev\u00f6r\u00f6s\u00f6d\u00f6tt, gyulladt szem<\/li>\n<li>Amennyiben duzzanat keletkezett a szem k\u00f6rny\u00e9k\u00e9n<\/li>\n<li>Rendszeres szemsz\u00e1razs\u00e1g<\/li>\n<li>\u00daszk\u00e1l\u00f3 hom\u00e1lyok, vagy f\u00e9nyvillan\u00e1sok \u00e9szlel\u00e9sekor szemsz\u00e1razs\u00e1g \u00e9rz\u00e9s\/gyakori k\u00f6nnyez\u00e9s,<\/li>\n<\/ul>\n<h3>Sz\u0171r\u0151jelleggel is aj\u00e1nlott a szem\u00e9szeti vizsg\u00e1lat a k\u00f6vetkez\u0151 esetekben:<\/h3>\n<ul>\n<li>cukorbetegs\u00e9g,<\/li>\n<li>magas v\u00e9rnyom\u00e1s betegs\u00e9g,<\/li>\n<li>pajzsmirigy betegs\u00e9g,<\/li>\n<li>bizonyos gy\u00f3gyszerek rendszeres szed\u00e9se (szteroid, amiodarone),<\/li>\n<li>csal\u00e1dban halmozottan el\u0151fordul\u00f3 szem\u00e9szeti megbeteged\u00e9sek,<\/li>\n<li>k\u00e9perny\u0151 el\u0151tti munkav\u00e9gz\u00e9s eset\u00e9n, 40 \u00e9ves kor felett.<\/li>\n<\/ul>\n","protected":false},"excerpt":{"rendered":"<p>A rendel\u00e9s beutal\u00f3 n\u00e9lk\u00fcl, el\u0151jegyz\u00e9s alapj\u00e1n vehet\u0151 ig\u00e9nybe! S\u00fcrg\u0151s esetben: vegyszers\u00e9r\u00fcl\u00e9s eset\u00e9n a Beteget azonnal ell\u00e1tjuk. S\u00e9r\u00fcl\u00e9sek, hirtelen kialakult l\u00e1t\u00e1si panaszok eset\u00e9n a betegeket el\u0151jegyz\u00e9s n\u00e9lk\u00fcl is ell\u00e1tjuk, azonban emiatt az el\u0151jegyzett betegek v\u00e1rakoz\u00e1si ideje n\u00f6vekedhet, amely el\u0151re nem kisz\u00e1m\u00edthat\u00f3. A rendel\u00e9s befejez\u00e9se el\u0151tt f\u00e9l \u00f3r\u00e1val \u00faj beteget m\u00e1r nem tudunk fogadni! El\u0151jegyz\u00e9s: +36 70\/502-1899, &hellip;<\/p>\n","protected":false},"author":102484,"featured_media":0,"parent":20,"menu_order":0,"comment_status":"closed","ping_status":"closed","template":"","meta":{"_acf_changed":false,"footnotes":""},"categories":[4],"tags":[],"class_list":["post-150","page","type-page","status-publish","hentry","category-szakrendelesek"],"acf":[],"_links":{"self":[{"href":"https:\/\/semmelweis.hu\/godollo\/wp-json\/wp\/v2\/pages\/150","targetHints":{"allow":["GET"]}}],"collection":[{"href":"https:\/\/semmelweis.hu\/godollo\/wp-json\/wp\/v2\/pages"}],"about":[{"href":"https:\/\/semmelweis.hu\/godollo\/wp-json\/wp\/v2\/types\/page"}],"author":[{"embeddable":true,"href":"https:\/\/semmelweis.hu\/godollo\/wp-json\/wp\/v2\/users\/102484"}],"replies":[{"embeddable":true,"href":"https:\/\/semmelweis.hu\/godollo\/wp-json\/wp\/v2\/comments?post=150"}],"version-history":[{"count":12,"href":"https:\/\/semmelweis.hu\/godollo\/wp-json\/wp\/v2\/pages\/150\/revisions"}],"predecessor-version":[{"id":1786,"href":"https:\/\/semmelweis.hu\/godollo\/wp-json\/wp\/v2\/pages\/150\/revisions\/1786"}],"up":[{"embeddable":true,"href":"https:\/\/semmelweis.hu\/godollo\/wp-json\/wp\/v2\/pages\/20"}],"wp:attachment":[{"href":"https:\/\/semmelweis.hu\/godollo\/wp-json\/wp\/v2\/media?parent=150"}],"wp:term":[{"taxonomy":"category","embeddable":true,"href":"https:\/\/semmelweis.hu\/godollo\/wp-json\/wp\/v2\/categories?post=150"},{"taxonomy":"post_tag","embeddable":true,"href":"https:\/\/semmelweis.hu\/godollo\/wp-json\/wp\/v2\/tags?post=150"}],"curies":[{"name":"wp","href":"https:\/\/api.w.org\/{rel}","templated":true}]}}