{"id":146,"date":"2025-07-15T16:09:09","date_gmt":"2025-07-15T14:09:09","guid":{"rendered":"https:\/\/semmelweis.hu\/godollo\/?page_id=146"},"modified":"2026-03-18T15:06:37","modified_gmt":"2026-03-18T14:06:37","slug":"rontgen","status":"publish","type":"page","link":"https:\/\/semmelweis.hu\/godollo\/betegellatas\/szakrendelesek\/rontgen\/","title":{"rendered":"R\u00f6ntgen"},"content":{"rendered":"<div class=\"keretes w-100\">\n<p><span style=\"font-family: Montserrat\"><strong>2026.03.02-t\u00f3l <\/strong>a r\u00f6ntgen diagnosztikai ell\u00e1t\u00e1sunk<strong> \u00fajraindult.<\/strong><\/span><\/p>\n<h3>A rendel\u00e9s csak beutal\u00f3val \u00e9s el\u0151jegyz\u00e9s alapj\u00e1n vehet\u0151 ig\u00e9nybe!<strong><br \/>\n<\/strong><\/h3>\n<p><strong>El\u0151jegyz\u00e9s szem\u00e9lyesen vagy telefonon:<\/strong> +36 70\/502-1913<br \/>\nh\u00e9tf\u0151 &#8211; p\u00e9ntek: 08:00 \u2013 14:00<\/p>\n<p><a href=\"https:\/\/semmelweis.hu\/betegellatas\/betegregisztracio\/\">Betegregisztr\u00e1ci\u00f3 menete \u2192<\/a><\/p>\n<p><strong>C\u00edm:<\/strong> G\u00f6d\u00f6ll\u0151, Pet\u0151fi S\u00e1ndor u. 1-3. f\u00f6ldszint 5. szoba<\/p>\n<p><span style=\"font-size: 1rem\">A r\u00f6ntgen felv\u00e9telekr\u0151l t\u00e1vleletez\u00e9ssel k\u00e9sz\u00fcl lelet, amely a t\u00e1vleletez\u00e9si szolg\u00e1ltat\u00e1s leterhelts\u00e9g\u00e9t\u0151l f\u00fcgg\u0151en \u2013 t\u0151l\u00fcnk f\u00fcggetlen\u00fcl \u2013 az 1 \u00f3r\u00e1t is el\u00e9rheti vagy ak\u00e1r meg is haladhatja.<\/span><\/p>\n<p><strong>Ell\u00e1t\u00e1si ter\u00fcletek:<\/strong> D\u00e1ny, Erd\u0151kertes, G\u00f6d\u00f6ll\u0151, Isaszeg, Kerepes, Kistarcsa, Mogyor\u00f3d, Szada, V\u00e1cszentl\u00e1szl\u00f3, Valk\u00f3, Veresegyh\u00e1z, Zs\u00e1mbok<\/p>\n<\/div>\n<h1>Rendel\u00e9si id\u0151k:<\/h1>\n<table style=\"width: 90%;height: 218px\">\n<thead>\n<tr style=\"height: 33px\">\n<td style=\"width: 30%;height: 33px\">nap<\/td>\n<td style=\"height: 33px\">id\u0151pont<\/td>\n<\/tr>\n<\/thead>\n<tbody>\n<tr style=\"height: 33px\">\n<td style=\"width: 30%;height: 33px\" scope=\"col\">h\u00e9tf\u0151<\/td>\n<td style=\"height: 33px\">08:00 &#8211; 14:00<\/td>\n<\/tr>\n<tr style=\"height: 33px\">\n<td style=\"height: 33px\">kedd<\/td>\n<td style=\"height: 33px\">08:00 &#8211; 14:00<\/td>\n<\/tr>\n<tr style=\"height: 33px\">\n<td style=\"height: 33px\">szerda<\/td>\n<td style=\"height: 33px\">08:00 &#8211; 14:00<\/td>\n<\/tr>\n<tr style=\"height: 33px\">\n<td style=\"height: 33px\">cs\u00fct\u00f6rt\u00f6k<\/td>\n<td style=\"height: 33px\">08:00 &#8211; 14:00<\/td>\n<\/tr>\n<tr style=\"height: 53px\">\n<td style=\"height: 53px\">p\u00e9ntek<\/td>\n<td style=\"height: 53px\">\n<p>08:00 &#8211; 14:00<\/p>\n<\/td>\n<\/tr>\n<\/tbody>\n<\/table>\n<p>A 2026 elej\u00e9n \u00fczembe helyezett\u00a0modern r\u00f6ntgenberendez\u00e9s a fejlett robotikai \u00e9s motoros megold\u00e1sainak k\u00f6sz\u00f6nhet\u0151en teljesen automatikus \u2013 azaz egy gombnyom\u00e1sra praktikusan, \u00f6n\u00e1ll\u00f3an is k\u00e9pes felvenni a megfelel\u0151 poz\u00edci\u00f3t. K\u00f6zel 500 felv\u00e9telez\u00e9si m\u00f3d m\u00e1r el\u0151re bele van programozva, amely jelent\u0151sen meggyors\u00edtja a munk\u00e1t, \u00e9s amelynek k\u00f6sz\u00f6nhet\u0151en m\u00e9g t\u00f6bb beteget lehet vele megvizsg\u00e1lni. A modern technik\u00e1nak k\u00f6sz\u00f6nhet\u0151en sug\u00e1rd\u00f3zisa 30-40 sz\u00e1zal\u00e9kkal alacsonyabb, \u00e1m a kor\u00e1bbi berendez\u00e9sn\u00e9l is jobb min\u0151s\u00e9g\u0171 k\u00e9pet tud k\u00e9sz\u00edteni, a felv\u00e9telez\u00e9si param\u00e9tereket pedig k\u00e9pes ak\u00e1r a gyermekekhez is igaz\u00edtani.<\/p>\n","protected":false},"excerpt":{"rendered":"<p>2026.03.02-t\u00f3l a r\u00f6ntgen diagnosztikai ell\u00e1t\u00e1sunk \u00fajraindult. A rendel\u00e9s csak beutal\u00f3val \u00e9s el\u0151jegyz\u00e9s alapj\u00e1n vehet\u0151 ig\u00e9nybe! El\u0151jegyz\u00e9s szem\u00e9lyesen vagy telefonon: +36 70\/502-1913 h\u00e9tf\u0151 &#8211; p\u00e9ntek: 08:00 \u2013 14:00 <a href=\"https:\/\/semmelweis.hu\/betegellatas\/betegregisztracio\/\">Betegregisztr\u00e1ci\u00f3 menete \u2192<\/a> C\u00edm: G\u00f6d\u00f6ll\u0151, Pet\u0151fi S\u00e1ndor u. 1-3. f\u00f6ldszint 5. szoba A r\u00f6ntgen felv\u00e9telekr\u0151l t\u00e1vleletez\u00e9ssel k\u00e9sz\u00fcl lelet, amely a t\u00e1vleletez\u00e9si szolg\u00e1ltat\u00e1s leterhelts\u00e9g\u00e9t\u0151l f\u00fcgg\u0151en \u2013 t\u0151l\u00fcnk f\u00fcggetlen\u00fcl \u2013 az 1 \u00f3r\u00e1t &hellip;<\/p>\n","protected":false},"author":102484,"featured_media":0,"parent":20,"menu_order":0,"comment_status":"closed","ping_status":"closed","template":"","meta":{"_acf_changed":false,"footnotes":""},"categories":[4],"tags":[],"class_list":["post-146","page","type-page","status-publish","hentry","category-szakrendelesek"],"acf":[],"_links":{"self":[{"href":"https:\/\/semmelweis.hu\/godollo\/wp-json\/wp\/v2\/pages\/146","targetHints":{"allow":["GET"]}}],"collection":[{"href":"https:\/\/semmelweis.hu\/godollo\/wp-json\/wp\/v2\/pages"}],"about":[{"href":"https:\/\/semmelweis.hu\/godollo\/wp-json\/wp\/v2\/types\/page"}],"author":[{"embeddable":true,"href":"https:\/\/semmelweis.hu\/godollo\/wp-json\/wp\/v2\/users\/102484"}],"replies":[{"embeddable":true,"href":"https:\/\/semmelweis.hu\/godollo\/wp-json\/wp\/v2\/comments?post=146"}],"version-history":[{"count":11,"href":"https:\/\/semmelweis.hu\/godollo\/wp-json\/wp\/v2\/pages\/146\/revisions"}],"predecessor-version":[{"id":1749,"href":"https:\/\/semmelweis.hu\/godollo\/wp-json\/wp\/v2\/pages\/146\/revisions\/1749"}],"up":[{"embeddable":true,"href":"https:\/\/semmelweis.hu\/godollo\/wp-json\/wp\/v2\/pages\/20"}],"wp:attachment":[{"href":"https:\/\/semmelweis.hu\/godollo\/wp-json\/wp\/v2\/media?parent=146"}],"wp:term":[{"taxonomy":"category","embeddable":true,"href":"https:\/\/semmelweis.hu\/godollo\/wp-json\/wp\/v2\/categories?post=146"},{"taxonomy":"post_tag","embeddable":true,"href":"https:\/\/semmelweis.hu\/godollo\/wp-json\/wp\/v2\/tags?post=146"}],"curies":[{"name":"wp","href":"https:\/\/api.w.org\/{rel}","templated":true}]}}