{"id":142,"date":"2025-07-15T16:06:44","date_gmt":"2025-07-15T14:06:44","guid":{"rendered":"https:\/\/semmelweis.hu\/godollo\/?page_id=142"},"modified":"2026-04-13T11:15:29","modified_gmt":"2026-04-13T09:15:29","slug":"pszichiatria","status":"publish","type":"page","link":"https:\/\/semmelweis.hu\/godollo\/betegellatas\/szakrendelesek\/pszichiatria\/","title":{"rendered":"Pszichi\u00e1tria"},"content":{"rendered":"<div class=\"keretes w-100\">\n<h5>A rendel\u00e9s beutal\u00f3 n\u00e9lk\u00fcl, el\u0151jegyz\u00e9s alapj\u00e1n vehet\u0151 ig\u00e9nybe!<\/h5>\n<p><strong>El\u0151jegyz\u00e9s:\u00a0<\/strong><span style=\"font-size: 1rem\">+70\/502-2193-<\/span><span style=\"font-size: 1rem\">as sz\u00e1mon k\u00e9rhet\u0151\u00a0<\/span><\/p>\n<p><strong>C\u00edm:<\/strong> G\u00f6d\u00f6ll\u0151, Ady Endre s\u00e9t\u00e1ny 56.<\/p>\n<p><a href=\"https:\/\/semmelweis.hu\/betegellatas\/betegregisztracio\/\">Betegregisztr\u00e1ci\u00f3 menete \u2192<\/a><\/p>\n<p><strong>Ell\u00e1t\u00e1si ter\u00fcletek<\/strong><\/p>\n<p><strong>J\u00e1r\u00f3beteg szakell\u00e1t\u00e1s: <\/strong>D\u00e1ny, Erd\u0151kertes, G\u00f6d\u00f6ll\u0151, Isaszeg, Kerepes, Kistarcsa, Mogyor\u00f3d, Szada, V\u00e1cszentl\u00e1szl\u00f3, Valk\u00f3, Veresegyh\u00e1z, Zs\u00e1mbok<\/p>\n<p><strong>Gondoz\u00e1s: <\/strong>Asz\u00f3d, Bag, Cs\u00f6m\u00f6r, D\u00e1ny, Domony, Erd\u0151kertes, Galgah\u00e9v\u00edz, Galgam\u00e1csa, G\u00f6d\u00f6ll\u0151, H\u00e9v\u00edzgy\u00f6rk, Ikad, Isaszeg, Kartal, Kerepes, Kistarcsa, V\u00e1ckis\u00fajfalu, Mogyor\u00f3d, Nagytarcsa, Szada, Tura, Valk\u00f3, V\u00e1cegres, V\u00e1cszentl\u00e1szl\u00f3, Veresegyh\u00e1z, Verseg, Zs\u00e1mbok<\/p>\n<\/div>\n<h1>Dr. Kov\u00e1cs gy\u00f6rgyi<\/h1>\n<table style=\"width: 90%\">\n<thead>\n<tr>\n<td style=\"width: 30%\">nap<\/td>\n<td>id\u0151pont<\/td>\n<\/tr>\n<\/thead>\n<tbody>\n<tr>\n<td style=\"width: 30%\" scope=\"col\">h\u00e9tf\u0151<\/td>\n<td>08:30 &#8211; 16:00<\/td>\n<\/tr>\n<tr>\n<td>kedd<\/td>\n<td>12:00 &#8211; 18:00<\/td>\n<\/tr>\n<tr>\n<td>szerda<\/td>\n<td>08:30 &#8211; 17:30<\/td>\n<\/tr>\n<tr>\n<td>cs\u00fct\u00f6rt\u00f6k<\/td>\n<td>08:30 &#8211; 16:00<\/td>\n<\/tr>\n<tr>\n<td>p\u00e9ntek<\/td>\n<td>&#8211;<\/td>\n<\/tr>\n<\/tbody>\n<\/table>\n<h1>Dr. Mlin\u00e1rcsek l\u00edvia<\/h1>\n<p>Cs\u00fct\u00f6rt\u00f6k\u00f6n d\u00e9lut\u00e1n, valamint p\u00e9nteken pszichoter\u00e1pi\u00e1s rendel\u00e9s van.<\/p>\n<table style=\"width: 90%\">\n<thead>\n<tr>\n<td style=\"width: 30%\">nap<\/td>\n<td>id\u0151pont<\/td>\n<\/tr>\n<\/thead>\n<tbody>\n<tr>\n<td style=\"width: 30%\" scope=\"col\"><span style=\"font-size: 14pt\">h\u00e9tf\u0151<\/span><\/td>\n<td>07:30 &#8211; 12:00<\/td>\n<\/tr>\n<tr>\n<td>kedd<\/td>\n<td>12:00 &#8211; 18:00<\/td>\n<\/tr>\n<tr>\n<td>szerda<\/td>\n<td>07:30 &#8211; 12:00<\/td>\n<\/tr>\n<tr>\n<td>cs\u00fct\u00f6rt\u00f6k<\/td>\n<td>07:30 &#8211; 16:30<\/td>\n<\/tr>\n<tr>\n<td>p\u00e9ntek<\/td>\n<td>\n<p>07:30 &#8211; 13:30<\/p>\n<\/td>\n<\/tr>\n<\/tbody>\n<\/table>\n<h1>Dr. moln\u00e1r m\u00e1ria<\/h1>\n<table style=\"width: 90%\">\n<thead>\n<tr>\n<td style=\"width: 30%\">nap<\/td>\n<td>id\u0151pont<\/td>\n<\/tr>\n<\/thead>\n<tbody>\n<tr>\n<td style=\"width: 30%\" scope=\"col\">h\u00e9tf\u0151<\/td>\n<td>12:00 &#8211; 18:00<\/td>\n<\/tr>\n<tr>\n<td>kedd<\/td>\n<td>08:00 &#8211; 10:00, 12:00 &#8211; 16:00<\/td>\n<\/tr>\n<tr>\n<td>szerda<\/td>\n<td>08:00 &#8211; 14:00<\/td>\n<\/tr>\n<tr>\n<td>cs\u00fct\u00f6rt\u00f6k<\/td>\n<td>12:00 &#8211; 18:00<\/td>\n<\/tr>\n<tr>\n<td>p\u00e9ntek<\/td>\n<td>\n<p>08:00 &#8211; 14:00<\/p>\n<\/td>\n<\/tr>\n<\/tbody>\n<\/table>\n<p>&nbsp;<\/p>\n<div style=\"background-color: #778899\">\n<h2 style=\"padding: 8px\"><span style=\"color: #ffffff\">PSZICHOL\u00d3GUSOK<\/span><\/h2>\n<\/div>\n<h1>R\u00e1cz emese\u00a0<\/h1>\n<table style=\"width: 90%\">\n<thead>\n<tr>\n<td style=\"width: 30%\">nap<\/td>\n<td>id\u0151pont<\/td>\n<\/tr>\n<\/thead>\n<tbody>\n<tr>\n<td style=\"width: 30%\" scope=\"col\">h\u00e9tf\u0151<\/td>\n<td>07:30 &#8211; 13:30<\/td>\n<\/tr>\n<tr>\n<td>kedd<\/td>\n<td>12:00 &#8211; 18:00<\/td>\n<\/tr>\n<tr>\n<td>szerda<\/td>\n<td>07:30 &#8211; 13:30<\/td>\n<\/tr>\n<tr>\n<td>cs\u00fct\u00f6rt\u00f6k<\/td>\n<td>07:00 &#8211; 13:00<\/td>\n<\/tr>\n<tr>\n<td>\n<p>p\u00e9ntek<\/p>\n<\/td>\n<td>\n<p>07:30 &#8211; 13:30<\/p>\n<\/td>\n<\/tr>\n<\/tbody>\n<\/table>\n<h1>Horv\u00e1th anik\u00f3<\/h1>\n<table style=\"width: 90%\">\n<thead>\n<tr>\n<td style=\"width: 30%\">nap<\/td>\n<td>id\u0151pont<\/td>\n<\/tr>\n<\/thead>\n<tbody>\n<tr>\n<td style=\"width: 30%\" scope=\"col\">h\u00e9tf\u0151<\/td>\n<td>08:00 &#8211; 12:00, 13:00 &#8211; 17:00<\/td>\n<\/tr>\n<tr>\n<td>kedd<\/td>\n<td>&#8211;<\/td>\n<\/tr>\n<tr>\n<td>szerda<\/td>\n<td>&#8211;<\/td>\n<\/tr>\n<tr>\n<td>cs\u00fct\u00f6rt\u00f6k<\/td>\n<td>08:00 &#8211; 12:00, 13:00 &#8211; 17:00<\/td>\n<\/tr>\n<tr>\n<td>p\u00e9ntek<\/td>\n<td>&#8211;<\/td>\n<\/tr>\n<\/tbody>\n<\/table>\n<p>&nbsp;<\/p>\n","protected":false},"excerpt":{"rendered":"<p>A rendel\u00e9s beutal\u00f3 n\u00e9lk\u00fcl, el\u0151jegyz\u00e9s alapj\u00e1n vehet\u0151 ig\u00e9nybe! El\u0151jegyz\u00e9s:\u00a0+70\/502-2193-as sz\u00e1mon k\u00e9rhet\u0151\u00a0 C\u00edm: G\u00f6d\u00f6ll\u0151, Ady Endre s\u00e9t\u00e1ny 56. <a href=\"https:\/\/semmelweis.hu\/betegellatas\/betegregisztracio\/\">Betegregisztr\u00e1ci\u00f3 menete \u2192<\/a> Ell\u00e1t\u00e1si ter\u00fcletek J\u00e1r\u00f3beteg szakell\u00e1t\u00e1s: D\u00e1ny, Erd\u0151kertes, G\u00f6d\u00f6ll\u0151, Isaszeg, Kerepes, Kistarcsa, Mogyor\u00f3d, Szada, V\u00e1cszentl\u00e1szl\u00f3, Valk\u00f3, Veresegyh\u00e1z, Zs\u00e1mbok Gondoz\u00e1s: Asz\u00f3d, Bag, Cs\u00f6m\u00f6r, D\u00e1ny, Domony, Erd\u0151kertes, Galgah\u00e9v\u00edz, Galgam\u00e1csa, G\u00f6d\u00f6ll\u0151, H\u00e9v\u00edzgy\u00f6rk, Ikad, Isaszeg, Kartal, Kerepes, Kistarcsa, V\u00e1ckis\u00fajfalu, Mogyor\u00f3d, Nagytarcsa, Szada, Tura, Valk\u00f3, &hellip;<\/p>\n","protected":false},"author":102484,"featured_media":0,"parent":20,"menu_order":0,"comment_status":"closed","ping_status":"closed","template":"","meta":{"_acf_changed":false,"footnotes":""},"categories":[4],"tags":[],"class_list":["post-142","page","type-page","status-publish","hentry","category-szakrendelesek"],"acf":[],"_links":{"self":[{"href":"https:\/\/semmelweis.hu\/godollo\/wp-json\/wp\/v2\/pages\/142","targetHints":{"allow":["GET"]}}],"collection":[{"href":"https:\/\/semmelweis.hu\/godollo\/wp-json\/wp\/v2\/pages"}],"about":[{"href":"https:\/\/semmelweis.hu\/godollo\/wp-json\/wp\/v2\/types\/page"}],"author":[{"embeddable":true,"href":"https:\/\/semmelweis.hu\/godollo\/wp-json\/wp\/v2\/users\/102484"}],"replies":[{"embeddable":true,"href":"https:\/\/semmelweis.hu\/godollo\/wp-json\/wp\/v2\/comments?post=142"}],"version-history":[{"count":11,"href":"https:\/\/semmelweis.hu\/godollo\/wp-json\/wp\/v2\/pages\/142\/revisions"}],"predecessor-version":[{"id":1835,"href":"https:\/\/semmelweis.hu\/godollo\/wp-json\/wp\/v2\/pages\/142\/revisions\/1835"}],"up":[{"embeddable":true,"href":"https:\/\/semmelweis.hu\/godollo\/wp-json\/wp\/v2\/pages\/20"}],"wp:attachment":[{"href":"https:\/\/semmelweis.hu\/godollo\/wp-json\/wp\/v2\/media?parent=142"}],"wp:term":[{"taxonomy":"category","embeddable":true,"href":"https:\/\/semmelweis.hu\/godollo\/wp-json\/wp\/v2\/categories?post=142"},{"taxonomy":"post_tag","embeddable":true,"href":"https:\/\/semmelweis.hu\/godollo\/wp-json\/wp\/v2\/tags?post=142"}],"curies":[{"name":"wp","href":"https:\/\/api.w.org\/{rel}","templated":true}]}}