{"id":140,"date":"2025-07-15T16:05:45","date_gmt":"2025-07-15T14:05:45","guid":{"rendered":"https:\/\/semmelweis.hu\/godollo\/?page_id=140"},"modified":"2026-02-16T15:57:39","modified_gmt":"2026-02-16T14:57:39","slug":"ortopedia","status":"publish","type":"page","link":"https:\/\/semmelweis.hu\/godollo\/betegellatas\/szakrendelesek\/ortopedia\/","title":{"rendered":"Ortop\u00e9dia"},"content":{"rendered":"<div class=\"keretes w-100\">\n<p><strong>El\u0151jegyz\u00e9s szem\u00e9lyesen vagy t<\/strong><strong>elefonon:<\/strong><br \/>\n+36 70 502-1899, +36 70 502-2283<\/p>\n<p>h\u00e9tf\u0151 \u2013 cs\u00fct\u00f6rt\u00f6k: 09:00 \u2013 17:45<\/p>\n<p>p\u00e9ntek: 09:00 \u2013 15:45<\/p>\n<p><strong>Email:<\/strong> gse.elojegyzes@semmelweis.hu<\/p>\n<p><a href=\"https:\/\/semmelweis.hu\/betegellatas\/betegregisztracio\/\">Betegregisztr\u00e1ci\u00f3 menete \u2192<\/a><\/p>\n<p><strong>C\u00edm:<\/strong> G\u00f6d\u00f6ll\u0151, Pet\u0151fi S\u00e1ndor utca 1-3. 11. szoba<\/p>\n<p><strong>Ell\u00e1t\u00e1si ter\u00fcletek: <\/strong>Asz\u00f3d, Bag, D\u00e1ny, Domony, Erd\u0151kertes, Galgah\u00e9v\u00edz,\u00a0 Galgam\u00e1csa, G\u00f6d\u00f6ll\u0151, H\u00e9v\u00edzgy\u00f6rk, Iklad, Isaszeg, Kartal, Kerepes, Kistarcsa, Mogyor\u00f3d, Szada, Tura, V\u00e1cszentl\u00e1szl\u00f3, Valk\u00f3, Veresegyh\u00e1z, Verseg, Zs\u00e1mbok<\/p>\n<\/div>\n<h3>Rendel\u00e9si id\u0151k:<\/h3>\n<table style=\"width: 90%\">\n<thead>\n<tr>\n<td style=\"width: 30%\">nap<\/td>\n<td>id\u0151pont<\/td>\n<\/tr>\n<\/thead>\n<tbody>\n<tr>\n<td style=\"width: 30%\" scope=\"col\">h\u00e9tf\u0151<\/td>\n<td>&#8211;<\/td>\n<\/tr>\n<tr>\n<td>kedd<\/td>\n<td>&#8211;<\/td>\n<\/tr>\n<tr>\n<td>szerda<\/td>\n<td>&#8211;<\/td>\n<\/tr>\n<tr>\n<td>cs\u00fct\u00f6rt\u00f6k<\/td>\n<td>9:00 &#8211; 15:00<\/td>\n<\/tr>\n<tr>\n<td>p\u00e9ntek<\/td>\n<td>\n<p>&#8211;<\/p>\n<\/td>\n<\/tr>\n<\/tbody>\n<\/table>\n<p><span style=\"font-size: 14pt;color: #ff0000\">Szabads\u00e1g:<\/span><\/p>\n<h3>Mivel foglalkozik az ortop\u00e9dia?<\/h3>\n<p>Az ortop\u00e9dia a tart\u00f3- \u00e9s mozgat\u00f3 szervrendszer (azaz a csont- \u00e9s izomrendszer) szerzett \u00e9s velesz\u00fcletett rendelleness\u00e9geire \u00e9s azok kezel\u00e9s\u00e9re specializ\u00e1l\u00f3dott szakter\u00fclet.<\/p>\n<h3>Milyen panaszok eset\u00e9n \u00e9rdemes ortop\u00e9d szakorvost felkeresni?<\/h3>\n<p>A mozg\u00e1sbesz\u0171k\u00fcl\u00e9ssel \u00e9s tart\u00f3s f\u00e1jdalommal j\u00e1r\u00f3 mozg\u00e1sszervi panaszok eset\u00e9n aj\u00e1nlott ortop\u00e9diai szakrendel\u00e9s felkeres\u00e9se. Az al\u00e1bbi t\u00edpus\u00fa panaszokkal fordulhat ortop\u00e9dus szakorvoshoz:<\/p>\n<ul>\n<li>\u00edz\u00fcleti panaszok, gyullad\u00e1sok<\/li>\n<li>izomf\u00e1jdalom<\/li>\n<li>inak betegs\u00e9gei<\/li>\n<li>cs\u00edp\u0151 probl\u00e9m\u00e1k<\/li>\n<li>v\u00e9gtagi csontok betegs\u00e9gei<\/li>\n<li>\u00cdz\u00fcletek velesz\u00fcletett rendelleness\u00e9gei \u2013 cs\u00edp\u0151ficam vagy rendellenes kin\u00f6v\u00e9sek, egy\u00e9b dysplasi\u00e1k.<\/li>\n<li>Statikai rendelleness\u00e9gek, fejl\u0151d\u00e9si rendelleness\u00e9gek \u2013 l\u00fadtalp, gerincferd\u00fcl\u00e9s.<\/li>\n<li>Fels\u0151 v\u00e9gtag elv\u00e1ltoz\u00e1sai \u2013 teniszk\u00f6ny\u00f6k, golfk\u00f6ny\u00f6k, alag\u00fat szindr\u00f3ma, \u00ednh\u00fcvelygyullad\u00e1sok.<\/li>\n<li>V\u00e1llpanaszok: f\u00e1jdalmak, duzzanatok, mozg\u00e1skorl\u00e1tozotts\u00e1g<\/li>\n<li>Akut \u00e9s kr\u00f3nikus gerincelv\u00e1ltoz\u00e1sok \u2013 der\u00e9kf\u00e1j\u00e1s, lumb\u00e1g\u00f3, porckorongs\u00e9rv, nyaki, h\u00e1ti gerincszakasz f\u00e1jdalmai.<\/li>\n<\/ul>\n","protected":false},"excerpt":{"rendered":"<p>El\u0151jegyz\u00e9s szem\u00e9lyesen vagy telefonon: +36 70 502-1899, +36 70 502-2283 h\u00e9tf\u0151 \u2013 cs\u00fct\u00f6rt\u00f6k: 09:00 \u2013 17:45 p\u00e9ntek: 09:00 \u2013 15:45 Email: gse.elojegyzes@semmelweis.hu <a href=\"https:\/\/semmelweis.hu\/betegellatas\/betegregisztracio\/\">Betegregisztr\u00e1ci\u00f3 menete \u2192<\/a> C\u00edm: G\u00f6d\u00f6ll\u0151, Pet\u0151fi S\u00e1ndor utca 1-3. 11. szoba Ell\u00e1t\u00e1si ter\u00fcletek: Asz\u00f3d, Bag, D\u00e1ny, Domony, Erd\u0151kertes, Galgah\u00e9v\u00edz,\u00a0 Galgam\u00e1csa, G\u00f6d\u00f6ll\u0151, H\u00e9v\u00edzgy\u00f6rk, Iklad, Isaszeg, Kartal, Kerepes, Kistarcsa, Mogyor\u00f3d, Szada, Tura, V\u00e1cszentl\u00e1szl\u00f3, Valk\u00f3, Veresegyh\u00e1z, Verseg, Zs\u00e1mbok Rendel\u00e9si &hellip;<\/p>\n","protected":false},"author":102484,"featured_media":0,"parent":20,"menu_order":0,"comment_status":"closed","ping_status":"closed","template":"","meta":{"_acf_changed":false,"footnotes":""},"categories":[4],"tags":[],"class_list":["post-140","page","type-page","status-publish","hentry","category-szakrendelesek"],"acf":[],"_links":{"self":[{"href":"https:\/\/semmelweis.hu\/godollo\/wp-json\/wp\/v2\/pages\/140","targetHints":{"allow":["GET"]}}],"collection":[{"href":"https:\/\/semmelweis.hu\/godollo\/wp-json\/wp\/v2\/pages"}],"about":[{"href":"https:\/\/semmelweis.hu\/godollo\/wp-json\/wp\/v2\/types\/page"}],"author":[{"embeddable":true,"href":"https:\/\/semmelweis.hu\/godollo\/wp-json\/wp\/v2\/users\/102484"}],"replies":[{"embeddable":true,"href":"https:\/\/semmelweis.hu\/godollo\/wp-json\/wp\/v2\/comments?post=140"}],"version-history":[{"count":10,"href":"https:\/\/semmelweis.hu\/godollo\/wp-json\/wp\/v2\/pages\/140\/revisions"}],"predecessor-version":[{"id":1648,"href":"https:\/\/semmelweis.hu\/godollo\/wp-json\/wp\/v2\/pages\/140\/revisions\/1648"}],"up":[{"embeddable":true,"href":"https:\/\/semmelweis.hu\/godollo\/wp-json\/wp\/v2\/pages\/20"}],"wp:attachment":[{"href":"https:\/\/semmelweis.hu\/godollo\/wp-json\/wp\/v2\/media?parent=140"}],"wp:term":[{"taxonomy":"category","embeddable":true,"href":"https:\/\/semmelweis.hu\/godollo\/wp-json\/wp\/v2\/categories?post=140"},{"taxonomy":"post_tag","embeddable":true,"href":"https:\/\/semmelweis.hu\/godollo\/wp-json\/wp\/v2\/tags?post=140"}],"curies":[{"name":"wp","href":"https:\/\/api.w.org\/{rel}","templated":true}]}}