{"id":138,"date":"2025-07-15T16:04:43","date_gmt":"2025-07-15T14:04:43","guid":{"rendered":"https:\/\/semmelweis.hu\/godollo\/?page_id=138"},"modified":"2026-04-14T07:10:08","modified_gmt":"2026-04-14T05:10:08","slug":"nogyogyaszat","status":"publish","type":"page","link":"https:\/\/semmelweis.hu\/godollo\/betegellatas\/szakrendelesek\/nogyogyaszat\/","title":{"rendered":"N\u0151gy\u00f3gy\u00e1szat"},"content":{"rendered":"<div class=\"keretes w-100\">\n<h5>A rendel\u00e9s befejez\u00e9se el\u0151tt f\u00e9l \u00f3r\u00e1val \u00faj beteget m\u00e1r nem tudunk fogadni (csak s\u00fcrg\u0151s sz\u00fcks\u00e9g eseteiben)!<\/h5>\n<p><strong>El\u0151jegyz\u00e9s n\u0151gy\u00f3gy\u00e1szati vizsg\u00e1latra \u00e9s CTG\/NST vizsg\u00e1latra: s<\/strong>zem\u00e9lyesen a recepci\u00f3n vagy telefonon<br \/>\n+3670\/502-1899, +3670\/502-2283<\/p>\n<p>h\u00e9tf\u0151 \u2013 cs\u00fct\u00f6rt\u00f6k: 09:00 \u2013 17:45<\/p>\n<p>p\u00e9ntek: 09:00 \u2013 15:45<\/p>\n<p><strong>E-mail:<\/strong> gse.elojegyzes@semmelweis.hu<\/p>\n<p><strong>Telefonos konzult\u00e1ci\u00f3: <\/strong>+3670\/502-1914<\/p>\n<p><strong>Dr. Tak\u00e1ts Szabolcs<\/strong><br \/>\nkedd, cs\u00fct\u00f6rt\u00f6k, p\u00e9ntek: 11:00 &#8211; 12:30 \u00e9s 13:00 &#8211; 13:30<\/p>\n<p><strong>Dr. V\u00e1rkonyi P\u00e9ter<br \/>\n<\/strong>h\u00e9tf\u0151: 17:30 &#8211; 18:00<br \/>\nszerda: 13:00 &#8211; 13:30<\/p>\n<p><a href=\"https:\/\/semmelweis.hu\/betegellatas\/betegregisztracio\/\">Betegregisztr\u00e1ci\u00f3 menete \u2192<\/a><\/p>\n<p><strong>C\u00edm:<\/strong> G\u00f6d\u00f6ll\u0151, Pet\u0151fi S\u00e1ndor utca 1-3. 2. emelet 17. szoba<\/p>\n<p><strong>Ell\u00e1t\u00e1si ter\u00fcletek: <\/strong>D\u00e1ny, Erd\u0151kertes, G\u00f6d\u00f6ll\u0151, Isaszeg, Kerepes (kiv\u00e9ve CTG\/NST), Kistarcsa (kiv\u00e9ve CTG\/NST), Mogyor\u00f3d, Szada, V\u00e1cszentl\u00e1szl\u00f3, Valk\u00f3, Veresegyh\u00e1z, Zs\u00e1mbok<\/p>\n<\/div>\n<h1>Dr. tak\u00e1ts szabolcs<\/h1>\n<p><strong>Helyettes\u00edt\u00e9s:<\/strong> Dr. V\u00e1rkonyi P\u00e9ter a saj\u00e1t rendel\u00e9si idej\u00e9ben!<\/p>\n<table style=\"width: 90%\">\n<thead>\n<tr>\n<td style=\"width: 30%\">nap<\/td>\n<td>id\u0151pont<\/td>\n<\/tr>\n<\/thead>\n<tbody>\n<tr>\n<td style=\"width: 30%\" scope=\"col\">h\u00e9tf\u0151<\/td>\n<td>&#8211;<\/td>\n<\/tr>\n<tr>\n<td>kedd<\/td>\n<td>07:00 &#8211; 18:00<\/td>\n<\/tr>\n<tr>\n<td>szerda<\/td>\n<td>&#8211;<\/td>\n<\/tr>\n<tr>\n<td>cs\u00fct\u00f6rt\u00f6k<\/td>\n<td>07:00 &#8211; 18:00<\/td>\n<\/tr>\n<tr>\n<td>p\u00e9ntek<\/td>\n<td>07:00 &#8211; 18:00<\/td>\n<\/tr>\n<\/tbody>\n<\/table>\n<p><span style=\"color: #ff0000\">A mai napon a rendel\u00e9s betegs\u00e9g miatt elmarad. (\u00e1prilis 14.)<\/span><\/p>\n<h1>Dr. v\u00e1rkonyi p\u00e9ter<\/h1>\n<p><strong>Helyettes\u00edt\u00e9s:<\/strong> Dr. Tak\u00e1ts Szabolcs a saj\u00e1t rendel\u00e9si idej\u00e9ben!<\/p>\n<table style=\"width: 90%\">\n<thead>\n<tr>\n<td style=\"width: 30%\">nap<\/td>\n<td>id\u0151pont<\/td>\n<\/tr>\n<\/thead>\n<tbody>\n<tr>\n<td style=\"width: 30%\" scope=\"col\">h\u00e9tf\u0151<\/td>\n<td>13:30 &#8211; 18:00<\/td>\n<\/tr>\n<tr>\n<td>kedd<\/td>\n<td>&#8211;<\/td>\n<\/tr>\n<tr>\n<td>szerda<\/td>\n<td>07:00 &#8211; 13:30<\/td>\n<\/tr>\n<tr>\n<td>cs\u00fct\u00f6rt\u00f6k<\/td>\n<td>&#8211;<\/td>\n<\/tr>\n<tr>\n<td>p\u00e9ntek<\/td>\n<td>&#8211;<\/td>\n<\/tr>\n<\/tbody>\n<\/table>\n<p>&nbsp;<\/p>\n<h3>Fontos a n\u0151gy\u00f3gy\u00e1szati sz\u0171r\u00e9s!<\/h3>\n<p>N\u0151gy\u00f3gy\u00e1szati szakrendel\u00e9st nem csak panasz eset\u00e9n, hanem sz\u0171r\u00e9s c\u00e9lj\u00e1b\u00f3l is aj\u00e1nlott felkeresni. A rendszeres n\u0151gy\u00f3gy\u00e1szati sz\u0171r\u0151vizsg\u00e1lat kiemelten fontos a n\u0151i eg\u00e9szs\u00e9g meg\u0151rz\u00e9s\u00e9hez, melynek els\u0151dleges c\u00e9lja a fert\u0151z\u00e9sek \u00e9s szervi elv\u00e1ltoz\u00e1sok kisz\u0171r\u00e9se mellett a r\u00e1k megel\u0151z\u0151 \u00e1llapotainak id\u0151beni felismer\u00e9se. A n\u0151gy\u00f3gy\u00e1szati vizsg\u00e1lat a szem\u00e9remtest, a h\u00fcvely, a m\u00e9h, illetve a petef\u00e9szkek vizsg\u00e1lat\u00e1b\u00f3l, valamint a m\u00e9hnyak sz\u0171r\u00e9sb\u0151l (citol\u00f3gia) \u00e1ll. A szakorvos elv\u00e9gzi az eml\u0151k fizik\u00e1lis vizsg\u00e1lat\u00e1t is, melynek sor\u00e1n \u00e1ttapintja az eml\u0151ket, valamint a h\u00f3naljban tal\u00e1lhat\u00f3 nyirokcsom\u00f3kat.<\/p>\n<p><strong>Milyen t\u00fcnetekkel forduljak n\u0151gy\u00f3gy\u00e1szhoz?<\/strong><\/p>\n<ul>\n<li>V\u00e9rz\u00e9szavar<\/li>\n<li>A menstru\u00e1ci\u00f3 sor\u00e1n fell\u00e9p\u0151 t\u00fcnetek (f\u00e1jdalom, er\u0151s hasi g\u00f6rcs, \u00e1jul\u00e1s, rendszertelen ciklus)<\/li>\n<li>Ha a szem\u00e9remtest viszket, \u00e9g, h\u00f3lyagos elv\u00e1ltoz\u00e1sok, szem\u00f6lcs\u00f6k tal\u00e1lhat\u00f3ak rajta, a nagyajkakban csom\u00f3, duzzanat tapinthat\u00f3.<\/li>\n<li>Amennyiben a h\u00fcvely \u00e9g, viszket, megv\u00e1ltozik a foly\u00e1s sz\u00edne, szaga, \u00e1llaga.<\/li>\n<li>F\u00e1jdalmas szexu\u00e1lis egy\u00fcttl\u00e9t eset\u00e9n, ha kellemetlen vizel\u00e9si ingert \u00e9rez egy\u00fcttl\u00e9t ut\u00e1n.<\/li>\n<li>Ismeretlen eredet\u0171 alhasi \u00e9s medencet\u00e1ji f\u00e1jdalom, g\u00f6rcs\u00f6k eset\u00e9n.<\/li>\n<li>Eml\u0151 elv\u00e1ltoz\u00e1sokkal (f\u00e1jdalom, v\u00e1lad\u00e9koz\u00e1s, csom\u00f3 vagy g\u00f6b tapint\u00e1sa az eml\u0151ben, h\u00f3naljban, a mell form\u00e1j\u00e1nak megv\u00e1ltoz\u00e1sa, a mellbimb\u00f3 tart\u00f3s beh\u00faz\u00f3d\u00e1sa, az eml\u0151 b\u0151r\u00e9nek megv\u00e1ltoz\u00e1sa eset\u00e9n).<\/li>\n<li>Hormon\u00e1lis v\u00e1ltoz\u00e1sok okozta panaszokkal (hajhull\u00e1s, fokozott sz\u0151rn\u00f6veked\u00e9s, b\u0151relv\u00e1ltoz\u00e1sok, acne, fokozott s\u00falygyarapod\u00e1s a fogamz\u00e1sg\u00e1tl\u00f3 szed\u00e9s\u00e9nek id\u0151tartama alatt, h\u0151hull\u00e1mok, ritmuszavarok, kr\u00f3nikus f\u00e1radts\u00e1g a v\u00e1ltoz\u00f3 korban)<\/li>\n<\/ul>\n<h1>CTG\/NST vizsg\u00e1lat<\/h1>\n<p>Helysz\u00edn: II. emelet 14. szoba<\/p>\n<h3>Rendel\u00e9si id\u0151k:<\/h3>\n<table style=\"width: 90%\">\n<thead>\n<tr>\n<td style=\"width: 30%\">nap<\/td>\n<td>id\u0151pont<\/td>\n<\/tr>\n<\/thead>\n<tbody>\n<tr>\n<td style=\"width: 30%\" scope=\"col\">h\u00e9tf\u0151<\/td>\n<td>&#8211;<\/td>\n<\/tr>\n<tr>\n<td>kedd<\/td>\n<td>11:00 &#8211; 12:30, 13:00 &#8211; 14:30<\/td>\n<\/tr>\n<tr>\n<td>szerda<\/td>\n<td>&#8211;<\/td>\n<\/tr>\n<tr>\n<td>cs\u00fct\u00f6rt\u00f6k<\/td>\n<td>11:00 &#8211; 12:30, 13:00 &#8211; 13:30<\/td>\n<\/tr>\n<tr>\n<td>p\u00e9ntek<\/td>\n<td>\n<p>11:00 &#8211; 12:30, 13:00 &#8211; 13:30<\/p>\n<\/td>\n<\/tr>\n<\/tbody>\n<\/table>\n<p>&nbsp;<\/p>\n<h3>A CTG\/ NST vizsg\u00e1lat el\u0151jegyz\u00e9s alapj\u00e1n, v\u00e1rand\u00f3sgondoz\u00e1si k\u00f6nyvvel vehet\u0151 ig\u00e9nybe!\u00a0<\/h3>\n<h3>T\u00e1j\u00e9koztat\u00f3 CTG\/ NST vizsg\u00e1latr\u00f3l<\/h3>\n<p>A v\u00e1rand\u00f3s\u00e1g alatt a bet\u00f6lt\u00f6tt 38. h\u00e9tt\u0151l kezdve hetente vizsg\u00e1lj\u00e1k a magzat sz\u00edvm\u0171k\u00f6d\u00e9s\u00e9t \u00e9s a m\u00e9htev\u00e9kenys\u00e9gek er\u0151ss\u00e9g\u00e9t, ritmus\u00e1t. A sz\u00fcl\u00e9sz-n\u0151gy\u00f3gy\u00e1sz szakorvos k\u00e9r\u00e9s\u00e9re kor\u00e1bban \u00e9s\/vagy s\u0171r\u0171bben is v\u00e9gezhet\u0151 a vizsg\u00e1lat. A vizsg\u00e1latot Int\u00e9zet\u00fcnkben a 39. h\u00e9tig v\u00e9gezz\u00fck, a 40. h\u00e9tt\u0151l a Kistarcsai Fl\u00f3r Ferenc K\u00f3rh\u00e1zban t\u00f6rt\u00e9nik az ell\u00e1t\u00e1s. A CTG (kardiotokogr\u00e1fia) vizsg\u00e1lat a magzati sz\u00edvm\u0171k\u00f6d\u00e9s \u00e9s m\u00e9htev\u00e9kenys\u00e9gek egyidej\u0171 megfigyel\u00e9s\u00e9re szolg\u00e1l, m\u00edg az NST (non-stress teszt) egy nyugalmi \u00e1llapotban v\u00e9gzett CTG vizsg\u00e1lat, mely sor\u00e1n a magzat mozg\u00e1sait is r\u00f6gz\u00edtj\u00fck.<\/p>\n<h3>Hogyan zajlik a vizsg\u00e1lat?<\/h3>\n<p>A teszt elv\u00e9gz\u00e9se sor\u00e1n a kismama nyugalomban, rendszerint \u00fcl\u0151 vagy esetleg fekv\u0151 testhelyzetben helyezkedik el. A vizsg\u00e1lathoz egy-egy \u00e9rz\u00e9kel\u0151t (tappancsot) tesznek a v\u00e1rand\u00f3s n\u0151 pocakj\u00e1ra, amelyeket puha gumip\u00e1nttal r\u00f6gz\u00edtenek. Az egyiket a m\u00e9hcs\u00facshoz k\u00f6zeli ponton, a m\u00e1sikat a magzat sz\u00edv\u00e9nek k\u00f6zel\u00e9be helyezik el. A vizsg\u00e1lattal \u2013 amely \u00e1ltal\u00e1ban 20-30 percet vesz ig\u00e9nybe \u2013 a m\u00e9htev\u00e9kenys\u00e9get, a magzatmozg\u00e1sokat \u00e9s a magzat sz\u00edvm\u0171k\u00f6d\u00e9s\u00e9t figyelj\u00fck \u00e9s az eredm\u00e9nyeket pap\u00edron r\u00f6gz\u00edti a k\u00e9sz\u00fcl\u00e9k.<\/p>\n<h3>Mi sz\u00fcks\u00e9ges a vizsg\u00e1lathoz?<\/h3>\n<p>A kismama r\u00e9sz\u00e9r\u0151l alapvet\u0151en el\u0151k\u00e9sz\u00fcletet nem ig\u00e9nyel. Egy \u00e9rt\u00e9kelhet\u0151 eredm\u00e9nyhez azonban a baba aktivit\u00e1sa, mozg\u00e1sa sz\u00fcks\u00e9ges. Amennyiben a baba nem mocorog, a vizsg\u00e1lat idej\u00e9re meg kell k\u00eds\u00e9relni fel\u00e9breszteni \u0151t. Erre k\u00fcl\u00f6nf\u00e9le praktik\u00e1k l\u00e9teznek, mint p\u00e9ld\u00e1ul a pocak megmozgat\u00e1sa vagy n\u00e9h\u00e1ny szem sz\u0151l\u0151cukor, p\u00e1r kocka csokol\u00e1d\u00e9, iv\u00f3v\u00edz, gy\u00fcm\u00f6lcsl\u00e9 elfogyaszt\u00e1sa is.<\/p>\n<p>Megjelen\u00e9skor a v\u00e1rand\u00f3sgondoz\u00e1s keretein bel\u00fcl elv\u00e9gezz\u00fck az anya \u00e9lettani param\u00e9tereinek m\u00e9r\u00e9s\u00e9t (v\u00e9rnyom\u00e1s, pulzus) \u00e9s a vizelet ellen\u0151rz\u00e9s\u00e9t <strong>k\u00f6z\u00e9psugaras vizeletb\u0151l<\/strong>\u00a0vizelet vizsg\u00e1l\u00f3 gyorsteszt seg\u00edts\u00e9g\u00e9vel.<\/p>\n","protected":false},"excerpt":{"rendered":"<p>A rendel\u00e9s befejez\u00e9se el\u0151tt f\u00e9l \u00f3r\u00e1val \u00faj beteget m\u00e1r nem tudunk fogadni (csak s\u00fcrg\u0151s sz\u00fcks\u00e9g eseteiben)! El\u0151jegyz\u00e9s n\u0151gy\u00f3gy\u00e1szati vizsg\u00e1latra \u00e9s CTG\/NST vizsg\u00e1latra: szem\u00e9lyesen a recepci\u00f3n vagy telefonon +3670\/502-1899, +3670\/502-2283 h\u00e9tf\u0151 \u2013 cs\u00fct\u00f6rt\u00f6k: 09:00 \u2013 17:45 p\u00e9ntek: 09:00 \u2013 15:45 E-mail: gse.elojegyzes@semmelweis.hu Telefonos konzult\u00e1ci\u00f3: +3670\/502-1914 Dr. Tak\u00e1ts Szabolcs kedd, cs\u00fct\u00f6rt\u00f6k, p\u00e9ntek: 11:00 &#8211; 12:30 \u00e9s 13:00 &hellip;<\/p>\n","protected":false},"author":102484,"featured_media":0,"parent":20,"menu_order":0,"comment_status":"closed","ping_status":"closed","template":"","meta":{"_acf_changed":false,"footnotes":""},"categories":[4],"tags":[],"class_list":["post-138","page","type-page","status-publish","hentry","category-szakrendelesek"],"acf":[],"_links":{"self":[{"href":"https:\/\/semmelweis.hu\/godollo\/wp-json\/wp\/v2\/pages\/138","targetHints":{"allow":["GET"]}}],"collection":[{"href":"https:\/\/semmelweis.hu\/godollo\/wp-json\/wp\/v2\/pages"}],"about":[{"href":"https:\/\/semmelweis.hu\/godollo\/wp-json\/wp\/v2\/types\/page"}],"author":[{"embeddable":true,"href":"https:\/\/semmelweis.hu\/godollo\/wp-json\/wp\/v2\/users\/102484"}],"replies":[{"embeddable":true,"href":"https:\/\/semmelweis.hu\/godollo\/wp-json\/wp\/v2\/comments?post=138"}],"version-history":[{"count":13,"href":"https:\/\/semmelweis.hu\/godollo\/wp-json\/wp\/v2\/pages\/138\/revisions"}],"predecessor-version":[{"id":1841,"href":"https:\/\/semmelweis.hu\/godollo\/wp-json\/wp\/v2\/pages\/138\/revisions\/1841"}],"up":[{"embeddable":true,"href":"https:\/\/semmelweis.hu\/godollo\/wp-json\/wp\/v2\/pages\/20"}],"wp:attachment":[{"href":"https:\/\/semmelweis.hu\/godollo\/wp-json\/wp\/v2\/media?parent=138"}],"wp:term":[{"taxonomy":"category","embeddable":true,"href":"https:\/\/semmelweis.hu\/godollo\/wp-json\/wp\/v2\/categories?post=138"},{"taxonomy":"post_tag","embeddable":true,"href":"https:\/\/semmelweis.hu\/godollo\/wp-json\/wp\/v2\/tags?post=138"}],"curies":[{"name":"wp","href":"https:\/\/api.w.org\/{rel}","templated":true}]}}