{"id":136,"date":"2025-07-15T16:03:37","date_gmt":"2025-07-15T14:03:37","guid":{"rendered":"https:\/\/semmelweis.hu\/godollo\/?page_id=136"},"modified":"2026-01-20T12:27:09","modified_gmt":"2026-01-20T11:27:09","slug":"laboratorium","status":"publish","type":"page","link":"https:\/\/semmelweis.hu\/godollo\/betegellatas\/szakrendelesek\/laboratorium\/","title":{"rendered":"Laborat\u00f3rium"},"content":{"rendered":"<div class=\"keretes w-100\">\n<h5>A rendel\u00e9s csak beutal\u00f3val \u00e9s el\u0151jegyz\u00e9s alapj\u00e1n vehet\u0151 ig\u00e9nybe! <br \/>\nVizelet- \u00e9s sz\u00e9kletminta lead\u00e1s\u00e1hoz nem sz\u00fcks\u00e9ges el\u0151jegyz\u00e9s<\/h5>\n<ul>\n<li>A laborat\u00f3riumi vizsg\u00e1latok (v\u00e9rv\u00e9tel) \u2013 a s\u00fcrg\u0151s vizsg\u00e1latk\u00e9r\u00e9sek kiv\u00e9tel\u00e9vel \u2013 el\u0151jegyz\u00e9s (id\u0151pontk\u00e9r\u00e9s) alapj\u00e1n t\u00f6rt\u00e9nnek.<\/li>\n<li>\u00c9rv\u00e9nyes beutal\u00f3 n\u00e9lk\u00fcl \u00e9rkez\u0151 betegek csak t\u00e9r\u00edt\u00e9si d\u00edj ellen\u00e9ben vehetik ig\u00e9nybe az ell\u00e1t\u00e1st.<\/li>\n<li>Laborat\u00f3riumi vizsg\u00e1latra \u00e9rkez\u0151 betegeinknek a k\u00f6zponti Regisztr\u00e1ci\u00f3n nem kell bejelentkezni, a betegek regisztr\u00e1l\u00e1sa a Laborat\u00f3rium inform\u00e1ci\u00f3s ablak\u00e1n\u00e1l t\u00f6rt\u00e9nik.<\/li>\n<li>Laborlelet\u00e9t megtekintheti, let\u00f6ltheti az <a href=\"https:\/\/www.eeszt.gov.hu\/hu\/nyito-oldal\" target=\"_blank\" rel=\"noopener\">Elektronikus Eg\u00e9szs\u00e9g\u00fcgyi szolg\u00e1ltat\u00e1si T\u00e9r<\/a> (EESZT) port\u00e1lon.<\/li>\n<li><a href=\"https:\/\/semmelweis.hu\/godollo\/files\/2025\/09\/Az-alapellatas-orvosa-altal-nem-kerheto-laborvizsgalatok.pdf\" target=\"_blank\" rel=\"noopener\">Az alapell\u00e1t\u00f3 orvos \u00e1ltal nem k\u00e9rhet\u0151 vizsg\u00e1latok list\u00e1ja.<\/a><\/li>\n<\/ul>\n<p><strong>El\u0151jegyz\u00e9s szem\u00e9lyesen vagy telefonon:<\/strong> <br \/>\n+36 70 502-1959<br \/>\nh\u00e9tf\u0151t\u0151l cs\u00fct\u00f6rt\u00f6kig: 11:30 &#8211; 14:30<br \/>\np\u00e9ntek: 11:30 &#8211; 13:50<\/p>\n<p><strong>C\u00edm:<\/strong> G\u00f6d\u00f6ll\u0151, Pet\u0151fi S\u00e1ndor utca 1-3. 1. emelet 10. szoba<\/p>\n<p><strong>Ell\u00e1t\u00e1si ter\u00fcletek: <\/strong>D\u00e1ny, Erd\u0151kertes, G\u00f6d\u00f6ll\u0151, Isaszeg, Kerepes, Kistarcsa, Mogyor\u00f3d, Szada, V\u00e1cszentl\u00e1szl\u00f3, Valk\u00f3, Veresegyh\u00e1z, Zs\u00e1mbok<\/p>\n<\/div>\n<h1>Dr. f\u00fcl\u00f6p lajos<\/h1>\n<h3>Mintav\u00e9teli id\u0151:<\/h3>\n<table style=\"width: 90%\">\n<thead>\n<tr>\n<td style=\"width: 30%\">nap<\/td>\n<td>id\u0151pont<\/td>\n<\/tr>\n<\/thead>\n<tbody>\n<tr>\n<td style=\"width: 30%\" scope=\"col\">h\u00e9tf\u0151<\/td>\n<td>07:00 &#8211; 09:30<\/td>\n<\/tr>\n<tr>\n<td>kedd<\/td>\n<td>07:00 &#8211; 09:30<\/td>\n<\/tr>\n<tr>\n<td>szerda<\/td>\n<td>07:00 &#8211; 09:30<\/td>\n<\/tr>\n<tr>\n<td>cs\u00fct\u00f6rt\u00f6k<\/td>\n<td>07:00 &#8211; 09:30<\/td>\n<\/tr>\n<tr>\n<td>p\u00e9ntek<\/td>\n<td>07:00 &#8211; 09:30<\/td>\n<\/tr>\n<\/tbody>\n<\/table>\n<h3>Leletkiad\u00e1s:<\/h3>\n<table style=\"width: 90%\">\n<thead>\n<tr>\n<td style=\"width: 30%\">nap<\/td>\n<td>id\u0151pont<\/td>\n<\/tr>\n<\/thead>\n<tbody>\n<tr>\n<td style=\"width: 30%\" scope=\"col\">h\u00e9tf\u0151<\/td>\n<td>10:00 &#8211; 12:00, 13:00 &#8211; 15:00<\/td>\n<\/tr>\n<tr>\n<td>kedd<\/td>\n<td>10:00 &#8211; 12:00, 13:00 &#8211; 15:00<\/td>\n<\/tr>\n<tr>\n<td>szerda<\/td>\n<td>10:00 &#8211; 12:00, 13:00 &#8211; 15:00<\/td>\n<\/tr>\n<tr>\n<td>cs\u00fct\u00f6rt\u00f6k<\/td>\n<td>10:00 &#8211; 12:00, 13:00 &#8211; 15:00<\/td>\n<\/tr>\n<tr>\n<td>p\u00e9ntek<\/td>\n<td>10:00 &#8211; 13:50<\/td>\n<\/tr>\n<\/tbody>\n<\/table>\n","protected":false},"excerpt":{"rendered":"<p>A rendel\u00e9s csak beutal\u00f3val \u00e9s el\u0151jegyz\u00e9s alapj\u00e1n vehet\u0151 ig\u00e9nybe! Vizelet- \u00e9s sz\u00e9kletminta lead\u00e1s\u00e1hoz nem sz\u00fcks\u00e9ges el\u0151jegyz\u00e9s A laborat\u00f3riumi vizsg\u00e1latok (v\u00e9rv\u00e9tel) \u2013 a s\u00fcrg\u0151s vizsg\u00e1latk\u00e9r\u00e9sek kiv\u00e9tel\u00e9vel \u2013 el\u0151jegyz\u00e9s (id\u0151pontk\u00e9r\u00e9s) alapj\u00e1n t\u00f6rt\u00e9nnek. \u00c9rv\u00e9nyes beutal\u00f3 n\u00e9lk\u00fcl \u00e9rkez\u0151 betegek csak t\u00e9r\u00edt\u00e9si d\u00edj ellen\u00e9ben vehetik ig\u00e9nybe az ell\u00e1t\u00e1st. Laborat\u00f3riumi vizsg\u00e1latra \u00e9rkez\u0151 betegeinknek a k\u00f6zponti Regisztr\u00e1ci\u00f3n nem kell bejelentkezni, a betegek &hellip;<\/p>\n","protected":false},"author":102484,"featured_media":0,"parent":20,"menu_order":0,"comment_status":"closed","ping_status":"closed","template":"","meta":{"_acf_changed":false,"footnotes":""},"categories":[4],"tags":[],"class_list":["post-136","page","type-page","status-publish","hentry","category-szakrendelesek"],"acf":[],"_links":{"self":[{"href":"https:\/\/semmelweis.hu\/godollo\/wp-json\/wp\/v2\/pages\/136","targetHints":{"allow":["GET"]}}],"collection":[{"href":"https:\/\/semmelweis.hu\/godollo\/wp-json\/wp\/v2\/pages"}],"about":[{"href":"https:\/\/semmelweis.hu\/godollo\/wp-json\/wp\/v2\/types\/page"}],"author":[{"embeddable":true,"href":"https:\/\/semmelweis.hu\/godollo\/wp-json\/wp\/v2\/users\/102484"}],"replies":[{"embeddable":true,"href":"https:\/\/semmelweis.hu\/godollo\/wp-json\/wp\/v2\/comments?post=136"}],"version-history":[{"count":10,"href":"https:\/\/semmelweis.hu\/godollo\/wp-json\/wp\/v2\/pages\/136\/revisions"}],"predecessor-version":[{"id":1551,"href":"https:\/\/semmelweis.hu\/godollo\/wp-json\/wp\/v2\/pages\/136\/revisions\/1551"}],"up":[{"embeddable":true,"href":"https:\/\/semmelweis.hu\/godollo\/wp-json\/wp\/v2\/pages\/20"}],"wp:attachment":[{"href":"https:\/\/semmelweis.hu\/godollo\/wp-json\/wp\/v2\/media?parent=136"}],"wp:term":[{"taxonomy":"category","embeddable":true,"href":"https:\/\/semmelweis.hu\/godollo\/wp-json\/wp\/v2\/categories?post=136"},{"taxonomy":"post_tag","embeddable":true,"href":"https:\/\/semmelweis.hu\/godollo\/wp-json\/wp\/v2\/tags?post=136"}],"curies":[{"name":"wp","href":"https:\/\/api.w.org\/{rel}","templated":true}]}}