{"id":133,"date":"2025-07-15T16:02:17","date_gmt":"2025-07-15T14:02:17","guid":{"rendered":"https:\/\/semmelweis.hu\/godollo\/?page_id=133"},"modified":"2026-04-08T12:18:28","modified_gmt":"2026-04-08T10:18:28","slug":"kardiologia","status":"publish","type":"page","link":"https:\/\/semmelweis.hu\/godollo\/betegellatas\/szakrendelesek\/kardiologia\/","title":{"rendered":"Kardiol\u00f3gia"},"content":{"rendered":"<div class=\"keretes w-100\">\n<h5>A rendel\u00e9s csak beutal\u00f3val \u00e9s el\u0151jegyz\u00e9s alapj\u00e1n vehet\u0151 ig\u00e9nybe!<\/h5>\n<h5><span style=\"color: #ff0000\">Figyelem!<\/span> Rendel\u00e9s\u00fcnk feln\u0151tt kardiol\u00f3giai szakrendel\u00e9s, csak 18 \u00e9v feletti betegeket vizsg\u00e1lunk!<\/h5>\n<p>A rendel\u00e9s befejez\u00e9se el\u0151tt f\u00e9l \u00f3r\u00e1val \u00faj beteget m\u00e1r nem tudunk fogadni (csak s\u00fcrg\u0151s sz\u00fcks\u00e9g eseteiben)! Rendel\u00e9si sz\u00fcnet eset\u00e9n az id\u0151pont ad\u00e1s is sz\u00fcnetel!<\/p>\n<p><span style=\"font-family: 'pt serif'\"><strong>El\u0151jegyz\u00e9s:<\/strong><\/span><\/p>\n<p><span style=\"font-family: 'pt serif'\"><strong>Dr. Havay Mikl\u00f3s <\/strong>+3670\/502-2283<\/span><br \/>\n<span style=\"font-family: 'pt serif'\">kedd-szerda-cs\u00fct\u00f6rt\u00f6k: 15:00 &#8211; 17:30\u00a0<br \/>\np\u00e9ntek: 14:00 &#8211; 15:45<\/span><\/p>\n<p><span style=\"font-family: 'pt serif'\"><strong>Dr. Oswald Patr\u00edcia: <\/strong>+3670\/502-1927<\/span><br \/>\n<span style=\"font-family: 'pt serif'\">kedd: 13:00 &#8211; 15:00<\/span><\/p>\n<p><span style=\"font-family: 'pt serif'\"><strong>Dr. Nagy Klaudia Vivien: <\/strong>+3670\/502-1927<\/span><br \/>\n<span style=\"font-family: 'pt serif'\">kedd: 13:00 &#8211; 15:00<\/span><\/p>\n<p><span style=\"font-family: 'pt serif'\"><strong>Dr. V\u00e1mosi P\u00e9ter \u00e9s Dr. Bunta B\u00e1lint Levente <\/strong>+3670\/502-2283<\/span><br \/>\n<span style=\"font-family: 'pt serif'\">kedd-szerda-cs\u00fct\u00f6rt\u00f6k: 15:00 &#8211; 17:30\u00a0<br \/>\np\u00e9ntek: 14:00 &#8211; 15:45<\/span><\/p>\n<p><a href=\"\/betegellatas\/betegregisztracio\/\">Betegregisztr\u00e1ci\u00f3 menete \u2192<\/a><\/p>\n<p><strong>C\u00edm:<\/strong> G\u00f6d\u00f6ll\u0151, Pet\u0151fi S\u00e1ndor utca 1-3. f\u00f6ldszint 1. szoba<\/p>\n<p><strong>Ell\u00e1t\u00e1si ter\u00fcletek: <\/strong>D\u00e1ny, Erd\u0151kertes, G\u00f6d\u00f6ll\u0151, Isaszeg, Kerepes, Kistarcsa, Mogyor\u00f3d, Szada, V\u00e1cszentl\u00e1szl\u00f3, Valk\u00f3, Veresegyh\u00e1z, Zs\u00e1mbok<\/p>\n<\/div>\n<h1>Dr. havay mikl\u00f3s<\/h1>\n<p><strong>Helyettes\u00edt\u00e9s:<\/strong> Dr. Oswald Patr\u00edcia, saj\u00e1t rendel\u00e9si idej\u00e9ben!<\/p>\n<table style=\"width: 90%\">\n<thead>\n<tr>\n<td style=\"width: 30%\">nap<\/td>\n<td>id\u0151pont<\/td>\n<\/tr>\n<\/thead>\n<tbody>\n<tr>\n<td style=\"width: 30%\" scope=\"col\">h\u00e9tf\u0151<\/td>\n<td>&#8211;<\/td>\n<\/tr>\n<tr>\n<td>kedd<\/td>\n<td>15:30 &#8211; 18:30<\/td>\n<\/tr>\n<tr>\n<td>szerda<\/td>\n<td>&#8211;<\/td>\n<\/tr>\n<tr>\n<td>cs\u00fct\u00f6rt\u00f6k<\/td>\n<td>15:30 &#8211; 18:30<\/td>\n<\/tr>\n<tr>\n<td>p\u00e9ntek<\/td>\n<td>&#8211;<\/td>\n<\/tr>\n<\/tbody>\n<\/table>\n<h1>Dr. oswald patr\u00edcia<\/h1>\n<p><strong>Helyettes\u00edt\u00e9s:<\/strong> Dr. Havay Mikl\u00f3s, saj\u00e1t rendel\u00e9si idej\u00e9ben!<\/p>\n<table style=\"width: 90%\">\n<thead>\n<tr>\n<td style=\"width: 30%\">nap<\/td>\n<td>id\u0151pont<\/td>\n<\/tr>\n<\/thead>\n<tbody>\n<tr>\n<td style=\"width: 30%\" scope=\"col\">h\u00e9tf\u0151<\/td>\n<td>08:30 \u2013 14:30<\/td>\n<\/tr>\n<tr>\n<td>kedd<\/td>\n<td>08:30 \u2013 12:30<\/td>\n<\/tr>\n<tr>\n<td>szerda<\/td>\n<td>08:30 \u2013 14:30<\/td>\n<\/tr>\n<tr>\n<td>cs\u00fct\u00f6rt\u00f6k<\/td>\n<td>&#8211;<\/td>\n<\/tr>\n<tr>\n<td>p\u00e9ntek<\/td>\n<td>P\u00e1ros h\u00e9ten: 08:30 \u2013 12:30<\/td>\n<\/tr>\n<\/tbody>\n<\/table>\n<h1>Dr. NAGY KLAUDIA VIVIEN<\/h1>\n<table style=\"width: 90%\">\n<thead>\n<tr>\n<td style=\"width: 30%\">nap<\/td>\n<td style=\"width: 69.9405%\">id\u0151pont<\/td>\n<\/tr>\n<\/thead>\n<tbody>\n<tr>\n<td style=\"width: 30%\" scope=\"col\">h\u00e9tf\u0151<\/td>\n<td style=\"width: 69.9405%\">p\u00e1ros h\u00e9ten: 15:00 &#8211; 19:00<\/td>\n<\/tr>\n<tr>\n<td style=\"width: 30%\">kedd<\/td>\n<td style=\"width: 69.9405%\">&#8211;<\/td>\n<\/tr>\n<tr>\n<td style=\"width: 30%\">szerda<\/td>\n<td style=\"width: 69.9405%\">&#8211;<\/td>\n<\/tr>\n<tr>\n<td style=\"width: 30%\">cs\u00fct\u00f6rt\u00f6k<\/td>\n<td style=\"width: 69.9405%\">&#8211;<\/td>\n<\/tr>\n<tr>\n<td style=\"width: 30%\">p\u00e9ntek<\/td>\n<td style=\"width: 69.9405%\">&#8211;<\/td>\n<\/tr>\n<\/tbody>\n<\/table>\n<h1>Dr. V\u00e1mosi p\u00e9ter<\/h1>\n<table style=\"width: 90%\">\n<thead>\n<tr>\n<td style=\"width: 30%\">nap<\/td>\n<td style=\"width: 69.9405%\">id\u0151pont<\/td>\n<\/tr>\n<\/thead>\n<tbody>\n<tr>\n<td style=\"width: 30%\" scope=\"col\">h\u00e9tf\u0151<\/td>\n<td style=\"width: 69.9405%\">\u00a0<\/td>\n<\/tr>\n<tr>\n<td style=\"width: 30%\">kedd<\/td>\n<td style=\"width: 69.9405%\">&#8211;<\/td>\n<\/tr>\n<tr>\n<td style=\"width: 30%\">szerda<\/td>\n<td style=\"width: 69.9405%\">&#8211;<\/td>\n<\/tr>\n<tr>\n<td style=\"width: 30%\">cs\u00fct\u00f6rt\u00f6k<\/td>\n<td style=\"width: 69.9405%\">\u00e1prilis 2-\u00e1n 8:30-15:30<\/td>\n<\/tr>\n<tr>\n<td style=\"width: 30%\">p\u00e9ntek<\/td>\n<\/tr>\n<\/tbody>\n<\/table>\n<h1>Dr. Bunta B\u00e1lint Levente<\/h1>\n<table style=\"width: 90%\">\n<thead>\n<tr>\n<td style=\"width: 30%\">nap<\/td>\n<td style=\"width: 69.9405%\">id\u0151pont<\/td>\n<\/tr>\n<\/thead>\n<tbody>\n<tr>\n<td style=\"width: 30%\" scope=\"col\">h\u00e9tf\u0151<\/td>\n<td style=\"width: 69.9405%\">&#8211;<\/td>\n<\/tr>\n<tr>\n<td style=\"width: 30%\">kedd<\/td>\n<td style=\"width: 69.9405%\">&#8211;<\/td>\n<\/tr>\n<tr>\n<td style=\"width: 30%\">szerda<\/td>\n<td style=\"width: 69.9405%\">&#8211;<\/td>\n<\/tr>\n<tr>\n<td style=\"width: 30%\">cs\u00fct\u00f6rt\u00f6k<\/td>\n<td style=\"width: 69.9405%\">\u00e1prilis 16-\u00e1n \u00e9s 30-\u00e1n 8:00-15:00<\/td>\n<\/tr>\n<tr>\n<td style=\"width: 30%\">p\u00e9ntek<\/td>\n<td style=\"width: 69.9405%\">&#8211;<\/td>\n<\/tr>\n<\/tbody>\n<\/table>\n","protected":false},"excerpt":{"rendered":"<p>A rendel\u00e9s csak beutal\u00f3val \u00e9s el\u0151jegyz\u00e9s alapj\u00e1n vehet\u0151 ig\u00e9nybe! Figyelem! Rendel\u00e9s\u00fcnk feln\u0151tt kardiol\u00f3giai szakrendel\u00e9s, csak 18 \u00e9v feletti betegeket vizsg\u00e1lunk! A rendel\u00e9s befejez\u00e9se el\u0151tt f\u00e9l \u00f3r\u00e1val \u00faj beteget m\u00e1r nem tudunk fogadni (csak s\u00fcrg\u0151s sz\u00fcks\u00e9g eseteiben)! Rendel\u00e9si sz\u00fcnet eset\u00e9n az id\u0151pont ad\u00e1s is sz\u00fcnetel! El\u0151jegyz\u00e9s: Dr. Havay Mikl\u00f3s +3670\/502-2283 kedd-szerda-cs\u00fct\u00f6rt\u00f6k: 15:00 &#8211; 17:30\u00a0 p\u00e9ntek: 14:00 &hellip;<\/p>\n","protected":false},"author":102484,"featured_media":0,"parent":20,"menu_order":0,"comment_status":"closed","ping_status":"closed","template":"","meta":{"_acf_changed":false,"footnotes":""},"categories":[4],"tags":[],"class_list":["post-133","page","type-page","status-publish","hentry","category-szakrendelesek"],"acf":[],"_links":{"self":[{"href":"https:\/\/semmelweis.hu\/godollo\/wp-json\/wp\/v2\/pages\/133","targetHints":{"allow":["GET"]}}],"collection":[{"href":"https:\/\/semmelweis.hu\/godollo\/wp-json\/wp\/v2\/pages"}],"about":[{"href":"https:\/\/semmelweis.hu\/godollo\/wp-json\/wp\/v2\/types\/page"}],"author":[{"embeddable":true,"href":"https:\/\/semmelweis.hu\/godollo\/wp-json\/wp\/v2\/users\/102484"}],"replies":[{"embeddable":true,"href":"https:\/\/semmelweis.hu\/godollo\/wp-json\/wp\/v2\/comments?post=133"}],"version-history":[{"count":11,"href":"https:\/\/semmelweis.hu\/godollo\/wp-json\/wp\/v2\/pages\/133\/revisions"}],"predecessor-version":[{"id":1821,"href":"https:\/\/semmelweis.hu\/godollo\/wp-json\/wp\/v2\/pages\/133\/revisions\/1821"}],"up":[{"embeddable":true,"href":"https:\/\/semmelweis.hu\/godollo\/wp-json\/wp\/v2\/pages\/20"}],"wp:attachment":[{"href":"https:\/\/semmelweis.hu\/godollo\/wp-json\/wp\/v2\/media?parent=133"}],"wp:term":[{"taxonomy":"category","embeddable":true,"href":"https:\/\/semmelweis.hu\/godollo\/wp-json\/wp\/v2\/categories?post=133"},{"taxonomy":"post_tag","embeddable":true,"href":"https:\/\/semmelweis.hu\/godollo\/wp-json\/wp\/v2\/tags?post=133"}],"curies":[{"name":"wp","href":"https:\/\/api.w.org\/{rel}","templated":true}]}}