{"id":131,"date":"2025-07-15T16:01:34","date_gmt":"2025-07-15T14:01:34","guid":{"rendered":"https:\/\/semmelweis.hu\/godollo\/?page_id=131"},"modified":"2026-03-30T06:59:01","modified_gmt":"2026-03-30T04:59:01","slug":"ideggyogyaszat","status":"publish","type":"page","link":"https:\/\/semmelweis.hu\/godollo\/betegellatas\/szakrendelesek\/ideggyogyaszat\/","title":{"rendered":"Ideggy\u00f3gy\u00e1szat"},"content":{"rendered":"<div class=\"keretes w-100\">\n<h5>A rendel\u00e9s csak beutal\u00f3val \u00e9s el\u0151jegyz\u00e9s alapj\u00e1n vehet\u0151 ig\u00e9nybe!<\/h5>\n<h5>Rendel\u00e9s\u00fcnk feln\u0151tt neurol\u00f3giai szakrendel\u00e9s, csak 18 \u00e9v feletti betegeket vizsg\u00e1lunk!<\/h5>\n<p><strong>El\u0151jegyz\u00e9s: <\/strong>+3670\/502-1899, +3670\/502-2283<\/p>\n<p>h\u00e9tf\u0151 \u2013 cs\u00fct\u00f6rt\u00f6k: 09:00 \u2013 17:45<\/p>\n<p>p\u00e9ntek: 09:00 \u2013 15:45<\/p>\n<p><a href=\"\/betegellatas\/betegregisztracio\/\">Betegregisztr\u00e1ci\u00f3 menete \u2192<\/a><\/p>\n<p><strong>C\u00edm:<\/strong> G\u00f6d\u00f6ll\u0151, Pet\u0151fi S\u00e1ndor utca 1-3. 1. emelet 13. szoba<\/p>\n<p><strong>Ell\u00e1t\u00e1si ter\u00fcletek: <\/strong>D\u00e1ny, Erd\u0151kertes, G\u00f6d\u00f6ll\u0151, Isaszeg, Kerepes, Kistarcsa, Mogyor\u00f3d, Szada, V\u00e1cszentl\u00e1szl\u00f3, Valk\u00f3, Veresegyh\u00e1z, Zs\u00e1mbok<\/p>\n<\/div>\n<h1>Dr. pettendi \u00e9va<\/h1>\n<table style=\"width: 90%\">\n<thead>\n<tr>\n<td style=\"width: 30%\">nap<\/td>\n<td>id\u0151pont<\/td>\n<\/tr>\n<\/thead>\n<tbody>\n<tr>\n<td style=\"width: 30%\" scope=\"col\">h\u00e9tf\u0151<\/td>\n<td>08:30 &#8211; 14:30<\/td>\n<\/tr>\n<tr>\n<td>kedd<\/td>\n<td>&#8211;<\/td>\n<\/tr>\n<tr>\n<td>szerda<\/td>\n<td>08:30 &#8211; 13:00<\/td>\n<\/tr>\n<tr>\n<td>cs\u00fct\u00f6rt\u00f6k<\/td>\n<td>&#8211;<\/td>\n<\/tr>\n<tr>\n<td>p\u00e9ntek<\/td>\n<td>08:30 &#8211; 13:00<\/td>\n<\/tr>\n<\/tbody>\n<\/table>\n<p>&nbsp;<\/p>\n<h3>Mi a neurol\u00f3gia \u00e9s mivel foglalkozik?<\/h3>\n<p>A neurol\u00f3gia, magyarul az ideggy\u00f3gy\u00e1szat a k\u00f6zponti \u00e9s perif\u00e9ri\u00e1s (k\u00f6rny\u00e9ki) idegrendszer szerkezeti \u00e9s funkcion\u00e1lis megbeteged\u00e9seivel foglalkoz\u00f3 orvosi szakma. A leggyakoribb panaszok k\u00f6z\u00e9 a fej- \u00e9s der\u00e9kf\u00e1j\u00e1s illetve m\u00e1s f\u00e1jdalomszindr\u00f3m\u00e1k, a sz\u00e9d\u00fcl\u00e9s, zsibbad\u00e1sok, gyenges\u00e9g\u00e9rz\u00e9s, l\u00e1t\u00e1szavarok, eszm\u00e9letveszt\u00e9sek, az eml\u00e9kezet- \u00e9s gondolkod\u00e1szavarok tartoznak.<\/p>\n<h3>Milyen t\u00fcnetekkel forduljunk neurol\u00f3gushoz?<\/h3>\n<ul>\n<li>R\u00f6vidt\u00e1v\u00fa eml\u00e9kezetkies\u00e9s.<\/li>\n<li>A mindennapi tervez\u00e9s, d\u00f6nt\u00e9shozatal, figyelem neh\u00e9zs\u00e9gei.<\/li>\n<li>Besz\u00e9dzavar (af\u00e1zia).<\/li>\n<li>Begyakorolt mozg\u00e1sok zavarai (apraxia).<\/li>\n<li>T\u00e1rgyak, szem\u00e9lyek felismer\u00e9s\u00e9nek neh\u00e9zs\u00e9ge (agn\u00f3zia).<\/li>\n<li>Pszich\u00e9s v\u00e1ltoz\u00e1sok, zavarok (szorong\u00e1s, f\u00e9lelem, depresszi\u00f3).<\/li>\n<li>Motiv\u00e1ci\u00f3 hi\u00e1nya, kor\u00e1bban kedvelt tev\u00e9kenys\u00e9gek felad\u00e1sa.<\/li>\n<li>Szem\u00e9lyis\u00e9g megv\u00e1ltoz\u00e1sa: agresszivit\u00e1s, z\u00e1rk\u00f3zotts\u00e1g, k\u00f6z\u00f6mb\u00f6ss\u00e9g, nyugtalans\u00e1g stb.<\/li>\n<li>Alv\u00e1szavarok, \u00e9jszakai k\u00f6d\u00f6s tudat\u00e1llapotok megjelen\u00e9se.<\/li>\n<li>Vegetat\u00edv zavarok: pl. sz\u00e9klet-, vizelet \u00fcr\u00edt\u00e9s szab\u00e1lyoz\u00e1sa<\/li>\n<\/ul>\n","protected":false},"excerpt":{"rendered":"<p>A rendel\u00e9s csak beutal\u00f3val \u00e9s el\u0151jegyz\u00e9s alapj\u00e1n vehet\u0151 ig\u00e9nybe! Rendel\u00e9s\u00fcnk feln\u0151tt neurol\u00f3giai szakrendel\u00e9s, csak 18 \u00e9v feletti betegeket vizsg\u00e1lunk! El\u0151jegyz\u00e9s: +3670\/502-1899, +3670\/502-2283 h\u00e9tf\u0151 \u2013 cs\u00fct\u00f6rt\u00f6k: 09:00 \u2013 17:45 p\u00e9ntek: 09:00 \u2013 15:45 <a href=\"\/betegellatas\/betegregisztracio\/\">Betegregisztr\u00e1ci\u00f3 menete \u2192<\/a> C\u00edm: G\u00f6d\u00f6ll\u0151, Pet\u0151fi S\u00e1ndor utca 1-3. 1. emelet 13. szoba Ell\u00e1t\u00e1si ter\u00fcletek: D\u00e1ny, Erd\u0151kertes, G\u00f6d\u00f6ll\u0151, Isaszeg, Kerepes, Kistarcsa, Mogyor\u00f3d, Szada, V\u00e1cszentl\u00e1szl\u00f3, Valk\u00f3, Veresegyh\u00e1z, &hellip;<\/p>\n","protected":false},"author":102484,"featured_media":0,"parent":20,"menu_order":0,"comment_status":"closed","ping_status":"closed","template":"","meta":{"_acf_changed":false,"footnotes":""},"categories":[4],"tags":[],"class_list":["post-131","page","type-page","status-publish","hentry","category-szakrendelesek"],"acf":[],"_links":{"self":[{"href":"https:\/\/semmelweis.hu\/godollo\/wp-json\/wp\/v2\/pages\/131","targetHints":{"allow":["GET"]}}],"collection":[{"href":"https:\/\/semmelweis.hu\/godollo\/wp-json\/wp\/v2\/pages"}],"about":[{"href":"https:\/\/semmelweis.hu\/godollo\/wp-json\/wp\/v2\/types\/page"}],"author":[{"embeddable":true,"href":"https:\/\/semmelweis.hu\/godollo\/wp-json\/wp\/v2\/users\/102484"}],"replies":[{"embeddable":true,"href":"https:\/\/semmelweis.hu\/godollo\/wp-json\/wp\/v2\/comments?post=131"}],"version-history":[{"count":10,"href":"https:\/\/semmelweis.hu\/godollo\/wp-json\/wp\/v2\/pages\/131\/revisions"}],"predecessor-version":[{"id":1784,"href":"https:\/\/semmelweis.hu\/godollo\/wp-json\/wp\/v2\/pages\/131\/revisions\/1784"}],"up":[{"embeddable":true,"href":"https:\/\/semmelweis.hu\/godollo\/wp-json\/wp\/v2\/pages\/20"}],"wp:attachment":[{"href":"https:\/\/semmelweis.hu\/godollo\/wp-json\/wp\/v2\/media?parent=131"}],"wp:term":[{"taxonomy":"category","embeddable":true,"href":"https:\/\/semmelweis.hu\/godollo\/wp-json\/wp\/v2\/categories?post=131"},{"taxonomy":"post_tag","embeddable":true,"href":"https:\/\/semmelweis.hu\/godollo\/wp-json\/wp\/v2\/tags?post=131"}],"curies":[{"name":"wp","href":"https:\/\/api.w.org\/{rel}","templated":true}]}}