{"id":125,"date":"2025-07-15T15:57:21","date_gmt":"2025-07-15T13:57:21","guid":{"rendered":"https:\/\/semmelweis.hu\/godollo\/?page_id=125"},"modified":"2026-03-30T06:55:59","modified_gmt":"2026-03-30T04:55:59","slug":"gyogytorna","status":"publish","type":"page","link":"https:\/\/semmelweis.hu\/godollo\/betegellatas\/szakrendelesek\/gyogytorna\/","title":{"rendered":"Gy\u00f3gytorna"},"content":{"rendered":"<div class=\"keretes w-100\">\n<h5>A rendel\u00e9s csak beutal\u00f3val \u00e9s el\u0151jegyz\u00e9s alapj\u00e1n vehet\u0151 ig\u00e9nybe!<\/h5>\n<p><strong>El\u0151jegyz\u00e9s: <\/strong>Kiz\u00e1r\u00f3lag szem\u00e9lyesen a szakrendel\u00e9sen<br \/>\nh\u00e9tf\u0151 &#8211; p\u00e9ntek: 11:30-12:00 \u00e9s 12:30-13:30<\/p>\n<p><strong>Inform\u00e1ci\u00f3:<\/strong> A szakrendel\u00e9s zavartalan munk\u00e1j\u00e1nak \u00e9rdek\u00e9ben telefonos inform\u00e1ci\u00f3ad\u00e1sra (nem el\u0151jegyz\u00e9sre!), lemond\u00e1sra, csak az al\u00e1bbi id\u0151pontokban tudunk lehet\u0151s\u00e9get biztos\u00edtani:<br \/>\nh\u00e9tf\u0151 &#8211; p\u00e9ntek: 11:30-12:00 \u00e9s 12:30-13:30<br \/>\n+3670\/502-2027<\/p>\n<p><a href=\"\/betegellatas\/betegregisztracio\/\">Betegregisztr\u00e1ci\u00f3 menete \u2192<\/a><\/p>\n<p><strong>C\u00edm:<\/strong> G\u00f6d\u00f6ll\u0151, Szabads\u00e1g t\u00e9r 3.<\/p>\n<p><strong>Ell\u00e1t\u00e1si ter\u00fcletek: <\/strong>D\u00e1ny, Erd\u0151kertes, G\u00f6d\u00f6ll\u0151, Isaszeg, Kerepes, Kistarcsa, Mogyor\u00f3d, Szada, V\u00e1cszentl\u00e1szl\u00f3, Valk\u00f3, Veresegyh\u00e1z, Zs\u00e1mbok<\/p>\n<\/div>\n<h1>p\u00e1zm\u00e1n ildik\u00f3<\/h1>\n<table style=\"width: 90%\">\n<thead>\n<tr>\n<td style=\"width: 30%\">nap<\/td>\n<td>id\u0151pont<\/td>\n<\/tr>\n<\/thead>\n<tbody>\n<tr>\n<td style=\"width: 30%\" scope=\"col\">h\u00e9tf\u0151<\/td>\n<td>07:00 &#8211; 15:00<\/td>\n<\/tr>\n<tr>\n<td>kedd<\/td>\n<td>11:30 &#8211; 19:30<\/td>\n<\/tr>\n<tr>\n<td>szerda<\/td>\n<td>11:30 &#8211; 19:30<\/td>\n<\/tr>\n<tr>\n<td>cs\u00fct\u00f6rt\u00f6k<\/td>\n<td>07:00 &#8211; 15:00<\/td>\n<\/tr>\n<tr>\n<td>p\u00e9ntek<\/td>\n<td>07:00 &#8211; 15:00<\/td>\n<\/tr>\n<\/tbody>\n<\/table>\n<h1>B\u00e1tori katalin<\/h1>\n<table style=\"width: 90%\">\n<thead>\n<tr>\n<td style=\"width: 30%\">nap<\/td>\n<td>id\u0151pont<\/td>\n<\/tr>\n<\/thead>\n<tbody>\n<tr>\n<td style=\"width: 30%\" scope=\"col\">h\u00e9tf\u0151<\/td>\n<td>11:30 &#8211; 19:30<\/td>\n<\/tr>\n<tr>\n<td>kedd<\/td>\n<td>07:00 &#8211; 15:00<\/td>\n<\/tr>\n<tr>\n<td>szerda<\/td>\n<td>07:00 &#8211; 15:00<\/td>\n<\/tr>\n<tr>\n<td>cs\u00fct\u00f6rt\u00f6k<\/td>\n<td>11:30 &#8211; 19:30<\/td>\n<\/tr>\n<tr>\n<td>p\u00e9ntek<\/td>\n<td>07:00 &#8211; 15:00<\/td>\n<\/tr>\n<\/tbody>\n<\/table>\n<p><span style=\"color: #ff0000\">Szabads\u00e1g: 2026. \u00e1prilis 27-30.<\/span><\/p>\n","protected":false},"excerpt":{"rendered":"<p>A rendel\u00e9s csak beutal\u00f3val \u00e9s el\u0151jegyz\u00e9s alapj\u00e1n vehet\u0151 ig\u00e9nybe! El\u0151jegyz\u00e9s: Kiz\u00e1r\u00f3lag szem\u00e9lyesen a szakrendel\u00e9sen h\u00e9tf\u0151 &#8211; p\u00e9ntek: 11:30-12:00 \u00e9s 12:30-13:30 Inform\u00e1ci\u00f3: A szakrendel\u00e9s zavartalan munk\u00e1j\u00e1nak \u00e9rdek\u00e9ben telefonos inform\u00e1ci\u00f3ad\u00e1sra (nem el\u0151jegyz\u00e9sre!), lemond\u00e1sra, csak az al\u00e1bbi id\u0151pontokban tudunk lehet\u0151s\u00e9get biztos\u00edtani: h\u00e9tf\u0151 &#8211; p\u00e9ntek: 11:30-12:00 \u00e9s 12:30-13:30 +3670\/502-2027 <a href=\"\/betegellatas\/betegregisztracio\/\">Betegregisztr\u00e1ci\u00f3 menete \u2192<\/a> C\u00edm: G\u00f6d\u00f6ll\u0151, Szabads\u00e1g t\u00e9r 3. Ell\u00e1t\u00e1si ter\u00fcletek: D\u00e1ny, Erd\u0151kertes, G\u00f6d\u00f6ll\u0151, &hellip;<\/p>\n","protected":false},"author":102484,"featured_media":0,"parent":20,"menu_order":0,"comment_status":"closed","ping_status":"closed","template":"","meta":{"_acf_changed":false,"footnotes":""},"categories":[4],"tags":[],"class_list":["post-125","page","type-page","status-publish","hentry","category-szakrendelesek"],"acf":[],"_links":{"self":[{"href":"https:\/\/semmelweis.hu\/godollo\/wp-json\/wp\/v2\/pages\/125","targetHints":{"allow":["GET"]}}],"collection":[{"href":"https:\/\/semmelweis.hu\/godollo\/wp-json\/wp\/v2\/pages"}],"about":[{"href":"https:\/\/semmelweis.hu\/godollo\/wp-json\/wp\/v2\/types\/page"}],"author":[{"embeddable":true,"href":"https:\/\/semmelweis.hu\/godollo\/wp-json\/wp\/v2\/users\/102484"}],"replies":[{"embeddable":true,"href":"https:\/\/semmelweis.hu\/godollo\/wp-json\/wp\/v2\/comments?post=125"}],"version-history":[{"count":10,"href":"https:\/\/semmelweis.hu\/godollo\/wp-json\/wp\/v2\/pages\/125\/revisions"}],"predecessor-version":[{"id":1781,"href":"https:\/\/semmelweis.hu\/godollo\/wp-json\/wp\/v2\/pages\/125\/revisions\/1781"}],"up":[{"embeddable":true,"href":"https:\/\/semmelweis.hu\/godollo\/wp-json\/wp\/v2\/pages\/20"}],"wp:attachment":[{"href":"https:\/\/semmelweis.hu\/godollo\/wp-json\/wp\/v2\/media?parent=125"}],"wp:term":[{"taxonomy":"category","embeddable":true,"href":"https:\/\/semmelweis.hu\/godollo\/wp-json\/wp\/v2\/categories?post=125"},{"taxonomy":"post_tag","embeddable":true,"href":"https:\/\/semmelweis.hu\/godollo\/wp-json\/wp\/v2\/tags?post=125"}],"curies":[{"name":"wp","href":"https:\/\/api.w.org\/{rel}","templated":true}]}}