{"id":123,"date":"2025-07-15T15:53:21","date_gmt":"2025-07-15T13:53:21","guid":{"rendered":"https:\/\/semmelweis.hu\/godollo\/?page_id=123"},"modified":"2026-04-09T07:56:43","modified_gmt":"2026-04-09T05:56:43","slug":"gyogymasszazs","status":"publish","type":"page","link":"https:\/\/semmelweis.hu\/godollo\/betegellatas\/szakrendelesek\/gyogymasszazs\/","title":{"rendered":"Gy\u00f3gymassz\u00e1zs"},"content":{"rendered":"<div class=\"keretes w-100\">\n<h5>A rendel\u00e9s csak beutal\u00f3val \u00e9s el\u0151jegyz\u00e9s alapj\u00e1n vehet\u0151 ig\u00e9nybe!<\/h5>\n<p><strong>Amennyiben az el\u0151jegyzett id\u0151pontj\u00e1ban nem tud megjelenni, k\u00e9rj\u00fck, hogy az gse.elojegyzes@semmelweis.hu c\u00edmre \u00edrva mondja le.<\/strong><\/p>\n<p><strong>El\u0151jegyz\u00e9s: <\/strong>csak szem\u00e9lyesen a rendel\u0151ben, rendel\u00e9si id\u0151ben. K\u00e9rj\u00fck, v\u00e1rjon, am\u00edg a kezel\u00e9s befejez\u0151dik, id\u0151pontot k\u00e9t kezel\u00e9s k\u00f6z\u00f6tt tudunk egyeztetni.<\/p>\n<p><strong>Inform\u00e1ci\u00f3: <\/strong>A szakrendel\u00e9s zavartalan munk\u00e1j\u00e1nak \u00e9rdek\u00e9ben telefonos inform\u00e1ci\u00f3ad\u00e1sra (nem el\u0151jegyz\u00e9sre!), lemond\u00e1sra, csak az al\u00e1bbi id\u0151pontokban tudunk lehet\u0151s\u00e9get biztos\u00edtani<br \/>\nh\u00e9tf\u0151-p\u00e9ntek: 14:30- 15:00<br \/>\n+3670\/502-2030<\/p>\n<p><a href=\"\/betegellatas\/betegregisztracio\/\">Betegregisztr\u00e1ci\u00f3 menete \u2192<\/a><\/p>\n<p><strong>C\u00edm:<\/strong> G\u00f6d\u00f6ll\u0151, Szabads\u00e1g t\u00e9r 3.<\/p>\n<p><strong>Ell\u00e1t\u00e1si ter\u00fcletek: <\/strong>D\u00e1ny, Erd\u0151kertes, G\u00f6d\u00f6ll\u0151, Isaszeg, Kerepes, Kistarcsa, Mogyor\u00f3d, Szada, V\u00e1cszentl\u00e1szl\u00f3, Valk\u00f3, Veresegyh\u00e1z, Zs\u00e1mbok<\/p>\n<\/div>\n<h1>Pint\u00e9r attila<\/h1>\n<table style=\"width: 90%;height: 198px\">\n<thead>\n<tr style=\"height: 33px\">\n<td style=\"width: 30%;height: 33px\">nap<\/td>\n<td style=\"height: 33px\">id\u0151pont &#8211; p\u00e1ros h\u00e9ten\u00a0 \u00a0 \u00a0 \u00a0 \u00a0 \u00a0 \u00a0 \u00a0id\u0151pont &#8211; p\u00e1ratlan h\u00e9ten<\/td>\n<\/tr>\n<\/thead>\n<tbody>\n<tr style=\"height: 33px\">\n<td style=\"width: 30%;height: 33px\" scope=\"col\">h\u00e9tf\u0151<\/td>\n<td style=\"height: 33px\">07:00 &#8211; 15:00\u00a0 \u00a0 \u00a0 \u00a0 \u00a0 \u00a0 \u00a0 \u00a0 \u00a0 \u00a0 \u00a0 \u00a0 \u00a0 \u00a0 \u00a0 \u00a0 \u00a011:00 &#8211; 19:00<\/td>\n<\/tr>\n<tr style=\"height: 33px\">\n<td style=\"height: 33px\">kedd<\/td>\n<td style=\"height: 33px\">07:00 &#8211; 15:00\u00a0 \u00a0 \u00a0 \u00a0 \u00a0 \u00a0 \u00a0 \u00a0 \u00a0 \u00a0 \u00a0 \u00a0 \u00a0 \u00a0 \u00a0 \u00a0 \u00a011:00 &#8211; 19:00<\/td>\n<\/tr>\n<tr style=\"height: 33px\">\n<td style=\"height: 33px\">szerda<\/td>\n<td style=\"height: 33px\">07:00 &#8211; 15:00\u00a0 \u00a0 \u00a0 \u00a0 \u00a0 \u00a0 \u00a0 \u00a0 \u00a0 \u00a0 \u00a0 \u00a0 \u00a0 \u00a0 \u00a0 \u00a0 \u00a011:00 &#8211; 19:00<\/td>\n<\/tr>\n<tr style=\"height: 33px\">\n<td style=\"height: 33px\">cs\u00fct\u00f6rt\u00f6k<\/td>\n<td style=\"height: 33px\">07:00 &#8211; 15:00\u00a0 \u00a0 \u00a0 \u00a0 \u00a0 \u00a0 \u00a0 \u00a0 \u00a0 \u00a0 \u00a0 \u00a0 \u00a0 \u00a0 \u00a0 \u00a0 \u00a011:00 &#8211; 19:00\u00a0 \u00a0\u00a0<\/td>\n<\/tr>\n<tr style=\"height: 33px\">\n<td style=\"height: 33px\">p\u00e9ntek<\/td>\n<td style=\"height: 33px\">07:00 &#8211; 15:00\u00a0 \u00a0 \u00a0 \u00a0 \u00a0 \u00a0 \u00a0 \u00a0 \u00a0 \u00a0 \u00a0 \u00a0 \u00a0 \u00a0 \u00a0 \u00a0 \u00a011:00 &#8211; 19:00\u00a0<\/td>\n<\/tr>\n<\/tbody>\n<\/table>\n<p><span style=\"color: #ff0000\">Szabads\u00e1g: 2026. \u00e1prilis 24.<\/span><\/p>\n<h1>GYEBROVSZKI ERIKA<\/h1>\n<table style=\"width: 90%\">\n<thead>\n<tr>\n<td style=\"width: 30%\">nap<\/td>\n<td>id\u0151pont &#8211; p\u00e1ros h\u00e9ten\u00a0\u00a0 \u00a0 \u00a0 \u00a0 \u00a0 \u00a0 \u00a0 id\u0151pont &#8211; p\u00e1ratlan h\u00e9ten<\/td>\n<\/tr>\n<\/thead>\n<tbody>\n<tr>\n<td style=\"width: 30%\" scope=\"col\">h\u00e9tf\u0151<\/td>\n<td>11:00 &#8211; 19:00\u00a0 \u00a0 \u00a0 \u00a0 \u00a0 \u00a0 \u00a0 \u00a0 \u00a0 \u00a0 \u00a0 \u00a0 \u00a0 \u00a0 \u00a0 \u00a0 \u00a0 07:00 &#8211; 15:00<\/td>\n<\/tr>\n<tr>\n<td>kedd<\/td>\n<td>11:00 &#8211; 19:00\u00a0 \u00a0 \u00a0 \u00a0 \u00a0 \u00a0 \u00a0 \u00a0 \u00a0 \u00a0 \u00a0 \u00a0 \u00a0 \u00a0 \u00a0 \u00a0 \u00a0 07:00 &#8211; 15:00<\/td>\n<\/tr>\n<tr>\n<td>szerda<\/td>\n<td>11:00 &#8211; 19:00\u00a0 \u00a0 \u00a0 \u00a0 \u00a0 \u00a0 \u00a0 \u00a0 \u00a0 \u00a0 \u00a0 \u00a0 \u00a0 \u00a0 \u00a0 \u00a0 \u00a0 07:00 &#8211; 15:00<\/td>\n<\/tr>\n<tr>\n<td>cs\u00fct\u00f6rt\u00f6k<\/td>\n<td>11:00 &#8211; 19:00\u00a0 \u00a0 \u00a0 \u00a0 \u00a0 \u00a0 \u00a0 \u00a0 \u00a0 \u00a0 \u00a0 \u00a0 \u00a0 \u00a0 \u00a0 \u00a0 \u00a0 07:00 &#8211; 15:00\u00a0 \u00a0\u00a0<\/td>\n<\/tr>\n<tr>\n<td>p\u00e9ntek<\/td>\n<td>11:00 &#8211; 19:00\u00a0 \u00a0 \u00a0 \u00a0 \u00a0 \u00a0 \u00a0 \u00a0 \u00a0 \u00a0 \u00a0 \u00a0 \u00a0 \u00a0 \u00a0 \u00a0 \u00a0 07:00 &#8211; 15:00\u00a0<\/td>\n<\/tr>\n<\/tbody>\n<\/table>\n","protected":false},"excerpt":{"rendered":"<p>A rendel\u00e9s csak beutal\u00f3val \u00e9s el\u0151jegyz\u00e9s alapj\u00e1n vehet\u0151 ig\u00e9nybe! Amennyiben az el\u0151jegyzett id\u0151pontj\u00e1ban nem tud megjelenni, k\u00e9rj\u00fck, hogy az gse.elojegyzes@semmelweis.hu c\u00edmre \u00edrva mondja le. El\u0151jegyz\u00e9s: csak szem\u00e9lyesen a rendel\u0151ben, rendel\u00e9si id\u0151ben. K\u00e9rj\u00fck, v\u00e1rjon, am\u00edg a kezel\u00e9s befejez\u0151dik, id\u0151pontot k\u00e9t kezel\u00e9s k\u00f6z\u00f6tt tudunk egyeztetni. Inform\u00e1ci\u00f3: A szakrendel\u00e9s zavartalan munk\u00e1j\u00e1nak \u00e9rdek\u00e9ben telefonos inform\u00e1ci\u00f3ad\u00e1sra (nem el\u0151jegyz\u00e9sre!), lemond\u00e1sra, csak &hellip;<\/p>\n","protected":false},"author":102484,"featured_media":0,"parent":20,"menu_order":0,"comment_status":"closed","ping_status":"closed","template":"","meta":{"_acf_changed":false,"footnotes":""},"categories":[4],"tags":[],"class_list":["post-123","page","type-page","status-publish","hentry","category-szakrendelesek"],"acf":[],"_links":{"self":[{"href":"https:\/\/semmelweis.hu\/godollo\/wp-json\/wp\/v2\/pages\/123","targetHints":{"allow":["GET"]}}],"collection":[{"href":"https:\/\/semmelweis.hu\/godollo\/wp-json\/wp\/v2\/pages"}],"about":[{"href":"https:\/\/semmelweis.hu\/godollo\/wp-json\/wp\/v2\/types\/page"}],"author":[{"embeddable":true,"href":"https:\/\/semmelweis.hu\/godollo\/wp-json\/wp\/v2\/users\/102484"}],"replies":[{"embeddable":true,"href":"https:\/\/semmelweis.hu\/godollo\/wp-json\/wp\/v2\/comments?post=123"}],"version-history":[{"count":11,"href":"https:\/\/semmelweis.hu\/godollo\/wp-json\/wp\/v2\/pages\/123\/revisions"}],"predecessor-version":[{"id":1830,"href":"https:\/\/semmelweis.hu\/godollo\/wp-json\/wp\/v2\/pages\/123\/revisions\/1830"}],"up":[{"embeddable":true,"href":"https:\/\/semmelweis.hu\/godollo\/wp-json\/wp\/v2\/pages\/20"}],"wp:attachment":[{"href":"https:\/\/semmelweis.hu\/godollo\/wp-json\/wp\/v2\/media?parent=123"}],"wp:term":[{"taxonomy":"category","embeddable":true,"href":"https:\/\/semmelweis.hu\/godollo\/wp-json\/wp\/v2\/categories?post=123"},{"taxonomy":"post_tag","embeddable":true,"href":"https:\/\/semmelweis.hu\/godollo\/wp-json\/wp\/v2\/tags?post=123"}],"curies":[{"name":"wp","href":"https:\/\/api.w.org\/{rel}","templated":true}]}}