{"id":121,"date":"2025-07-15T15:51:54","date_gmt":"2025-07-15T13:51:54","guid":{"rendered":"https:\/\/semmelweis.hu\/godollo\/?page_id=121"},"modified":"2026-01-16T09:29:41","modified_gmt":"2026-01-16T08:29:41","slug":"tudogyogyaszat-gyermek","status":"publish","type":"page","link":"https:\/\/semmelweis.hu\/godollo\/betegellatas\/szakrendelesek\/tudogyogyaszat-gyermek\/","title":{"rendered":"T\u00fcd\u0151gy\u00f3gy\u00e1szat &#8211; gyermek"},"content":{"rendered":"<div class=\"keretes w-100\">\n<h5>A rendel\u00e9s csak beutal\u00f3val \u00e9s el\u0151jegyz\u00e9s alapj\u00e1n vehet\u0151 ig\u00e9nybe!<\/h5>\n<p><strong>El\u0151jegyz\u00e9s: <\/strong>+3670\/502-2192<br \/>\nkedd: 10:00 &#8211; 12:00<br \/>\nszerda: 13:00 &#8211; 14:00<\/p>\n<p><strong>Email:<\/strong> gse.elojegyzes@semmelweis.hu<\/p>\n<p><a href=\"https:\/\/semmelweis.hu\/betegellatas\/betegregisztracio\/\">Betegregisztr\u00e1ci\u00f3 menete \u2192<\/a><\/p>\n<p><strong>C\u00edm:<\/strong> G\u00f6d\u00f6ll\u0151, Pet\u0151fi S\u00e1ndor utca 1-3. f\u00f6ldszint 7. szoba<\/p>\n<p><strong>Ell\u00e1t\u00e1si ter\u00fcletek: <\/strong>D\u00e1ny, Erd\u0151kertes, G\u00f6d\u00f6ll\u0151, Isaszeg, Kerepes, Kistarcsa, Mogyor\u00f3d, Szada, V\u00e1cszentl\u00e1szl\u00f3, Valk\u00f3, Veresegyh\u00e1z, Zs\u00e1mbok<\/p>\n<\/div>\n<h1>Dr. kiss anna<\/h1>\n<table style=\"width: 90%\">\n<thead>\n<tr>\n<td style=\"width: 30%\">nap<\/td>\n<td>id\u0151pont<\/td>\n<\/tr>\n<\/thead>\n<tbody>\n<tr>\n<td style=\"width: 30%\" scope=\"col\">h\u00e9tf\u0151<\/td>\n<td>&#8211;<\/td>\n<\/tr>\n<tr>\n<td>kedd<\/td>\n<td>13:00 &#8211; 18:00<\/td>\n<\/tr>\n<tr>\n<td>szerda<\/td>\n<td>08:00 &#8211; 13:00<\/td>\n<\/tr>\n<tr>\n<td>cs\u00fct\u00f6rt\u00f6k<\/td>\n<td>&#8211;<\/td>\n<\/tr>\n<tr>\n<td>p\u00e9ntek<\/td>\n<td>&#8211;<\/td>\n<\/tr>\n<\/tbody>\n<\/table>\n<p>&nbsp;<\/p>\n","protected":false},"excerpt":{"rendered":"<p>A rendel\u00e9s csak beutal\u00f3val \u00e9s el\u0151jegyz\u00e9s alapj\u00e1n vehet\u0151 ig\u00e9nybe! El\u0151jegyz\u00e9s: +3670\/502-2192 kedd: 10:00 &#8211; 12:00 szerda: 13:00 &#8211; 14:00 Email: gse.elojegyzes@semmelweis.hu <a href=\"https:\/\/semmelweis.hu\/betegellatas\/betegregisztracio\/\">Betegregisztr\u00e1ci\u00f3 menete \u2192<\/a> C\u00edm: G\u00f6d\u00f6ll\u0151, Pet\u0151fi S\u00e1ndor utca 1-3. f\u00f6ldszint 7. szoba Ell\u00e1t\u00e1si ter\u00fcletek: D\u00e1ny, Erd\u0151kertes, G\u00f6d\u00f6ll\u0151, Isaszeg, Kerepes, Kistarcsa, Mogyor\u00f3d, Szada, V\u00e1cszentl\u00e1szl\u00f3, Valk\u00f3, Veresegyh\u00e1z, Zs\u00e1mbok Dr. kiss anna nap id\u0151pont h\u00e9tf\u0151 &#8211; kedd 13:00 &#8211; 18:00 &hellip;<\/p>\n","protected":false},"author":102484,"featured_media":0,"parent":20,"menu_order":0,"comment_status":"closed","ping_status":"closed","template":"","meta":{"_acf_changed":false,"footnotes":""},"categories":[4],"tags":[3],"class_list":["post-121","page","type-page","status-publish","hentry","category-szakrendelesek","tag-gyermekellatas"],"acf":[],"_links":{"self":[{"href":"https:\/\/semmelweis.hu\/godollo\/wp-json\/wp\/v2\/pages\/121","targetHints":{"allow":["GET"]}}],"collection":[{"href":"https:\/\/semmelweis.hu\/godollo\/wp-json\/wp\/v2\/pages"}],"about":[{"href":"https:\/\/semmelweis.hu\/godollo\/wp-json\/wp\/v2\/types\/page"}],"author":[{"embeddable":true,"href":"https:\/\/semmelweis.hu\/godollo\/wp-json\/wp\/v2\/users\/102484"}],"replies":[{"embeddable":true,"href":"https:\/\/semmelweis.hu\/godollo\/wp-json\/wp\/v2\/comments?post=121"}],"version-history":[{"count":10,"href":"https:\/\/semmelweis.hu\/godollo\/wp-json\/wp\/v2\/pages\/121\/revisions"}],"predecessor-version":[{"id":1520,"href":"https:\/\/semmelweis.hu\/godollo\/wp-json\/wp\/v2\/pages\/121\/revisions\/1520"}],"up":[{"embeddable":true,"href":"https:\/\/semmelweis.hu\/godollo\/wp-json\/wp\/v2\/pages\/20"}],"wp:attachment":[{"href":"https:\/\/semmelweis.hu\/godollo\/wp-json\/wp\/v2\/media?parent=121"}],"wp:term":[{"taxonomy":"category","embeddable":true,"href":"https:\/\/semmelweis.hu\/godollo\/wp-json\/wp\/v2\/categories?post=121"},{"taxonomy":"post_tag","embeddable":true,"href":"https:\/\/semmelweis.hu\/godollo\/wp-json\/wp\/v2\/tags?post=121"}],"curies":[{"name":"wp","href":"https:\/\/api.w.org\/{rel}","templated":true}]}}