{"id":119,"date":"2025-07-15T15:50:23","date_gmt":"2025-07-15T13:50:23","guid":{"rendered":"https:\/\/semmelweis.hu\/godollo\/?page_id=119"},"modified":"2026-02-16T15:59:42","modified_gmt":"2026-02-16T14:59:42","slug":"sebeszet-gyermek","status":"publish","type":"page","link":"https:\/\/semmelweis.hu\/godollo\/betegellatas\/szakrendelesek\/sebeszet-gyermek\/","title":{"rendered":"Seb\u00e9szet &#8211; gyermek"},"content":{"rendered":"<div class=\"keretes w-100\">\n<h5>A rendel\u00e9s beutal\u00f3 n\u00e9lk\u00fcl, el\u0151jegyz\u00e9s alapj\u00e1n vehet\u0151 ig\u00e9nybe! A rendel\u00e9s befejez\u00e9se el\u0151tt f\u00e9l \u00f3r\u00e1val \u00faj beteget m\u00e1r nem tudunk fogadni (csak s\u00fcrg\u0151s sz\u00fcks\u00e9g eseteiben)!<\/h5>\n<p><strong>El\u0151jegyz\u00e9s: szem\u00e9lyesen a recepci\u00f3n vagy t<\/strong><strong>elefonon:<\/strong> +3670\/502-1899, +3670\/502-2283<\/p>\n<p>h\u00e9tf\u0151 \u2013 cs\u00fct\u00f6rt\u00f6k: 09:00 \u2013 17:45<\/p>\n<p>p\u00e9ntek: 09:00 \u2013 15:45<\/p>\n<p><strong>Email:<\/strong> gse.elojegyzes@semmelweis.hu<\/p>\n<p><a href=\"https:\/\/semmelweis.hu\/betegellatas\/betegregisztracio\/\">Betegregisztr\u00e1ci\u00f3 menete \u2192<\/a><\/p>\n<p><strong>C\u00edm:<\/strong> G\u00f6d\u00f6ll\u0151, Pet\u0151fi S\u00e1ndor utca F\u00f6ldszint 3. szoba<\/p>\n<p><strong>Ell\u00e1t\u00e1si ter\u00fcletek: <\/strong>D\u00e1ny, Erd\u0151kertes, G\u00f6d\u00f6ll\u0151, Isaszeg, Kerepes, Kistarcsa, Mogyor\u00f3d, Szada, V\u00e1cszentl\u00e1szl\u00f3, Valk\u00f3, Veresegyh\u00e1z, Zs\u00e1mbok<\/p>\n<\/div>\n<h1>Dr. kov\u00e1ts d\u00e1vid<\/h1>\n<table style=\"width: 90%\">\n<thead>\n<tr>\n<td style=\"width: 30%\">nap<\/td>\n<td>id\u0151pont<\/td>\n<\/tr>\n<\/thead>\n<tbody>\n<tr>\n<td style=\"width: 30%\" scope=\"col\">h\u00e9tf\u0151<\/td>\n<td>&#8211;<\/td>\n<\/tr>\n<tr>\n<td>kedd<\/td>\n<td>15:00 &#8211; 19:00<\/td>\n<\/tr>\n<tr>\n<td>szerda<\/td>\n<td>&#8211;<\/td>\n<\/tr>\n<tr>\n<td>cs\u00fct\u00f6rt\u00f6k<\/td>\n<td>&#8211;<\/td>\n<\/tr>\n<tr>\n<td>p\u00e9ntek<\/td>\n<td>\n<p>&#8211;<\/p>\n<\/td>\n<\/tr>\n<\/tbody>\n<\/table>\n<p>&nbsp;<\/p>\n<h3>Tev\u00e9kenys\u00e9gi ter\u00fcletek:<\/h3>\n<ul>\n<li>l\u00e1gy\u00e9ks\u00e9rv k\u00f6ld\u00f6k \u00e9s hasfali s\u00e9rv<\/li>\n<li>oldals\u00f3 \u00e9s k\u00f6z\u00e9ps\u0151 nyaki cysta<\/li>\n<li>epek\u0151<\/li>\n<li>himosis, adhesio cellularis<\/li>\n<li>preputii, synechia labii minoris<\/li>\n<li>ganglion v\u00e9gtagon<\/li>\n<li>pattan\u00f3 ujj<\/li>\n<li>b\u0151rf\u00fcggell\u00e9kek<\/li>\n<li>neavus \u00e9s egy\u00e9b b\u0151relv\u00e1ltoz\u00e1sok: b\u0151rgy\u00f3gy\u00e1szati vizsg\u00e1latot k\u00f6vet\u0151en.<\/li>\n<li>\u00fajsz\u00fcl\u00f6tt v\u00e1lad\u00e9koz\u00f3 k\u00f6ld\u00f6k,<\/li>\n<li>ben\u0151tt k\u00f6r\u00f6m<\/li>\n<li>hypospadiasis<\/li>\n<li>retentio testis \u00e9s egy\u00e9b \u00e1ltal\u00e1nos seb\u00e9szet k\u00f6r\u00e9be tartoz\u00f3 betegs\u00e9gek.<\/li>\n<\/ul>\n","protected":false},"excerpt":{"rendered":"<p>A rendel\u00e9s beutal\u00f3 n\u00e9lk\u00fcl, el\u0151jegyz\u00e9s alapj\u00e1n vehet\u0151 ig\u00e9nybe! A rendel\u00e9s befejez\u00e9se el\u0151tt f\u00e9l \u00f3r\u00e1val \u00faj beteget m\u00e1r nem tudunk fogadni (csak s\u00fcrg\u0151s sz\u00fcks\u00e9g eseteiben)! El\u0151jegyz\u00e9s: szem\u00e9lyesen a recepci\u00f3n vagy telefonon: +3670\/502-1899, +3670\/502-2283 h\u00e9tf\u0151 \u2013 cs\u00fct\u00f6rt\u00f6k: 09:00 \u2013 17:45 p\u00e9ntek: 09:00 \u2013 15:45 Email: gse.elojegyzes@semmelweis.hu <a href=\"https:\/\/semmelweis.hu\/betegellatas\/betegregisztracio\/\">Betegregisztr\u00e1ci\u00f3 menete \u2192<\/a> C\u00edm: G\u00f6d\u00f6ll\u0151, Pet\u0151fi S\u00e1ndor utca F\u00f6ldszint 3. szoba Ell\u00e1t\u00e1si ter\u00fcletek: D\u00e1ny, &hellip;<\/p>\n","protected":false},"author":102484,"featured_media":0,"parent":20,"menu_order":0,"comment_status":"closed","ping_status":"closed","template":"","meta":{"_acf_changed":false,"footnotes":""},"categories":[4],"tags":[3],"class_list":["post-119","page","type-page","status-publish","hentry","category-szakrendelesek","tag-gyermekellatas"],"acf":[],"_links":{"self":[{"href":"https:\/\/semmelweis.hu\/godollo\/wp-json\/wp\/v2\/pages\/119","targetHints":{"allow":["GET"]}}],"collection":[{"href":"https:\/\/semmelweis.hu\/godollo\/wp-json\/wp\/v2\/pages"}],"about":[{"href":"https:\/\/semmelweis.hu\/godollo\/wp-json\/wp\/v2\/types\/page"}],"author":[{"embeddable":true,"href":"https:\/\/semmelweis.hu\/godollo\/wp-json\/wp\/v2\/users\/102484"}],"replies":[{"embeddable":true,"href":"https:\/\/semmelweis.hu\/godollo\/wp-json\/wp\/v2\/comments?post=119"}],"version-history":[{"count":10,"href":"https:\/\/semmelweis.hu\/godollo\/wp-json\/wp\/v2\/pages\/119\/revisions"}],"predecessor-version":[{"id":1652,"href":"https:\/\/semmelweis.hu\/godollo\/wp-json\/wp\/v2\/pages\/119\/revisions\/1652"}],"up":[{"embeddable":true,"href":"https:\/\/semmelweis.hu\/godollo\/wp-json\/wp\/v2\/pages\/20"}],"wp:attachment":[{"href":"https:\/\/semmelweis.hu\/godollo\/wp-json\/wp\/v2\/media?parent=119"}],"wp:term":[{"taxonomy":"category","embeddable":true,"href":"https:\/\/semmelweis.hu\/godollo\/wp-json\/wp\/v2\/categories?post=119"},{"taxonomy":"post_tag","embeddable":true,"href":"https:\/\/semmelweis.hu\/godollo\/wp-json\/wp\/v2\/tags?post=119"}],"curies":[{"name":"wp","href":"https:\/\/api.w.org\/{rel}","templated":true}]}}