{"id":115,"date":"2025-07-15T15:43:53","date_gmt":"2025-07-15T13:43:53","guid":{"rendered":"https:\/\/semmelweis.hu\/godollo\/?page_id=115"},"modified":"2026-03-30T06:52:24","modified_gmt":"2026-03-30T04:52:24","slug":"ful-orr-gegeszet-gyermek","status":"publish","type":"page","link":"https:\/\/semmelweis.hu\/godollo\/betegellatas\/szakrendelesek\/ful-orr-gegeszet-gyermek\/","title":{"rendered":"F\u00fcl-Orr-G\u00e9g\u00e9szet &#8211; gyermek"},"content":{"rendered":"<div class=\"keretes w-100\">\n<h5>A rendel\u00e9s befejez\u00e9se el\u0151tt f\u00e9l \u00f3r\u00e1val \u00faj beteget m\u00e1r nem tudunk fogadni csak s\u00fcrg\u0151s sz\u00fcks\u00e9g eset\u00e9ben<\/h5>\n<p><strong>El\u0151jegyz\u00e9s szem\u00e9lyesen vagy t<\/strong><strong>elefonon:<\/strong> <br \/>\n+36 70 502-1899, +36 70 502-2283<\/p>\n<p>h\u00e9tf\u0151 &#8211; cs\u00fct\u00f6rt\u00f6k: 09:00 &#8211; 17:45<\/p>\n<p>p\u00e9ntek: 09:00 &#8211; 15:45<\/p>\n<p><strong>Inform\u00e1ci\u00f3: <\/strong>+36 70 502-1920<br \/>\nkedd: 09:30 &#8211; 10:00<br \/>\nszerda: 14:00 &#8211; 15:00<br \/>\ncs\u00fct\u00f6rt\u00f6k: 09:00 &#8211; 10:00<\/p>\n<p><strong>Email:<\/strong> gse.elojegyzes@semmelweis.hu<\/p>\n<p><a href=\"https:\/\/semmelweis.hu\/betegellatas\/betegregisztracio\/\">Betegregisztr\u00e1ci\u00f3 menete \u2192<\/a><\/p>\n<p><strong>C\u00edm:<\/strong> G\u00f6d\u00f6ll\u0151, Pet\u0151fi S\u00e1ndor utca 1-3. f\u00f6ldszint 4. szoba<\/p>\n<p><strong>Ell\u00e1t\u00e1si ter\u00fcletek: <\/strong>D\u00e1ny, Erd\u0151kertes, G\u00f6d\u00f6ll\u0151, Isaszeg, Kerepes, Kistarcsa, Mogyor\u00f3d, Szada, V\u00e1cszentl\u00e1szl\u00f3, Valk\u00f3, Veresegyh\u00e1z, Zs\u00e1mbok<\/p>\n<\/div>\n<h1>Dr. v\u00e1radi m\u00e1ria<\/h1>\n<p><strong>Helyettes\u00edt\u00e9s:<\/strong> <br \/>\nS\u00fcrg\u0151s esetben a Kistarcsai Fl\u00f3r Ferenc K\u00f3rh\u00e1z Gyermek F\u00fcl-orr-g\u00e9g\u00e9szete l\u00e1tja el <br \/>\nmunkanapokon 8:00 &#8211; 15:00 \u00f3r\u00e1ig<\/p>\n<h3>Rendel\u00e9si id\u0151k:<\/h3>\n<table style=\"width: 90%;height: 218px\">\n<thead>\n<tr style=\"height: 33px\">\n<td style=\"width: 30%;height: 33px\">nap<\/td>\n<td style=\"height: 33px\">id\u0151pont<\/td>\n<\/tr>\n<\/thead>\n<tbody>\n<tr style=\"height: 33px\">\n<td style=\"width: 30%;height: 33px\" scope=\"col\">h\u00e9tf\u0151<\/td>\n<td style=\"height: 33px\">07:00 &#8211; 15:00<\/td>\n<\/tr>\n<tr style=\"height: 33px\">\n<td style=\"height: 33px\">kedd<\/td>\n<td style=\"height: 33px\">10:00 &#8211; 16:30<\/td>\n<\/tr>\n<tr style=\"height: 33px\">\n<td style=\"height: 33px\">szerda<\/td>\n<td style=\"height: 33px\">07:00 &#8211; 14:00<\/td>\n<\/tr>\n<tr style=\"height: 33px\">\n<td style=\"height: 33px\">cs\u00fct\u00f6rt\u00f6k<\/td>\n<td style=\"height: 33px\">10:00 &#8211; 16:00<\/td>\n<\/tr>\n<tr style=\"height: 53px\">\n<td style=\"height: 53px\">p\u00e9ntek<\/td>\n<td style=\"height: 53px\">\n<p>&#8211;<\/p>\n<\/td>\n<\/tr>\n<\/tbody>\n<\/table>\n<p>&nbsp;<\/p>\n","protected":false},"excerpt":{"rendered":"<p>A rendel\u00e9s befejez\u00e9se el\u0151tt f\u00e9l \u00f3r\u00e1val \u00faj beteget m\u00e1r nem tudunk fogadni csak s\u00fcrg\u0151s sz\u00fcks\u00e9g eset\u00e9ben El\u0151jegyz\u00e9s szem\u00e9lyesen vagy telefonon: +36 70 502-1899, +36 70 502-2283 h\u00e9tf\u0151 &#8211; cs\u00fct\u00f6rt\u00f6k: 09:00 &#8211; 17:45 p\u00e9ntek: 09:00 &#8211; 15:45 Inform\u00e1ci\u00f3: +36 70 502-1920 kedd: 09:30 &#8211; 10:00 szerda: 14:00 &#8211; 15:00 cs\u00fct\u00f6rt\u00f6k: 09:00 &#8211; 10:00 Email: gse.elojegyzes@semmelweis.hu <a href=\"https:\/\/semmelweis.hu\/betegellatas\/betegregisztracio\/\">Betegregisztr\u00e1ci\u00f3 menete \u2192<\/a> C\u00edm: &hellip;<\/p>\n","protected":false},"author":102484,"featured_media":0,"parent":20,"menu_order":0,"comment_status":"closed","ping_status":"closed","template":"","meta":{"_acf_changed":false,"footnotes":""},"categories":[4],"tags":[3],"class_list":["post-115","page","type-page","status-publish","hentry","category-szakrendelesek","tag-gyermekellatas"],"acf":[],"_links":{"self":[{"href":"https:\/\/semmelweis.hu\/godollo\/wp-json\/wp\/v2\/pages\/115","targetHints":{"allow":["GET"]}}],"collection":[{"href":"https:\/\/semmelweis.hu\/godollo\/wp-json\/wp\/v2\/pages"}],"about":[{"href":"https:\/\/semmelweis.hu\/godollo\/wp-json\/wp\/v2\/types\/page"}],"author":[{"embeddable":true,"href":"https:\/\/semmelweis.hu\/godollo\/wp-json\/wp\/v2\/users\/102484"}],"replies":[{"embeddable":true,"href":"https:\/\/semmelweis.hu\/godollo\/wp-json\/wp\/v2\/comments?post=115"}],"version-history":[{"count":12,"href":"https:\/\/semmelweis.hu\/godollo\/wp-json\/wp\/v2\/pages\/115\/revisions"}],"predecessor-version":[{"id":1779,"href":"https:\/\/semmelweis.hu\/godollo\/wp-json\/wp\/v2\/pages\/115\/revisions\/1779"}],"up":[{"embeddable":true,"href":"https:\/\/semmelweis.hu\/godollo\/wp-json\/wp\/v2\/pages\/20"}],"wp:attachment":[{"href":"https:\/\/semmelweis.hu\/godollo\/wp-json\/wp\/v2\/media?parent=115"}],"wp:term":[{"taxonomy":"category","embeddable":true,"href":"https:\/\/semmelweis.hu\/godollo\/wp-json\/wp\/v2\/categories?post=115"},{"taxonomy":"post_tag","embeddable":true,"href":"https:\/\/semmelweis.hu\/godollo\/wp-json\/wp\/v2\/tags?post=115"}],"curies":[{"name":"wp","href":"https:\/\/api.w.org\/{rel}","templated":true}]}}