{"id":1141,"date":"2025-10-28T12:07:44","date_gmt":"2025-10-28T11:07:44","guid":{"rendered":"https:\/\/semmelweis.hu\/godollo\/?page_id=1141"},"modified":"2026-04-08T07:29:30","modified_gmt":"2026-04-08T05:29:30","slug":"endokrinologia-belgyogyaszat-ii","status":"publish","type":"page","link":"https:\/\/semmelweis.hu\/godollo\/betegellatas\/szakrendelesek\/endokrinologia-belgyogyaszat-ii\/","title":{"rendered":"Endokrinol\u00f3gia &#8211; Belgy\u00f3gy\u00e1szat II."},"content":{"rendered":"<div class=\"keretes w-100\">\n<h5>A rendel\u00e9s csak beutal\u00f3val \u00e9s el\u0151jegyz\u00e9s alapj\u00e1n vehet\u0151 ig\u00e9nybe!<\/h5>\n<p>Beutal\u00f3t a Belgy\u00f3gy\u00e1szat II. szervezeti egys\u00e9g r\u00e9sz\u00e9re kell ki\u00e1ll\u00edtani, NEAK k\u00f3dja: 01H72012G<\/p>\n<p><strong>El\u0151jegyz\u00e9s:<\/strong> +36 70\/502-1899, +36 70\/502-2283<\/p>\n<p>h\u00e9tf\u0151 &#8211; cs\u00fct\u00f6rt\u00f6k: 09:00 &#8211; 17:45<\/p>\n<p>p\u00e9ntek: 09:00 &#8211; 15:45<\/p>\n<p><strong>Email:<\/strong> gse.elojegyzes@semmelweis.hu<\/p>\n<p><a href=\"\/betegellatas\/betegregisztracio\/\">Betegregisztr\u00e1ci\u00f3 menete \u2192<\/a><\/p>\n<p><strong>C\u00edm:<\/strong> G\u00f6d\u00f6ll\u0151, Pet\u0151fi S\u00e1ndor u. 1-3. 1. emelet 11. szoba<\/p>\n<p><strong>Ell\u00e1t\u00e1si ter\u00fcletek: <\/strong>D\u00e1ny, Erd\u0151kertes, G\u00f6d\u00f6ll\u0151, Isaszeg, Kerepes, Kistarcsa, Mogyor\u00f3d, Szada, V\u00e1cszentl\u00e1szl\u00f3, Valk\u00f3, Veresegyh\u00e1z, Zs\u00e1mbok<\/p>\n<\/div>\n<p><strong>A r\u00f6vid rendel\u00e9si id\u0151re tekintettel a rendel\u00e9s telefonon nem el\u00e9rhet\u0151.<\/strong> Inform\u00e1ci\u00f3ad\u00e1sra, egyeztet\u00e9sre csak e-mail-ben (gse.elojegyzes@semmelweis.hu) tudunk lehet\u0151s\u00e9get biztos\u00edtani.<\/p>\n<p>&nbsp;<\/p>\n<table style=\"width: 90%;height: 203px\">\n<thead>\n<tr style=\"height: 33px\">\n<td style=\"width: 30%;height: 33px\">nap<\/td>\n<td style=\"height: 33px\">id\u0151pont<\/td>\n<\/tr>\n<\/thead>\n<tbody>\n<tr style=\"height: 34px\">\n<td style=\"width: 30%;height: 34px\" scope=\"col\">h\u00e9tf\u0151<\/td>\n<td style=\"height: 34px\">10:00-14:00<\/td>\n<\/tr>\n<tr style=\"height: 34px\">\n<td style=\"height: 34px\">kedd<\/td>\n<td style=\"height: 34px\">10:00-14:00<\/td>\n<\/tr>\n<tr style=\"height: 34px\">\n<td style=\"height: 34px\">szerda<\/td>\n<td style=\"height: 34px\">&#8211;<\/td>\n<\/tr>\n<tr style=\"height: 34px\">\n<td style=\"height: 34px\">cs\u00fct\u00f6rt\u00f6k<\/td>\n<td style=\"height: 34px\">&#8211;<\/td>\n<\/tr>\n<tr style=\"height: 34px\">\n<td style=\"height: 34px\">p\u00e9ntek<\/td>\n<td style=\"height: 34px\">&#8211;<\/td>\n<\/tr>\n<\/tbody>\n<\/table>\n<p>&nbsp;<\/p>\n","protected":false},"excerpt":{"rendered":"<p>A rendel\u00e9s csak beutal\u00f3val \u00e9s el\u0151jegyz\u00e9s alapj\u00e1n vehet\u0151 ig\u00e9nybe! Beutal\u00f3t a Belgy\u00f3gy\u00e1szat II. szervezeti egys\u00e9g r\u00e9sz\u00e9re kell ki\u00e1ll\u00edtani, NEAK k\u00f3dja: 01H72012G El\u0151jegyz\u00e9s: +36 70\/502-1899, +36 70\/502-2283 h\u00e9tf\u0151 &#8211; cs\u00fct\u00f6rt\u00f6k: 09:00 &#8211; 17:45 p\u00e9ntek: 09:00 &#8211; 15:45 Email: gse.elojegyzes@semmelweis.hu <a href=\"\/betegellatas\/betegregisztracio\/\">Betegregisztr\u00e1ci\u00f3 menete \u2192<\/a> C\u00edm: G\u00f6d\u00f6ll\u0151, Pet\u0151fi S\u00e1ndor u. 1-3. 1. emelet 11. szoba Ell\u00e1t\u00e1si ter\u00fcletek: D\u00e1ny, Erd\u0151kertes, G\u00f6d\u00f6ll\u0151, Isaszeg, Kerepes, &hellip;<\/p>\n","protected":false},"author":102513,"featured_media":0,"parent":20,"menu_order":0,"comment_status":"closed","ping_status":"closed","template":"","meta":{"_acf_changed":false,"footnotes":""},"categories":[4],"tags":[],"class_list":["post-1141","page","type-page","status-publish","hentry","category-szakrendelesek"],"acf":[],"_links":{"self":[{"href":"https:\/\/semmelweis.hu\/godollo\/wp-json\/wp\/v2\/pages\/1141","targetHints":{"allow":["GET"]}}],"collection":[{"href":"https:\/\/semmelweis.hu\/godollo\/wp-json\/wp\/v2\/pages"}],"about":[{"href":"https:\/\/semmelweis.hu\/godollo\/wp-json\/wp\/v2\/types\/page"}],"author":[{"embeddable":true,"href":"https:\/\/semmelweis.hu\/godollo\/wp-json\/wp\/v2\/users\/102513"}],"replies":[{"embeddable":true,"href":"https:\/\/semmelweis.hu\/godollo\/wp-json\/wp\/v2\/comments?post=1141"}],"version-history":[{"count":10,"href":"https:\/\/semmelweis.hu\/godollo\/wp-json\/wp\/v2\/pages\/1141\/revisions"}],"predecessor-version":[{"id":1817,"href":"https:\/\/semmelweis.hu\/godollo\/wp-json\/wp\/v2\/pages\/1141\/revisions\/1817"}],"up":[{"embeddable":true,"href":"https:\/\/semmelweis.hu\/godollo\/wp-json\/wp\/v2\/pages\/20"}],"wp:attachment":[{"href":"https:\/\/semmelweis.hu\/godollo\/wp-json\/wp\/v2\/media?parent=1141"}],"wp:term":[{"taxonomy":"category","embeddable":true,"href":"https:\/\/semmelweis.hu\/godollo\/wp-json\/wp\/v2\/categories?post=1141"},{"taxonomy":"post_tag","embeddable":true,"href":"https:\/\/semmelweis.hu\/godollo\/wp-json\/wp\/v2\/tags?post=1141"}],"curies":[{"name":"wp","href":"https:\/\/api.w.org\/{rel}","templated":true}]}}