{"id":1124,"date":"2025-10-16T11:50:27","date_gmt":"2025-10-16T09:50:27","guid":{"rendered":"https:\/\/semmelweis.hu\/godollo\/?page_id=1124"},"modified":"2026-04-24T13:55:43","modified_gmt":"2026-04-24T11:55:43","slug":"ortopedia-gyermek","status":"publish","type":"page","link":"https:\/\/semmelweis.hu\/godollo\/betegellatas\/szakrendelesek\/ortopedia-gyermek\/","title":{"rendered":"Ortop\u00e9dia &#8211; gyermek"},"content":{"rendered":"<div class=\"keretes w-100\">\n<h5>A rendel\u00e9s csak beutal\u00f3val \u00e9s el\u0151jegyz\u00e9s alapj\u00e1n vehet\u0151 ig\u00e9nybe!<\/h5>\n<p>NEAK k\u00f3d: 01H7210GG\u00a0<\/p>\n<p><strong>El\u0151jegyz\u00e9s szem\u00e9lyesen vagy t<\/strong><strong>elefonon: + <\/strong>36<span data-olk-copy-source=\"MessageBody\"> 28 \/ 999 &#8211; 060<\/span><\/p>\n<p>h\u00e9tf\u0151t\u0151l \u2013 p\u00e9ntekig: 7:00 \u2013 15:00<\/p>\n<p><a href=\"https:\/\/semmelweis.hu\/betegellatas\/betegregisztracio\/\">Betegregisztr\u00e1ci\u00f3 menete \u2192<\/a><\/p>\n<p><strong>C\u00edm:<\/strong> G\u00f6d\u00f6ll\u0151, Pet\u0151fi S\u00e1ndor utca 1-3.<\/p>\n<p><strong>Ell\u00e1t\u00e1si ter\u00fcletek: <\/strong>D\u00e1ny, Erd\u0151kertes, G\u00f6d\u00f6ll\u0151, Isaszeg, Kerepes, Kistarcsa, Mogyor\u00f3d, Szada, V\u00e1cszentl\u00e1szl\u00f3, Valk\u00f3, Veresegyh\u00e1z, Zs\u00e1mbok<\/p>\n<\/div>\n<h3>Rendel\u00e9si id\u0151k:<\/h3>\n<table style=\"width: 90%\">\n<thead>\n<tr>\n<td style=\"width: 30%\">nap<\/td>\n<td>id\u0151pont<\/td>\n<\/tr>\n<\/thead>\n<tbody>\n<tr>\n<td style=\"width: 30%\" scope=\"col\">h\u00e9tf\u0151<\/td>\n<td>&#8211;<\/td>\n<\/tr>\n<tr>\n<td>kedd<\/td>\n<td>&#8211;<\/td>\n<\/tr>\n<tr>\n<td>szerda<\/td>\n<td>&#8211;<\/td>\n<\/tr>\n<tr>\n<td>cs\u00fct\u00f6rt\u00f6k<\/td>\n<td>10:00 &#8211; 14:00 (k\u00e9thetente)<\/td>\n<\/tr>\n<tr>\n<td>p\u00e9ntek<\/td>\n<td>\n<p>&#8211;<\/p>\n<\/td>\n<\/tr>\n<\/tbody>\n<\/table>\n<p><span style=\"color: #ff0000\">\u00c1prilis 30-\u00e1n a rendel\u00e9s elmarad &#8211; helyette \u00e1prilis 23-\u00e1n lesz a rendel\u00e9s megtartva!<\/span><\/p>\n","protected":false},"excerpt":{"rendered":"<p>A rendel\u00e9s csak beutal\u00f3val \u00e9s el\u0151jegyz\u00e9s alapj\u00e1n vehet\u0151 ig\u00e9nybe! NEAK k\u00f3d: 01H7210GG\u00a0 El\u0151jegyz\u00e9s szem\u00e9lyesen vagy telefonon: + 36 28 \/ 999 &#8211; 060 h\u00e9tf\u0151t\u0151l \u2013 p\u00e9ntekig: 7:00 \u2013 15:00 <a href=\"https:\/\/semmelweis.hu\/betegellatas\/betegregisztracio\/\">Betegregisztr\u00e1ci\u00f3 menete \u2192<\/a> C\u00edm: G\u00f6d\u00f6ll\u0151, Pet\u0151fi S\u00e1ndor utca 1-3. Ell\u00e1t\u00e1si ter\u00fcletek: D\u00e1ny, Erd\u0151kertes, G\u00f6d\u00f6ll\u0151, Isaszeg, Kerepes, Kistarcsa, Mogyor\u00f3d, Szada, V\u00e1cszentl\u00e1szl\u00f3, Valk\u00f3, Veresegyh\u00e1z, Zs\u00e1mbok Rendel\u00e9si id\u0151k: nap id\u0151pont h\u00e9tf\u0151 &#8211; &hellip;<\/p>\n","protected":false},"author":102513,"featured_media":0,"parent":20,"menu_order":0,"comment_status":"closed","ping_status":"closed","template":"","meta":{"_acf_changed":false,"footnotes":""},"categories":[4],"tags":[3],"class_list":["post-1124","page","type-page","status-publish","hentry","category-szakrendelesek","tag-gyermekellatas"],"acf":[],"_links":{"self":[{"href":"https:\/\/semmelweis.hu\/godollo\/wp-json\/wp\/v2\/pages\/1124","targetHints":{"allow":["GET"]}}],"collection":[{"href":"https:\/\/semmelweis.hu\/godollo\/wp-json\/wp\/v2\/pages"}],"about":[{"href":"https:\/\/semmelweis.hu\/godollo\/wp-json\/wp\/v2\/types\/page"}],"author":[{"embeddable":true,"href":"https:\/\/semmelweis.hu\/godollo\/wp-json\/wp\/v2\/users\/102513"}],"replies":[{"embeddable":true,"href":"https:\/\/semmelweis.hu\/godollo\/wp-json\/wp\/v2\/comments?post=1124"}],"version-history":[{"count":10,"href":"https:\/\/semmelweis.hu\/godollo\/wp-json\/wp\/v2\/pages\/1124\/revisions"}],"predecessor-version":[{"id":1934,"href":"https:\/\/semmelweis.hu\/godollo\/wp-json\/wp\/v2\/pages\/1124\/revisions\/1934"}],"up":[{"embeddable":true,"href":"https:\/\/semmelweis.hu\/godollo\/wp-json\/wp\/v2\/pages\/20"}],"wp:attachment":[{"href":"https:\/\/semmelweis.hu\/godollo\/wp-json\/wp\/v2\/media?parent=1124"}],"wp:term":[{"taxonomy":"category","embeddable":true,"href":"https:\/\/semmelweis.hu\/godollo\/wp-json\/wp\/v2\/categories?post=1124"},{"taxonomy":"post_tag","embeddable":true,"href":"https:\/\/semmelweis.hu\/godollo\/wp-json\/wp\/v2\/tags?post=1124"}],"curies":[{"name":"wp","href":"https:\/\/api.w.org\/{rel}","templated":true}]}}