{"id":11,"date":"2025-07-19T13:32:03","date_gmt":"2025-07-19T11:32:03","guid":{"rendered":"https:\/\/semmelweis.hu\/godollo\/?page_id=11"},"modified":"2026-03-16T09:19:21","modified_gmt":"2026-03-16T08:19:21","slug":"elerhetoseg","status":"publish","type":"page","link":"https:\/\/semmelweis.hu\/godollo\/elerhetoseg\/","title":{"rendered":"El\u00e9rhet\u0151s\u00e9g"},"content":{"rendered":"<h2 style=\"text-align: center\">G\u00f6d\u00f6ll\u0151i Semmelweis Eg\u00e9szs\u00e9gk\u00f6zpont<\/h2>\n<h4 style=\"text-align: center\">2100 G\u00f6d\u00f6ll\u0151, Pet\u0151fi S\u00e1ndor utca 1-3.<\/h4>\n<div class=\"keretes\" style=\"float: left !important;border: 1px solid lightgray !important;background-color: #ffff !important\">\n<h4><strong>Telefonk\u00f6zpont<\/strong><\/h4>\n<p><strong>Munkanap:<\/strong> 07:00 \u2013 15:00 k\u00f6z\u00f6tt<\/p>\n<p>+36 28 \/ 430 \u2013 655 (kezel\u0151: 0 gomb)<br \/>\n+36 28 \/ 430 \u2013 452 (kezel\u0151: 0 gomb)<\/p>\n<\/div>\n<div class=\"keretes\" style=\"border: 1px solid lightgray !important;background-color: #ffff !important\">\n<h4><strong>El\u0151jegyz\u00e9s szakrendel\u00e9sre<\/strong><\/h4>\n<p><strong>Munkanap:<\/strong> 09:00 \u2013 15:00 k\u00f6z\u00f6tt<\/p>\n<p>+36 70 \/ 502 &#8211; 1899<\/p>\n<p>+36 70 \/ 502 \u2013 2283<\/p>\n<p><a href=\"https:\/\/semmelweis.hu\/godollo\/betegellatas\/szakrendelesek\/\">Szakrendel\u00e9sek inform\u00e1ci\u00f3i \u2192<\/a><\/p>\n<\/div>\n<div class=\"keretes\" style=\"float: left !important;border: 1px solid lightgray !important;background-color: #ffff !important\">\n<h4><strong>El\u0151jegyz\u00e9s laborba<\/strong><\/h4>\n<p><strong>H\u00e9tf\u0151t\u0151l cs\u00fct\u00f6rt\u00f6kig:<\/strong> 11:30 \u2013 14:30 k\u00f6z\u00f6tt<\/p>\n<p><strong>P\u00e9ntek:<\/strong> 11:30 \u2013 13:50 k\u00f6z\u00f6tt<\/p>\n<p>+36 28 \/ 410 \u2013 815<br \/>\n+36 70 \/ 502 \u2013 1959<\/p>\n<\/div>\n<div class=\"keretes\" style=\"border: 1px solid lightgray !important;background-color: #ffff !important\">\n<h4><strong>Igazgat\u00f3s\u00e1g<\/strong><\/h4>\n<p>2100 G\u00f6d\u00f6ll\u0151, Pet\u0151fi S\u00e1ndor utca 1-3.<\/p>\n<p>+36 28 \/ 420 \u2013 655<br \/>\n+36 70 \/ 502 \u2013 1934<br \/>\ngse.titkarsag@semmelweis.hu<\/p>\n<\/div>\n<div class=\"keretes\" style=\"float: left !important;border: 1px solid lightgray !important;background-color: #ffff !important\">\n<h4><strong>Pszichi\u00e1triai gondoz\u00f3<\/strong><\/h4>\n<p>2100 G\u00f6d\u00f6ll\u0151, Ady Endre s\u00e9t\u00e1ny 56.<\/p>\n<p>+36 28 \/ 420 \u2013 480<br \/>\n+36 70 \/ 502 \u2013 2193<\/p>\n<\/div>\n<div class=\"keretes\" style=\"border: 1px solid lightgray !important;background-color: #ffff !important\">\n<h4><strong>Gyermekfog\u00e1szat<\/strong><\/h4>\n<p>2100 G\u00f6d\u00f6ll\u0151, Palota-kert 3.<\/p>\n<p>+36 28 \/ 410 \u2013 609<br \/>\n+36 70 \/ 502 \u2013 2259<\/p>\n<\/div>\n<div class=\"keretes\" style=\"float: left !important;border: 1px solid lightgray !important;background-color: #ffff !important\">\n<h4><strong>Az \u00e9p\u00fcletben m\u0171k\u00f6d\u0151 tov\u00e1bbi ell\u00e1t\u00e1sok:<\/strong><\/h4>\n<ul>\n<li>Gy\u00f3gy\u00e1szati Seg\u00e9deszk\u00f6z bolt: <br \/>\n\u00a0+36 20 204 \u2013 5772 <br \/>\n(nyitvatart\u00e1s: h\u00e9tf\u0151t\u0151l p\u00e9ntekig 7:00-15:00)<\/li>\n<li><a href=\"https:\/\/semmelweis.hu\/godollo\/betegellatas\/haziorvosi-rendelok\/\">Feln\u0151tt \u00e9s gyermek h\u00e1ziorvosok \u2192<\/a><\/li>\n<li><a href=\"https:\/\/semmelweis.hu\/godollo\/betegellatas\/felnott-fogaszat\/\">Feln\u0151tt fog\u00e1szat \u2192<\/a><\/li>\n<\/ul>\n<\/div>\n<div class=\"keretes\" style=\"border: 1px solid lightgray !important;background-color: #ffff !important\">\n<h4><strong>Iskola V\u00e9d\u0151n\u0151i szolg\u00e1lat<\/strong><\/h4>\n<p>2100 G\u00f6d\u00f6ll\u0151, Szabads\u00e1g t\u00e9r 3.<\/p>\n<p>+36 28 \/ 419 \u2013 795<br \/>\n+36 70 \/ 502 \u2013 1988<\/p>\n<\/div>\n<div class=\"keretes w-100\">\n<h4 style=\"text-align: center\"><strong>Int\u00e9zm\u00e9ny\u00fcnk telephelyeinek nyitva tart\u00e1sa<\/strong><\/h4>\n<p style=\"text-align: center\"><strong>F\u0151\u00e9p\u00fclet I. \u00e9p\u00fclet &#8211; Pet\u0151fi S. u. 1-3.\u00a0<\/strong> <br \/>\n07:00 \u2013 19:00<\/p>\n<p style=\"text-align: center\"><strong>II. \u00e9p\u00fclet &#8211; Szabads\u00e1g t\u00e9r 3.\u00a0<\/strong> <br \/>\n07:00 \u2013 19:00 \u00f3r\u00e1ig<\/p>\n<p style=\"text-align: center\"><strong>Pszichi\u00e1triai gondoz\u00f3 &#8211; Ady E. s\u00e9t\u00e1ny 56.\u00a0<\/strong><br \/>\n07:00 \u2013 18:00 \u00f3r\u00e1ig<\/p>\n<p style=\"text-align: center\"><strong>Gyermekfog\u00e1szat Palotakert 3.<\/strong><br \/>\n07:00 \u2013 18:30 \u00f3r\u00e1ig<\/p>\n<\/div>\n","protected":false},"excerpt":{"rendered":"<p>G\u00f6d\u00f6ll\u0151i Semmelweis Eg\u00e9szs\u00e9gk\u00f6zpont 2100 G\u00f6d\u00f6ll\u0151, Pet\u0151fi S\u00e1ndor utca 1-3. Telefonk\u00f6zpont Munkanap: 07:00 \u2013 15:00 k\u00f6z\u00f6tt +36 28 \/ 430 \u2013 655 (kezel\u0151: 0 gomb) +36 28 \/ 430 \u2013 452 (kezel\u0151: 0 gomb) El\u0151jegyz\u00e9s szakrendel\u00e9sre Munkanap: 09:00 \u2013 15:00 k\u00f6z\u00f6tt +36 70 \/ 502 &#8211; 1899 +36 70 \/ 502 \u2013 2283 <a href=\"https:\/\/semmelweis.hu\/godollo\/betegellatas\/szakrendelesek\/\">Szakrendel\u00e9sek inform\u00e1ci\u00f3i \u2192<\/a> El\u0151jegyz\u00e9s laborba H\u00e9tf\u0151t\u0151l &hellip;<\/p>\n","protected":false},"author":12,"featured_media":0,"parent":0,"menu_order":8,"comment_status":"closed","ping_status":"closed","template":"","meta":{"_acf_changed":false,"footnotes":""},"categories":[8],"tags":[],"class_list":["post-11","page","type-page","status-publish","hentry","category-rolunk-kapcsolodo"],"acf":[],"_links":{"self":[{"href":"https:\/\/semmelweis.hu\/godollo\/wp-json\/wp\/v2\/pages\/11","targetHints":{"allow":["GET"]}}],"collection":[{"href":"https:\/\/semmelweis.hu\/godollo\/wp-json\/wp\/v2\/pages"}],"about":[{"href":"https:\/\/semmelweis.hu\/godollo\/wp-json\/wp\/v2\/types\/page"}],"author":[{"embeddable":true,"href":"https:\/\/semmelweis.hu\/godollo\/wp-json\/wp\/v2\/users\/12"}],"replies":[{"embeddable":true,"href":"https:\/\/semmelweis.hu\/godollo\/wp-json\/wp\/v2\/comments?post=11"}],"version-history":[{"count":11,"href":"https:\/\/semmelweis.hu\/godollo\/wp-json\/wp\/v2\/pages\/11\/revisions"}],"predecessor-version":[{"id":1737,"href":"https:\/\/semmelweis.hu\/godollo\/wp-json\/wp\/v2\/pages\/11\/revisions\/1737"}],"wp:attachment":[{"href":"https:\/\/semmelweis.hu\/godollo\/wp-json\/wp\/v2\/media?parent=11"}],"wp:term":[{"taxonomy":"category","embeddable":true,"href":"https:\/\/semmelweis.hu\/godollo\/wp-json\/wp\/v2\/categories?post=11"},{"taxonomy":"post_tag","embeddable":true,"href":"https:\/\/semmelweis.hu\/godollo\/wp-json\/wp\/v2\/tags?post=11"}],"curies":[{"name":"wp","href":"https:\/\/api.w.org\/{rel}","templated":true}]}}