{"id":108,"date":"2025-07-15T15:29:52","date_gmt":"2025-07-15T13:29:52","guid":{"rendered":"https:\/\/semmelweis.hu\/godollo\/?page_id=108"},"modified":"2026-02-16T15:55:30","modified_gmt":"2026-02-16T14:55:30","slug":"gasztroenterologia","status":"publish","type":"page","link":"https:\/\/semmelweis.hu\/godollo\/betegellatas\/szakrendelesek\/gasztroenterologia\/","title":{"rendered":"Gasztroenterol\u00f3gia"},"content":{"rendered":"<div class=\"keretes w-100\">\n<h5><span style=\"color: #ff0000\">Beutal\u00f3 k\u00f3d: 01H72011G (Belgy\u00f3gy\u00e1szat I.)<\/span><\/h5>\n<h5>A rendel\u00e9s csak beutal\u00f3val \u00e9s el\u0151jegyz\u00e9s alapj\u00e1n vehet\u0151 ig\u00e9nybe! A rendel\u00e9s befejez\u00e9se el\u0151tt f\u00e9l \u00f3r\u00e1val \u00faj beteget m\u00e1r nem tudunk fogadni!<\/h5>\n<p><strong>El\u0151jegyz\u00e9s:<\/strong> <strong>szem\u00e9lyesen vagy telefonon:<\/strong> +3670\/502-1899, +3670\/502-2283<\/p>\n<p>h\u00e9tf\u0151 \u2013 cs\u00fct\u00f6rt\u00f6k: 09:00 \u2013 17:45<\/p>\n<p>p\u00e9ntek: 09:00 \u2013 15:45<\/p>\n<p><strong>Inform\u00e1ci\u00f3: <\/strong>+36 70\/502-1961<br \/>\nKedd: 14:00 &#8211; 16:00<\/p>\n<p><strong>Email:<\/strong> gse.elojegyzes@semmelweis.hu<\/p>\n<p><a href=\"\/betegellatas\/betegregisztracio\/\">Betegregisztr\u00e1ci\u00f3 menete \u2192<\/a><\/p>\n<p><strong>C\u00edm:<\/strong> G\u00f6d\u00f6ll\u0151, Pet\u0151fi S\u00e1ndor utca 1-3. 1. emelet 12. szoba<\/p>\n<p><strong>Ell\u00e1t\u00e1si ter\u00fcletek: <\/strong>D\u00e1ny, Erd\u0151kertes, G\u00f6d\u00f6ll\u0151, Isaszeg, Kerepes, Kistarcsa, Mogyor\u00f3d, Szada, V\u00e1cszentl\u00e1szl\u00f3, Valk\u00f3, Veresegyh\u00e1z, Zs\u00e1mbok<\/p>\n<\/div>\n<h1>Dr. Herczegh ildik\u00f3<\/h1>\n<table style=\"width: 90%\">\n<thead>\n<tr>\n<td style=\"width: 30%\">nap<\/td>\n<td>id\u0151pont<\/td>\n<\/tr>\n<\/thead>\n<tbody>\n<tr>\n<td style=\"width: 30%\" scope=\"col\">h\u00e9tf\u0151<\/td>\n<td>&#8211;<\/td>\n<\/tr>\n<tr>\n<td>kedd<\/td>\n<td>08:00 &#8211; 18:00<\/td>\n<\/tr>\n<tr>\n<td>szerda<\/td>\n<td>&#8211;<\/td>\n<\/tr>\n<tr>\n<td>cs\u00fct\u00f6rt\u00f6k<\/td>\n<td>&#8211;<\/td>\n<\/tr>\n<tr>\n<td>p\u00e9ntek<\/td>\n<td>\n<p>&#8211;<\/p>\n<\/td>\n<\/tr>\n<\/tbody>\n<\/table>\n<p>&nbsp;<\/p>\n<h3>Milyen esetben seg\u00edt \u00d6nnek a gasztroenterol\u00f3gus?<\/h3>\n<p>A gasztroenterol\u00f3gia az em\u00e9szt\u0151rendszer betegs\u00e9geinek felder\u00edt\u00e9s\u00e9vel \u00e9s kezel\u00e9s\u00e9vel foglalkozik.<\/p>\n<p>Az els\u0151 konzult\u00e1ci\u00f3 sor\u00e1n \u00e1ttekintik az el\u0151zm\u00e9nyeket, a jelen panaszokat, a rendelkez\u00e9sre \u00e1ll\u00f3 vizsg\u00e1lati eredm\u00e9nyeket \u00e9s a fizik\u00e1lis vizsg\u00e1lat alapj\u00e1n a szakorvos kezel\u00e9si tervet \u00e1ll\u00edt fel, melynek keret\u00e9ben pl. gy\u00f3gyszeres, \u00e9trendi ter\u00e1pi\u00e1t vagy tov\u00e1bbi kivizsg\u00e1l\u00e1st javasol.<\/p>\n","protected":false},"excerpt":{"rendered":"<p>Beutal\u00f3 k\u00f3d: 01H72011G (Belgy\u00f3gy\u00e1szat I.) A rendel\u00e9s csak beutal\u00f3val \u00e9s el\u0151jegyz\u00e9s alapj\u00e1n vehet\u0151 ig\u00e9nybe! A rendel\u00e9s befejez\u00e9se el\u0151tt f\u00e9l \u00f3r\u00e1val \u00faj beteget m\u00e1r nem tudunk fogadni! El\u0151jegyz\u00e9s: szem\u00e9lyesen vagy telefonon: +3670\/502-1899, +3670\/502-2283 h\u00e9tf\u0151 \u2013 cs\u00fct\u00f6rt\u00f6k: 09:00 \u2013 17:45 p\u00e9ntek: 09:00 \u2013 15:45 Inform\u00e1ci\u00f3: +36 70\/502-1961 Kedd: 14:00 &#8211; 16:00 Email: gse.elojegyzes@semmelweis.hu <a href=\"\/betegellatas\/betegregisztracio\/\">Betegregisztr\u00e1ci\u00f3 menete \u2192<\/a> C\u00edm: G\u00f6d\u00f6ll\u0151, Pet\u0151fi S\u00e1ndor &hellip;<\/p>\n","protected":false},"author":102484,"featured_media":0,"parent":20,"menu_order":0,"comment_status":"closed","ping_status":"closed","template":"","meta":{"_acf_changed":false,"footnotes":""},"categories":[4],"tags":[],"class_list":["post-108","page","type-page","status-publish","hentry","category-szakrendelesek"],"acf":[],"_links":{"self":[{"href":"https:\/\/semmelweis.hu\/godollo\/wp-json\/wp\/v2\/pages\/108","targetHints":{"allow":["GET"]}}],"collection":[{"href":"https:\/\/semmelweis.hu\/godollo\/wp-json\/wp\/v2\/pages"}],"about":[{"href":"https:\/\/semmelweis.hu\/godollo\/wp-json\/wp\/v2\/types\/page"}],"author":[{"embeddable":true,"href":"https:\/\/semmelweis.hu\/godollo\/wp-json\/wp\/v2\/users\/102484"}],"replies":[{"embeddable":true,"href":"https:\/\/semmelweis.hu\/godollo\/wp-json\/wp\/v2\/comments?post=108"}],"version-history":[{"count":10,"href":"https:\/\/semmelweis.hu\/godollo\/wp-json\/wp\/v2\/pages\/108\/revisions"}],"predecessor-version":[{"id":1645,"href":"https:\/\/semmelweis.hu\/godollo\/wp-json\/wp\/v2\/pages\/108\/revisions\/1645"}],"up":[{"embeddable":true,"href":"https:\/\/semmelweis.hu\/godollo\/wp-json\/wp\/v2\/pages\/20"}],"wp:attachment":[{"href":"https:\/\/semmelweis.hu\/godollo\/wp-json\/wp\/v2\/media?parent=108"}],"wp:term":[{"taxonomy":"category","embeddable":true,"href":"https:\/\/semmelweis.hu\/godollo\/wp-json\/wp\/v2\/categories?post=108"},{"taxonomy":"post_tag","embeddable":true,"href":"https:\/\/semmelweis.hu\/godollo\/wp-json\/wp\/v2\/tags?post=108"}],"curies":[{"name":"wp","href":"https:\/\/api.w.org\/{rel}","templated":true}]}}