{"id":105,"date":"2025-07-15T15:28:50","date_gmt":"2025-07-15T13:28:50","guid":{"rendered":"https:\/\/semmelweis.hu\/godollo\/?page_id=105"},"modified":"2026-01-12T07:25:48","modified_gmt":"2026-01-12T06:25:48","slug":"foglalkozas-egeszsegugy","status":"publish","type":"page","link":"https:\/\/semmelweis.hu\/godollo\/betegellatas\/szakrendelesek\/foglalkozas-egeszsegugy\/","title":{"rendered":"Foglalkoz\u00e1s eg\u00e9szs\u00e9g\u00fcgy"},"content":{"rendered":"<div class=\"keretes w-100\">\n<h5>A rendel\u00e9s csak beutal\u00f3val \u00e9s el\u0151jegyz\u00e9s alapj\u00e1n vehet\u0151 ig\u00e9nybe!<\/h5>\n<p><strong>El\u0151jegyz\u00e9s:<\/strong>\u00a0<br \/>\n<b>Dr. H\u00e9zinger Lajos: <\/b>+3670\/502-1983 h\u00e9tf\u0151 15:00 &#8211; 18:00<br \/>\n<b>Dr. Havay Mikl\u00f3s: <\/b>+3670\/502-1961 szerda 08:00 &#8211; 12:00<\/p>\n<p><strong>C\u00edm:<\/strong> G\u00f6d\u00f6ll\u0151, Pet\u0151fi S\u00e1ndor utca 1-3<br \/>\n<b>Dr. H\u00e9zinger Lajos: <\/b>2. emelet 19. szoba<br \/>\n<b>Dr. Havay Mikl\u00f3s:\u00a0<\/b>1. emelet 12. szoba<\/p>\n<p><strong>Ell\u00e1t\u00e1si ter\u00fcletek: <\/strong>D\u00e1ny, Erd\u0151kertes, G\u00f6d\u00f6ll\u0151, Isaszeg, Kerepes, Kistarcsa, Mogyor\u00f3d, Szada, V\u00e1cszentl\u00e1szl\u00f3, Valk\u00f3, Veresegyh\u00e1z, Zs\u00e1mbok<\/p>\n<\/div>\n<h1>Dr. H\u00e9zinger lajos<\/h1>\n<p><strong>Helysz\u00edn:<\/strong> II. szem\u00e9szeti rendel\u0151<\/p>\n<table style=\"width: 90%\">\n<thead>\n<tr>\n<td style=\"width: 30%\">nap<\/td>\n<td>id\u0151pont<\/td>\n<\/tr>\n<\/thead>\n<tbody>\n<tr>\n<td style=\"width: 30%\" scope=\"col\">h\u00e9tf\u0151<\/td>\n<td>15:00 &#8211; 19:00<\/td>\n<\/tr>\n<tr>\n<td>kedd<\/td>\n<td>&#8211;<\/td>\n<\/tr>\n<tr>\n<td>szerda<\/td>\n<td>&#8211;<\/td>\n<\/tr>\n<tr>\n<td>cs\u00fct\u00f6rt\u00f6k<\/td>\n<td>&#8211;<\/td>\n<\/tr>\n<tr>\n<td>p\u00e9ntek<\/td>\n<td>\n<p>&#8211;<\/p>\n<\/td>\n<\/tr>\n<\/tbody>\n<\/table>\n<h1>Dr. Havay mikl\u00f3s<\/h1>\n<p><strong>Helysz\u00edn:<\/strong> Angiol\u00f3giai rendel\u0151<\/p>\n<table style=\"width: 90%\">\n<thead>\n<tr>\n<td style=\"width: 30%\">nap<\/td>\n<td>id\u0151pont<\/td>\n<\/tr>\n<\/thead>\n<tbody>\n<tr>\n<td style=\"width: 30%\" scope=\"col\">h\u00e9tf\u0151<\/td>\n<td>&#8211;<\/td>\n<\/tr>\n<tr>\n<td>kedd<\/td>\n<td>&#8211;<\/td>\n<\/tr>\n<tr>\n<td>szerda<\/td>\n<td>08:00 &#8211; 12:00<\/td>\n<\/tr>\n<tr>\n<td>cs\u00fct\u00f6rt\u00f6k<\/td>\n<td>&#8211;<\/td>\n<\/tr>\n<tr>\n<td>p\u00e9ntek<\/td>\n<td>\n<p>&#8211;<\/p>\n<\/td>\n<\/tr>\n<\/tbody>\n<\/table>\n<p>&nbsp;<\/p>\n<h3>Mi a feladata a Foglalkoz\u00e1s eg\u00e9szs\u00e9g\u00fcgyi szakell\u00e1t\u00e1snak?<\/h3>\n<p>Haz\u00e1nkban a Munka T\u00f6rv\u00e9nyk\u00f6nyve el\u0151\u00edrja, hogy a munkav\u00e1llal\u00f3 csak olyan feladatra alkalmazhat\u00f3, ami az eg\u00e9szs\u00e9g\u00e9re, a testi alkat\u00e1ra \u00e9s fejletts\u00e9g\u00e9re tekintettel van, valamint k\u00e1ros hat\u00e1st nem gyakorol r\u00e1. A munk\u00e1ltat\u00f3 a dolgoz\u00f3 munk\u00e1ba \u00e1ll\u00e1sa el\u0151tt, illetve id\u0151k\u00f6z\u00f6nk\u00e9nt vagy soron k\u00edv\u00fcl k\u00f6teles az ingyenes munkak\u00f6ri alkalmass\u00e1gi vizsg\u00e1latot lehet\u0151v\u00e9 tenni az \u00fczemorvosi rendel\u00e9sen. A foglalkoz\u00e1s-eg\u00e9szs\u00e9g\u00fcgyi szolg\u00e1latnak els\u0151sorban prevent\u00edv, megel\u0151z\u0151 szerepe van. A foglalkoz\u00e1s-eg\u00e9szs\u00e9g\u00fcgyi szolg\u00e1lat els\u0151sorban \u2013 a munk\u00e1ltat\u00f3 felel\u0151ss\u00e9g\u00e9nek \u00e9rintetlen\u00fcl hagy\u00e1s\u00e1val \u2013 k\u00f6zrem\u0171k\u00f6dik az eg\u00e9szs\u00e9ges munkak\u00f6rnyezet kialak\u00edt\u00e1s\u00e1ban \u00e9s az eg\u00e9szs\u00e9gk\u00e1rosod\u00e1sok megel\u0151z\u00e9s\u00e9ben.<\/p>\n<p>Feladata egyr\u00e9szt a munkahelyi megterhel\u00e9s (fizikai, szellemi, lelki) \u00e9s a munkak\u00f6rnyezeti k\u00f3roki t\u00e9nyez\u0151k (fizikai, k\u00e9miai, biol\u00f3giai, pszichoszoci\u00e1lis, ergon\u00f3miai) felkutat\u00e1sa, folyamatos ellen\u0151rz\u00e9se, m\u00e1sr\u00e9szt hogy javaslatot tegyen arra, milyen m\u00f3dszerekkel lehet ezeket olyan szinten tartani, ami nem k\u00e1ros\u00edtja az eg\u00e9szs\u00e9get.<\/p>\n<p>Hat\u00e1sk\u00f6r\u00e9be tartozik m\u00e9g a munkav\u00e1llal\u00f3k eg\u00e9szs\u00e9g\u00e9nek ellen\u0151rz\u00e9se. A foglalkoz\u00e1s-eg\u00e9szs\u00e9g\u00fcgyi szolg\u00e1lat a munkav\u00e9delemr\u0151l sz\u00f3l\u00f3 t\u00f6rv\u00e9ny alapj\u00e1n \u2013 t\u00f6bbek k\u00f6z\u00f6tt \u2013 r\u00e9szt vesz a munkav\u00e9delmi \u00fczembe helyez\u00e9sben, a munkabaleset kivizsg\u00e1l\u00e1s\u00e1ban.<\/p>\n<p>A munk\u00e1ltat\u00f3kat munkahigi\u00e9niai tan\u00e1csad\u00e1ssal seg\u00edti, \u00e9s a feladatai k\u00f6z\u00e9 tartozik a vesz\u00e9lyhelyzetek megel\u0151z\u00e9se.<\/p>\n<h3>Mi a foglalkoz\u00e1s eg\u00e9szs\u00e9g\u00fcgyi vizsg\u00e1lat c\u00e9lja?<\/h3>\n<p>A foglalkoz\u00e1s-eg\u00e9szs\u00e9g\u00fcgyi vizsg\u00e1lat c\u00e9lja annak meg\u00e1llap\u00edt\u00e1sa, hogy a dolgoz\u00f3 alkalmas-e az adott munkak\u00f6r bet\u00f6lt\u00e9s\u00e9re, illetve folytat\u00e1s\u00e1ra, ha b\u00e1rmi okb\u00f3l t\u00e1vol maradt a munkav\u00e9gz\u00e9s\u00e9t\u0151l.<\/p>\n<h3>Mi a foglalkoz\u00e1s eg\u00e9szs\u00e9g\u00fcgyi vizsg\u00e1lat menete?<\/h3>\n<ul>\n<li>a munkav\u00e1llal\u00f3 kor\u00e1bbi betegs\u00e9geinek megismer\u00e9se<\/li>\n<li>az esetleges munkahelyi \u00e1rtalmak felt\u00e9rk\u00e9pez\u00e9se a dolgoz\u00f3 szemsz\u00f6g\u00e9b\u0151l<\/li>\n<li>fizik\u00e1lis vizsg\u00e1lat<\/li>\n<li>v\u00e9rnyom\u00e1sm\u00e9r\u00e9s<\/li>\n<li>l\u00e1t\u00e1svizsg\u00e1lat<\/li>\n<li>hall\u00e1svizsg\u00e1lat<\/li>\n<li>idegrendszeri rutinvizsg\u00e1lat<\/li>\n<li>t\u00fcd\u0151sz\u0171r\u00e9s a kijel\u00f6lt t\u00fcd\u0151sz\u0171r\u0151 \u00e1llom\u00e1son<\/li>\n<li>az adott munkav\u00e9gz\u00e9shez k\u00f6t\u00f6tt egy\u00e9b, speci\u00e1lis sz\u0171r\u0151vizsg\u00e1latok<\/li>\n<li>megl\u00e9v\u0151 betegs\u00e9gek ismeret\u00e9ben kontrollvizsg\u00e1lat k\u00e9r\u00e9se (a laborvizsg\u00e1lat \u00e9s v\u00e9rcukorszint m\u00e9r\u00e9s mellett a b\u0151rgy\u00f3gy\u00e1szati, kardiol\u00f3giai, reumatol\u00f3giai, gasztroenterol\u00f3giai \u00e9s neurol\u00f3giai vizsg\u00e1latok a leggyakoribbak)<\/li>\n<li>az alkalmass\u00e1gi vizsg\u00e1latr\u00f3l a munkaad\u00f3 els\u0151fok\u00fa alkalmass\u00e1gi v\u00e9lem\u00e9nyt kap<\/li>\n<li>a vizsg\u00e1lat dokument\u00e1ci\u00f3j\u00e1t (t\u00f6rzslap) az \u00fczemorvos \u0151rzi pap\u00edralapon, sz\u00e1m\u00edt\u00f3g\u00e9pes rendszerben.<\/li>\n<\/ul>\n","protected":false},"excerpt":{"rendered":"<p>A rendel\u00e9s csak beutal\u00f3val \u00e9s el\u0151jegyz\u00e9s alapj\u00e1n vehet\u0151 ig\u00e9nybe! El\u0151jegyz\u00e9s:\u00a0 Dr. H\u00e9zinger Lajos: +3670\/502-1983 h\u00e9tf\u0151 15:00 &#8211; 18:00 Dr. Havay Mikl\u00f3s: +3670\/502-1961 szerda 08:00 &#8211; 12:00 C\u00edm: G\u00f6d\u00f6ll\u0151, Pet\u0151fi S\u00e1ndor utca 1-3 Dr. H\u00e9zinger Lajos: 2. emelet 19. szoba Dr. Havay Mikl\u00f3s:\u00a01. emelet 12. szoba Ell\u00e1t\u00e1si ter\u00fcletek: D\u00e1ny, Erd\u0151kertes, G\u00f6d\u00f6ll\u0151, Isaszeg, Kerepes, Kistarcsa, Mogyor\u00f3d, Szada, &hellip;<\/p>\n","protected":false},"author":102484,"featured_media":0,"parent":20,"menu_order":0,"comment_status":"closed","ping_status":"closed","template":"","meta":{"_acf_changed":false,"footnotes":""},"categories":[4],"tags":[],"class_list":["post-105","page","type-page","status-publish","hentry","category-szakrendelesek"],"acf":[],"_links":{"self":[{"href":"https:\/\/semmelweis.hu\/godollo\/wp-json\/wp\/v2\/pages\/105","targetHints":{"allow":["GET"]}}],"collection":[{"href":"https:\/\/semmelweis.hu\/godollo\/wp-json\/wp\/v2\/pages"}],"about":[{"href":"https:\/\/semmelweis.hu\/godollo\/wp-json\/wp\/v2\/types\/page"}],"author":[{"embeddable":true,"href":"https:\/\/semmelweis.hu\/godollo\/wp-json\/wp\/v2\/users\/102484"}],"replies":[{"embeddable":true,"href":"https:\/\/semmelweis.hu\/godollo\/wp-json\/wp\/v2\/comments?post=105"}],"version-history":[{"count":11,"href":"https:\/\/semmelweis.hu\/godollo\/wp-json\/wp\/v2\/pages\/105\/revisions"}],"predecessor-version":[{"id":1445,"href":"https:\/\/semmelweis.hu\/godollo\/wp-json\/wp\/v2\/pages\/105\/revisions\/1445"}],"up":[{"embeddable":true,"href":"https:\/\/semmelweis.hu\/godollo\/wp-json\/wp\/v2\/pages\/20"}],"wp:attachment":[{"href":"https:\/\/semmelweis.hu\/godollo\/wp-json\/wp\/v2\/media?parent=105"}],"wp:term":[{"taxonomy":"category","embeddable":true,"href":"https:\/\/semmelweis.hu\/godollo\/wp-json\/wp\/v2\/categories?post=105"},{"taxonomy":"post_tag","embeddable":true,"href":"https:\/\/semmelweis.hu\/godollo\/wp-json\/wp\/v2\/tags?post=105"}],"curies":[{"name":"wp","href":"https:\/\/api.w.org\/{rel}","templated":true}]}}