{"id":102,"date":"2025-07-15T15:27:41","date_gmt":"2025-07-15T13:27:41","guid":{"rendered":"https:\/\/semmelweis.hu\/godollo\/?page_id=102"},"modified":"2026-04-08T07:30:52","modified_gmt":"2026-04-08T05:30:52","slug":"fizikoterapia","status":"publish","type":"page","link":"https:\/\/semmelweis.hu\/godollo\/betegellatas\/szakrendelesek\/fizikoterapia\/","title":{"rendered":"Fizikoter\u00e1pia"},"content":{"rendered":"<div class=\"keretes w-100\">\n<h5>A rendel\u00e9s csak beutal\u00f3val, kezel\u0151lappal \u00e9s el\u0151jegyz\u00e9s alapj\u00e1n vehet\u0151 ig\u00e9nybe!<\/h5>\n<p><strong>Inform\u00e1ci\u00f3: <\/strong>+36 70\/502-2025<\/p>\n<p><strong>El\u0151jegyz\u00e9s:<\/strong><\/p>\n<ul>\n<li><strong>Szem\u00e9lyesen:<\/strong> a szakrendel\u00e9sen kiz\u00e1r\u00f3lag beutal\u00f3val \u00e9s kezel\u0151lappal vagy a lead\u00e1s\u00e1t k\u00f6vet\u0151en 48 \u00f3r\u00e1n bel\u00fcl t\u00e1j\u00e9koztatjuk a kezel\u00e9sek id\u0151pontj\u00e1r\u00f3l <br \/>\nh\u00e9tf\u0151 &#8211; p\u00e9ntek: 11:00 &#8211; 12:00<\/li>\n<li><strong>Email:<\/strong> beutal\u00f3 \u00e9s kezel\u0151lap elk\u00fcld\u00e9s\u00e9vel a gse.fiziko@semmelweis.hu c\u00edmen<\/li>\n<\/ul>\n<p><strong>C\u00edm:<\/strong> G\u00f6d\u00f6ll\u0151, Szabads\u00e1g t\u00e9r 3.<\/p>\n<p><strong>Ell\u00e1t\u00e1si ter\u00fcletek: <\/strong>D\u00e1ny, Erd\u0151kertes, G\u00f6d\u00f6ll\u0151, Isaszeg, Kerepes, Kistarcsa, Mogyor\u00f3d, Szada, V\u00e1cszentl\u00e1szl\u00f3, Valk\u00f3, Veresegyh\u00e1z, Zs\u00e1mbok<\/p>\n<\/div>\n<h1>Bencsikn\u00e9 Katona Anna<\/h1>\n<table style=\"width: 90%\">\n<thead>\n<tr>\n<td style=\"width: 30%\">nap<\/td>\n<td>id\u0151pont<\/td>\n<\/tr>\n<\/thead>\n<tbody>\n<tr>\n<td style=\"width: 30%\" scope=\"col\">h\u00e9tf\u0151<\/td>\n<td>07:00 &#8211; 15:00<\/td>\n<\/tr>\n<tr>\n<td>kedd<\/td>\n<td>07:00 &#8211; 15:00<\/td>\n<\/tr>\n<tr>\n<td>szerda<\/td>\n<td>07:00 &#8211; 15:00<\/td>\n<\/tr>\n<tr>\n<td>cs\u00fct\u00f6rt\u00f6k<\/td>\n<td>07:00 &#8211; 15:00<\/td>\n<\/tr>\n<tr>\n<td>p\u00e9ntek<\/td>\n<td>\n<p>07:00 &#8211; 15:00<\/p>\n<\/td>\n<\/tr>\n<\/tbody>\n<\/table>\n<h1>Sz\u00e1sz Judit<\/h1>\n<table style=\"width: 90%\">\n<thead>\n<tr>\n<td style=\"width: 30%\">nap<\/td>\n<td>id\u0151pont<\/td>\n<\/tr>\n<\/thead>\n<tbody>\n<tr>\n<td style=\"width: 30%\" scope=\"col\">h\u00e9tf\u0151<\/td>\n<td>11:00 &#8211; 19:00<\/td>\n<\/tr>\n<tr>\n<td>kedd<\/td>\n<td>11:00 &#8211; 19:00<\/td>\n<\/tr>\n<tr>\n<td>szerda<\/td>\n<td>11:00 &#8211; 19:00<\/td>\n<\/tr>\n<tr>\n<td>cs\u00fct\u00f6rt\u00f6k<\/td>\n<td>11:00 &#8211; 19:00<\/td>\n<\/tr>\n<tr>\n<td>p\u00e9ntek<\/td>\n<td>\n<p>11:00 &#8211; 19:00<\/p>\n<\/td>\n<\/tr>\n<\/tbody>\n<\/table>\n<h3>\u00a0<\/h3>\n<h3>Kezel\u00e9sek, fontos inform\u00e1ci\u00f3k<\/h3>\n<p>A fizikoter\u00e1pi\u00e1s kezel\u00e9sek hat\u00e9kony seg\u00edts\u00e9get ny\u00fajthatnak az izom \u00e9s \u00edz\u00fcleti betegs\u00e9gek megel\u0151z\u00e9s\u00e9ben, a m\u00e1r megl\u00e9v\u0151 mozg\u00e1sszervi \u00e9s neurol\u00f3giai probl\u00e9m\u00e1k konzervat\u00edv kezel\u00e9s\u00e9ben, egyes m\u0171t\u00e9tek ut\u00e1ni rehabilit\u00e1ci\u00f3ban, valamint pl. mozg\u00e1sszervi funkci\u00f3 helyre\u00e1ll\u00edt\u00e1s\u00e1ban, illetve baleseti ut\u00f3kezel\u00e9sben. <span style=\"font-size: 1rem\">A fizikoter\u00e1pi\u00e1s kezel\u00e9st a fizikoter\u00e1pi\u00e1s asszisztens v\u00e9gzi.<\/span><\/p>\n<h5>Szakorvosi beutal\u00f3 k\u00f6teles ell\u00e1t\u00e1s:<\/h5>\n<ul>\n<li>Beutal\u00f3t a reumatol\u00f3gus-, ortop\u00e9d-, neurol\u00f3gus-, seb\u00e9sz-, valamint baleseti seb\u00e9sz szakorvos \u00e1ll\u00edthat ki.<\/li>\n<li><strong>A szakorvosi beutal\u00f3 90 napig \u00e9rv\u00e9nyes.<\/strong><\/li>\n<li>Fizikoter\u00e1pi\u00e1s r\u00e9szleg\u00fcnk m\u00e1s int\u00e9zetben ki\u00e1ll\u00edtott beutal\u00f3val \u00e9s kezel\u0151lappal is fogad ter\u00fcleti betegeket.<\/li>\n<\/ul>\n<h5>Kezel\u00e9sek:<\/h5>\n<ul>\n<li>Ultrahang kezel\u00e9s<\/li>\n<li>M\u00e1gneses kezel\u00e9sek<\/li>\n<li>Interferencia<\/li>\n<li>Diadynamic ter\u00e1pia<\/li>\n<li>TENS kezel\u00e9s<\/li>\n<li>Szelekt\u00edv inger\u00e1ram<\/li>\n<li>Galv\u00e1n kezel\u00e9s<\/li>\n<\/ul>\n<div class=\"fontos_div\">\n<p>A t\u00e1pp\u00e9nzes betegek soron k\u00edv\u00fcli ell\u00e1t\u00e1sa NEM azonnali ell\u00e1t\u00e1st jelent.<\/p>\n<\/div>\n<h5>Bejelentkez\u00e9s\u00a0<\/h5>\n<p>A p\u00e1ciensnek a beutal\u00f3 ki\u00e1ll\u00edt\u00e1st\u00f3l sz\u00e1m\u00edtott 10 napon bel\u00fcl kell szem\u00e9lyesen jelentkeznie a fizikoter\u00e1pi\u00e1s szakrendel\u00e9sen h\u00e9tf\u0151t\u0151l p\u00e9ntekig kiz\u00e1r\u00f3lag 11:00 \u2013 12:00 \u00f3ra k\u00f6z\u00f6tt, ahol a beutal\u00f3t, kezel\u0151lapot leadja \u00e9s a szakdolgoz\u00f3 ellen\u0151rzi a beutal\u00f3t, az el\u0151\u00edrt kezel\u00e9seket. Ezt k\u00f6vet\u0151en a p\u00e1cienst 48 \u00f3r\u00e1n bel\u00fcl telefonon t\u00e1j\u00e9koztatjuk a kezel\u00e9sek id\u0151pontj\u00e1r\u00f3l.<\/p>\n<p>El\u0151jegyz\u00e9si id\u0151pontok a kezel\u0151lapon ker\u00fclnek r\u00f6gz\u00edt\u00e9sre \u00e9s a kezel\u00e9sen val\u00f3 r\u00e9szv\u00e9telt a fizioter\u00e1pi\u00e1s asszisztens al\u00e1\u00edr\u00e1s\u00e1val igazolja.<\/p>\n<p>Els\u0151 kezel\u00e9s el\u0151tt legyen sz\u00edves az I.Rendel\u0151 regisztr\u00e1ci\u00f3j\u00e1n bejelentkezni, m\u00e1sodik kezel\u00e9st\u0151l ez nem sz\u00fcks\u00e9ges. Eg\u00e9szs\u00e9g\u00fcgyi int\u00e9zm\u00e9nyeben a H\u00e1zirendben el\u0151\u00edrt higi\u00e9niai \u00e9s viselked\u00e9si norm\u00e1k az elv\u00e1rtak a kezel\u00e9sre \u00e9rkez\u0151 p\u00e1ciensekt\u0151l.<\/p>\n<h5>Hogyan k\u00e9sz\u00fclj\u00f6n a ter\u00e1pi\u00e1ra? Mit hozzon mag\u00e1val?<\/h5>\n<p>A kezel\u00e9s alkalm\u00e1val javasoljuk a k\u00e9nyelmes ruh\u00e1zat visel\u00e9s\u00e9t, leped\u0151t vagy f\u00fcrd\u0151leped\u0151t, papucsot, 1 csomag 20\u00d720 cm szivacskend\u0151t az elektroter\u00e1pi\u00e1hoz k\u00e9rj\u00fck, hogy hozzon mag\u00e1val.<\/p>\n<h5>Mennyivel el\u0151bb kell \u00e9rkezni?<\/h5>\n<p>El\u0151jegyzett p\u00e1cienseinknek javasoljuk, hogy id\u0151pontjuk el\u0151tt minimum 15 perccel \u00e9rkezzenek, mert lek\u00e9sett id\u0151pont eset\u00e9n a fizioter\u00e1pi\u00e1s eszk\u00f6z kihaszn\u00e1lts\u00e1ga miatt, nem kivitelezhet\u0151 a kezel\u00e9s.<\/p>\n<h5>Id\u0151pont lemond\u00e1sa \u00e9s a le nem mondott kezel\u00e9sek k\u00f6vekezm\u00e9nyei<\/h5>\n<p>Foglalt id\u0151pont lemond\u00e1s\u00e1t kezel\u00e9st megel\u0151z\u0151en minimum 24 \u00f3r\u00e1val kell megtennie telefonon vagy szem\u00e9lyesen az erre kijel\u00f6lt id\u0151s\u00e1vban.\u00a0Az egyeztetett id\u0151pontban 2 alkalommal meg nem jelen\u0151 beteg (ha ezt el\u0151re nem jelzi a kezel\u00e9st v\u00e9gz\u0151nek) el\u0151jegyz\u00e9s\u00e9t t\u00f6r\u00f6lj\u00fck, csak a kezel\u00e9st ki\u00edr\u00f3 szakorvos ism\u00e9telt javaslat\u00e1val vehet r\u00e9szt a fizioter\u00e1pi\u00e1s kezel\u00e9sen.<\/p>\n<h5>Nem kaphat kezel\u00e9st:<\/h5>\n<ul>\n<li>aki l\u00e1zas, fert\u0151z\u0151 betegs\u00e9gben szenved (pl. Influenza, Herpes, n\u00e1tha)<\/li>\n<li>akinek sebes, h\u00e1mhi\u00e1nyos b\u0151rfel\u00fclete van<\/li>\n<li>aki \u00e1polatlans\u00e1ga vagy ruh\u00e1zat\u00e1nak szennyezetts\u00e9ge r\u00e9v\u00e9n vesz\u00e9lyezteti a t\u00f6bbi beteg \u00e9s a kezel\u00e9st v\u00e9gz\u0151 eg\u00e9szs\u00e9g\u00e9t,<\/li>\n<li>aki alkoholos befoly\u00e1solt \u00e1llapotban jelentkezik kezel\u00e9sre<\/li>\n<\/ul>\n<p>Nem javasolt a fizioter\u00e1pia kezel\u00e9s azoknak a Betegeinknek, akik \u00fagy tapasztalj\u00e1k, hogy egy\u00e9b betegs\u00e9geiket, ill. mozg\u00e1sszervi t\u00fcneteiket ez a kezel\u00e9si m\u00f3d rontotta. C\u00e9lszer\u0171 ilyenkor a kezel\u00e9st javasl\u00f3 orvost halad\u00e9ktalan felkeresni.<\/p>\n<p>K\u00e9rj\u00fck, saj\u00e1t- \u00e9s Betegt\u00e1rsaik \u00e9rdek\u00e9ben a fentiekben le\u00edrtak sz\u00edves tudom\u00e1sul v\u00e9tel\u00e9t \u00e9s betart\u00e1s\u00e1t. Miel\u0151bbi gy\u00f3gyul\u00e1st k\u00edv\u00e1nunk!<\/p>\n","protected":false},"excerpt":{"rendered":"<p>A rendel\u00e9s csak beutal\u00f3val, kezel\u0151lappal \u00e9s el\u0151jegyz\u00e9s alapj\u00e1n vehet\u0151 ig\u00e9nybe! Inform\u00e1ci\u00f3: +36 70\/502-2025 El\u0151jegyz\u00e9s: Szem\u00e9lyesen: a szakrendel\u00e9sen kiz\u00e1r\u00f3lag beutal\u00f3val \u00e9s kezel\u0151lappal vagy a lead\u00e1s\u00e1t k\u00f6vet\u0151en 48 \u00f3r\u00e1n bel\u00fcl t\u00e1j\u00e9koztatjuk a kezel\u00e9sek id\u0151pontj\u00e1r\u00f3l h\u00e9tf\u0151 &#8211; p\u00e9ntek: 11:00 &#8211; 12:00 Email: beutal\u00f3 \u00e9s kezel\u0151lap elk\u00fcld\u00e9s\u00e9vel a gse.fiziko@semmelweis.hu c\u00edmen C\u00edm: G\u00f6d\u00f6ll\u0151, Szabads\u00e1g t\u00e9r 3. Ell\u00e1t\u00e1si ter\u00fcletek: D\u00e1ny, Erd\u0151kertes, &hellip;<\/p>\n","protected":false},"author":102484,"featured_media":0,"parent":20,"menu_order":0,"comment_status":"closed","ping_status":"closed","template":"","meta":{"_acf_changed":false,"footnotes":""},"categories":[4],"tags":[],"class_list":["post-102","page","type-page","status-publish","hentry","category-szakrendelesek"],"acf":[],"_links":{"self":[{"href":"https:\/\/semmelweis.hu\/godollo\/wp-json\/wp\/v2\/pages\/102","targetHints":{"allow":["GET"]}}],"collection":[{"href":"https:\/\/semmelweis.hu\/godollo\/wp-json\/wp\/v2\/pages"}],"about":[{"href":"https:\/\/semmelweis.hu\/godollo\/wp-json\/wp\/v2\/types\/page"}],"author":[{"embeddable":true,"href":"https:\/\/semmelweis.hu\/godollo\/wp-json\/wp\/v2\/users\/102484"}],"replies":[{"embeddable":true,"href":"https:\/\/semmelweis.hu\/godollo\/wp-json\/wp\/v2\/comments?post=102"}],"version-history":[{"count":10,"href":"https:\/\/semmelweis.hu\/godollo\/wp-json\/wp\/v2\/pages\/102\/revisions"}],"predecessor-version":[{"id":1818,"href":"https:\/\/semmelweis.hu\/godollo\/wp-json\/wp\/v2\/pages\/102\/revisions\/1818"}],"up":[{"embeddable":true,"href":"https:\/\/semmelweis.hu\/godollo\/wp-json\/wp\/v2\/pages\/20"}],"wp:attachment":[{"href":"https:\/\/semmelweis.hu\/godollo\/wp-json\/wp\/v2\/media?parent=102"}],"wp:term":[{"taxonomy":"category","embeddable":true,"href":"https:\/\/semmelweis.hu\/godollo\/wp-json\/wp\/v2\/categories?post=102"},{"taxonomy":"post_tag","embeddable":true,"href":"https:\/\/semmelweis.hu\/godollo\/wp-json\/wp\/v2\/tags?post=102"}],"curies":[{"name":"wp","href":"https:\/\/api.w.org\/{rel}","templated":true}]}}