{"id":318,"date":"2014-05-13T08:51:33","date_gmt":"2014-05-13T06:51:33","guid":{"rendered":"http:\/\/semmelweis.hu\/gmf\/?page_id=318"},"modified":"2024-11-07T13:31:28","modified_gmt":"2024-11-07T12:31:28","slug":"elerhetoseg","status":"publish","type":"page","link":"https:\/\/semmelweis.hu\/gfi\/elerhetoseg\/","title":{"rendered":"El\u00e9rhet\u0151s\u00e9g"},"content":{"rendered":"<h4><strong>P\u00e9nz\u00fcgyi \u00e9s Vagyongazd\u00e1lkod\u00e1si F\u0151igazgat\u00f3s\u00e1g<\/strong><\/h4>\n<p><strong>\u00c1d\u00e1m \u00c9va<\/strong><br \/>\np\u00e9nz\u00fcgyi \u00e9s vagyongazd\u00e1lkod\u00e1si f\u0151igazgat\u00f3<\/p>\n<p><b>C\u00edm:<\/b>1085 Budapest, Baross utca 52. 2. em. 203.<br \/>\n<b>Telefon:<\/b> +36 1 459-1500\/55423<br \/>\n<strong>E-mail:<\/strong> <a href=\"mailto:titkarsag.gfi@semmelweis.hu\" target=\"_blank\" rel=\"noopener\">titkarsag.gfi@semmelweis.hu<\/a><\/p>\n\n<!-- iframe plugin v.4.9 wordpress.org\/plugins\/iframe\/ -->\n<iframe src=\"https:\/\/www.google.com\/maps\/embed?pb=!1m18!1m12!1m3!1d2696.007303020534!2d19.067144976694642!3d47.489771096037465!2m3!1f0!2f0!3f0!3m2!1i1024!2i768!4f13.1!3m3!1m2!1s0x4741dc593d395f57%3A0x82309c04b5cfdff!2sBudapest%2C%20Baross%20u%2052%2C%201085!5e0!3m2!1sen!2shu!4v1730904918354!5m2!1sen!2shu\" width=\"100%\" height=\"450\" style=\"border:0;\" allowfullscreen loading=\"lazy\" referrerpolicy=\"no-referrer-when-downgrade\" scrolling=\"yes\" class=\"iframe-class\" frameborder=\"0\"><\/iframe>\n\n","protected":false},"excerpt":{"rendered":"<p>P\u00e9nz\u00fcgyi \u00e9s Vagyongazd\u00e1lkod\u00e1si F\u0151igazgat\u00f3s\u00e1g<br \/>\n\u00c1d\u00e1m \u00c9va<br \/>\np\u00e9nz\u00fcgyi \u00e9s vagyongazd\u00e1lkod\u00e1si f\u0151igazgat\u00f3<br \/>\nC\u00edm:1085 Budapest, Baross utca 52. 2. em. 203.<br \/>\nTelefon: +36 1 459-1500\/55423<br \/>\nE-mail: <a href=\"mailto:titkarsag.gfi@semmelweis.hu\" target=\"_blank\" rel=\"noopener\">titkarsag.gfi@semmelweis.hu<\/a><\/p>\n","protected":false},"author":12,"featured_media":0,"parent":0,"menu_order":5,"comment_status":"open","ping_status":"closed","template":"","meta":{"_acf_changed":false,"footnotes":""},"categories":[],"tags":[],"class_list":["post-318","page","type-page","status-publish","hentry"],"acf":[],"_links":{"self":[{"href":"https:\/\/semmelweis.hu\/gfi\/wp-json\/wp\/v2\/pages\/318","targetHints":{"allow":["GET"]}}],"collection":[{"href":"https:\/\/semmelweis.hu\/gfi\/wp-json\/wp\/v2\/pages"}],"about":[{"href":"https:\/\/semmelweis.hu\/gfi\/wp-json\/wp\/v2\/types\/page"}],"author":[{"embeddable":true,"href":"https:\/\/semmelweis.hu\/gfi\/wp-json\/wp\/v2\/users\/12"}],"replies":[{"embeddable":true,"href":"https:\/\/semmelweis.hu\/gfi\/wp-json\/wp\/v2\/comments?post=318"}],"version-history":[{"count":11,"href":"https:\/\/semmelweis.hu\/gfi\/wp-json\/wp\/v2\/pages\/318\/revisions"}],"predecessor-version":[{"id":94606,"href":"https:\/\/semmelweis.hu\/gfi\/wp-json\/wp\/v2\/pages\/318\/revisions\/94606"}],"wp:attachment":[{"href":"https:\/\/semmelweis.hu\/gfi\/wp-json\/wp\/v2\/media?parent=318"}],"wp:term":[{"taxonomy":"category","embeddable":true,"href":"https:\/\/semmelweis.hu\/gfi\/wp-json\/wp\/v2\/categories?post=318"},{"taxonomy":"post_tag","embeddable":true,"href":"https:\/\/semmelweis.hu\/gfi\/wp-json\/wp\/v2\/tags?post=318"}],"curies":[{"name":"wp","href":"https:\/\/api.w.org\/{rel}","templated":true}]}}