{"id":7,"date":"2020-09-15T15:54:56","date_gmt":"2020-09-15T13:54:56","guid":{"rendered":"https:\/\/semmelweis.hu\/geriatriaiklinika\/?page_id=7"},"modified":"2024-09-04T09:26:09","modified_gmt":"2024-09-04T07:26:09","slug":"magunkrol","status":"publish","type":"page","link":"https:\/\/semmelweis.hu\/geriatriaiklinika\/magunkrol\/","title":{"rendered":"Magunkr\u00f3l"},"content":{"rendered":"<p><img loading=\"lazy\" decoding=\"async\" class=\"wp-image-57 alignright\" src=\"https:\/\/semmelweis.hu\/geriatriaiklinika\/files\/2020\/10\/rokuslogo2.gif\" alt=\"\" width=\"116\" height=\"155\" \/><span style=\"font-size: 14pt\"><strong>A Semmelweis Egyetem Geri\u00e1triai Klinik\u00e1ja \u00e9s \u00c1pol\u00e1studom\u00e1nyi K\u00f6zpontja <\/strong><\/span><span style=\"font-size: 14pt\">az \u00c1ltal\u00e1nos Orvostudom\u00e1nyi Kar \u00e9s az Eg\u00e9szs\u00e9gtudom\u00e1nyi Kar k\u00f6z\u00f6s int\u00e9zm\u00e9nye. <\/span><span style=\"font-size: 14pt\">A Klinika 2020-ban kezdte meg m\u0171k\u00f6d\u00e9s\u00e9t. A gy\u00f3gy\u00edt\u00f3 munka h\u00e1rom r\u00e9szlegen folyik: akt\u00edv geri\u00e1triai ell\u00e1t\u00e1s, kr\u00f3nikus ell\u00e1t\u00e1s, \u00e1pol\u00e1si r\u00e9szleg.\u00a0<\/span><\/p>\n<p><span style=\"font-size: 14pt\">Az id\u0151skor\u00fa betegek gy\u00f3gy\u00edt\u00e1s\u00e1nak van n\u00e9h\u00e1ny speci\u00e1lis von\u00e1sa. \u00cdgy, alapvet\u0151 jelent\u0151s\u00e9ge van annak, hogy az emberre a maga teljess\u00e9g\u00e9ben tekints\u00fcnk, ez\u00e9rt az \u00f6sszehangolt csapatmunka nagyon fontos. Id\u0151s korban az egyens\u00faly nagyon k\u00e9nyes, ez\u00e9rt a ter\u00e1pi\u00e1s v\u00e1ltoztat\u00e1sok csak kis l\u00e9p\u00e9sben t\u00f6rt\u00e9nhetnek, \u00edgy a gy\u00f3gy\u00edt\u00e1s id\u0151ig\u00e9nyesebb. Az id\u0151s beteg rendszerint egyidej\u0171leg t\u00f6bb betegs\u00e9gben is szenved (multimorbid), ezt is figyelembe kell venn\u00fcnk az ell\u00e1t\u00e1s sor\u00e1n. Az akt\u00edv, kr\u00f3nikus \u00e9s \u00e1pol\u00e1si ell\u00e1t\u00e1si forma lehet\u0151s\u00e9get ad az aktu\u00e1lisan sz\u00fcks\u00e9ges betegell\u00e1t\u00e1si forma megv\u00e1laszt\u00e1s\u00e1ra. Szerepet v\u00e1llalunk a t\u00e1rsklinik\u00e1k munk\u00e1j\u00e1ban az egyes szakter\u00fcletekhez tartoz\u00f3 szupport\u00edv ell\u00e1t\u00e1s tekintet\u00e9ben is.<\/span><\/p>\n<p>&nbsp;<\/p>\n<p>&nbsp;<\/p>\n","protected":false},"excerpt":{"rendered":"<p>Az id\u0151skor\u00fa betegek gy\u00f3gy\u00edt\u00e1s\u00e1nak van n\u00e9h\u00e1ny speci\u00e1lis von\u00e1sa. \u00cdgy, alapvet\u0151 jelent\u0151s\u00e9ge van annak, hogy az emberre a maga teljess\u00e9g\u00e9ben tekints\u00fcnk, ez\u00e9rt az \u00f6sszehangolt csapatmunka nagyon fontos. Id\u0151s korban az egyens\u00faly nagyon k\u00e9nyes, ez\u00e9rt a ter\u00e1pi\u00e1s v\u00e1ltoztat\u00e1sok csak kis l\u00e9p\u00e9sben t\u00f6rt\u00e9nhetnek, \u00edgy a gy\u00f3gy\u00edt\u00e1s id\u0151ig\u00e9nyesebb. A Semmelweis Egyetem Geri\u00e1triai Klinik\u00e1ja \u00e9s \u00c1pol\u00e1studom\u00e1nyi K\u00f6zpontja az \u00c1ltal\u00e1nos Orvostudom\u00e1nyi Kar \u00e9s az Eg\u00e9szs\u00e9gtudom\u00e1nyi Kar k\u00f6z\u00f6s int\u00e9zm\u00e9nye.<\/p>\n","protected":false},"author":12,"featured_media":8,"parent":0,"menu_order":0,"comment_status":"closed","ping_status":"closed","template":"","meta":{"_acf_changed":false,"footnotes":""},"categories":[],"tags":[],"class_list":["post-7","page","type-page","status-publish","has-post-thumbnail","hentry"],"acf":[],"_links":{"self":[{"href":"https:\/\/semmelweis.hu\/geriatriaiklinika\/wp-json\/wp\/v2\/pages\/7","targetHints":{"allow":["GET"]}}],"collection":[{"href":"https:\/\/semmelweis.hu\/geriatriaiklinika\/wp-json\/wp\/v2\/pages"}],"about":[{"href":"https:\/\/semmelweis.hu\/geriatriaiklinika\/wp-json\/wp\/v2\/types\/page"}],"author":[{"embeddable":true,"href":"https:\/\/semmelweis.hu\/geriatriaiklinika\/wp-json\/wp\/v2\/users\/12"}],"replies":[{"embeddable":true,"href":"https:\/\/semmelweis.hu\/geriatriaiklinika\/wp-json\/wp\/v2\/comments?post=7"}],"version-history":[{"count":10,"href":"https:\/\/semmelweis.hu\/geriatriaiklinika\/wp-json\/wp\/v2\/pages\/7\/revisions"}],"predecessor-version":[{"id":374,"href":"https:\/\/semmelweis.hu\/geriatriaiklinika\/wp-json\/wp\/v2\/pages\/7\/revisions\/374"}],"wp:featuredmedia":[{"embeddable":true,"href":"https:\/\/semmelweis.hu\/geriatriaiklinika\/wp-json\/wp\/v2\/media\/8"}],"wp:attachment":[{"href":"https:\/\/semmelweis.hu\/geriatriaiklinika\/wp-json\/wp\/v2\/media?parent=7"}],"wp:term":[{"taxonomy":"category","embeddable":true,"href":"https:\/\/semmelweis.hu\/geriatriaiklinika\/wp-json\/wp\/v2\/categories?post=7"},{"taxonomy":"post_tag","embeddable":true,"href":"https:\/\/semmelweis.hu\/geriatriaiklinika\/wp-json\/wp\/v2\/tags?post=7"}],"curies":[{"name":"wp","href":"https:\/\/api.w.org\/{rel}","templated":true}]}}