{"id":284,"date":"2023-06-30T07:52:31","date_gmt":"2023-06-30T05:52:31","guid":{"rendered":"https:\/\/semmelweis.hu\/geriatriaiklinika\/?page_id=284"},"modified":"2025-04-08T09:19:00","modified_gmt":"2025-04-08T07:19:00","slug":"adatkezeles-adatvedelem","status":"publish","type":"page","link":"https:\/\/semmelweis.hu\/geriatriaiklinika\/magunkrol\/adatkezeles-adatvedelem\/","title":{"rendered":"Adatkezel\u00e9s, adatv\u00e9delem"},"content":{"rendered":"<p>A Semmelweis Egyetemen a szem\u00e9lyes \u00e9s k\u00fcl\u00f6nleges adatok kezel\u00e9se \u00e9s v\u00e9delme a jogszab\u00e1lyoknak megfelel\u0151en, biztons\u00e1gosan t\u00f6rt\u00e9nik. Ezt a\u00a0<strong><a href=\"https:\/\/semmelweis.hu\/gyermekklinika2\/files\/2021\/07\/Adatvedelmi_Szabalyzat_hatalyos_20210708tol.pdf\" target=\"_blank\" rel=\"noopener\">Semmelweis Egyetem Adatv\u00e9delmi Szab\u00e1lyzata<\/a><\/strong>\u00a0foglalja \u00f6ssze.<\/p>\n<p>Az egyetemi adatv\u00e9delmi felel\u0151s alapvet\u0151 feladata, hogy az Adatv\u00e9delmi Szab\u00e1lyzatban r\u00f6gz\u00edtett feladatait teljes\u00edtve gondoskodjon az egyetem adatv\u00e9delmi \u00e9s az ezzel \u00f6sszef\u00fcgg\u0151 adatbiztons\u00e1gi szempontokat kiel\u00e9g\u00edt\u0151 m\u0171k\u00f6d\u00e9s\u00e9r\u0151l.<\/p>\n<p><strong>A Semmelweis Egyetem adatv\u00e9delmi tisztvisel\u0151je:<\/strong><\/p>\n<p><strong>Dr. Tr\u00f3cs\u00e1nyi S\u00e1ra<\/strong><br \/>\n1125 Budapest, K\u00fatv\u00f6lgyi \u00fat 6<br \/>\nTel.: 06-1\/224-1547<br \/>\nE-mail:\u00a0<a href=\"mailto:adatvedelem@semmelweis-univ.hu\">adatvedelem@semmelweis-univ.hu<\/a><\/p>\n<p><a href=\"https:\/\/semmelweis.hu\/geriatriaiklinika\/files\/2025\/04\/2025_Adatkezelesi-nyilvantartas-Geriatriai-Klinika-es-Apolastudomanyi-Kozpont__.xlsx\">2025 Adatkezel\u00e9si Nyilv\u00e1ntart\u00e1s<\/a><\/p>\n<p><a href=\"https:\/\/semmelweis.hu\/geriatriaiklinika\/files\/2025\/04\/Adatkezelesi-Tajekoztato-2025.pdf\">2025 Adatkezel\u00e9si T\u00e1j\u00e9koztat\u00f3<\/a><\/p>\n<p><a href=\"https:\/\/semmelweis.hu\/geriatriaiklinika\/files\/2024\/02\/Adatkezelesi-tajekoztato_2024.pdf\">Arch\u00edv \/2024\/ datkezel\u00e9si T\u00e1j\u00e9koztat\u00f3 Geri\u00e1triai Klinika<\/a><\/p>\n<p><a href=\"https:\/\/semmelweis.hu\/geriatriaiklinika\/files\/2024\/02\/2024_Adatkezelesi-nyilvantartas-Geriatriai-Klinika-es-Apolastudomanyi-Kozpont__.xlsx\">Arch\u00edv \/2024\/ Adatkezelesi nyilvantartas Geri\u00e1triai Klinika \u00e9s \u00c1pol\u00e1studom\u00e1nyi K\u00f6zpont<\/a><\/p>\n","protected":false},"excerpt":{"rendered":"<p>A Semmelweis Egyetemen a szem\u00e9lyes \u00e9s k\u00fcl\u00f6nleges adatok kezel\u00e9se \u00e9s v\u00e9delme a jogszab\u00e1lyoknak megfelel\u0151en, biztons\u00e1gosan t\u00f6rt\u00e9nik. Ezt a\u00a0 <a href=\"https:\/\/semmelweis.hu\/gyermekklinika2\/files\/2021\/07\/Adatvedelmi_Szabalyzat_hatalyos_20210708tol.pdf\" target=\"_blank\" rel=\"noopener\">Semmelweis Egyetem Adatv\u00e9delmi Szab\u00e1lyzata<\/a> \u00a0foglalja \u00f6ssze. Az egyetemi adatv\u00e9delmi felel\u0151s alapvet\u0151 feladata, hogy az Adatv\u00e9delmi Szab\u00e1lyzatban r\u00f6gz\u00edtett feladatait teljes\u00edtve gondoskodjon az egyetem adatv\u00e9delmi \u00e9s az ezzel \u00f6sszef\u00fcgg\u0151 adatbiztons\u00e1gi szempontokat kiel\u00e9g\u00edt\u0151 m\u0171k\u00f6d\u00e9s\u00e9r\u0151l. A Semmelweis Egyetem adatv\u00e9delmi tisztvisel\u0151je: Dr. Tr\u00f3cs\u00e1nyi S\u00e1ra 1125 Budapest, &hellip;<\/p>\n","protected":false},"author":101808,"featured_media":0,"parent":7,"menu_order":0,"comment_status":"closed","ping_status":"closed","template":"","meta":{"_acf_changed":false,"footnotes":""},"categories":[],"tags":[],"class_list":["post-284","page","type-page","status-publish","hentry"],"acf":[],"_links":{"self":[{"href":"https:\/\/semmelweis.hu\/geriatriaiklinika\/wp-json\/wp\/v2\/pages\/284","targetHints":{"allow":["GET"]}}],"collection":[{"href":"https:\/\/semmelweis.hu\/geriatriaiklinika\/wp-json\/wp\/v2\/pages"}],"about":[{"href":"https:\/\/semmelweis.hu\/geriatriaiklinika\/wp-json\/wp\/v2\/types\/page"}],"author":[{"embeddable":true,"href":"https:\/\/semmelweis.hu\/geriatriaiklinika\/wp-json\/wp\/v2\/users\/101808"}],"replies":[{"embeddable":true,"href":"https:\/\/semmelweis.hu\/geriatriaiklinika\/wp-json\/wp\/v2\/comments?post=284"}],"version-history":[{"count":10,"href":"https:\/\/semmelweis.hu\/geriatriaiklinika\/wp-json\/wp\/v2\/pages\/284\/revisions"}],"predecessor-version":[{"id":291,"href":"https:\/\/semmelweis.hu\/geriatriaiklinika\/wp-json\/wp\/v2\/pages\/284\/revisions\/291"}],"up":[{"embeddable":true,"href":"https:\/\/semmelweis.hu\/geriatriaiklinika\/wp-json\/wp\/v2\/pages\/7"}],"wp:attachment":[{"href":"https:\/\/semmelweis.hu\/geriatriaiklinika\/wp-json\/wp\/v2\/media?parent=284"}],"wp:term":[{"taxonomy":"category","embeddable":true,"href":"https:\/\/semmelweis.hu\/geriatriaiklinika\/wp-json\/wp\/v2\/categories?post=284"},{"taxonomy":"post_tag","embeddable":true,"href":"https:\/\/semmelweis.hu\/geriatriaiklinika\/wp-json\/wp\/v2\/tags?post=284"}],"curies":[{"name":"wp","href":"https:\/\/api.w.org\/{rel}","templated":true}]}}