{"id":248,"date":"2023-01-27T17:13:28","date_gmt":"2023-01-27T16:13:28","guid":{"rendered":"https:\/\/semmelweis.hu\/geriatriaiklinika\/?page_id=248"},"modified":"2026-03-02T08:13:56","modified_gmt":"2026-03-02T07:13:56","slug":"apolasi-osztaly","status":"publish","type":"page","link":"https:\/\/semmelweis.hu\/geriatriaiklinika\/betegellatas\/apolasi-osztaly\/","title":{"rendered":"\u00c1pol\u00e1si Oszt\u00e1ly"},"content":{"rendered":"<div class=\"fontos_div\">\n<p><strong>Kedves Hozz\u00e1tartoz\u00f3k!<\/strong><\/p>\n<p>\u00c1pol\u00e1si oszt\u00e1lyra val\u00f3 jelentkez\u00e9shez, t\u00f6lts\u00e9k ki az al\u00e1bbi nyomtatv\u00e1nyt, majd k\u00fcldj\u00e9k vissza a-\u00a0 <span style=\"color: #ff0000\">geriatria.titkarsag@semmelweis.hu<\/span>\u00a0 -e-mail c\u00edmre. K\u00e9rj\u00fck, minden k\u00e9rd\u00e9sre v\u00e1laszoljanak!<\/p>\n<p>Minden k\u00e9r\u00e9s v\u00e1r\u00f3list\u00e1ra ker\u00fcl.\u00a0K\u00e9rj\u00fck, ha m\u00e1r <strong>nem aktu\u00e1lis<\/strong> a jelentkez\u00e9s, <strong>jelezz\u00e9k fel\u00e9nk!<\/strong><\/p>\n<\/div>\n<div class=\"keretes w-100\">\n<p><a href=\"https:\/\/semmelweis.hu\/geriatriaiklinika\/files\/2025\/10\/Felvetelikerelem_apolasi_nyomtatvany_-_.docx\"><em style=\"color: #1e2326;font-family: 'PT serif', serif;font-size: 1rem\"><strong>Felveteli k\u00e9relem nyomtatv\u00e1ny<\/strong><\/em><\/a><\/p>\n<\/div>\n<h5>Inform\u00e1ci\u00f3k az oszt\u00e1lyr\u00f3l:<\/h5>\n<p>A Geri\u00e1triai Klinika \u00e9s \u00c1pol\u00e1studom\u00e1nyi K\u00f6zpont 2020 j\u00falius 1. indult, az\u00f3ta m\u0171k\u00f6dik. Klinik\u00e1nk \u00e1pol\u00e1si oszt\u00e1lya el\u0151sz\u00f6r nem a klinik\u00e1nk r\u00e9szek\u00e9nt, de lassan t\u00f6bb \u00e9vtizedes m\u00faltra tekint vissza. A beker\u00fcl\u00e9s felt\u00e9tele, hogy legyen elind\u00edtva szoci\u00e1lis elhelyez\u00e9s. Az \u00e1pol\u00e1si oszt\u00e1ly egy ideiglenes \u00e1llom\u00e1s, seg\u00edts\u00e9g a hozz\u00e1tartoz\u00f3knak, az otthonba, gondoz\u00f3h\u00e1zba ker\u00fcl\u00e9s el\u0151tt.<\/p>\n<div class=\"lead\"><strong>A jelentkez\u0151ket v\u00e1r\u00f3list\u00e1ra tudjuk venni. Sajnos jelenleg hatalmas t\u00faljelentkez\u00e9ssel k\u00fczd\u00fcnk.<\/strong><\/div>\n<p>Az itt elt\u00f6lthet\u0151 id\u0151 3 h\u00f3nap, ami igazgat\u00f3i d\u00f6nt\u00e9s alapj\u00e1n, m\u00e9g egyszer ennyi id\u0151re hosszabb\u00edthat\u00f3 meg.<br \/>\nTov\u00e1bbi k\u00e9rd\u00e9sek eset\u00e9n munkaid\u0151ben kereshetik: <br \/>\nDerj\u00e1n Zolt\u00e1n 06 70\/ 440 40 19 (adminisztrat\u00edv koordin\u00e1tor)<\/p>\n<p>Az \u00e1pol\u00e1si oszt\u00e1ly t\u00e9r\u00edt\u00e9si d\u00edjai:<\/p>\n<p><strong>4-5 \u00e1gyas szob\u00e1k napi k\u00f6lts\u00e9gt\u00e9r\u00edt\u00e9se<\/strong><\/p>\n<table width=\"604\">\n<tbody>\n<tr>\n<td width=\"201\">\n<p><strong>Id\u0151tartam<\/strong><\/p>\n<\/td>\n<td width=\"202\">\n<p><strong>Napi k\u00f6lts\u00e9g (Ft)<\/strong><\/p>\n<\/td>\n<td width=\"202\">\n<p><strong>Havi k\u00f6lts\u00e9g (Ft)<\/strong><\/p>\n<\/td>\n<\/tr>\n<tr>\n<td width=\"201\">\n<p>1-3 h\u00f3nap<\/p>\n<\/td>\n<td width=\"202\">\n<p>5700<\/p>\n<\/td>\n<td width=\"202\">\n<p>170 000<\/p>\n<\/td>\n<\/tr>\n<tr>\n<td width=\"201\">\n<p>4-6 h\u00f3nap<\/p>\n<\/td>\n<td width=\"202\">\n<p>6700<\/p>\n<\/td>\n<td width=\"202\">\n<p>200 000<\/p>\n<\/td>\n<\/tr>\n<tr>\n<td width=\"201\">\n<p>7. h\u00f3napt\u00f3l<\/p>\n<\/td>\n<td width=\"202\">\n<p>10000<\/p>\n<\/td>\n<td width=\"202\">\n<p>300 000<\/p>\n<\/td>\n<\/tr>\n<\/tbody>\n<\/table>\n<p><strong>2 \u00e1gyas szob\u00e1k napi k\u00f6lts\u00e9gt\u00e9r\u00edt\u00e9se<\/strong><\/p>\n<table width=\"604\">\n<tbody>\n<tr>\n<td width=\"201\">\n<p><strong>Id\u0151tartam<\/strong><\/p>\n<\/td>\n<td width=\"202\">\n<p><strong>Napi k\u00f6lts\u00e9g (Ft)<\/strong><\/p>\n<\/td>\n<td width=\"202\">\n<p><strong>Havi k\u00f6lts\u00e9g (Ft)<\/strong><\/p>\n<\/td>\n<\/tr>\n<tr>\n<td width=\"201\">\n<p>1-3 h\u00f3nap<\/p>\n<\/td>\n<td width=\"202\">\n<p>7500<\/p>\n<\/td>\n<td width=\"202\">\n<p>225 000<\/p>\n<\/td>\n<\/tr>\n<tr>\n<td width=\"201\">\n<p>4-6 h\u00f3nap<\/p>\n<\/td>\n<td width=\"202\">\n<p>8500<\/p>\n<\/td>\n<td width=\"202\">\n<p>255 000<\/p>\n<\/td>\n<\/tr>\n<tr>\n<td width=\"201\">\n<p>7. h\u00f3napt\u00f3l<\/p>\n<\/td>\n<td width=\"202\">\n<p>11 700<\/p>\n<\/td>\n<td width=\"202\">\n<p>350 000<\/p>\n<\/td>\n<\/tr>\n<\/tbody>\n<\/table>\n","protected":false},"excerpt":{"rendered":"<p>Kedves Hozz\u00e1tartoz\u00f3k! \u00c1pol\u00e1si oszt\u00e1lyra val\u00f3 jelentkez\u00e9shez, t\u00f6lts\u00e9k ki az al\u00e1bbi nyomtatv\u00e1nyt, majd k\u00fcldj\u00e9k vissza a-\u00a0 geriatria.titkarsag@semmelweis.hu\u00a0 -e-mail c\u00edmre. K\u00e9rj\u00fck, minden k\u00e9rd\u00e9sre v\u00e1laszoljanak! Minden k\u00e9r\u00e9s v\u00e1r\u00f3list\u00e1ra ker\u00fcl.\u00a0K\u00e9rj\u00fck, ha m\u00e1r nem aktu\u00e1lis a jelentkez\u00e9s, jelezz\u00e9k fel\u00e9nk! <a href=\"https:\/\/semmelweis.hu\/geriatriaiklinika\/files\/2025\/10\/Felvetelikerelem_apolasi_nyomtatvany_-_.docx\">Felveteli k\u00e9relem nyomtatv\u00e1ny<\/a> Inform\u00e1ci\u00f3k az oszt\u00e1lyr\u00f3l: A Geri\u00e1triai Klinika \u00e9s \u00c1pol\u00e1studom\u00e1nyi K\u00f6zpont 2020 j\u00falius 1. indult, az\u00f3ta m\u0171k\u00f6dik. Klinik\u00e1nk \u00e1pol\u00e1si oszt\u00e1lya el\u0151sz\u00f6r nem a &hellip;<\/p>\n","protected":false},"author":101808,"featured_media":0,"parent":22,"menu_order":5,"comment_status":"closed","ping_status":"closed","template":"template-fullwidth.php","meta":{"_acf_changed":false,"footnotes":""},"categories":[],"tags":[],"class_list":["post-248","page","type-page","status-publish","hentry"],"acf":[],"_links":{"self":[{"href":"https:\/\/semmelweis.hu\/geriatriaiklinika\/wp-json\/wp\/v2\/pages\/248","targetHints":{"allow":["GET"]}}],"collection":[{"href":"https:\/\/semmelweis.hu\/geriatriaiklinika\/wp-json\/wp\/v2\/pages"}],"about":[{"href":"https:\/\/semmelweis.hu\/geriatriaiklinika\/wp-json\/wp\/v2\/types\/page"}],"author":[{"embeddable":true,"href":"https:\/\/semmelweis.hu\/geriatriaiklinika\/wp-json\/wp\/v2\/users\/101808"}],"replies":[{"embeddable":true,"href":"https:\/\/semmelweis.hu\/geriatriaiklinika\/wp-json\/wp\/v2\/comments?post=248"}],"version-history":[{"count":11,"href":"https:\/\/semmelweis.hu\/geriatriaiklinika\/wp-json\/wp\/v2\/pages\/248\/revisions"}],"predecessor-version":[{"id":573,"href":"https:\/\/semmelweis.hu\/geriatriaiklinika\/wp-json\/wp\/v2\/pages\/248\/revisions\/573"}],"up":[{"embeddable":true,"href":"https:\/\/semmelweis.hu\/geriatriaiklinika\/wp-json\/wp\/v2\/pages\/22"}],"wp:attachment":[{"href":"https:\/\/semmelweis.hu\/geriatriaiklinika\/wp-json\/wp\/v2\/media?parent=248"}],"wp:term":[{"taxonomy":"category","embeddable":true,"href":"https:\/\/semmelweis.hu\/geriatriaiklinika\/wp-json\/wp\/v2\/categories?post=248"},{"taxonomy":"post_tag","embeddable":true,"href":"https:\/\/semmelweis.hu\/geriatriaiklinika\/wp-json\/wp\/v2\/tags?post=248"}],"curies":[{"name":"wp","href":"https:\/\/api.w.org\/{rel}","templated":true}]}}