{"id":22,"date":"2020-09-15T16:10:08","date_gmt":"2020-09-15T14:10:08","guid":{"rendered":"https:\/\/semmelweis.hu\/geriatriaiklinika\/?page_id=22"},"modified":"2025-06-23T09:07:11","modified_gmt":"2025-06-23T07:07:11","slug":"betegellatas","status":"publish","type":"page","link":"https:\/\/semmelweis.hu\/geriatriaiklinika\/betegellatas\/","title":{"rendered":"J\u00e1r\u00f3betegell\u00e1t\u00e1s"},"content":{"rendered":"<h2>Szakrendel\u00e9seink:<\/h2>\n<div class=\"fontos_div\">\n<p><em><strong><span style=\"font-size: 18pt\">Mer\u00e9nyi Guszt\u00e1v Klinikai T\u00f6mb\u00a0<\/span><\/strong><\/em><br \/>\n<em><strong><span style=\"font-size: 18pt\">1097 Budapest, Gy\u00e1li \u00fat. 17-19. IV.\u00e9p\u00fclet.<\/span><\/strong><\/em><\/p>\n<\/div>\n<p><strong><a href=\"https:\/\/semmelweis.hu\/geriatriaiklinika\/files\/2021\/02\/RS123176_C19A7143-scr.jpg\"><img loading=\"lazy\" decoding=\"async\" class=\"alignright  wp-image-95\" src=\"https:\/\/semmelweis.hu\/geriatriaiklinika\/files\/2021\/02\/RS123176_C19A7143-scr-400x267.jpg\" alt=\"\" width=\"351\" height=\"234\" srcset=\"https:\/\/semmelweis.hu\/geriatriaiklinika\/files\/2021\/02\/RS123176_C19A7143-scr-400x267.jpg 400w, https:\/\/semmelweis.hu\/geriatriaiklinika\/files\/2021\/02\/RS123176_C19A7143-scr-1024x683.jpg 1024w, https:\/\/semmelweis.hu\/geriatriaiklinika\/files\/2021\/02\/RS123176_C19A7143-scr-768x512.jpg 768w, https:\/\/semmelweis.hu\/geriatriaiklinika\/files\/2021\/02\/RS123176_C19A7143-scr-753x502.jpg 753w, https:\/\/semmelweis.hu\/geriatriaiklinika\/files\/2021\/02\/RS123176_C19A7143-scr-203x135.jpg 203w, https:\/\/semmelweis.hu\/geriatriaiklinika\/files\/2021\/02\/RS123176_C19A7143-scr.jpg 1200w\" sizes=\"auto, (max-width: 351px) 100vw, 351px\" \/><\/a>Prof. Dr. Gad\u00f3 Kl\u00e1ra<\/strong><br \/>\nbelgy\u00f3gy\u00e1sz, hematol\u00f3gus, immunol\u00f3gus.<\/p>\n<p>Rendel\u00e9s :\u00a0 h\u00e9tk\u00f6znap, kedd \u00e9s cs\u00fct\u00f6rt\u00f6k kiv\u00e9tel\u00e9vel<\/p>\n<p>Bejelentkez\u00e9s:<\/p>\n<p>Bettinelli Erika \/asszisztens\/<\/p>\n<p>06 1\/ 293 00 46 ; 30\/ 878 06 96<br \/>\n12-14h k\u00f6z\u00f6tt<\/p>\n<p>Kedves Betegeink!<br \/>\nA ny\u00e1ri id\u0151szakban v\u00e9rv\u00e9tel, csak egyeztet\u00e9s alapj\u00e1n!<\/p>\n<hr \/>\n<p><strong><a href=\"https:\/\/semmelweis.hu\/geriatriaiklinika\/files\/2021\/02\/RS98712_IMG_8795-scr.jpg\"><img loading=\"lazy\" decoding=\"async\" class=\"alignright  wp-image-96\" src=\"https:\/\/semmelweis.hu\/geriatriaiklinika\/files\/2021\/02\/RS98712_IMG_8795-scr-400x267.jpg\" alt=\"\" width=\"351\" height=\"234\" srcset=\"https:\/\/semmelweis.hu\/geriatriaiklinika\/files\/2021\/02\/RS98712_IMG_8795-scr-400x267.jpg 400w, https:\/\/semmelweis.hu\/geriatriaiklinika\/files\/2021\/02\/RS98712_IMG_8795-scr-768x512.jpg 768w, https:\/\/semmelweis.hu\/geriatriaiklinika\/files\/2021\/02\/RS98712_IMG_8795-scr-753x502.jpg 753w, https:\/\/semmelweis.hu\/geriatriaiklinika\/files\/2021\/02\/RS98712_IMG_8795-scr-203x135.jpg 203w, https:\/\/semmelweis.hu\/geriatriaiklinika\/files\/2021\/02\/RS98712_IMG_8795-scr.jpg 950w\" sizes=\"auto, (max-width: 351px) 100vw, 351px\" \/><\/a>Prof. Dr. Domj\u00e1n Gyula<\/strong>\u00a0\u00a0\u00a0\u00a0\u00a0\u00a0\u00a0\u00a0\u00a0\u00a0\u00a0\u00a0\u00a0\u00a0\u00a0\u00a0\u00a0\u00a0\u00a0\u00a0\u00a0\u00a0\u00a0\u00a0\u00a0\u00a0\u00a0\u00a0\u00a0\u00a0\u00a0 <br \/>\nbelgy\u00f3gy\u00e1sz, hematol\u00f3gus, immunol\u00f3gus.<\/p>\n<p>Rendel\u00e9s : H\u00e9tf\u0151, Szerda, P\u00e9ntek.<br \/>\nBejelentkez\u00e9s:<\/p>\n<p>Nagy Kata<\/p>\n<p>12 &#8211; 14 \u00f3ra k\u00f6z\u00f6tt<br \/>\n06 30\/ 685 9658<\/p>\n<hr \/>\n<p>&nbsp;<\/p>\n","protected":false},"excerpt":{"rendered":"<p>Szakrendel\u00e9seink: Mer\u00e9nyi Guszt\u00e1v Klinikai T\u00f6mb\u00a0 1097 Budapest, Gy\u00e1li \u00fat. 17-19. IV.\u00e9p\u00fclet. <a href=\"https:\/\/semmelweis.hu\/geriatriaiklinika\/files\/2021\/02\/RS123176_C19A7143-scr.jpg\"><\/a> Prof. Dr. Gad\u00f3 Kl\u00e1ra belgy\u00f3gy\u00e1sz, hematol\u00f3gus, immunol\u00f3gus. Rendel\u00e9s :\u00a0 h\u00e9tk\u00f6znap, kedd \u00e9s cs\u00fct\u00f6rt\u00f6k kiv\u00e9tel\u00e9vel Bejelentkez\u00e9s: Bettinelli Erika \/asszisztens\/ 06 1\/ 293 00 46 ; 30\/ 878 06 96 12-14h k\u00f6z\u00f6tt Kedves Betegeink! A ny\u00e1ri id\u0151szakban v\u00e9rv\u00e9tel, csak egyeztet\u00e9s alapj\u00e1n! <a href=\"https:\/\/semmelweis.hu\/geriatriaiklinika\/files\/2021\/02\/RS98712_IMG_8795-scr.jpg\"><\/a> Prof. Dr. Domj\u00e1n Gyula\u00a0\u00a0\u00a0\u00a0\u00a0\u00a0\u00a0\u00a0\u00a0\u00a0\u00a0\u00a0\u00a0\u00a0\u00a0\u00a0\u00a0\u00a0\u00a0\u00a0\u00a0\u00a0\u00a0\u00a0\u00a0\u00a0\u00a0\u00a0\u00a0\u00a0\u00a0 belgy\u00f3gy\u00e1sz, &hellip;<\/p>\n","protected":false},"author":12,"featured_media":0,"parent":0,"menu_order":1,"comment_status":"closed","ping_status":"closed","template":"template-fullwidth.php","meta":{"_acf_changed":false,"footnotes":""},"categories":[],"tags":[],"class_list":["post-22","page","type-page","status-publish","hentry"],"acf":[],"_links":{"self":[{"href":"https:\/\/semmelweis.hu\/geriatriaiklinika\/wp-json\/wp\/v2\/pages\/22","targetHints":{"allow":["GET"]}}],"collection":[{"href":"https:\/\/semmelweis.hu\/geriatriaiklinika\/wp-json\/wp\/v2\/pages"}],"about":[{"href":"https:\/\/semmelweis.hu\/geriatriaiklinika\/wp-json\/wp\/v2\/types\/page"}],"author":[{"embeddable":true,"href":"https:\/\/semmelweis.hu\/geriatriaiklinika\/wp-json\/wp\/v2\/users\/12"}],"replies":[{"embeddable":true,"href":"https:\/\/semmelweis.hu\/geriatriaiklinika\/wp-json\/wp\/v2\/comments?post=22"}],"version-history":[{"count":11,"href":"https:\/\/semmelweis.hu\/geriatriaiklinika\/wp-json\/wp\/v2\/pages\/22\/revisions"}],"predecessor-version":[{"id":502,"href":"https:\/\/semmelweis.hu\/geriatriaiklinika\/wp-json\/wp\/v2\/pages\/22\/revisions\/502"}],"wp:attachment":[{"href":"https:\/\/semmelweis.hu\/geriatriaiklinika\/wp-json\/wp\/v2\/media?parent=22"}],"wp:term":[{"taxonomy":"category","embeddable":true,"href":"https:\/\/semmelweis.hu\/geriatriaiklinika\/wp-json\/wp\/v2\/categories?post=22"},{"taxonomy":"post_tag","embeddable":true,"href":"https:\/\/semmelweis.hu\/geriatriaiklinika\/wp-json\/wp\/v2\/tags?post=22"}],"curies":[{"name":"wp","href":"https:\/\/api.w.org\/{rel}","templated":true}]}}