{"id":182,"date":"2022-01-25T07:51:52","date_gmt":"2022-01-25T06:51:52","guid":{"rendered":"https:\/\/semmelweis.hu\/geriatriaiklinika\/?page_id=182"},"modified":"2025-09-22T13:50:44","modified_gmt":"2025-09-22T11:50:44","slug":"athelyezesek","status":"publish","type":"page","link":"https:\/\/semmelweis.hu\/geriatriaiklinika\/athelyezesek\/","title":{"rendered":"Kr\u00f3nikus belgy\u00f3gy\u00e1szat &#8211; \u00c1thelyez\u00e9sek"},"content":{"rendered":"<p>Kedves Koll\u00e9g\u00e1k!<\/p>\n<p>A kr\u00f3nikus belgy\u00f3gy\u00e1szati oszt\u00e1lyra val\u00f3 jelentkez\u00e9shez, az al\u00e1bbi\u00a0 k\u00e9rd\u0151\u00edvet k\u00e9rj\u00fck kit\u00f6lteni,<br \/>\nmajd elk\u00fcldeni a \u00a0&#8211;\u00a0 <span style=\"color: #ff0000\">kronikusbel.gkak@semmelweis.hu<\/span>\u00a0 &#8211; e-mail c\u00edmre.<\/p>\n<p>K\u00e9rj\u00fck minden k\u00e9rd\u00e9sre v\u00e1laszoljon!<\/p>\n<p>Minden k\u00e9r\u00e9s v\u00e1r\u00f3list\u00e1ra ker\u00fcl.<br \/>\nBeteg el\u0151jegyz\u00e9s: <br \/>\nMarkovics Dorina\u00a0 \u00a030\/ 016 40 96<br \/>\nCzanik M\u00f3nika\u00a0 30\/ 685 96 23<br \/>\nKocsis Anita\u00a0 30\/ 685 96 61<\/p>\n<p><a href=\"https:\/\/semmelweis.hu\/geriatriaiklinika\/files\/2025\/09\/athelyezesi_nyomtatvany_chr.docx\">athelyezesi_nyomtatvany_chr<\/a><\/p>\n","protected":false},"excerpt":{"rendered":"<p>Kedves Koll\u00e9g\u00e1k!<br \/>\nA kr\u00f3nikus belgy\u00f3gy\u00e1szati oszt\u00e1lyra val\u00f3 jelentkez\u00e9shez, az al\u00e1bbi\u00a0 k\u00e9rd\u0151\u00edvet k\u00e9rj\u00fck kit\u00f6lteni,<br \/>\nmajd elk\u00fcldeni a \u00a0&#8211;\u00a0 kronikusbel.gkak@semmelweis.hu\u00a0 &#8211; e-mail c\u00edmre.<br \/>\nK\u00e9rj\u00fck minden k\u00e9rd\u00e9sre v\u00e1laszoljon!<br \/>\nMinden k\u00e9r\u00e9s v\u00e1r\u00f3list\u00e1ra ker\u00fcl.<br \/>\nBeteg el\u0151jegyz\u00e9s:<br \/>\nMarkovics Dorina\u00a0 \u00a030\/ 016 40 96<br \/>\nCzanik M\u00f3nika\u00a0 30\/ 685 96 23<br \/>\nKocsis Anita\u00a0 30\/ 685 96 61<br \/>\n<a href=\"https:\/\/semmelweis.hu\/geriatriaiklinika\/files\/2025\/09\/athelyezesi_nyomtatvany_chr.docx\">athelyezesi_nyomtatvany_chr<\/a><\/p>\n","protected":false},"author":101808,"featured_media":0,"parent":0,"menu_order":4,"comment_status":"closed","ping_status":"closed","template":"","meta":{"_acf_changed":false,"footnotes":""},"categories":[],"tags":[],"class_list":["post-182","page","type-page","status-publish","hentry"],"acf":[],"_links":{"self":[{"href":"https:\/\/semmelweis.hu\/geriatriaiklinika\/wp-json\/wp\/v2\/pages\/182","targetHints":{"allow":["GET"]}}],"collection":[{"href":"https:\/\/semmelweis.hu\/geriatriaiklinika\/wp-json\/wp\/v2\/pages"}],"about":[{"href":"https:\/\/semmelweis.hu\/geriatriaiklinika\/wp-json\/wp\/v2\/types\/page"}],"author":[{"embeddable":true,"href":"https:\/\/semmelweis.hu\/geriatriaiklinika\/wp-json\/wp\/v2\/users\/101808"}],"replies":[{"embeddable":true,"href":"https:\/\/semmelweis.hu\/geriatriaiklinika\/wp-json\/wp\/v2\/comments?post=182"}],"version-history":[{"count":10,"href":"https:\/\/semmelweis.hu\/geriatriaiklinika\/wp-json\/wp\/v2\/pages\/182\/revisions"}],"predecessor-version":[{"id":553,"href":"https:\/\/semmelweis.hu\/geriatriaiklinika\/wp-json\/wp\/v2\/pages\/182\/revisions\/553"}],"wp:attachment":[{"href":"https:\/\/semmelweis.hu\/geriatriaiklinika\/wp-json\/wp\/v2\/media?parent=182"}],"wp:term":[{"taxonomy":"category","embeddable":true,"href":"https:\/\/semmelweis.hu\/geriatriaiklinika\/wp-json\/wp\/v2\/categories?post=182"},{"taxonomy":"post_tag","embeddable":true,"href":"https:\/\/semmelweis.hu\/geriatriaiklinika\/wp-json\/wp\/v2\/tags?post=182"}],"curies":[{"name":"wp","href":"https:\/\/api.w.org\/{rel}","templated":true}]}}