{"id":10,"date":"2020-09-15T15:56:04","date_gmt":"2020-09-15T13:56:04","guid":{"rendered":"https:\/\/semmelweis.hu\/geriatriaiklinika\/?page_id=10"},"modified":"2024-11-04T12:54:16","modified_gmt":"2024-11-04T11:54:16","slug":"elerhetoseg","status":"publish","type":"page","link":"https:\/\/www.google.com\/maps\/place\/D%C3%A9l-pesti+Centrumk%C3%B3rh%C3%A1z+-+Orsz%C3%A1gos+Hematol%C3%B3giai+%C3%A9s+Infektol%C3%B3giai+Int%C3%A9zet+-+Mer%C3%A9nyi+Guszt%C3%A1v+K%C3%B3rh%C3%A1z+Telephely\/@47.46728,19.100771,16z\/data=!4m6!3m5!1s0x4741dd26357d55b5:0x1968d5bc51c40a33!8m2!3d47.46757!4d19.1011801!16s%2Fg%2F1td6q_x8?hl=hu-HU&#038;entry=ttu","title":{"rendered":"El\u00e9rhet\u0151s\u00e9g"},"content":{"rendered":"<h4><strong>Geri\u00e1triai Klinika \u00e9s \u00c1pol\u00e1studom\u00e1nyi K\u00f6zpont<\/strong><br \/>\nSemmelweis Egyetem<\/h4>\n<h6><strong>C\u00edm:<\/strong> 1097 Budapest, Gy\u00e1li \u00fat 17-19. I. \u00e9p\u00fclet<\/h6>\n<h6><strong>Telefon:<\/strong> +36 30 877 0209<\/h6>\n<h6><strong>E-mail:<\/strong> geriatria.titkarsag@semmelweis.hu<\/h6>\n<p><iframe loading=\"lazy\" style=\"border: 0;\" src=\"https:\/\/www.google.com\/maps\/embed?pb=!1m14!1m8!1m3!1d5394.32322774576!2d19.100771!3d47.46728!3m2!1i1024!2i768!4f13.1!3m3!1m2!1s0x4741dd26357d55b5%3A0x1968d5bc51c40a33!2zRMOpbC1wZXN0aSBDZW50cnVta8OzcmjDoXogLSBPcnN6w6Fnb3MgSGVtYXRvbMOzZ2lhaSDDqXMgSW5mZWt0b2zDs2dpYWkgSW50w6l6ZXQgLSBNZXLDqW55aSBHdXN6dMOhdiBLw7NyaMOheiBUZWxlcGhlbHk!5e0!3m2!1shu!2shu!4v1730721163161!5m2!1shu!2shu\" width=\"100%\" height=\"450\" allowfullscreen=\"allowfullscreen\"><\/iframe><\/p>\n","protected":false},"excerpt":{"rendered":"<p>Geri\u00e1triai Klinika \u00e9s \u00c1pol\u00e1studom\u00e1nyi K\u00f6zpont<br \/>\nSemmelweis Egyetem<br \/>\nC\u00edm: 1097 Budapest, Gy\u00e1li \u00fat 17-19. I. \u00e9p\u00fclet<br \/>\nTelefon: +36 30 877 0209<br \/>\nE-mail: geriatria.titkarsag@semmelweis.hu<\/p>\n","protected":false},"author":12,"featured_media":0,"parent":0,"menu_order":8,"comment_status":"closed","ping_status":"closed","template":"","meta":{"_acf_changed":false,"footnotes":""},"categories":[],"tags":[],"class_list":["post-10","page","type-page","status-publish","hentry"],"acf":[],"_links":{"self":[{"href":"https:\/\/semmelweis.hu\/geriatriaiklinika\/wp-json\/wp\/v2\/pages\/10","targetHints":{"allow":["GET"]}}],"collection":[{"href":"https:\/\/semmelweis.hu\/geriatriaiklinika\/wp-json\/wp\/v2\/pages"}],"about":[{"href":"https:\/\/semmelweis.hu\/geriatriaiklinika\/wp-json\/wp\/v2\/types\/page"}],"author":[{"embeddable":true,"href":"https:\/\/semmelweis.hu\/geriatriaiklinika\/wp-json\/wp\/v2\/users\/12"}],"replies":[{"embeddable":true,"href":"https:\/\/semmelweis.hu\/geriatriaiklinika\/wp-json\/wp\/v2\/comments?post=10"}],"version-history":[{"count":11,"href":"https:\/\/semmelweis.hu\/geriatriaiklinika\/wp-json\/wp\/v2\/pages\/10\/revisions"}],"predecessor-version":[{"id":427,"href":"https:\/\/semmelweis.hu\/geriatriaiklinika\/wp-json\/wp\/v2\/pages\/10\/revisions\/427"}],"wp:attachment":[{"href":"https:\/\/semmelweis.hu\/geriatriaiklinika\/wp-json\/wp\/v2\/media?parent=10"}],"wp:term":[{"taxonomy":"category","embeddable":true,"href":"https:\/\/semmelweis.hu\/geriatriaiklinika\/wp-json\/wp\/v2\/categories?post=10"},{"taxonomy":"post_tag","embeddable":true,"href":"https:\/\/semmelweis.hu\/geriatriaiklinika\/wp-json\/wp\/v2\/tags?post=10"}],"curies":[{"name":"wp","href":"https:\/\/api.w.org\/{rel}","templated":true}]}}