{"id":989,"date":"2014-12-19T00:00:00","date_gmt":"2014-12-18T23:00:00","guid":{"rendered":"http:\/\/semmelweis.hu\/genomikai-medicina\/beleegyezo-nyilatkozat-biopszia\/"},"modified":"2024-09-06T09:04:36","modified_gmt":"2024-09-06T07:04:36","slug":"beleegyezo-nyilatkozat-biopszia","status":"publish","type":"page","link":"https:\/\/semmelweis.hu\/genomikai-medicina\/betegellatas\/jarobeteg\/beleegyezo-nyilatkozat-biopszia\/","title":{"rendered":"Beleegyez\u0151 nyilatkozat &#8211; biopszia"},"content":{"rendered":"<p><span style=\"font-size: 14pt\"><strong>Let\u00f6lthet\u0151, nyomtathat\u00f3 v\u00e1ltozat:<\/strong>\u00a0<a href=\"\/wp-content\/blogs.dir\/72\/files\/file\/14\/beleegyezo-grib.pdf\" target=\"_blank\" rel=\"noopener noreferrer\">Beleegyez\u0151 nyilatkozat biopszia vizsg\u00e1lathoz<\/a><\/span><\/p>\n<p><span style=\"font-size: 14pt\">C\u00edm: <\/span><\/p>\n<p><strong>Neurobiopszi\u00e1s Laborat\u00f3rium<\/strong><\/p>\n<div class=\"fontos_div\">\n<p><span style=\"font-size: 14pt\"><strong>SE Genomikai Medicina \u00e9s Ritka Betegs\u00e9gek Int\u00e9zete\u00a0<\/strong><\/span><br \/>\n<span style=\"font-size: 14pt\"><strong>1085 Budapest, Gyulai P\u00e1l u. 2.\u00a0 II.em. Laborat\u00f3rium<\/strong><\/span><\/p>\n<\/div>\n<p>Telefon: +36 1 459-1492<\/p>\n<p>E-mail: <a href=\"mailto:molneur@semmelweis.hu\">molneur@semmelweis.hu<\/a><\/p>\n","protected":false},"excerpt":{"rendered":"<p>Let\u00f6lthet\u0151, nyomtathat\u00f3 v\u00e1ltozat:\u00a0<a href=\"\/wp-content\/blogs.dir\/72\/files\/file\/14\/beleegyezo-grib.pdf\" target=\"_blank\" rel=\"noopener noreferrer\">Beleegyez\u0151 nyilatkozat biopszia vizsg\u00e1lathoz<\/a><br \/>\nC\u00edm:<br \/>\nNeurobiopszi\u00e1s Laborat\u00f3rium<\/p>\n<p>SE Genomikai Medicina \u00e9s Ritka Betegs\u00e9gek Int\u00e9zete\u00a0<br \/>\n1085 Budapest, Gyulai P\u00e1l u. 2.\u00a0 II.em. Laborat\u00f3rium<\/p>\n<p>Telefon: +36 1 459-1492<br \/>\nE-mail: <a href=\"mailto:molneur@semmelweis.hu\">molneur@semmelweis.hu<\/a><\/p>\n","protected":false},"author":101429,"featured_media":0,"parent":1031,"menu_order":4,"comment_status":"closed","ping_status":"closed","template":"","meta":{"_acf_changed":false,"footnotes":""},"categories":[],"tags":[],"class_list":["post-989","page","type-page","status-publish","hentry"],"acf":[],"_links":{"self":[{"href":"https:\/\/semmelweis.hu\/genomikai-medicina\/wp-json\/wp\/v2\/pages\/989","targetHints":{"allow":["GET"]}}],"collection":[{"href":"https:\/\/semmelweis.hu\/genomikai-medicina\/wp-json\/wp\/v2\/pages"}],"about":[{"href":"https:\/\/semmelweis.hu\/genomikai-medicina\/wp-json\/wp\/v2\/types\/page"}],"author":[{"embeddable":true,"href":"https:\/\/semmelweis.hu\/genomikai-medicina\/wp-json\/wp\/v2\/users\/101429"}],"replies":[{"embeddable":true,"href":"https:\/\/semmelweis.hu\/genomikai-medicina\/wp-json\/wp\/v2\/comments?post=989"}],"version-history":[{"count":9,"href":"https:\/\/semmelweis.hu\/genomikai-medicina\/wp-json\/wp\/v2\/pages\/989\/revisions"}],"predecessor-version":[{"id":4109,"href":"https:\/\/semmelweis.hu\/genomikai-medicina\/wp-json\/wp\/v2\/pages\/989\/revisions\/4109"}],"up":[{"embeddable":true,"href":"https:\/\/semmelweis.hu\/genomikai-medicina\/wp-json\/wp\/v2\/pages\/1031"}],"wp:attachment":[{"href":"https:\/\/semmelweis.hu\/genomikai-medicina\/wp-json\/wp\/v2\/media?parent=989"}],"wp:term":[{"taxonomy":"category","embeddable":true,"href":"https:\/\/semmelweis.hu\/genomikai-medicina\/wp-json\/wp\/v2\/categories?post=989"},{"taxonomy":"post_tag","embeddable":true,"href":"https:\/\/semmelweis.hu\/genomikai-medicina\/wp-json\/wp\/v2\/tags?post=989"}],"curies":[{"name":"wp","href":"https:\/\/api.w.org\/{rel}","templated":true}]}}