{"id":988,"date":"2014-12-19T00:00:00","date_gmt":"2014-12-18T23:00:00","guid":{"rendered":"http:\/\/semmelweis.hu\/genomikai-medicina\/ambulancia-2\/"},"modified":"2026-02-17T13:47:14","modified_gmt":"2026-02-17T12:47:14","slug":"ambulancia-szakrendeles","status":"publish","type":"page","link":"https:\/\/semmelweis.hu\/genomikai-medicina\/betegellatas\/betegeknek\/ambulancia-szakrendeles\/","title":{"rendered":"Ambulanci\u00e1k, szakrendel\u00e9sek"},"content":{"rendered":"<p><a href=\"https:\/\/semmelweis.hu\/genomikai-medicina\/betegellatas\/betegeknek\/\"><b>ID\u0150PONTFOGLAL\u00c1S\u00c9RT, ELJUT\u00c1SI INFORM\u00c1CI\u00d3\u00c9RT KATTINTSON IDE!<\/b><\/a><\/p>\n<hr \/>\n<p style=\"text-align: justify\"><strong>Ritka Betegs\u00e9gek Ambulanci\u00e1ja \u00e9s\u00a0Neurogenetikai Szakrendel\u00e9s<\/strong><\/p>\n<ul>\n<li><strong>Prof. Dr. Moln\u00e1r M\u00e1ria Judit:<\/strong> h\u00e9tf\u0151 08:00 \u2013 12:00, szerda 08:00 \u2013 12:00\u00a0<\/li>\n<li><strong>Dr. Grosz Zolt\u00e1n:<\/strong>\u00a0kedd 9:00 \u2013 13:00,\u00a0 cs\u00fct\u00f6rt\u00f6k 9:00 \u2013 13:00<\/li>\n<li><strong>Dr. Pal\u00e1sti \u00c1gnes:\u00a0<\/strong>cs\u00fct\u00f6rt\u00f6k 08:00 \u2013 12:00,<\/li>\n<li><strong>Dr. Jimoh Idris J\u00e1nos:<\/strong>\u00a0cs\u00fct\u00f6rt\u00f6k 12:30 \u2013 17:00\u00a0<\/li>\n<li><strong>Dr. Varga No\u00e9mi \u00c1gnes:<\/strong>\u00a0h\u00e9tf\u0151 12:30 \u2013 16:00, p\u00e9ntek 11:00 \u2013 14:00<\/li>\n<li><strong>Dr.<\/strong> <strong>Benedek P\u00e9ter<\/strong>: cs\u00fct\u00f6rt\u00f6k 13:00 \u2013 15:30<\/li>\n<\/ul>\n<p>&nbsp;<\/p>\n<p>2025. janu\u00e1r 1-\u00e9t\u0151l a k\u00f6zfinansz\u00edrozott ell\u00e1t\u00e1s mellett lehet\u0151s\u00e9g van <strong>priv\u00e1t keretek<\/strong> k\u00f6z\u00f6tt is id\u0151pontot k\u00e9rni al\u00e1bbi orvosainkhoz:<\/p>\n<ul>\n<li><strong>Prof. Dr. Moln\u00e1r M\u00e1ria Judit<\/strong><\/li>\n<li><strong>Dr. Grosz Zolt\u00e1n<\/strong><\/li>\n<li><strong>Dr. Moln\u00e1r Viktor<\/strong><\/li>\n<li><strong>Dr. Jimoh Idris J\u00e1nos<\/strong><\/li>\n<li><strong>Dr. Benedek P\u00e9ter<\/strong><\/li>\n<\/ul>\n<p>A foglal\u00e1sokat a <a href=\"https:\/\/semmelweispremium.hu\/\">Semmelweis Premium<\/a> szolg\u00e1ltat\u00e1son kereszt\u00fcl a k\u00f6vetkez\u0151 el\u00e9rhet\u0151s\u00e9geken tehetik meg:<\/p>\n<ul>\n<li><span style=\"font-size: 12pt;font-family: Montserrat;color: #2f3966\"><a href=\"tel:+3615507007\">Telefon: +36 1 550 7007<\/a><\/span><\/li>\n<li><span style=\"font-size: 12pt;font-family: Montserrat;color: #2f3966\"><a href=\"mailto:info@semmelweispremium.hu\">E-mail: info@semmelweispremium.hu<\/a><\/span><\/li>\n<\/ul>\n<hr \/>\n<p style=\"text-align: justify\"><strong>Genetikai tan\u00e1csad\u00e1s<\/strong><\/p>\n<ul>\n<li><strong>Dr. Szegedi M\u00e1rta:<\/strong>\u00a0kedd 9:00 \u2013 14:00<\/li>\n<li><strong>Dr. Varga No\u00e9mi \u00c1gnes:<\/strong>\u00a0h\u00e9tf\u0151 12:30 \u2013 16:00, p\u00e9ntek 11:00 \u2013 14:00<\/li>\n<li><strong>Dr. Jimoh Idris J\u00e1nos:<\/strong>\u00a0cs\u00fct\u00f6rt\u00f6k 12:30 \u2013 17:00\u00a0<\/li>\n<li><strong>Dr. Csendes Barbara:<\/strong>\u00a0h\u00e9tf\u0151 14:00 \u2013 17:00<\/li>\n<li><em>Dr. Borsos Be\u00e1ta<\/em> <em>sz\u00fcl\u00e9si szabads\u00e1g\u00e1t t\u00f6lti, az \u00e1ltala gondozott p\u00e1ciensek tov\u00e1bbi gondoz\u00e1s\u00e1t b\u00e1rmelyik orvosunk k\u00e9szs\u00e9ggel v\u00e1llalja.<\/em><\/li>\n<li><em>Dr. Zeke Helga sz\u00fcl\u00e9si szabads\u00e1g\u00e1t t\u00f6lti, az \u00e1ltala gondozott p\u00e1ciensek tov\u00e1bbi gondoz\u00e1s\u00e1t b\u00e1rmelyik orvosunk k\u00e9szs\u00e9ggel v\u00e1llalja.<\/em><\/li>\n<\/ul>\n<hr \/>\n<p style=\"text-align: justify\"><strong>Neurofiziol\u00f3giai szakrendel\u00e9s (EMG\/ENG)\u00a0<\/strong><\/p>\n<ul>\n<li style=\"text-align: justify\"><strong>Dr. Grosz Zolt\u00e1n:<\/strong> h\u00e9tf\u0151 \u2013 p\u00e9ntek: 8:00 \u2013 14:00<br \/>\n<a href=\"https:\/\/semmelweis.hu\/genomikai-medicina\/betegellatas\/betegeknek\/szakrendeleseink\/\">B\u0151vebb inform\u00e1ci\u00f3 ide kattintva olvashat\u00f3.<\/a><\/li>\n<\/ul>\n<p>A k\u00f6zfinansz\u00edrozott ell\u00e1t\u00e1s mellett lehet\u0151s\u00e9g van <strong>priv\u00e1t keretek<\/strong>\u00a0k\u00f6z\u00f6tt is id\u0151pontot k\u00e9rni. A foglal\u00e1sokat a<strong> <a href=\"https:\/\/semmelweispremium.hu\/\">Semmelweis Premium<\/a><\/strong> szolg\u00e1ltat\u00e1son kereszt\u00fcl a k\u00f6vetkez\u0151 el\u00e9rhet\u0151s\u00e9geken tehetik meg:<\/p>\n<ul>\n<li><span style=\"font-size: 12pt;font-family: Montserrat;color: #2f3966\"><a href=\"tel:+3615507007\">Telefon: +36 1 550 7007<\/a><\/span><\/li>\n<li><span style=\"font-size: 12pt;font-family: Montserrat;color: #2f3966\"><a href=\"mailto:info@semmelweispremium.hu\">E-mail: info@semmelweispremium.hu<\/a><\/span><\/li>\n<\/ul>\n<hr \/>\n<p style=\"text-align: justify\"><strong>Myopathol\u00f3giai Ambulancia<\/strong><\/p>\n<ul>\n<li style=\"text-align: justify\"><strong>Prof. Dr. Moln\u00e1r M\u00e1ria Judit:<\/strong> h\u00e9tf\u0151 \u2013 p\u00e9ntek: 8:00 \u2013 16:00<\/li>\n<\/ul>\n<hr \/>\n<p style=\"text-align: justify\"><strong>Leukodystrophia Ambulancia (K\u00f6zponti Idegrendszeri Feh\u00e9r\u00e1llom\u00e1ny K\u00e1rosod\u00e1sok Ambulanci\u00e1ja) <\/strong><\/p>\n<ul>\n<li style=\"text-align: justify\"><strong>Dr. Balicza P\u00e9ter:<\/strong> szerda 12:00 \u2013 16:00, p\u00e9ntek 11:00 \u2013 17:00<\/li>\n<\/ul>\n<hr \/>\n<p style=\"text-align: justify\"><strong>Szindromatol\u00f3giai szakrendel\u00e9s <\/strong>\u00a0<\/p>\n<ul>\n<li><strong>Dr. Varga No\u00e9mi \u00c1gnes:<\/strong>\u00a0h\u00e9tf\u0151 12:30 \u2013 16:00, p\u00e9ntek 11:00 \u2013 14:00<br \/>\n<a href=\"https:\/\/semmelweis.hu\/genomikai-medicina\/betegellatas\/betegeknek\/szakrendeleseink\/\">B\u0151vebb inform\u00e1ci\u00f3 ide kattintva olvashat\u00f3.<\/a><\/li>\n<\/ul>\n<hr \/>\n<p><strong>Onkogenetikai szakrendel\u00e9s<\/strong><\/p>\n<ul>\n<li><strong>Dr. Moln\u00e1r Viktor: <\/strong>kedd 14:00 \u2013 16:30, p\u00e9ntek 08:00 \u2013 10:30\u00a0<\/li>\n<li><strong>Cs\u00e1nyin\u00e9 Dr. S\u00e1gi Judit: kedd: <\/strong>13:30-16:00, p\u00e9ntek 12:30-15:30<\/li>\n<\/ul>\n<hr \/>\n<p style=\"text-align: justify\"><strong>Kardiogenetikai \u00e9s onkogenetikai szakrendel\u00e9s<\/strong><\/p>\n<ul>\n<li><strong>Dr. Jimoh Idris J\u00e1nos:<\/strong>\u00a0<strong>:<\/strong>\u00a0cs\u00fct\u00f6rt\u00f6k 12:30 \u2013 17:00\u00a0<br \/>\n<a href=\"https:\/\/semmelweis.hu\/genomikai-medicina\/betegellatas\/betegeknek\/szakrendeleseink\/\">B\u0151vebb inform\u00e1ci\u00f3 ide kattintva olvashat\u00f3.<\/a><\/li>\n<\/ul>\n<hr \/>\n<p style=\"text-align: justify\"><strong>Neurocutan Ambulancia<\/strong><\/p>\n<ul>\n<li><strong>Dr. Szegedi M\u00e1rta:<\/strong> kedd 9:00 \u2013 12:00<br \/>\n<a href=\"https:\/\/semmelweis.hu\/genomikai-medicina\/betegellatas\/betegeknek\/szakrendeleseink\/\">B\u0151vebb inform\u00e1ci\u00f3 ide kattintva olvashat\u00f3.<\/a><\/li>\n<\/ul>\n<hr \/>\n<p style=\"text-align: justify\"><strong>Fizioter\u00e1pi\u00e1s szakrendel\u00e9s &#8211; gy\u00f3gytorna<\/strong><\/p>\n<ul>\n<li><strong>Surj\u00e1n Kinga:<\/strong> telefonon egyeztetve<br \/>\n<a href=\"https:\/\/semmelweis.hu\/genomikai-medicina\/betegellatas\/betegeknek\/szakrendeleseink\/\">B\u0151vebb inform\u00e1ci\u00f3 ide kattintva olvashat\u00f3.<\/a><\/li>\n<\/ul>\n<hr \/>\n<p><strong>Pszichoter\u00e1pi\u00e1s szakrendel\u00e9s<\/strong><\/p>\n<ul>\n<li><strong>Dr. Losonczi Ant\u00f3nia:<\/strong>\u00a0h\u00e9tf\u0151 08:00 \u2013 12:00, szerda 08:00 \u2013 12:00<br \/>\n<a href=\"https:\/\/semmelweis.hu\/genomikai-medicina\/betegellatas\/betegeknek\/szakrendeleseink\/\">B\u0151vebb inform\u00e1ci\u00f3 ide kattintva olvashat\u00f3.<\/a><\/li>\n<\/ul>\n<div style=\"text-align: justify\">\n<hr \/>\n<\/div>\n","protected":false},"excerpt":{"rendered":"<p><a href=\"https:\/\/semmelweis.hu\/genomikai-medicina\/betegellatas\/betegeknek\/\">ID\u0150PONTFOGLAL\u00c1S\u00c9RT, ELJUT\u00c1SI INFORM\u00c1CI\u00d3\u00c9RT KATTINTSON IDE!<\/a> Ritka Betegs\u00e9gek Ambulanci\u00e1ja \u00e9s\u00a0Neurogenetikai Szakrendel\u00e9s Prof. Dr. Moln\u00e1r M\u00e1ria Judit: h\u00e9tf\u0151 08:00 \u2013 12:00, szerda 08:00 \u2013 12:00\u00a0 Dr. Grosz Zolt\u00e1n:\u00a0kedd 9:00 \u2013 13:00,\u00a0 cs\u00fct\u00f6rt\u00f6k 9:00 \u2013 13:00 Dr. Pal\u00e1sti \u00c1gnes:\u00a0cs\u00fct\u00f6rt\u00f6k 08:00 \u2013 12:00, Dr. Jimoh Idris J\u00e1nos:\u00a0cs\u00fct\u00f6rt\u00f6k 12:30 \u2013 17:00\u00a0 Dr. Varga No\u00e9mi \u00c1gnes:\u00a0h\u00e9tf\u0151 12:30 \u2013 16:00, p\u00e9ntek 11:00 \u2013 14:00 Dr. Benedek P\u00e9ter: &hellip;<\/p>\n","protected":false},"author":101429,"featured_media":0,"parent":1350,"menu_order":1,"comment_status":"closed","ping_status":"closed","template":"","meta":{"_acf_changed":false,"footnotes":""},"categories":[],"tags":[],"class_list":["post-988","page","type-page","status-publish","hentry"],"acf":[],"_links":{"self":[{"href":"https:\/\/semmelweis.hu\/genomikai-medicina\/wp-json\/wp\/v2\/pages\/988","targetHints":{"allow":["GET"]}}],"collection":[{"href":"https:\/\/semmelweis.hu\/genomikai-medicina\/wp-json\/wp\/v2\/pages"}],"about":[{"href":"https:\/\/semmelweis.hu\/genomikai-medicina\/wp-json\/wp\/v2\/types\/page"}],"author":[{"embeddable":true,"href":"https:\/\/semmelweis.hu\/genomikai-medicina\/wp-json\/wp\/v2\/users\/101429"}],"replies":[{"embeddable":true,"href":"https:\/\/semmelweis.hu\/genomikai-medicina\/wp-json\/wp\/v2\/comments?post=988"}],"version-history":[{"count":12,"href":"https:\/\/semmelweis.hu\/genomikai-medicina\/wp-json\/wp\/v2\/pages\/988\/revisions"}],"predecessor-version":[{"id":4354,"href":"https:\/\/semmelweis.hu\/genomikai-medicina\/wp-json\/wp\/v2\/pages\/988\/revisions\/4354"}],"up":[{"embeddable":true,"href":"https:\/\/semmelweis.hu\/genomikai-medicina\/wp-json\/wp\/v2\/pages\/1350"}],"wp:attachment":[{"href":"https:\/\/semmelweis.hu\/genomikai-medicina\/wp-json\/wp\/v2\/media?parent=988"}],"wp:term":[{"taxonomy":"category","embeddable":true,"href":"https:\/\/semmelweis.hu\/genomikai-medicina\/wp-json\/wp\/v2\/categories?post=988"},{"taxonomy":"post_tag","embeddable":true,"href":"https:\/\/semmelweis.hu\/genomikai-medicina\/wp-json\/wp\/v2\/tags?post=988"}],"curies":[{"name":"wp","href":"https:\/\/api.w.org\/{rel}","templated":true}]}}