{"id":62,"date":"2012-08-21T21:42:45","date_gmt":"2012-08-21T19:42:45","guid":{"rendered":"http:\/\/semmelweis-egyetem.hu\/genomikai-medicina\/?page_id=62"},"modified":"2024-09-06T09:36:22","modified_gmt":"2024-09-06T07:36:22","slug":"gradualis-kepzes","status":"publish","type":"page","link":"https:\/\/semmelweis.hu\/genomikai-medicina\/oktatas\/gradualis-kepzes\/","title":{"rendered":"Gradu\u00e1lis k\u00e9pz\u00e9s"},"content":{"rendered":"<div class=\"responsive-tabs\">\n<h2 class=\"tabtitle\">Klinikai Genetika<\/h2>\n<div class=\"tabcontent\">\n\n<h2><span style=\"font-size: 24pt\">Klinikai genetika<\/span><\/h2>\n<p><strong>NEPTUN K\u00f3d: AOKGRI764_1M<\/strong><\/p>\n<p><strong>A tant\u00e1rgy el\u0151ad\u00f3j\u00e1nak neve:<\/strong> Prof. Dr. Moln\u00e1r M\u00e1ria Judit<\/p>\n<p><strong>Tanulm\u00e1nyi felel\u0151s:<\/strong> Dr. Szegedi M\u00e1rta<\/p>\n<hr \/>\n<p>Klinikai modul &#8211; k\u00f6telez\u0151en v\u00e1laszthat\u00f3 t\u00e1rgy, V. \u00e9vfolyamos \u00c1OK k\u00e9pz\u00e9sben<br \/>\n1 hetes blokkgyakorlat, a h\u00e9t v\u00e9g\u00e9n vizsg\u00e1val t\u00f6rt\u00e9n\u0151 z\u00e1r\u00e1ssal<\/p>\n<p>Tanulm\u00e1nyi \u00fcgyekkel kapcsolatos megkeres\u00e9seket T\u00f3th Andrea titk\u00e1rs\u00e1gvezet\u0151 email<br \/>\nc\u00edm\u00e9re v\u00e1rjuk, aki ezeket a megfelel\u0151 felel\u0151sh\u00f6z fogja tov\u00e1bb\u00edtani:<br \/>\n<a href=\"mailto:toth.andrea@semmelweis.hu\">toth.andrea@semmelweis.hu<\/a><\/p>\n<hr \/>\n<p><strong>Ideje:<\/strong> a blokkok beoszt\u00e1s\u00e1nak megfelel\u0151en (ld. NEPTUN rendszer)<\/p>\n<p style=\"text-align: justify\"><strong>A t\u00e1rgy c\u00e9lja:\u00a0<\/strong><br \/>\nA Klinikai Genetika tant\u00e1rgy az orvostanhallgat\u00f3kat a human genetikai vari\u00e1ci\u00f3k<br \/>\nklinikai jelent\u0151s\u00e9g\u00e9vel ismerteti meg, illetve a genetikai betegs\u00e9gek diagnosztik\u00e1j\u00e1nak<br \/>\n\u00e9s kezel\u00e9si lehet\u0151s\u00e9geinek alapjait rakja le els\u0151sorban esetek, klinikai szitu\u00e1ci\u00f3k<br \/>\nismertet\u00e9se, bemutat\u00e1sa seg\u00edts\u00e9g\u00e9vel. Ma m\u00e1r a genetikai tesztek a klasszikus<br \/>\n\u00e9rtelemben vett genetikai diagnosztika (monog\u00e9nes betegs\u00e9gek \u00e9s chromosomalis<br \/>\nrendelleness\u00e9gek diagnosztik\u00e1ja) mellett az egyes betegs\u00e9gekre val\u00f3 hajlam<br \/>\nmegbecsl\u00e9s\u00e9re (predikci\u00f3), az egyes ter\u00e1pi\u00e1s lehet\u0151s\u00e9gek hat\u00e9konys\u00e1g\u00e1nak \u00e9s<br \/>\nmell\u00e9khat\u00e1s\u00e1nak megj\u00f3sl\u00e1s\u00e1ban (farmakogenomika) \u00e9s a betegs\u00e9gek progn\u00f3zis\u00e1nak<br \/>\nmeg\u00e1llap\u00edt\u00e1s\u00e1ban is szerepet j\u00e1tszanak. Az orvos szerep\u00e9nek megvil\u00e1g\u00edt\u00e1sa az<br \/>\n\u00f6r\u00f6kletes betegs\u00e9gek menedzsmentj\u00e9ben. A diszcipl\u00edna az orvostudom\u00e1ny egyik<br \/>\nleggyorsabban fejl\u0151d\u0151 tudom\u00e1ny\u00e1ga, a j\u00f6v\u0151 orvosl\u00e1s\u00e1nak egyik fontos eleme.<\/p>\n<p><strong>Kredit \u00e9rt\u00e9k:<\/strong> 2 pont<\/p>\n<p><strong>A t\u00e1rgy sikeres elv\u00e9gz\u00e9se milyen kompetenci\u00e1k megszerz\u00e9s\u00e9t eredm\u00e9nyezi: <\/strong><\/p>\n<p style=\"text-align: justify\">A t\u00e1rgy sikeres elv\u00e9gz\u00e9s\u00e9t k\u00f6vet\u0151en a hallgat\u00f3k rendelkezni fognak a leggyakoribb genetikai- genomikai predikci\u00f3s, prevenci\u00f3s, diagnosztikai \u00e9s farmakogenomikai ismeretekkel, elsaj\u00e1t\u00edtj\u00e1k a genetikai tan\u00e1csad\u00e1s c\u00e9lj\u00e1t, annak m\u00f3dszereit, a klinikai genetikus helyes viselked\u00e9sm\u00f3dj\u00e1t, megismerik a diagnosztikai \u00e9s ter\u00e1pi\u00e1s d\u00f6nt\u00e9shozatal m\u00f3dj\u00e1t \u00e9s a ter\u00fclet etikai dilemm\u00e1it. Megtanulj\u00e1k a legismertebb szindr\u00f3ma keres\u0151 software-ek, mesters\u00e9ges intelligencia alap\u00fa d\u00f6nt\u00e9shozatali rendszerek haszn\u00e1lat\u00e1t, valamint megismerik azt az orvosi magatart\u00e1st, amelyet az \u00f6r\u00f6kletes betegs\u00e9gben szenved\u0151 p\u00e1ciensek \u00e9s csal\u00e1djai ig\u00e9nyelnek.\u00a0<\/p>\n<p><strong>A tant\u00e1rgy felv\u00e9tel\u00e9hez, illetve elsaj\u00e1t\u00edt\u00e1s\u00e1hoz sz\u00fcks\u00e9ges el\u0151tanulm\u00e1nyi felt\u00e9tel(ek):<\/strong><\/p>\n<p>Genetika \u00e9s genomika, Patol\u00f3gia II., K\u00f3r\u00e9lettan II., \u00a0Farmakol\u00f3gia II. tant\u00e1rgyak sikeres teljes\u00edt\u00e9se.<\/p>\n<p><strong>A kurzus megind\u00edt\u00e1s\u00e1nak hallgat\u00f3i l\u00e9tsz\u00e1m-felt\u00e9telei (minimum, maximum), a hallgat\u00f3k kiv\u00e1laszt\u00e1s\u00e1nak m\u00f3dja:<\/strong><\/p>\n<p>Az 5. \u00e9vfolyam hallgat\u00f3i, mivel k\u00f6telez\u0151 a kurzus<\/p>\n<p><strong>A kurzusra t\u00f6rt\u00e9n\u0151 jelentkez\u00e9s m\u00f3dja:<\/strong><\/p>\n<p>NENPTUN rendszeren kereszt\u00fcl<\/p>\n<p><strong>A t\u00e1rgy r\u00e9szletes tematik\u00e1ja:<\/strong><\/p>\n<ul>\n<li>A klinikai genetika helye az orvosl\u00e1sban, a genetikai betegs\u00e9gek klasszifik\u00e1ci\u00f3ja, csal\u00e1di anamn\u00e9zis felv\u00e9tele (Nyit\u00f3 szemin\u00e1rium) &#8211; oktat\u00f3: Prof. Dr. Moln\u00e1r M\u00e1ria Judit, helyettes: Dr. Gr\u00f3sz Zolt\u00e1n<\/li>\n<li>Web alap\u00fa keres\u00e9si m\u00f3dszerek a klinikai genetik\u00e1ban (Interakt\u00edv konzult\u00e1ci\u00f3) &#8211; oktat\u00f3: Dr. Moln\u00e1r Viktor, helyettes: Dr. Balicza P\u00e9ter<\/li>\n<li>Betegkontakt gyakorlati \u00f3ra \u2013 Ambulancia, illetve fekv\u0151beteg oszt\u00e1ly rot\u00e1ci\u00f3ban &#8211; oktat\u00f3k: Prof.Dr. Moln\u00e1r M\u00e1ria Judit, Dr. Szegedi M\u00e1rta, Dr. Balicza P\u00e9ter, Dr. Moln\u00e1r Viktor, Dr. Varga No\u00e9mi \u00c1gnes, Dr. Pal\u00e1sti \u00c1gnes, Dr. Gr\u00f3sz Zolt\u00e1n, Dr. Borsos Be\u00e1ta, Dr. Jimoh Idris J\u00e1nos, Dr. S\u00e1gi Judit, Dr. Csendes Barbara, Dr. Benedek P\u00e9ter<\/li>\n<li>Esetbemutat\u00e1s 1. A ritka betegs\u00e9gek diagnosztikai \u00e9s kezel\u00e9si algoritmusainak bemutat\u00e1sa modellbetegs\u00e9gekkel &#8211; oktat\u00f3: Dr. Gr\u00f3sz Zolt\u00e1n, helyettes: Dr. Jimoh Idris J\u00e1nos<\/li>\n<li>Velesz\u00fcletett genetikai rendelleness\u00e9gek jelent\u0151s\u00e9ge \u00e9s diagnosztikai lehet\u0151s\u00e9gei (Szemin\u00e1rium) &#8211; oktat\u00f3: Dr. Varga No\u00e9mi \u00c1gnes, helyettes: Dr. Szegedi M\u00e1rta<\/li>\n<li>Genetikai diagnosztikai k\u00e9szs\u00e9gek fejleszt\u00e9se (Workshop konzult\u00e1ci\u00f3) \u2013 oktat\u00f3: Dr. Balicza P\u00e9ter, helyettes: Dr. Moln\u00e1r Viktor<\/li>\n<li>Esetbemutat\u00e1s 2. A ritka betegs\u00e9gek diagnosztikai \u00e9s kezel\u00e9si algoritmusainak bemutat\u00e1sa modellbetegs\u00e9gekkel &#8211; oktat\u00f3: Dr. Szegedi M\u00e1rta, helyettes: Dr. S\u00e1gi Judit<\/li>\n<li>N\u00e9peg\u00e9szs\u00e9g\u00fcgyi jelent\u0151s\u00e9g\u0171 k\u00f3rk\u00e9pek genetik\u00e1ja. \u00d6r\u00f6kletes daganat szindr\u00f3m\u00e1k, cardiovascularis betegs\u00e9gek. (Szemin\u00e1rium) oktat\u00f3: Dr. Varga No\u00e9mi \u00c1gnes, helyettes: Dr. Csendes Barbara<\/li>\n<li>Genetikai tan\u00e1csad\u00e1s. Genetikai tan\u00e1csad\u00e1son val\u00f3 r\u00e9szv\u00e9tel (Szemin\u00e1rium \u00e9s kommunik\u00e1ci\u00f3s gyakorlat) \u2013 oktat\u00f3: Dr. Szegedi M\u00e1rta, helyettes: Dr. Borsos Be\u00e1ta<\/li>\n<li>Az \u00f6r\u00f6kletes betegs\u00e9gek menedzsmentje (Workshop konzult\u00e1ci\u00f3) \u2013 oktat\u00f3: Dr. Varga No\u00e9mi \u00c1gnes, helyettes: Dr. Moln\u00e1r Viktor<\/li>\n<li>A gyakorit\u00f3l a ritk\u00e1ig, a helyes d\u00f6nt\u00e9shozatal gyakorlata (Esetbemutat\u00e1s, team competition) \u2013 oktat\u00f3: Dr. Moln\u00e1r Viktor, helyettes: Dr. Varga No\u00e9mi \u00c1gnes<\/li>\n<li>Szem\u00e9lyre szabott medicina, genomikai stratifik\u00e1ci\u00f3, c\u00e9lzott kezel\u00e9sek, \u00e1tfog\u00f3 genomikai tesztek, sz\u0171r\u00e9si strat\u00e9gi\u00e1k (Szemin\u00e1rium) \u2013 oktat\u00f3: Prof. Dr. Moln\u00e1r M\u00e1ria Judit, helyettes: Dr. Gr\u00f3sz Zolt\u00e1n<\/li>\n<li>Etikai esetb\u00f6rze. Vizsga el\u0151tti konzult\u00e1ci\u00f3. (Szemin\u00e1rium) \u2013 oktat\u00f3: Dr. Szegedi M\u00e1rta, helyettes: Dr. Moln\u00e1r Viktor<\/li>\n<li>Vizsga \u2013 oktat\u00f3: Dr. Szegedi M\u00e1rta, helyettes: Dr. Moln\u00e1r Viktor<\/li>\n<\/ul>\n<p><a href=\"https:\/\/semmelweis.hu\/genomikai-medicina\/files\/2022\/03\/Klinikaigenetika_beosztas.png\"><img loading=\"lazy\" decoding=\"async\" class=\"alignnone  wp-image-3352\" src=\"https:\/\/semmelweis.hu\/genomikai-medicina\/files\/2022\/03\/Klinikaigenetika_beosztas-300x85.png\" alt=\"\" width=\"621\" height=\"176\" srcset=\"https:\/\/semmelweis.hu\/genomikai-medicina\/files\/2022\/03\/Klinikaigenetika_beosztas-300x85.png 300w, https:\/\/semmelweis.hu\/genomikai-medicina\/files\/2022\/03\/Klinikaigenetika_beosztas-768x219.png 768w, https:\/\/semmelweis.hu\/genomikai-medicina\/files\/2022\/03\/Klinikaigenetika_beosztas-580x165.png 580w, https:\/\/semmelweis.hu\/genomikai-medicina\/files\/2022\/03\/Klinikaigenetika_beosztas.png 945w\" sizes=\"auto, (max-width: 621px) 100vw, 621px\" \/><\/a><em><span style=\"font-size: 10pt\">(Kattintson a t\u00e1bl\u00e1zatra a teljes m\u00e9rethez)<\/span><\/em><\/p>\n<p><strong>Az adott tant\u00e1rgy hat\u00e1rter\u00fcleti k\u00e9rd\u00e9seit \u00e9rint\u0151 egy\u00e9b t\u00e1rgyak (k\u00f6telez\u0151 \u00e9s v\u00e1laszthat\u00f3 t\u00e1rgyak egyar\u00e1nt!). A tematik\u00e1k lehets\u00e9ges \u00e1tfed\u00e9sei:<\/strong><\/p>\n<p>preklinikai modul: Genetika \u00e9s Genomika, Patol\u00f3gia<\/p>\n<p>klinikai modul: Gyermekgy\u00f3gy\u00e1szat, Neurol\u00f3gia, Sz\u00fcl\u00e9szet-N\u0151gy\u00f3gy\u00e1szat, Belgy\u00f3gy\u00e1szat, Kardiol\u00f3gia, Onkol\u00f3gia<\/p>\n<p><strong>A tant\u00e1rgy sikeres elv\u00e9gz\u00e9s\u00e9hez sz\u00fcks\u00e9ges speci\u00e1lis tanulm\u00e1nyi munka:<\/strong><\/p>\n<p>Digitalis munkaf\u00fczet haszn\u00e1lata, \u00f6n\u00e1ll\u00f3 esetbemutat\u00e1s \u00e9s prezent\u00e1ci\u00f3 k\u00e9sz\u00edt\u00e9se, genetikai tan\u00e1csad\u00e1s szimul\u00e1ci\u00f3ja, informatikai feladatok v\u00e9gz\u00e9se<\/p>\n<p><strong>A foglalkoz\u00e1sokon val\u00f3 r\u00e9szv\u00e9tel k\u00f6vetelm\u00e9nyei \u00e9s a t\u00e1volmarad\u00e1s p\u00f3tl\u00e1s\u00e1nak lehet\u0151s\u00e9ge:<\/strong><\/p>\n<p>A tanulm\u00e1nyi \u00e9s vizsgaszab\u00e1lyzatnak megfelel\u0151en a foglalkoz\u00e1sok 75%-\u00e1n k\u00f6telez\u0151 a r\u00e9szv\u00e9tel. 25% hi\u00e1nyz\u00e1st nem sz\u00fcks\u00e9ges igazolni, viszont azt meghalad\u00f3an j\u00e1rv\u00e1ny\u00fcgyi helyzetre tekintettel igazol\u00e1s sz\u00fcks\u00e9ges. P\u00f3tl\u00e1s: a tanulm\u00e1nyi felel\u0151ssel el\u0151re egyeztetett oktat\u00e1si h\u00e9ten van lehet\u0151s\u00e9g.<\/p>\n<p><strong>A megszerzett ismeretek ellen\u0151rz\u00e9s\u00e9nek m\u00f3dja a szorgalmi id\u0151szakban: <\/strong><\/p>\n<p>A rendelkez\u00e9s\u00fcnkre \u00e1ll\u00f3 r\u00f6vid oktat\u00e1si id\u0151szak alatt k\u00f6zb\u00fcls\u0151 form\u00e1lis sz\u00e1monk\u00e9r\u00e9s nem t\u00f6rt\u00e9nik.<\/p>\n<p>A gyakorlatok \u00e9s a konzult\u00e1ci\u00f3k interakt\u00edv jellege lehet\u0151v\u00e9 teszi azonban a hallgat\u00f3k tud\u00e1s\u00e1nak \u00e9s a rendelkez\u00e9s\u00fckre \u00e1ll\u00f3 inform\u00e1ci\u00f3k felhaszn\u00e1l\u00e1s\u00e1nak ellen\u0151rz\u00e9s\u00e9t.<\/p>\n<p><strong>A f\u00e9l\u00e9v al\u00e1\u00edr\u00e1s\u00e1nak k\u00f6vetelm\u00e9nyei: <\/strong><\/p>\n<p>Legal\u00e1bb 75%-os r\u00e9szv\u00e9tel a foglalkoz\u00e1sokon, amely jelenl\u00e9tet az \u00f3r\u00e1k v\u00e9g\u00e9n \u00e9rt\u00e9kel\u00e9ssel egybek\u00f6t\u00f6tten lehet igazolni. Az \u00e9rt\u00e9kel\u00e9shez sz\u00fcks\u00e9ges online el\u00e9rhet\u0151s\u00e9g (link) az oktat\u00e1si hetet megel\u0151z\u0151 h\u00e9ten a Neptun rendszeren a csoport tagjai sz\u00e1m\u00e1ra megk\u00fcld\u00f6tt K\u00f6z\u00f6s dokumentumban tal\u00e1lhat\u00f3.<\/p>\n<p><strong>A vizsga t\u00edpusa:<\/strong><\/p>\n<p>\u00cdr\u00e1sbeli tesztvizsga. A vizsgak\u00e9rd\u00e9sek 50%-a a tanul\u00f3k sz\u00e1m\u00e1ra a Moodle rendszeren kereszt\u00fcl rendelkez\u00e9sre bocs\u00e1tott gyakorl\u00f3 tesztsorb\u00f3l, a m\u00e1sik 50% az adott oktat\u00e1si h\u00e9ten bemutatott modellbetegs\u00e9gekkel kapcsolatos k\u00e9rd\u00e9sekb\u0151l \u00e1ll.<\/p>\n<p><strong>Vizsgak\u00f6vetelm\u00e9nyek<\/strong><strong>:<\/strong><\/p>\n<p>A tant\u00e1rgy sikeres teljes\u00edt\u00e9se (A foglalkoz\u00e1sok 75%-\u00e1t nem meghalad\u00f3 hi\u00e1nyz\u00e1s, p\u00f3tl\u00e1sokkal egy\u00fctt).<\/p>\n<p>A fent r\u00e9szletezett tematik\u00e1t egyenletesen lefed\u0151 probl\u00e9ma-, \u00e9s gyakorlat-orient\u00e1lt ismeretek elsaj\u00e1t\u00edt\u00e1sa.<\/p>\n<p><strong>Az oszt\u00e1lyzat kialak\u00edt\u00e1s\u00e1nak m\u00f3dja \u00e9s t\u00edpusa:<\/strong><\/p>\n<p>50 tesztk\u00e9rd\u00e9s \u00f6sszesen 100 pontot, k\u00e9rd\u00e9senk\u00e9nt 2 pontot \u00e9r.<\/p>\n<p>Teljes\u00edt\u00e9s 90% &#8211; a: jeles, 80-89%: j\u00f3, 70-79%: k\u00f6zepes, 60-69%: el\u00e9gs\u00e9ges, 60% alatt: el\u00e9gtelen.<\/p>\n<p><strong>A vizsg\u00e1ra t\u00f6rt\u00e9n\u0151 jelentkez\u00e9s m\u00f3dja:<\/strong><\/p>\n<p>Neptun rendszeren kereszt\u00fcl.<\/p>\n<p><strong>A vizsga megism\u00e9tl\u00e9s\u00e9nek lehet\u0151s\u00e9gei:<\/strong><\/p>\n<p>Tanulm\u00e1nyi \u00e9s Vizsgaszab\u00e1lyzat szerint, a tanulm\u00e1nyi felel\u0151ssel el\u0151re egyeztetett oktat\u00e1si h\u00e9t vizsg\u00e1j\u00e1hoz t\u00f6rt\u00e9n\u0151 csatlakoz\u00e1ssal van lehet\u0151s\u00e9g.<\/p>\n<p><strong>A tananyag elsaj\u00e1t\u00edt\u00e1s\u00e1hoz felhaszn\u00e1lhat\u00f3 nyomtatott, elektronikus \u00e9s online jegyzetek, tank\u00f6nyvek, seg\u00e9dletek \u00e9s szakirodalom (online anyag eset\u00e9n html c\u00edm):<\/strong><\/p>\n<ol>\n<li>SE Genomikai Medicina \u00e9s Ritka Betegs\u00e9gek Int\u00e9zete \u00e1ltal k\u00e9sz\u00edtett Klinikai Genetika e-learning tananyag (szerk. Dr. Moln\u00e1r M\u00e1ria Judit) (2018)<\/li>\n<li>Ol\u00e1h \u00c9va (szerk). Klinikai genetika (2015)<\/li>\n<li>Turpenny P, Ellard S: Emery&#8217;s Elements of Medical Genetics (2012)<\/li>\n<li>Murken JD, Grimm T, Holinski-Feder E, Zerres K: Taschen Lehrbuch Humangenetik (2011)<\/li>\n<\/ol>\n\n<\/div><h2 class=\"tabtitle\">Clinical Genetics<\/h2>\n<div class=\"tabcontent\">\n\n<h2><span style=\"font-size: 24pt\">Clinical Genetics<\/span><\/h2>\n<p><strong>NEPTUN code: AOKGRI764_1A\u00a0 \u00a0 \u00a0 \u00a0 \u00a0 \u00a0 \u00a0 \u00a0 \u00a0 \u00a0 \u00a0 \u00a0 \u00a0 \u00a0 \u00a0 \u00a0 \u00a0 \u00a0 \u00a0 \u00a0 \u00a0 \u00a0 \u00a0 \u00a0 \u00a0 \u00a0 \u00a0 \u00a0 \u00a0\u00a0<br \/>\n<\/strong><\/p>\n<p><strong>Lecturer and Chairman of the Department:<\/strong> Prof. Dr. M\u00e1ria Judit Moln\u00e1r<\/p>\n<p><strong>Course Instructor:<\/strong> Dr. Viktor Moln\u00e1r<\/p>\n<hr \/>\n<p>Requests related to educational matters are welcome to the e-mail address of Andrea T\u00f3th, Head of Secretariat, who will forward them to the appropriate person:<\/p>\n<p><a href=\"mailto:toth.andrea@semmelweis.hu\">toth.andrea@semmelweis.hu<\/a><\/p>\n<p>E-mails must include the students&#8217; full name and NEPTUN code and have a descriptive subject line.<\/p>\n<hr \/>\n<p><strong>Date:<\/strong> in accordance with block scheduling (NEPTUN)<\/p>\n<p><strong>Requirements of attendance and making up for absences: <\/strong>see information in Moodle. Attending 75% of the practices, lectures and workshops is the minimum criteria to acquire the end-term signature.\u00a0<br \/>\n<strong>Prerequisite subject:<\/strong> Pharmacology II, Genetics and Genomics, Pathology II<br \/>\n<strong>Form of exam:<\/strong> written test<br \/>\n<strong>Registering for the exam:<\/strong> NEPTUN\u00a0<br \/>\n<strong>Useful materials:<\/strong> uploaded in Moodle\u00a0<\/p>\n<hr \/>\n<p>Overview of the one-week block practice:<\/p>\n<p><a href=\"https:\/\/semmelweis.hu\/genomikai-medicina\/files\/2020\/09\/Clinical_genetics_block.png\"><img loading=\"lazy\" decoding=\"async\" class=\"alignnone wp-image-2975\" src=\"https:\/\/semmelweis.hu\/genomikai-medicina\/files\/2020\/09\/Clinical_genetics_block-300x164.png\" alt=\"\" width=\"473\" height=\"258\" srcset=\"https:\/\/semmelweis.hu\/genomikai-medicina\/files\/2020\/09\/Clinical_genetics_block-300x164.png 300w, https:\/\/semmelweis.hu\/genomikai-medicina\/files\/2020\/09\/Clinical_genetics_block-1024x560.png 1024w, https:\/\/semmelweis.hu\/genomikai-medicina\/files\/2020\/09\/Clinical_genetics_block-768x420.png 768w, https:\/\/semmelweis.hu\/genomikai-medicina\/files\/2020\/09\/Clinical_genetics_block-548x300.png 548w, https:\/\/semmelweis.hu\/genomikai-medicina\/files\/2020\/09\/Clinical_genetics_block.png 1036w\" sizes=\"auto, (max-width: 473px) 100vw, 473px\" \/><\/a><\/p>\n\n<\/div><h2 class=\"tabtitle\">Klinische Genetik<\/h2>\n<div class=\"tabcontent\">\n\n<h2><span style=\"font-size: 24pt\">Klinische Genetik<\/span><\/h2>\n<p><strong>NEPTUN-Code: AOKGRI764_1N<\/strong><\/p>\n<p><strong>Dozent und Vorsitzender der Abteilung:<\/strong> Prof. Dr. M\u00e1ria Judit Moln\u00e1r<\/p>\n<p><strong>Kursleiter:<\/strong> Dr. Viktor Moln\u00e1r<\/p>\n<hr \/>\n<p>Anfragen in Bezug auf Studienangelegenheiten sind an die E-Mail-Adresse von Andrea T\u00f3th, Leiterin des Sekretariats, gerichtet, die sie an die entsprechende Person weiterleitet:<\/p>\n<p><a href=\"mailto:toth.andrea@semmelweis.hu\">toth.andrea@semmelweis.hu<\/a><\/p>\n<p>E-Mails m\u00fcssen den vollst\u00e4ndigen Namen und den NEPTUN-Code der Studenten enthalten.<\/p>\n<p><strong>Lernveranstaltungen<\/strong><\/p>\n<p><strong>Datum: <\/strong>gem\u00e4\u00df Blockplanung (NEPTUN)<\/p>\n<p style=\"padding-left: 80px\">\u00a0<\/p>\n<p><strong>Weitere Studienangelegenheiten:<\/strong><\/p>\n<p style=\"padding-left: 40px\">Kreditpunkte: 2<\/p>\n<p style=\"padding-left: 40px\">Anwesenheitsvoraussetzungen und Ausgleich von Abwesenheiten: Die Teilnahme an 75% der Unterrichte ist das Mindestkriterium f\u00fcr die Erlangung der Unterschrift.<\/p>\n<p style=\"padding-left: 40px\">Vorf\u00e4cher: Pharmakologie II, Genetik und Genomik, Pathologie II<\/p>\n<p style=\"padding-left: 40px\">Pr\u00fcfungsform: schriftliche Pr\u00fcfung<\/p>\n<p style=\"padding-left: 40px\">Anmeldung zur Pr\u00fcfung: NEPTUN<\/p>\n<p style=\"padding-left: 40px\">N\u00fctzliche Lernmaterialien: Moodle<\/p>\n<p><strong>\u00dcberblick \u00fcber das einw\u00f6chige Blockpraktikum:<\/strong><\/p>\n<p><a href=\"https:\/\/semmelweis.hu\/genomikai-medicina\/files\/2020\/10\/Klinische_genetik-1.jpg\"><img loading=\"lazy\" decoding=\"async\" class=\"alignnone wp-image-3040\" src=\"https:\/\/semmelweis.hu\/genomikai-medicina\/files\/2020\/10\/Klinische_genetik-1-300x155.jpg\" alt=\"\" width=\"581\" height=\"300\" srcset=\"https:\/\/semmelweis.hu\/genomikai-medicina\/files\/2020\/10\/Klinische_genetik-1-300x155.jpg 300w, https:\/\/semmelweis.hu\/genomikai-medicina\/files\/2020\/10\/Klinische_genetik-1-768x397.jpg 768w, https:\/\/semmelweis.hu\/genomikai-medicina\/files\/2020\/10\/Klinische_genetik-1-580x300.jpg 580w, https:\/\/semmelweis.hu\/genomikai-medicina\/files\/2020\/10\/Klinische_genetik-1.jpg 829w\" sizes=\"auto, (max-width: 581px) 100vw, 581px\" \/><\/a><\/p>\n\n<\/div><h2 class=\"tabtitle\">Disruptive Technologies<\/h2>\n<div class=\"tabcontent\">\n\n<h2><span style=\"font-size: 24pt\">Disruptive medical technologies &#8211; <span style=\"font-size: 14pt\">elective course in English<\/span><\/span><\/h2>\n<p><strong>Lecturer and Chairman of the Department:<\/strong> Prof. Dr. M\u00e1ria Judit Moln\u00e1r<\/p>\n<p><strong>Lecturer:<\/strong> Dr. Bertalan Mesk\u00f3<\/p>\n<p><strong>Course Instructor:<\/strong> Dr. Idris J\u00e1nos Jimoh<\/p>\n<hr \/>\n<p>Disruptive technologies bring groundbreaking changes to medicine and healthcare. While medical students are being prepared for the present conditions, medical technology is going to add different values and require new skills by the time students graduate, therefore modern medical education must prepare them for a world they will have to face in their professional lives. This course was designed to present and analyze today&#8217;s medical challenges with tomorrow&#8217;s technologies in a meaningful way addressing skills that students will be able to implement in their everyday practices.<\/p>\n<p><strong>Code: AOSGRI374_1A<\/strong><\/p>\n<p><strong>Date:<\/strong> to be decided<\/p>\n<p><strong>Place:<\/strong> Semmelweis University Basic Medical Science Center, H-1083 T\u0171zolt\u00f3 Str. 34-37. Budapest, Hungary, HEVESSY Hall.<\/p>\n<p><strong>Credit value:<\/strong> 1 point<\/p>\n<p><strong>Topics:<\/strong><\/p>\n<table style=\"width: 37.7063%\">\n<tbody>\n<tr>\n<td style=\"width: 594px\">\n<div>Idris J\u00e1nos Jimoh \/ Judit M\u00e1ria Moln\u00e1r: Introduction<\/div>\n<\/td>\n<\/tr>\n<tr>\n<td style=\"width: 594px\">\n<div>Bertalan Mesk\u00f3: Your A.I. Prescription<\/div>\n<\/td>\n<\/tr>\n<tr>\n<td style=\"width: 594px\">\n<div>Jimoh Idris J\u00e1nos: Future of Medicine<\/div>\n<\/td>\n<\/tr>\n<tr>\n<td style=\"width: 594px\">\n<div>Viktor Moln\u00e1r: Mobile health and the wearable sensor revolution<\/div>\n<\/td>\n<\/tr>\n<tr>\n<td style=\"width: 594px\">\n<div>P\u00e9ter Balicza: Medical application of artificial intelligence<\/div>\n<\/td>\n<\/tr>\n<tr>\n<td style=\"width: 594px\">\n<div>Gy\u00f6rgy N\u00e9meth: Personal Medicine, Genomic Medicine<\/div>\n<\/td>\n<\/tr>\n<tr>\n<td style=\"width: 594px\">\n<div>Judit M\u00e1ria Molnar: Biotechnology<\/div>\n<\/td>\n<\/tr>\n<tr>\n<td style=\"width: 594px\">\n<div>Tam\u00e1s Tompa: Optogenetics<\/div>\n<\/td>\n<\/tr>\n<tr>\n<td style=\"width: 594px\">\n<div>Imre Barab\u00e1s: 3D printing<\/div>\n<\/td>\n<\/tr>\n<tr>\n<td style=\"width: 594px\">\n<div>Idris J\u00e1nos Jimoh: Gene editing<\/div>\n<\/td>\n<\/tr>\n<tr>\n<td style=\"width: 594px\">\n<div>G\u00e1l Viktor: Personal Medicine \u2013 Imaging and Health<\/div>\n<\/td>\n<\/tr>\n<tr>\n<td style=\"width: 594px\">\n<div>Idris J\u00e1nos Jimoh \/ Judit M\u00e1ria Moln\u00e1r: Presentation of the selected topic\u00a0<\/div>\n<\/td>\n<\/tr>\n<tr>\n<td style=\"width: 594px\">\n<div>Idris J\u00e1nos Jimoh: Examination<\/div>\n<\/td>\n<\/tr>\n<\/tbody>\n<\/table>\n<div class=\"elementToProof\">\u00a0<\/div>\n<p>Requirements for signature: maximum 2 absences from classes and 60%+ on the final exam (written)<\/p>\n<p>The exam can be substituted by group oral presentations.<\/p>\n<p>Planned grade categories:<\/p>\n<p>Excellent (5): 100- 90%<\/p>\n<p>Good (4): 89- 80%<\/p>\n<p>Satisfactory (3): 79- 70%<\/p>\n<p>Sufficient (2): 69- 60%<\/p>\n<p>Fail (1): under 60%<\/p>\n<p>&nbsp;<\/p>\n<p>List of texbooks:<\/p>\n<p>Social Media in Clinical Practice, Springer, 2013.<\/p>\n<p>The Guide to the Future of Medicine: <a href=\"http:\/\/scienceroll.com\/2013\/10\/30\/whitepaper\/\">http:\/\/scienceroll.com\/2013\/10\/30\/whitepaper\/<\/a>\u00a0<\/p>\n<\/div><\/div>\n","protected":false},"excerpt":{"rendered":"<p>Klinikai genetika NEPTUN K\u00f3d: AOKGRI764_1M A tant\u00e1rgy el\u0151ad\u00f3j\u00e1nak neve: Prof. Dr. Moln\u00e1r M\u00e1ria Judit Tanulm\u00e1nyi felel\u0151s: Dr. Szegedi M\u00e1rta Klinikai modul &#8211; k\u00f6telez\u0151en v\u00e1laszthat\u00f3 t\u00e1rgy, V. \u00e9vfolyamos \u00c1OK k\u00e9pz\u00e9sben 1 hetes blokkgyakorlat, a h\u00e9t v\u00e9g\u00e9n vizsg\u00e1val t\u00f6rt\u00e9n\u0151 z\u00e1r\u00e1ssal Tanulm\u00e1nyi \u00fcgyekkel kapcsolatos megkeres\u00e9seket T\u00f3th Andrea titk\u00e1rs\u00e1gvezet\u0151 email c\u00edm\u00e9re v\u00e1rjuk, aki ezeket a megfelel\u0151 felel\u0151sh\u00f6z fogja tov\u00e1bb\u00edtani: &hellip;<\/p>\n","protected":false},"author":101429,"featured_media":0,"parent":2685,"menu_order":1,"comment_status":"closed","ping_status":"closed","template":"","meta":{"_acf_changed":false,"footnotes":""},"categories":[],"tags":[],"class_list":["post-62","page","type-page","status-publish","hentry"],"acf":[],"_links":{"self":[{"href":"https:\/\/semmelweis.hu\/genomikai-medicina\/wp-json\/wp\/v2\/pages\/62","targetHints":{"allow":["GET"]}}],"collection":[{"href":"https:\/\/semmelweis.hu\/genomikai-medicina\/wp-json\/wp\/v2\/pages"}],"about":[{"href":"https:\/\/semmelweis.hu\/genomikai-medicina\/wp-json\/wp\/v2\/types\/page"}],"author":[{"embeddable":true,"href":"https:\/\/semmelweis.hu\/genomikai-medicina\/wp-json\/wp\/v2\/users\/101429"}],"replies":[{"embeddable":true,"href":"https:\/\/semmelweis.hu\/genomikai-medicina\/wp-json\/wp\/v2\/comments?post=62"}],"version-history":[{"count":13,"href":"https:\/\/semmelweis.hu\/genomikai-medicina\/wp-json\/wp\/v2\/pages\/62\/revisions"}],"predecessor-version":[{"id":4125,"href":"https:\/\/semmelweis.hu\/genomikai-medicina\/wp-json\/wp\/v2\/pages\/62\/revisions\/4125"}],"up":[{"embeddable":true,"href":"https:\/\/semmelweis.hu\/genomikai-medicina\/wp-json\/wp\/v2\/pages\/2685"}],"wp:attachment":[{"href":"https:\/\/semmelweis.hu\/genomikai-medicina\/wp-json\/wp\/v2\/media?parent=62"}],"wp:term":[{"taxonomy":"category","embeddable":true,"href":"https:\/\/semmelweis.hu\/genomikai-medicina\/wp-json\/wp\/v2\/categories?post=62"},{"taxonomy":"post_tag","embeddable":true,"href":"https:\/\/semmelweis.hu\/genomikai-medicina\/wp-json\/wp\/v2\/tags?post=62"}],"curies":[{"name":"wp","href":"https:\/\/api.w.org\/{rel}","templated":true}]}}