{"id":4343,"date":"2026-02-04T11:13:13","date_gmt":"2026-02-04T10:13:13","guid":{"rendered":"https:\/\/semmelweis.hu\/genomikai-medicina\/?page_id=4343"},"modified":"2026-02-04T11:13:13","modified_gmt":"2026-02-04T10:13:13","slug":"charity-genetikai-tesztek","status":"publish","type":"page","link":"https:\/\/semmelweis.hu\/genomikai-medicina\/betegellatas\/betegeknek\/charity-genetikai-tesztek\/","title":{"rendered":"Charity genetikai tesztek"},"content":{"rendered":"<h3>Lipogen genetikai tesztek<\/h3>\n<p>A <strong>Charity Program<\/strong> keret\u00e9n bel\u00fcl lehet\u0151s\u00e9g van genetikai teszt k\u00e9relmez\u00e9s\u00e9re. Ahhoz, hogy adott p\u00e1ciens a <strong>Charity Programba<\/strong> beker\u00fclj\u00f6n, k\u00e9rj\u00fck a bek\u00fcld\u0151 orvost, hogy a vizsg\u00e1latk\u00e9r\u0151 lapon t\u00fcntesse fel a <strong>LIPOGEN<\/strong> k\u00f3dot!<\/p>\n<p>A vizsg\u00e1latk\u00e9r\u0151 lap<a href=\"https:\/\/semmelweis.hu\/genomikai-medicina\/files\/2025\/07\/SE_Vizsgalatkero_GRI_USZ_SzT_vegso_250730.pdf\"> ide kattintva<\/a> t\u00f6lthet\u0151 le.<\/p>\n<p>&nbsp;<\/p>\n","protected":false},"excerpt":{"rendered":"<p>Lipogen genetikai tesztek<br \/>\nA Charity Program keret\u00e9n bel\u00fcl lehet\u0151s\u00e9g van genetikai teszt k\u00e9relmez\u00e9s\u00e9re. Ahhoz, hogy adott p\u00e1ciens a Charity Programba beker\u00fclj\u00f6n, k\u00e9rj\u00fck a bek\u00fcld\u0151 orvost, hogy a vizsg\u00e1latk\u00e9r\u0151 lapon t\u00fcntesse fel a LIPOGEN k\u00f3dot!<br \/>\nA vizsg\u00e1latk\u00e9r\u0151 lap<a href=\"https:\/\/semmelweis.hu\/genomikai-medicina\/files\/2025\/07\/SE_Vizsgalatkero_GRI_USZ_SzT_vegso_250730.pdf\"> ide kattintva<\/a> t\u00f6lthet\u0151 le.<br \/>\n&nbsp;<\/p>\n","protected":false},"author":101429,"featured_media":0,"parent":1350,"menu_order":5,"comment_status":"closed","ping_status":"closed","template":"","meta":{"_acf_changed":false,"footnotes":""},"categories":[],"tags":[],"class_list":["post-4343","page","type-page","status-publish","hentry"],"acf":[],"_links":{"self":[{"href":"https:\/\/semmelweis.hu\/genomikai-medicina\/wp-json\/wp\/v2\/pages\/4343","targetHints":{"allow":["GET"]}}],"collection":[{"href":"https:\/\/semmelweis.hu\/genomikai-medicina\/wp-json\/wp\/v2\/pages"}],"about":[{"href":"https:\/\/semmelweis.hu\/genomikai-medicina\/wp-json\/wp\/v2\/types\/page"}],"author":[{"embeddable":true,"href":"https:\/\/semmelweis.hu\/genomikai-medicina\/wp-json\/wp\/v2\/users\/101429"}],"replies":[{"embeddable":true,"href":"https:\/\/semmelweis.hu\/genomikai-medicina\/wp-json\/wp\/v2\/comments?post=4343"}],"version-history":[{"count":1,"href":"https:\/\/semmelweis.hu\/genomikai-medicina\/wp-json\/wp\/v2\/pages\/4343\/revisions"}],"predecessor-version":[{"id":4344,"href":"https:\/\/semmelweis.hu\/genomikai-medicina\/wp-json\/wp\/v2\/pages\/4343\/revisions\/4344"}],"up":[{"embeddable":true,"href":"https:\/\/semmelweis.hu\/genomikai-medicina\/wp-json\/wp\/v2\/pages\/1350"}],"wp:attachment":[{"href":"https:\/\/semmelweis.hu\/genomikai-medicina\/wp-json\/wp\/v2\/media?parent=4343"}],"wp:term":[{"taxonomy":"category","embeddable":true,"href":"https:\/\/semmelweis.hu\/genomikai-medicina\/wp-json\/wp\/v2\/categories?post=4343"},{"taxonomy":"post_tag","embeddable":true,"href":"https:\/\/semmelweis.hu\/genomikai-medicina\/wp-json\/wp\/v2\/tags?post=4343"}],"curies":[{"name":"wp","href":"https:\/\/api.w.org\/{rel}","templated":true}]}}