{"id":4228,"date":"2025-06-04T09:57:52","date_gmt":"2025-06-04T07:57:52","guid":{"rendered":"https:\/\/semmelweis.hu\/genomikai-medicina\/?page_id=4228"},"modified":"2025-09-16T19:51:47","modified_gmt":"2025-09-16T17:51:47","slug":"semmelweis-premium-szolgaltatasok","status":"publish","type":"page","link":"https:\/\/semmelweis.hu\/genomikai-medicina\/betegellatas\/betegeknek\/semmelweis-premium-szolgaltatasok\/","title":{"rendered":"Semmelweis Premium szolg\u00e1ltat\u00e1sok"},"content":{"rendered":"<div class=\"responsive-tabs\">\n<h2 class=\"tabtitle\">Csal\u00e1dtervez\u00e9s<\/h2>\n<div class=\"tabcontent\">\n\n<p style=\"text-align: justify;\"><strong>Tudatosan tervezni nemcsak otthont vagy karriert \u00e9rdemes \u2013 hanem a gyermekv\u00e1llal\u00e1st is.<\/strong><br \/>\nHa szeretn\u00e9nk a lehet\u0151 legt\u00f6bbet tenni egy eg\u00e9szs\u00e9ges gyermek j\u00f6v\u0151j\u00e9\u00e9rt, \u00e9rdemes id\u0151ben megismerni az \u00f6r\u00f6kl\u00f6tt genetikai kock\u00e1zatokat is \u2013 m\u00e9g a fogantat\u00e1s el\u0151tt.<\/p>\n<p style=\"text-align: justify;\">A legt\u00f6bb sz\u00fcl\u0151 panaszmentes hordoz\u00f3ja lehet olyan genetikai elt\u00e9r\u00e9seknek, amelyek \u00f6nmagukban nem okoznak betegs\u00e9get, de ha mindk\u00e9t sz\u00fcl\u0151 ugyanazt a hib\u00e1s g\u00e9nt hordozza, megn\u0151 az es\u00e9lye annak, hogy a gyermekn\u00e9l kialakul egy \u00f6r\u00f6kl\u0151d\u0151 betegs\u00e9g.<\/p>\n<p style=\"text-align: justify;\">A <strong>hordoz\u00f3s\u00e1gsz\u0171r\u00e9s<\/strong> olyan rejtett, \u00f6r\u00f6k\u00f6lhet\u0151 genetikai elt\u00e9r\u00e9seket t\u00e1rhat fel, amelyek <strong>nem mutathat\u00f3k ki<\/strong> a szok\u00e1sos ultrahang- vagy kromosz\u00f3masz\u0171r\u00e9sekkel. Egy egyszer\u0171 v\u00e9rv\u00e9tel seg\u00edts\u00e9g\u00e9vel, szem\u00e9lyre szabottan \u2013 a genetikai tan\u00e1csad\u00e1son megbesz\u00e9lt szempontok alapj\u00e1n \u2013 t\u00f6bb sz\u00e1z \u00f6r\u00f6kl\u0151d\u0151 betegs\u00e9g sz\u0171r\u00e9s\u00e9re ny\u00edlik lehet\u0151s\u00e9g.<\/p>\n<p style=\"text-align: justify;\">Ez a vizsg\u00e1lat <strong>minden leend\u0151 sz\u00fcl\u0151p\u00e1rnak aj\u00e1nlott<\/strong>, k\u00fcl\u00f6n\u00f6sen akkor, ha m\u00e9g a fogantat\u00e1s el\u0151tt, a csal\u00e1dalap\u00edt\u00e1s tervez\u00e9si szakasz\u00e1ban t\u00f6rt\u00e9nik. \u00cdgy id\u0151ben lehet d\u00f6nt\u00e9st hozni, tervezni \u00e9s felk\u00e9sz\u00fclni \u2013 vagy \u00e9pp megnyugodni.<\/p>\n<p style=\"text-align: justify;\"><strong>A hordoz\u00f3s\u00e1gsz\u0171r\u00e9s nem a f\u00e9lelemr\u0151l, hanem a tudatoss\u00e1gr\u00f3l sz\u00f3l. Egy eg\u00e9szs\u00e9gesebb j\u00f6v\u0151 a csal\u00e1dnak \u2013 tudatos l\u00e9p\u00e9sekben.<\/strong><\/p>\n<p>\u00c1rainkr\u00f3l az al\u00e1bbi linken t\u00e1j\u00e9koz\u00f3dhat: <a href=\"https:\/\/semmelweispremium.hu\/araink\/genetikai-vizsgalat\">Semmelweis Premium<\/a><\/p>\n\n<\/div><h2 class=\"tabtitle\">Farmakogenetika<\/h2>\n<div class=\"tabcontent\">\n\n<p style=\"text-align: justify;\"><strong>Szeretn\u00e9 elker\u00fclni a\u00a0 gy\u00f3gyszer mell\u00e9khat\u00e1sokat?\u00a0\u00a0Akkor \u00e9rdemes megismerkednie a farmakogenetik\u00e1val!<\/strong><\/p>\n<p style=\"text-align: justify;\">Nem vagyunk egyform\u00e1k \u2013 a g\u00e9njeink sem azok. Ugyanaz a gy\u00f3gyszer egyik embern\u00e9l kiv\u00e1l\u00f3an hat, m\u00edg a m\u00e1sikn\u00e1l alig, vagy ak\u00e1r kellemetlen mell\u00e9khat\u00e1sokat okoz. De mi\u00e9rt van ez \u00edgy?<\/p>\n<p style=\"text-align: justify;\">A <strong>farmakogenomika<\/strong> tudom\u00e1nya \u00e9pp erre a k\u00e9rd\u00e9sre keresi a v\u00e1laszt. Azt vizsg\u00e1lja, hogy az egy\u00e9ni genetikai adotts\u00e1gaink \u2013 vagyis az \u00f6r\u00f6kl\u00f6tt g\u00e9njeink \u2013 mik\u00e9nt befoly\u00e1solj\u00e1k a gy\u00f3gyszerekre adott v\u00e1laszokat. Seg\u00edts\u00e9g\u00e9vel meg\u00e9rthet\u0151, hogy kinek melyik gy\u00f3gyszer lesz hat\u00e9kony, mekkora d\u00f3zisra van sz\u00fcks\u00e9ge, \u00e9s kin\u00e9l mekkora a mell\u00e9khat\u00e1sok kock\u00e1zata.<\/p>\n<p style=\"text-align: justify;\">A <strong>farmakogenetikai vizsg\u00e1latok<\/strong> teh\u00e1t kulcsfontoss\u00e1g\u00faak a szem\u00e9lyre szabott gy\u00f3gy\u00edt\u00e1sban. M\u00e1r ma is seg\u00edtenek az orvosoknak p\u00e9ld\u00e1ul a kardiol\u00f3gi\u00e1ban, onkol\u00f3gi\u00e1ban, pszichi\u00e1tri\u00e1ban, neurol\u00f3gi\u00e1ban, vagy \u00e9pp az altat\u00e1s \u00e9s intenz\u00edv ter\u00e1pia ter\u00fclet\u00e9n abban, hogy a lehet\u0151 legjobb d\u00f6nt\u00e9st hozz\u00e1k \u2013<strong> a megfelel\u0151 gy\u00f3gyszert, a megfelel\u0151 betegnek, a megfelel\u0151 adagban.<\/strong><\/p>\n<p style=\"text-align: justify;\">A legnagyobb el\u0151nye?<br \/>\nA kezel\u00e9s <strong>gyorsabban lesz hat\u00e9kony, kevesebb mell\u00e9khat\u00e1ssal j\u00e1r,<\/strong> \u00e9s kevesebb felesleges pr\u00f3b\u00e1lkoz\u00e1sra van sz\u00fcks\u00e9g. Ez nemcsak az eg\u00e9szs\u00e9g\u00fcgyi rendszer terheit cs\u00f6kkenti, de az \u00d6n gy\u00f3gyszerekre ford\u00edtott kiad\u00e1sait is optimaliz\u00e1lhatja.<\/p>\n<p style=\"text-align: justify;\">A j\u00f6v\u0151 gy\u00f3gy\u00edt\u00e1sa szem\u00e9lyre szabott \u2013 \u00e9s m\u00e1r el is kezd\u0151d\u00f6tt.<\/p>\n<p style=\"text-align: justify;\">\u00c1rainkr\u00f3l az al\u00e1bbi linken t\u00e1j\u00e9koz\u00f3dhat: <a href=\"https:\/\/semmelweispremium.hu\/araink\/genetikai-vizsgalat\">Semmelweis Premium<\/a><\/p>\n\n<\/div><h2 class=\"tabtitle\">Onkogenetika<\/h2>\n<div class=\"tabcontent\">\n\n<p style=\"text-align: justify;\"><strong>A r\u00e1k nem mindig a v\u00e9letlen m\u0171ve \u2013 n\u00e9ha ott van a g\u00e9njeinkben. Ismerje meg id\u0151ben a kock\u00e1zatot, \u00e9s tegyen \u00e9rte, hogy elker\u00fclje!<\/strong><\/p>\n<p style=\"text-align: justify;\">Egyre t\u00f6bbet tudunk arr\u00f3l, hogy bizonyos daganatos betegs\u00e9gek kialakul\u00e1s\u00e1ban az \u00f6r\u00f6kl\u00f6tt t\u00e9nyez\u0151k is szerepet j\u00e1tszanak. A <strong>cs\u00edrasejtes onkogenetikai vizsg\u00e1latok<\/strong> c\u00e9lja \u00e9ppen az, hogy ezekre az \u00f6r\u00f6kl\u00f6tt genetikai hajlamokra f\u00e9nyt der\u00edts\u00fcnk \u2013 m\u00e9g miel\u0151tt a betegs\u00e9g kialakulna.<\/p>\n<p style=\"text-align: justify;\">Egy egyszer\u0171 v\u00e9rv\u00e9tellel kimutathat\u00f3, hogy hordoz-e valaki olyan genetikai elv\u00e1ltoz\u00e1st, amely jelent\u0151sen megn\u00f6veli bizonyos daganatok (p\u00e9ld\u00e1ul eml\u0151-, petef\u00e9szek-, vastagb\u00e9l-, prosztata- vagy hasny\u00e1lmirigyr\u00e1k) kialakul\u00e1s\u00e1nak kock\u00e1zat\u00e1t. Ha pedig a kock\u00e1zat ismert, <strong>id\u0151ben lehet l\u00e9pni<\/strong>: c\u00e9lzott sz\u0171r\u00e9sek, megel\u0151z\u0151 orvosi beavatkoz\u00e1sok, \u00e9letm\u00f3dbeli v\u00e1ltoztat\u00e1sok seg\u00edtenek cs\u00f6kkenteni vagy ak\u00e1r megel\u0151zni a betegs\u00e9get.<\/p>\n<p style=\"text-align: justify;\">A genetikai eredm\u00e9nyek nemcsak az adott szem\u00e9lyre vonatkoznak \u2013 hanem a csal\u00e1dtagokra is. Ez\u00e9rt az \u00f6r\u00f6kl\u00f6tt hajlam azonos\u00edt\u00e1sa egyben lehet\u0151s\u00e9get ad a hozz\u00e1tartoz\u00f3k v\u00e9delm\u00e9re is.<\/p>\n<p style=\"text-align: justify;\">A cs\u00edrasejtes onkogenetikai vizsg\u00e1lat teh\u00e1t nem a betegs\u00e9gr\u0151l sz\u00f3l, hanem a <strong>megel\u0151z\u00e9sr\u0151l\u00a0\u00e9s a tudatos eg\u00e9szs\u00e9gmeg\u0151rz\u00e9sr\u0151l<\/strong>.<\/p>\n<p style=\"text-align: justify;\">\u00c1rainkr\u00f3l az al\u00e1bbi linken t\u00e1j\u00e9koz\u00f3dhat: <a href=\"https:\/\/semmelweispremium.hu\/araink\/genetikai-vizsgalat\">Semmelweis Premium<\/a><\/p>\n\n<\/div><h2 class=\"tabtitle\">Lipodystrophi\u00e1k<\/h2>\n<div class=\"tabcontent\">\n\n<p><strong>Lipodystrophi\u00e1k \u2013 ritk\u00e1k, de felismerhet\u0151ek. Seg\u00edt a genetika!<\/strong><\/p>\n<p style=\"text-align: justify;\">A lipodystrophi\u00e1k ritka, de potenci\u00e1lisan s\u00falyos anyagcsere-betegs\u00e9gek, amelyekre jellemz\u0151 a zs\u00edrsz\u00f6vet r\u00e9szleges vagy teljes hi\u00e1nya, \u00e9s ennek k\u00f6vetkezm\u00e9nyek\u00e9nt s\u00falyos metabolikus elt\u00e9r\u00e9sek: inzulinrezisztencia, diab\u00e9tesz, hypertrigliceridaemia, steatosis hepatis. A fenot\u00edpus soksz\u00edn\u0171s\u00e9ge miatt a diagn\u00f3zis gyakran k\u00e9sik, vagy elmarad.<\/p>\n<p style=\"text-align: justify;\"><strong>Mikor gondoljunk lipodystrophi\u00e1ra?<\/strong><br \/>\nIsm\u00e9telten sikertelen metabolikus egyens\u00faly be\u00e1ll\u00edt\u00e1s, extr\u00e9m inzulinig\u00e9ny, korai diab\u00e9tesz serd\u00fcl\u0151kn\u00e9l, norm\u00e1l vagy alacsony BMI mellett jelentkez\u0151 s\u00falyos inzulinrezisztencia, vagy at\u00edpusos testalkat (zs\u00edrsz\u00f6vet-disztrib\u00faci\u00f3s elt\u00e9r\u00e9sek) mind figyelemfelkelt\u0151 jelek lehetnek. A famili\u00e1ris el\u0151fordul\u00e1s sem ritka \u2013 de nem minden esetben \u00e9szlelhet\u0151.<\/p>\n<p style=\"text-align: justify;\"><strong>A genetikai vizsg\u00e1lat jelent\u0151s\u00e9ge<\/strong><br \/>\nA lipodystrophi\u00e1k h\u00e1tter\u00e9ben t\u00f6bbf\u00e9le monog\u00e9nes elt\u00e9r\u00e9s \u00e1llhat (pl. <em>LMNA, PPARG, AGPAT2, BSCL2, etc.<\/em>), amelyeket c\u00e9lzott vagy panelalap\u00fa genetikai vizsg\u00e1lattal azonos\u00edtani lehet. A diagn\u00f3zis meger\u0151s\u00edt\u00e9se nemcsak a beteg ter\u00e1pi\u00e1s strat\u00e9gi\u00e1j\u00e1t seg\u00edti (pl. leptinp\u00f3tl\u00e1s indik\u00e1ci\u00f3ja), hanem a csal\u00e1d genetikai tan\u00e1csad\u00e1sa \u00e9s a j\u00f6v\u0151beni betegs\u00e9gek megel\u0151z\u00e9se szempontj\u00e1b\u00f3l is kulcsfontoss\u00e1g\u00fa.<\/p>\n<p style=\"text-align: justify;\"><strong>Ne hagyjuk ki a differenci\u00e1ldiagn\u00f3zisb\u00f3l<\/strong> \u2013 a genetikai diagn\u00f3zis a kulcsa a c\u00e9lzott, szem\u00e9lyre szabott ter\u00e1pi\u00e1nak.<\/p>\n<p>\u00c1rainkr\u00f3l az al\u00e1bbi linken t\u00e1j\u00e9koz\u00f3dhat: <a href=\"https:\/\/semmelweispremium.hu\/araink\/genetikai-vizsgalat\">Semmelweis Premium<\/a><\/p>\n<p style=\"text-align: justify;\">\n<\/div><h2 class=\"tabtitle\">WES<\/h2>\n<div class=\"tabcontent\">\n<\/p>\n<p style=\"text-align: justify;\"><strong>Diagnosztikus teljes g\u00e9nt\u00e9rk\u00e9p vizsg\u00e1lat ritka betegs\u00e9gekben<\/strong><\/p>\n<p style=\"text-align: justify;\">A ritka vagy at\u00edpusos betegs\u00e9gek h\u00e1tter\u00e9ben gyakran genetikai ok \u00e1ll. A <strong>teljes exom\u00a0szekven\u00e1l\u00e1s (g\u00e9nt\u00e9rk\u00e9p vizsg\u00e1lat)<\/strong> lehet\u0151v\u00e9 teszi t\u00f6bb ezer g\u00e9n egyidej\u0171, m\u00e9lyrehat\u00f3 vizsg\u00e1lat\u00e1t \u2013 \u00edgy sok esetben olyan diagn\u00f3zist adhat, amelyet \u00e9vekig keresett a beteg \u00e9s az orvos.<\/p>\n<p style=\"text-align: justify;\"><strong>Mikor \u00e9rdemes elv\u00e9gezni a WES vizsg\u00e1latot?<\/strong><\/p>\n<ul style=\"text-align: justify;\">\n<li>ha ritka, ismeretlen eredet\u0171 betegs\u00e9g gyan\u00faja mer\u00fcl fel, \u00e9s klinikai genetikusa azt \u00f6r\u00f6kletesnek gondolja<\/li>\n<li>ha a t\u00fcnetek t\u00f6bb szervrendszert \u00e9rintenek,<\/li>\n<li>ha a csal\u00e1dban halmoz\u00f3d\u00f3 betegs\u00e9gek ismeretlen eredet\u0171ek,<\/li>\n<li>ha kor\u00e1bban c\u00e9lzott genetikai vizsg\u00e1latok nem vezettek eredm\u00e9nyre.<\/li>\n<\/ul>\n<p style=\"text-align: justify;\"><strong>Mi\u00e9rt k\u00fcl\u00f6nleges ez a vizsg\u00e1lat?<\/strong><br \/>\nA teljes exomszekven\u00e1l\u00e1s az emberi DNS azon r\u00e9szeire koncentr\u00e1l, amelyek feh\u00e9rj\u00e9ket k\u00f3dolnak \u2013 itt tal\u00e1lhat\u00f3 a betegs\u00e9geket okoz\u00f3 genetikai elt\u00e9r\u00e9sek d\u00f6nt\u0151 t\u00f6bbs\u00e9ge. Egyetlen vizsg\u00e1lattal <strong>t\u00f6bb ezer \u00f6r\u00f6kl\u0151d\u0151 betegs\u00e9g lehets\u00e9ges genetikai ok\u00e1t<\/strong> lehet felt\u00e9rk\u00e9pezni.<\/p>\n<p style=\"text-align: justify;\">A kapott eredm\u00e9ny:<\/p>\n<ul style=\"text-align: justify;\">\n<li>diagnosztikus \u00e9rt\u00e9k\u0171 lehet,<\/li>\n<li>seg\u00edti a c\u00e9lzott kezel\u00e9st vagy gondoz\u00e1si tervet,<\/li>\n<li>lehet\u0151s\u00e9get ad csal\u00e1dtagok sz\u0171r\u00e9s\u00e9re \u00e9s genetikai tan\u00e1csad\u00e1sra,<\/li>\n<li>\u00e9s hossz\u00fa t\u00e1von ak\u00e1r az eg\u00e9szs\u00e9g\u00fcgyi k\u00f6lts\u00e9gek is cs\u00f6kkenthet\u0151k vele.<\/li>\n<\/ul>\n<p style=\"text-align: justify;\"><strong>Saj\u00e1t d\u00f6nt\u00e9s \u2013 saj\u00e1t temp\u00f3ban.<\/strong><br \/>\nA teljes exomszekven\u00e1l\u00e1s ma m\u00e1r <strong>saj\u00e1t finansz\u00edroz\u00e1sban is el\u00e9rhet\u0151<\/strong>. Ez lehet\u0151s\u00e9get ad arra, hogy ne kelljen h\u00f3napokat vagy \u00e9veket v\u00e1rni, ha s\u00fcrget\u0151 a k\u00e9rd\u00e9s \u2013 \u00e9s a v\u00e1lasz a genetikai k\u00f3d m\u00e9ly\u00e9n keresend\u0151.<\/p>\n<p style=\"text-align: justify;\"><strong>A pontos diagn\u00f3zis az els\u0151 l\u00e9p\u00e9s a megfelel\u0151 ell\u00e1t\u00e1s fel\u00e9. Ne v\u00e1rjon tov\u00e1bb, ha a bizonytalans\u00e1g \u00e9veket vesz el. A teljes g\u00e9nt\u00e9rk\u00e9p vizsg\u00e1latot minden esetben pre-teszt\u00a0genetikai tan\u00e1csad\u00e1s el\u0151zi meg. Ehhez k\u00e9rhet id\u0151pontot Semmelweis Pr\u00e9mium Genetikai Tan\u00e1csad\u00e1sunkon.<\/strong><\/p>\n<p style=\"text-align: justify;\">\u00c1rainkr\u00f3l az al\u00e1bbi linken t\u00e1j\u00e9koz\u00f3dhat: <a href=\"https:\/\/semmelweispremium.hu\/araink\/genetikai-vizsgalat\">Semmelweis Premium<\/a><\/p>\n<\/div><\/div>\n","protected":false},"excerpt":{"rendered":"<p>Tudatosan tervezni nemcsak otthont vagy karriert \u00e9rdemes \u2013 hanem a gyermekv\u00e1llal\u00e1st is. Ha szeretn\u00e9nk a lehet\u0151 legt\u00f6bbet tenni egy eg\u00e9szs\u00e9ges gyermek j\u00f6v\u0151j\u00e9\u00e9rt, \u00e9rdemes id\u0151ben megismerni az \u00f6r\u00f6kl\u00f6tt genetikai kock\u00e1zatokat is \u2013 m\u00e9g a fogantat\u00e1s el\u0151tt. A legt\u00f6bb sz\u00fcl\u0151 panaszmentes hordoz\u00f3ja lehet olyan genetikai elt\u00e9r\u00e9seknek, amelyek \u00f6nmagukban nem okoznak betegs\u00e9get, de ha mindk\u00e9t sz\u00fcl\u0151 ugyanazt a &hellip;<\/p>\n","protected":false},"author":101429,"featured_media":0,"parent":1350,"menu_order":4,"comment_status":"closed","ping_status":"closed","template":"","meta":{"_acf_changed":false,"footnotes":""},"categories":[],"tags":[],"class_list":["post-4228","page","type-page","status-publish","hentry"],"acf":[],"_links":{"self":[{"href":"https:\/\/semmelweis.hu\/genomikai-medicina\/wp-json\/wp\/v2\/pages\/4228","targetHints":{"allow":["GET"]}}],"collection":[{"href":"https:\/\/semmelweis.hu\/genomikai-medicina\/wp-json\/wp\/v2\/pages"}],"about":[{"href":"https:\/\/semmelweis.hu\/genomikai-medicina\/wp-json\/wp\/v2\/types\/page"}],"author":[{"embeddable":true,"href":"https:\/\/semmelweis.hu\/genomikai-medicina\/wp-json\/wp\/v2\/users\/101429"}],"replies":[{"embeddable":true,"href":"https:\/\/semmelweis.hu\/genomikai-medicina\/wp-json\/wp\/v2\/comments?post=4228"}],"version-history":[{"count":10,"href":"https:\/\/semmelweis.hu\/genomikai-medicina\/wp-json\/wp\/v2\/pages\/4228\/revisions"}],"predecessor-version":[{"id":4294,"href":"https:\/\/semmelweis.hu\/genomikai-medicina\/wp-json\/wp\/v2\/pages\/4228\/revisions\/4294"}],"up":[{"embeddable":true,"href":"https:\/\/semmelweis.hu\/genomikai-medicina\/wp-json\/wp\/v2\/pages\/1350"}],"wp:attachment":[{"href":"https:\/\/semmelweis.hu\/genomikai-medicina\/wp-json\/wp\/v2\/media?parent=4228"}],"wp:term":[{"taxonomy":"category","embeddable":true,"href":"https:\/\/semmelweis.hu\/genomikai-medicina\/wp-json\/wp\/v2\/categories?post=4228"},{"taxonomy":"post_tag","embeddable":true,"href":"https:\/\/semmelweis.hu\/genomikai-medicina\/wp-json\/wp\/v2\/tags?post=4228"}],"curies":[{"name":"wp","href":"https:\/\/api.w.org\/{rel}","templated":true}]}}