{"id":4167,"date":"2024-09-30T13:08:34","date_gmt":"2024-09-30T11:08:34","guid":{"rendered":"https:\/\/semmelweis.hu\/genomikai-medicina\/?page_id=4167"},"modified":"2024-09-30T13:10:32","modified_gmt":"2024-09-30T11:10:32","slug":"semmelweis-honoris-causa-prof-antonio-toscano","status":"publish","type":"page","link":"https:\/\/semmelweis.hu\/genomikai-medicina\/semmelweis-honoris-causa-prof-antonio-toscano\/","title":{"rendered":"Semmelweis Honoris Causa &#8211; Prof. Antonio Toscano"},"content":{"rendered":"<p style=\"text-align: justify\"><img loading=\"lazy\" decoding=\"async\" class=\"alignleft wp-image-4168\" src=\"https:\/\/semmelweis.hu\/genomikai-medicina\/files\/2024\/09\/Antonio_Toscano-267x400.jpg\" alt=\"\" width=\"242\" height=\"363\" srcset=\"https:\/\/semmelweis.hu\/genomikai-medicina\/files\/2024\/09\/Antonio_Toscano-267x400.jpg 267w, https:\/\/semmelweis.hu\/genomikai-medicina\/files\/2024\/09\/Antonio_Toscano.jpg 499w\" sizes=\"auto, (max-width: 242px) 100vw, 242px\" \/>A <strong>Honoris Causa<\/strong> c\u00edmet az egyetemmel kapcsolatot \u00e1pol\u00f3, nemzetk\u00f6zi h\u00edr\u0171 professzorok v\u00e1logatott csoportja veheti \u00e1t. A Semmelweis Egyetem a <strong>d\u00edszdoktori c\u00edmet 1967 \u00f3ta<\/strong> adom\u00e1nyozza, a kiv\u00e1laszt\u00e1si folyamat a karok felterjeszt\u00e9sei alapj\u00e1n zajlik le.<\/p>\n<p style=\"text-align: justify\">Id\u00e9n Prof. Dr. Moln\u00e1r M\u00e1ria Judit a d\u00edszdoktori c\u00edmre felterjesztette <strong>Prof. Antonio Toscano<\/strong>-t.\u00a0<\/p>\n<p style=\"text-align: justify\">Prof. Antonio Toscano az olasz University of Messina AOU Policlinico \u201cG. Martino\u201d <strong>neurol\u00f3gus<\/strong> professzora. Tudom\u00e1nyos munk\u00e1ss\u00e1ga \u00e9vtizedek \u00f3ta f\u0151k\u00e9nt neurogenetikai betegs\u00e9gekre koncentr\u00e1l. Kutat\u00e1s\u00e1nak f\u0151 f\u00f3kusz\u00e1ban a k\u00f6vetkez\u0151 <strong>ritka betegs\u00e9gek diagnosztik\u00e1ja \u00e9s menedzsmentje<\/strong> \u00e1ll: metabolikus myopathi\u00e1k (mitochondrialis \u00e9s lysosomalis betegs\u00e9gek), \u00f6r\u00f6kletes izomdystrophi\u00e1k dist\u00e1lis myopathi\u00e1k, ioncsatorna-rendelleness\u00e9gek, cardiomyopaathi\u00e1k, congenit\u00e1lis myasthenia syndrom\u00e1k, \u00f6r\u00f6kletes \u00e9s immunol\u00f3giai etiol\u00f3gi\u00e1j\u00fa perif\u00e9ri\u00e1s neuropathi\u00e1k. \u00e9s neurodegenerat\u00edv betegs\u00e9gek (pl. cerebell\u00e1ris ataxi\u00e1k \u00e9s spasticus paraparesis). T\u00f6bb mint 300 publik\u00e1ci\u00f3 szerz\u0151je neves foly\u00f3iratokban. T\u00f6bb nemzetk\u00f6zi szaklap szerkeszt\u0151 bizotts\u00e1g\u00e1nak tagja, 2018 \u00e9s 2022 k\u00f6z\u00f6tt az <strong>European Academy of Neurology<\/strong> program bizotts\u00e1g\u00e1nak tagja volt, jelenleg a tudom\u00e1nyos t\u00e1rsas\u00e1g kincst\u00e1rnoka.<\/p>\n<p style=\"text-align: justify\">Az Honoris Causa c\u00edm \u00e1tv\u00e9tel\u00e9hez k\u00f6t\u0151d\u0151en Prof. Toscano <strong>egy el\u0151ad\u00e1st<\/strong> is fog tartani, r\u00e9szletek al\u00e1bb:<\/p>\n<ul style=\"text-align: justify\">\n<li><strong>El\u0151ad\u00f3:<\/strong> <em>Prof. Antonio Toscano: General Secretary of the European Academy of Neurology, University of Messina<\/em><\/li>\n<li><strong>El\u0151ad\u00e1s c\u00edme:<\/strong> <em>&#8222;Emerging Horizons in Lysosomal Storage Disorders: Unraveling the Complexities of Pompe Disease&#8221;<\/em><\/li>\n<li><strong>Id\u0151pont:<\/strong> <em>2024. november 13.<\/em><\/li>\n<li>Kezd\u00e9s: k\u00e9s\u0151bb ker\u00fcl meghat\u00e1roz\u00e1sra<\/li>\n<li>Helysz\u00edn: k\u00e9s\u0151bb ker\u00fcl meghat\u00e1roz\u00e1sra<\/li>\n<\/ul>\n<p style=\"text-align: justify\">Prof. Antonio Toscano &#8211; <a href=\"https:\/\/semmelweis.hu\/genomikai-medicina\/files\/2024\/09\/Prof.-A-TOSCANO-2024-List-of-publications-002.pdf\">let\u00f6lthet\u0151 publik\u00e1ci\u00f3s lista<\/a><\/p>\n","protected":false},"excerpt":{"rendered":"<p>A Honoris Causa c\u00edmet az egyetemmel kapcsolatot \u00e1pol\u00f3, nemzetk\u00f6zi h\u00edr\u0171 professzorok v\u00e1logatott csoportja veheti \u00e1t. A Semmelweis Egyetem a d\u00edszdoktori c\u00edmet 1967 \u00f3ta adom\u00e1nyozza, a kiv\u00e1laszt\u00e1si folyamat a karok felterjeszt\u00e9sei alapj\u00e1n zajlik le. Id\u00e9n Prof. Dr. Moln\u00e1r M\u00e1ria Judit a d\u00edszdoktori c\u00edmre felterjesztette Prof. Antonio Toscano-t.\u00a0 Prof. Antonio Toscano az olasz University of Messina AOU &hellip;<\/p>\n","protected":false},"author":101429,"featured_media":0,"parent":0,"menu_order":0,"comment_status":"closed","ping_status":"closed","template":"","meta":{"_acf_changed":false,"footnotes":""},"categories":[],"tags":[],"class_list":["post-4167","page","type-page","status-publish","hentry"],"acf":[],"_links":{"self":[{"href":"https:\/\/semmelweis.hu\/genomikai-medicina\/wp-json\/wp\/v2\/pages\/4167","targetHints":{"allow":["GET"]}}],"collection":[{"href":"https:\/\/semmelweis.hu\/genomikai-medicina\/wp-json\/wp\/v2\/pages"}],"about":[{"href":"https:\/\/semmelweis.hu\/genomikai-medicina\/wp-json\/wp\/v2\/types\/page"}],"author":[{"embeddable":true,"href":"https:\/\/semmelweis.hu\/genomikai-medicina\/wp-json\/wp\/v2\/users\/101429"}],"replies":[{"embeddable":true,"href":"https:\/\/semmelweis.hu\/genomikai-medicina\/wp-json\/wp\/v2\/comments?post=4167"}],"version-history":[{"count":3,"href":"https:\/\/semmelweis.hu\/genomikai-medicina\/wp-json\/wp\/v2\/pages\/4167\/revisions"}],"predecessor-version":[{"id":4182,"href":"https:\/\/semmelweis.hu\/genomikai-medicina\/wp-json\/wp\/v2\/pages\/4167\/revisions\/4182"}],"wp:attachment":[{"href":"https:\/\/semmelweis.hu\/genomikai-medicina\/wp-json\/wp\/v2\/media?parent=4167"}],"wp:term":[{"taxonomy":"category","embeddable":true,"href":"https:\/\/semmelweis.hu\/genomikai-medicina\/wp-json\/wp\/v2\/categories?post=4167"},{"taxonomy":"post_tag","embeddable":true,"href":"https:\/\/semmelweis.hu\/genomikai-medicina\/wp-json\/wp\/v2\/tags?post=4167"}],"curies":[{"name":"wp","href":"https:\/\/api.w.org\/{rel}","templated":true}]}}