{"id":3911,"date":"2023-05-12T11:26:23","date_gmt":"2023-05-12T09:26:23","guid":{"rendered":"https:\/\/semmelweis.hu\/genomikai-medicina\/?page_id=3911"},"modified":"2024-09-06T09:45:19","modified_gmt":"2024-09-06T07:45:19","slug":"phd-hallgatok","status":"publish","type":"page","link":"https:\/\/semmelweis.hu\/genomikai-medicina\/oktatas\/phd-kurzus\/phd-hallgatok\/","title":{"rendered":"PhD hallgat\u00f3k"},"content":{"rendered":"<p><strong>A m\u00e1r abszolut\u00f3riumot szerzett \u00e9s fokozatszerz\u00e9si elj\u00e1r\u00e1s alatt \u00e1ll\u00f3 PhD hallgat\u00f3k<\/strong><\/p>\n<table style=\"border-collapse: collapse;width: 100%\">\n<tbody>\n<tr style=\"height: 33px\">\n<td style=\"width: 49.9369%;height: 33px;text-align: center\"><strong>N\u00e9v<\/strong><\/td>\n<td style=\"width: 49.9369%;height: 33px;text-align: center\"><strong>T\u00e9mavezet\u0151<\/strong><\/td>\n<\/tr>\n<tr>\n<td style=\"width: 49.9369%\">Bencsik Ren\u00e1ta<\/td>\n<td style=\"width: 49.9369%\">\u00a0Dr. Moln\u00e1r M\u00e1ria Judit<\/td>\n<\/tr>\n<tr>\n<td style=\"width: 49.9369%\">Csehi R\u00e9ka<\/td>\n<td style=\"width: 49.9369%\">\u00a0Dr. Moln\u00e1r M\u00e1ria Judit<\/td>\n<\/tr>\n<tr>\n<td style=\"width: 49.9369%\">Szab\u00f3 Fruzsina<\/td>\n<td style=\"width: 49.9369%\">\u00a0Dr. G\u00e1l Anik\u00f3<\/td>\n<\/tr>\n<tr>\n<td style=\"width: 49.9369%\">Szlep\u00e1k Tam\u00e1s<\/td>\n<td style=\"width: 49.9369%\">\u00a0Dr. Moln\u00e1r M\u00e1ria Judit<\/td>\n<\/tr>\n<\/tbody>\n<\/table>\n<p>&nbsp;<\/p>\n<p><strong>A jelenleg akt\u00edv PhD k\u00e9pz\u00e9sben lev\u0151 hallgat\u00f3k<\/strong><\/p>\n<table style=\"height: 210px;width: 100%;border-collapse: collapse\">\n<tbody>\n<tr style=\"height: 33px\">\n<td style=\"width: 49.9369%;height: 33px;text-align: center\"><strong>N\u00e9v<\/strong><\/td>\n<td style=\"width: 49.9369%;height: 33px;text-align: center\"><strong>T\u00e9mavezet\u0151<\/strong><\/td>\n<\/tr>\n<tr style=\"height: 33px\">\n<td style=\"width: 49.9369%;height: 33px\">Dr. Benedek P\u00e9ter<\/td>\n<td style=\"width: 49.9369%;height: 33px\">\u00a0Dr. Moln\u00e1r M\u00e1ria Judit<\/td>\n<\/tr>\n<tr style=\"height: 37px\">\n<td style=\"width: 49.9369%;height: 37px\">Buzai-Kiss Lilla<\/td>\n<td style=\"width: 49.9369%;height: 37px\">\u00a0Dr. Moln\u00e1r M\u00e1ria Judit<\/td>\n<\/tr>\n<tr>\n<td style=\"width: 49.9369%\">Dr. Csendes Barbara<\/td>\n<td style=\"width: 49.9369%\">\u00a0Dr. Moln\u00e1r M\u00e1ria Judit \u00e9s Dr. Szegedi M\u00e1rta<\/td>\n<\/tr>\n<tr style=\"height: 33px\">\n<td style=\"width: 49.9369%;height: 33px\">G\u00e9resi Adrienn<\/td>\n<td style=\"width: 49.9369%;height: 33px\">\u00a0Dr. Moln\u00e1r M\u00e1ria Judit<\/td>\n<\/tr>\n<tr style=\"height: 33px\">\n<td style=\"width: 49.9369%;height: 33px\">K\u00f3nya M\u00e1rton<\/td>\n<td style=\"width: 49.9369%;height: 33px\">\u00a0Dr. G\u00e1l Anik\u00f3<\/td>\n<\/tr>\n<tr>\n<td style=\"width: 49.9369%\">Ripsz\u00e1m Emese<\/td>\n<td style=\"width: 49.9369%;height: 33px\">\u00a0Dr. Moln\u00e1r M\u00e1ria Judit<\/td>\n<\/tr>\n<tr>\n<td style=\"width: 49.9369%\">Dr. Sz\u00e9kely Fl\u00f3ra<\/td>\n<td style=\"width: 49.9369%;height: 37px\">\u00a0Dr. Moln\u00e1r M\u00e1ria Judit<\/td>\n<\/tr>\n<\/tbody>\n<\/table>\n","protected":false},"excerpt":{"rendered":"<p>A m\u00e1r abszolut\u00f3riumot szerzett \u00e9s fokozatszerz\u00e9si elj\u00e1r\u00e1s alatt \u00e1ll\u00f3 PhD hallgat\u00f3k N\u00e9v T\u00e9mavezet\u0151 Bencsik Ren\u00e1ta \u00a0Dr. Moln\u00e1r M\u00e1ria Judit Csehi R\u00e9ka \u00a0Dr. Moln\u00e1r M\u00e1ria Judit Szab\u00f3 Fruzsina \u00a0Dr. G\u00e1l Anik\u00f3 Szlep\u00e1k Tam\u00e1s \u00a0Dr. Moln\u00e1r M\u00e1ria Judit &nbsp; A jelenleg akt\u00edv PhD k\u00e9pz\u00e9sben lev\u0151 hallgat\u00f3k N\u00e9v T\u00e9mavezet\u0151 Dr. Benedek P\u00e9ter \u00a0Dr. Moln\u00e1r M\u00e1ria Judit Buzai-Kiss Lilla &hellip;<\/p>\n","protected":false},"author":101429,"featured_media":0,"parent":1540,"menu_order":1,"comment_status":"closed","ping_status":"closed","template":"","meta":{"_acf_changed":false,"footnotes":""},"categories":[],"tags":[],"class_list":["post-3911","page","type-page","status-publish","hentry"],"acf":[],"_links":{"self":[{"href":"https:\/\/semmelweis.hu\/genomikai-medicina\/wp-json\/wp\/v2\/pages\/3911","targetHints":{"allow":["GET"]}}],"collection":[{"href":"https:\/\/semmelweis.hu\/genomikai-medicina\/wp-json\/wp\/v2\/pages"}],"about":[{"href":"https:\/\/semmelweis.hu\/genomikai-medicina\/wp-json\/wp\/v2\/types\/page"}],"author":[{"embeddable":true,"href":"https:\/\/semmelweis.hu\/genomikai-medicina\/wp-json\/wp\/v2\/users\/101429"}],"replies":[{"embeddable":true,"href":"https:\/\/semmelweis.hu\/genomikai-medicina\/wp-json\/wp\/v2\/comments?post=3911"}],"version-history":[{"count":5,"href":"https:\/\/semmelweis.hu\/genomikai-medicina\/wp-json\/wp\/v2\/pages\/3911\/revisions"}],"predecessor-version":[{"id":4129,"href":"https:\/\/semmelweis.hu\/genomikai-medicina\/wp-json\/wp\/v2\/pages\/3911\/revisions\/4129"}],"up":[{"embeddable":true,"href":"https:\/\/semmelweis.hu\/genomikai-medicina\/wp-json\/wp\/v2\/pages\/1540"}],"wp:attachment":[{"href":"https:\/\/semmelweis.hu\/genomikai-medicina\/wp-json\/wp\/v2\/media?parent=3911"}],"wp:term":[{"taxonomy":"category","embeddable":true,"href":"https:\/\/semmelweis.hu\/genomikai-medicina\/wp-json\/wp\/v2\/categories?post=3911"},{"taxonomy":"post_tag","embeddable":true,"href":"https:\/\/semmelweis.hu\/genomikai-medicina\/wp-json\/wp\/v2\/tags?post=3911"}],"curies":[{"name":"wp","href":"https:\/\/api.w.org\/{rel}","templated":true}]}}