{"id":389,"date":"2014-08-25T10:38:02","date_gmt":"2014-08-25T08:38:02","guid":{"rendered":"http:\/\/semmelweis.hu\/genomikai-medicina\/?page_id=389"},"modified":"2023-02-27T11:45:43","modified_gmt":"2023-02-27T10:45:43","slug":"core-facility-k","status":"publish","type":"page","link":"https:\/\/semmelweis.hu\/genomikai-medicina\/kutatas\/core-facility-k\/","title":{"rendered":"Core facility"},"content":{"rendered":"<h2><a href=\"http:\/\/www.semmelweiskft.hu\"><img loading=\"lazy\" decoding=\"async\" class=\"alignright wp-image-1298 size-full\" src=\"https:\/\/semmelweis.hu\/genomikai-medicina\/files\/2015\/01\/semmelweis_banner_240x120.gif\" alt=\"www.semmelweiskft.hu\" width=\"240\" height=\"120\" \/><\/a>Szekven\u00e1l\u00e1si szolg\u00e1ltat\u00e1s:<\/h2>\n<p>Szekven\u00e1l\u00e1si szolg\u00e1ltat\u00e1sunk a Semmelweis Eg\u00e9szs\u00e9g\u00fcgyi Kft.-n kereszt\u00fcl, a k\u00e9pre kattintva rendelhet\u0151 meg.<\/p>\n<p>K\u00e9rj\u00fck tisztelt megrendel\u0151inket, hogy a megrendel\u0151 lapot \u00e9s mintak\u00eds\u00e9r\u0151 lapot minden esetben al\u00e1\u00edrva, lepecs\u00e9telve \u00e9s d\u00e1tumozva \u00a0legyenek sz\u00edvesek elk\u00fcldeni!<\/p>\n<p><strong>Meg\u00e1llapod\u00e1si formanyomtatv\u00e1ny a szekven\u00e1l\u00e1sr\u00f3l:<\/strong><\/p>\n<p><a href=\"\/wp-content\/blogs.dir\/72\/files\/file\/21\/szekvvenalas_megallapodas.pdf\">Megrendel\u0151 lap<\/a><\/p>\n<p><strong>A szekven\u00e1land\u00f3 mint\u00e1k k\u00eds\u00e9r\u0151lapja:<\/strong><\/p>\n<p><a href=\"\/wp-content\/blogs.dir\/72\/files\/file\/22\/szekvenalas_mintakisero.pdf\">Mintak\u00eds\u00e9r\u0151 lap<\/a><\/p>\n<p>&nbsp;<\/p>\n","protected":false},"excerpt":{"rendered":"<p><a href=\"http:\/\/www.semmelweiskft.hu\"><\/a>Szekven\u00e1l\u00e1si szolg\u00e1ltat\u00e1s:<br \/>\nSzekven\u00e1l\u00e1si szolg\u00e1ltat\u00e1sunk a Semmelweis Eg\u00e9szs\u00e9g\u00fcgyi Kft.-n kereszt\u00fcl, a k\u00e9pre kattintva rendelhet\u0151 meg.<br \/>\nK\u00e9rj\u00fck tisztelt megrendel\u0151inket, hogy a megrendel\u0151 lapot \u00e9s mintak\u00eds\u00e9r\u0151 lapot minden esetben al\u00e1\u00edrva, lepecs\u00e9telve \u00e9s d\u00e1tumozva \u00a0legyenek sz\u00edvesek elk\u00fcldeni!<br \/>\nMeg\u00e1llapod\u00e1si formanyomtatv\u00e1ny a szekven\u00e1l\u00e1sr\u00f3l:<br \/>\n<a href=\"\/wp-content\/blogs.dir\/72\/files\/file\/21\/szekvvenalas_megallapodas.pdf\">Megrendel\u0151 lap<\/a><br \/>\nA szekven\u00e1land\u00f3 mint\u00e1k k\u00eds\u00e9r\u0151lapja:<br \/>\n<a href=\"\/wp-content\/blogs.dir\/72\/files\/file\/22\/szekvenalas_mintakisero.pdf\">Mintak\u00eds\u00e9r\u0151 lap<\/a><br \/>\n&nbsp;<\/p>\n","protected":false},"author":101429,"featured_media":0,"parent":2692,"menu_order":3,"comment_status":"open","ping_status":"open","template":"","meta":{"_acf_changed":false,"footnotes":""},"categories":[],"tags":[],"class_list":["post-389","page","type-page","status-publish","hentry"],"acf":[],"_links":{"self":[{"href":"https:\/\/semmelweis.hu\/genomikai-medicina\/wp-json\/wp\/v2\/pages\/389","targetHints":{"allow":["GET"]}}],"collection":[{"href":"https:\/\/semmelweis.hu\/genomikai-medicina\/wp-json\/wp\/v2\/pages"}],"about":[{"href":"https:\/\/semmelweis.hu\/genomikai-medicina\/wp-json\/wp\/v2\/types\/page"}],"author":[{"embeddable":true,"href":"https:\/\/semmelweis.hu\/genomikai-medicina\/wp-json\/wp\/v2\/users\/101429"}],"replies":[{"embeddable":true,"href":"https:\/\/semmelweis.hu\/genomikai-medicina\/wp-json\/wp\/v2\/comments?post=389"}],"version-history":[{"count":11,"href":"https:\/\/semmelweis.hu\/genomikai-medicina\/wp-json\/wp\/v2\/pages\/389\/revisions"}],"predecessor-version":[{"id":3567,"href":"https:\/\/semmelweis.hu\/genomikai-medicina\/wp-json\/wp\/v2\/pages\/389\/revisions\/3567"}],"up":[{"embeddable":true,"href":"https:\/\/semmelweis.hu\/genomikai-medicina\/wp-json\/wp\/v2\/pages\/2692"}],"wp:attachment":[{"href":"https:\/\/semmelweis.hu\/genomikai-medicina\/wp-json\/wp\/v2\/media?parent=389"}],"wp:term":[{"taxonomy":"category","embeddable":true,"href":"https:\/\/semmelweis.hu\/genomikai-medicina\/wp-json\/wp\/v2\/categories?post=389"},{"taxonomy":"post_tag","embeddable":true,"href":"https:\/\/semmelweis.hu\/genomikai-medicina\/wp-json\/wp\/v2\/tags?post=389"}],"curies":[{"name":"wp","href":"https:\/\/api.w.org\/{rel}","templated":true}]}}