{"id":3856,"date":"2023-02-27T13:30:55","date_gmt":"2023-02-27T12:30:55","guid":{"rendered":"https:\/\/semmelweis.hu\/genomikai-medicina\/?page_id=3856"},"modified":"2023-05-15T13:38:26","modified_gmt":"2023-05-15T11:38:26","slug":"tdk-hallgatok","status":"publish","type":"page","link":"https:\/\/semmelweis.hu\/genomikai-medicina\/oktatas\/tdk-temak\/tdk-hallgatok\/","title":{"rendered":"TDK hallgat\u00f3k"},"content":{"rendered":"<p><strong>Int\u00e9zet\u00fcnk TDK hallgat\u00f3i:<\/strong><\/p>\n<table style=\"width: 77.9426%;height: 462px\" width=\"388\">\n<tbody>\n<tr style=\"height: 33px\">\n<td style=\"width: 49.6261%;height: 33px\" width=\"114\"><strong>TDK hallgat\u00f3<\/strong><\/td>\n<td style=\"width: 227.373%;height: 33px\" width=\"274\"><strong>T\u00e9mavezet\u0151<\/strong><\/td>\n<\/tr>\n<tr style=\"height: 33px\">\n<td style=\"width: 49.6261%;height: 33px\" data-sheets-value=\"{&quot;1&quot;:2,&quot;2&quot;:&quot;M\u00f3dos Anna&quot;}\">M\u00f3dos Anna<\/td>\n<td style=\"width: 227.373%;height: 33px\" data-sheets-value=\"{&quot;1&quot;:2,&quot;2&quot;:&quot;Dr G\u00e1l Anik\u00f3\/Dr Sipos Mikl\u00f3s&quot;}\">Dr. G\u00e1l Anik\u00f3 \/ Dr. Sipos Mikl\u00f3s<\/td>\n<\/tr>\n<tr style=\"height: 33px\">\n<td style=\"width: 49.6261%;height: 33px\" data-sheets-value=\"{&quot;1&quot;:2,&quot;2&quot;:&quot;P\u00e1lmai Anna&quot;}\">P\u00e1lmai Anna<\/td>\n<td style=\"width: 227.373%;height: 33px\" data-sheets-value=\"{&quot;1&quot;:2,&quot;2&quot;:&quot;Dr G\u00e1l Anik\u00f3\/Dr Sipos Mikl\u00f3s&quot;}\">Dr. G\u00e1l Anik\u00f3 \/ Dr. Sipos Mikl\u00f3s<\/td>\n<\/tr>\n<tr style=\"height: 33px\">\n<td style=\"width: 49.6261%;height: 33px\" data-sheets-value=\"{&quot;1&quot;:2,&quot;2&quot;:&quot;Trager Domonkos&quot;}\">Trager Domonkos<\/td>\n<td style=\"width: 227.373%;height: 33px\" data-sheets-value=\"{&quot;1&quot;:2,&quot;2&quot;:&quot;Dr. G\u00e1l Anik\u00f3&quot;}\">Dr. G\u00e1l Anik\u00f3<\/td>\n<\/tr>\n<tr style=\"height: 33px\">\n<td style=\"width: 49.6261%;height: 33px\" data-sheets-value=\"{&quot;1&quot;:2,&quot;2&quot;:&quot;Annabel Koshev&quot;}\">Annabel Koshev<\/td>\n<td style=\"width: 227.373%;height: 33px\" data-sheets-value=\"{&quot;1&quot;:2,&quot;2&quot;:&quot;Prof Molnr M\u00e1ria Judit\/Szlep\u00e1k Tam\u00e1s&quot;}\">Prof. Moln\u00e1r M\u00e1ria Judit \/ Szlep\u00e1k Tam\u00e1s<\/td>\n<\/tr>\n<tr style=\"height: 33px\">\n<td style=\"width: 49.6261%;height: 33px\" data-sheets-value=\"{&quot;1&quot;:2,&quot;2&quot;:&quot;Nadine Lohrer&quot;}\">Nadine Lohrer<\/td>\n<td style=\"width: 227.373%;height: 33px\" data-sheets-value=\"{&quot;1&quot;:2,&quot;2&quot;:&quot;Dr Moln\u00e1r Viktor&quot;}\">Dr. Moln\u00e1r Viktor<\/td>\n<\/tr>\n<tr style=\"height: 33px\">\n<td style=\"width: 49.6261%;height: 33px\" data-sheets-value=\"{&quot;1&quot;:2,&quot;2&quot;:&quot;Alexander Baur&quot;}\">Alexander Baur<\/td>\n<td style=\"width: 227.373%;height: 33px\" data-sheets-value=\"{&quot;1&quot;:2,&quot;2&quot;:&quot;Dr Moln\u00e1r Viktor&quot;}\">Dr. Moln\u00e1r Viktor<\/td>\n<\/tr>\n<tr style=\"height: 33px\">\n<td style=\"width: 49.6261%;height: 33px\" data-sheets-value=\"{&quot;1&quot;:2,&quot;2&quot;:&quot;Jason Jeonghui Joo&quot;}\">Jason Jeonghui Joo<\/td>\n<td style=\"width: 227.373%;height: 33px\" data-sheets-value=\"{&quot;1&quot;:2,&quot;2&quot;:&quot;Dr. G\u00e1l Anik\u00f3&quot;}\">Dr. G\u00e1l Anik\u00f3<\/td>\n<\/tr>\n<tr style=\"height: 33px\">\n<td style=\"width: 49.6261%;height: 33px\" data-sheets-value=\"{&quot;1&quot;:2,&quot;2&quot;:&quot;Czimbalmos \u00c1gnes&quot;}\">Czimbalmos \u00c1gnes<\/td>\n<td style=\"width: 227.373%;height: 33px\" data-sheets-value=\"{&quot;1&quot;:2,&quot;2&quot;:&quot;Dr. G\u00e1l Anik\u00f3\/K\u00f3nya M\u00e1rton&quot;}\">Dr. G\u00e1l Anik\u00f3 \/ K\u00f3nya M\u00e1rton<\/td>\n<\/tr>\n<tr style=\"height: 33px\">\n<td style=\"width: 49.6261%;height: 33px\" data-sheets-value=\"{&quot;1&quot;:2,&quot;2&quot;:&quot;Sz\u00e9kely Flora&quot;}\">Sz\u00e9kely Flora<\/td>\n<td style=\"width: 227.373%;height: 33px\" data-sheets-value=\"{&quot;1&quot;:2,&quot;2&quot;:&quot;Dr Moln\u00e1r Viktor&quot;}\">Dr. Moln\u00e1r Viktor<\/td>\n<\/tr>\n<tr style=\"height: 33px\">\n<td style=\"width: 49.6261%;height: 33px\" data-sheets-value=\"{&quot;1&quot;:2,&quot;2&quot;:&quot;Gy\u00f6rgy Tam\u00e1s&quot;}\">Gy\u00f6rgy Tam\u00e1s<\/td>\n<td style=\"width: 227.373%;height: 33px\" data-sheets-value=\"{&quot;1&quot;:2,&quot;2&quot;:&quot;Moln\u00e1r Viktor, S\u00e1gi Judit&quot;}\">Dr. Moln\u00e1r Viktor \/ Dr. S\u00e1gi Judit<\/td>\n<\/tr>\n<tr style=\"height: 33px\">\n<td style=\"width: 49.6261%;height: 33px\" data-sheets-value=\"{&quot;1&quot;:2,&quot;2&quot;:&quot;Maxime Jonckheere&quot;}\">Maxime Jonckheere<\/td>\n<td style=\"width: 227.373%;height: 33px\" data-sheets-value=\"{&quot;1&quot;:2,&quot;2&quot;:&quot;?&quot;}\">Dr. G\u00e1l Anik\u00f3<\/td>\n<\/tr>\n<tr style=\"height: 33px\">\n<td style=\"width: 49.6261%;height: 33px\" data-sheets-value=\"{&quot;1&quot;:2,&quot;2&quot;:&quot;Kiss \u00c1gnes&quot;}\">Kiss \u00c1gnes<\/td>\n<td style=\"width: 227.373%;height: 33px\" data-sheets-value=\"{&quot;1&quot;:2,&quot;2&quot;:&quot;Dr Balicza P\u00e9ter&quot;}\">Dr. Balicza P\u00e9ter<\/td>\n<\/tr>\n<tr style=\"height: 33px\">\n<td style=\"width: 49.6261%;height: 33px\" data-sheets-value=\"{&quot;1&quot;:2,&quot;2&quot;:&quot;Olajos \u00c1gnes&quot;}\">Olajos \u00c1gnes<\/td>\n<td style=\"width: 227.373%;height: 33px\" data-sheets-value=\"{&quot;1&quot;:2,&quot;2&quot;:&quot;Dr. G\u00e1l Anik\u00f3&quot;}\">Dr. G\u00e1l Anik\u00f3<\/td>\n<\/tr>\n<\/tbody>\n<\/table>\n<p>&nbsp;<\/p>\n","protected":false},"excerpt":{"rendered":"<p>Int\u00e9zet\u00fcnk TDK hallgat\u00f3i: TDK hallgat\u00f3 T\u00e9mavezet\u0151 M\u00f3dos Anna Dr. G\u00e1l Anik\u00f3 \/ Dr. Sipos Mikl\u00f3s P\u00e1lmai Anna Dr. G\u00e1l Anik\u00f3 \/ Dr. Sipos Mikl\u00f3s Trager Domonkos Dr. G\u00e1l Anik\u00f3 Annabel Koshev Prof. Moln\u00e1r M\u00e1ria Judit \/ Szlep\u00e1k Tam\u00e1s Nadine Lohrer Dr. Moln\u00e1r Viktor Alexander Baur Dr. Moln\u00e1r Viktor Jason Jeonghui Joo Dr. G\u00e1l Anik\u00f3 Czimbalmos &hellip;<\/p>\n","protected":false},"author":101429,"featured_media":0,"parent":1794,"menu_order":1,"comment_status":"closed","ping_status":"closed","template":"","meta":{"_acf_changed":false,"footnotes":""},"categories":[],"tags":[],"class_list":["post-3856","page","type-page","status-publish","hentry"],"acf":[],"_links":{"self":[{"href":"https:\/\/semmelweis.hu\/genomikai-medicina\/wp-json\/wp\/v2\/pages\/3856","targetHints":{"allow":["GET"]}}],"collection":[{"href":"https:\/\/semmelweis.hu\/genomikai-medicina\/wp-json\/wp\/v2\/pages"}],"about":[{"href":"https:\/\/semmelweis.hu\/genomikai-medicina\/wp-json\/wp\/v2\/types\/page"}],"author":[{"embeddable":true,"href":"https:\/\/semmelweis.hu\/genomikai-medicina\/wp-json\/wp\/v2\/users\/101429"}],"replies":[{"embeddable":true,"href":"https:\/\/semmelweis.hu\/genomikai-medicina\/wp-json\/wp\/v2\/comments?post=3856"}],"version-history":[{"count":4,"href":"https:\/\/semmelweis.hu\/genomikai-medicina\/wp-json\/wp\/v2\/pages\/3856\/revisions"}],"predecessor-version":[{"id":3918,"href":"https:\/\/semmelweis.hu\/genomikai-medicina\/wp-json\/wp\/v2\/pages\/3856\/revisions\/3918"}],"up":[{"embeddable":true,"href":"https:\/\/semmelweis.hu\/genomikai-medicina\/wp-json\/wp\/v2\/pages\/1794"}],"wp:attachment":[{"href":"https:\/\/semmelweis.hu\/genomikai-medicina\/wp-json\/wp\/v2\/media?parent=3856"}],"wp:term":[{"taxonomy":"category","embeddable":true,"href":"https:\/\/semmelweis.hu\/genomikai-medicina\/wp-json\/wp\/v2\/categories?post=3856"},{"taxonomy":"post_tag","embeddable":true,"href":"https:\/\/semmelweis.hu\/genomikai-medicina\/wp-json\/wp\/v2\/tags?post=3856"}],"curies":[{"name":"wp","href":"https:\/\/api.w.org\/{rel}","templated":true}]}}