{"id":3844,"date":"2023-02-27T11:51:14","date_gmt":"2023-02-27T10:51:14","guid":{"rendered":"https:\/\/semmelweis.hu\/genomikai-medicina\/?page_id=3844"},"modified":"2023-02-27T11:59:35","modified_gmt":"2023-02-27T10:59:35","slug":"bbmri-eric","status":"publish","type":"page","link":"https:\/\/semmelweis.hu\/genomikai-medicina\/kutatas\/bbmri-eric\/","title":{"rendered":"BBMRI-ERIC"},"content":{"rendered":"<h2>BBMRI-ERIC &#8211; Eur\u00f3pai Kutat\u00e1si Infrastrukt\u00fara<\/h2>\n<p style=\"text-align: justify\">A <a href=\"https:\/\/www.bbmri-eric.eu\/\"><strong>Biobankol\u00e1si \u00e9s Biomolekul\u00e1ris Kutat\u00e1si Infrastrukt\u00fara (BBMRI-ERIC)<\/strong><\/a> c\u00e9lja, hogy a kutat\u00f3k, ipari szerepl\u0151k \u00e9s kezel\u00e9sre szorul\u00f3 p\u00e1ciensek ig\u00e9nyeit \u00e9s lehet\u0151s\u00e9geit \u00f6sszehangolva \u00e9s a kapcsol\u00f3d\u00f3 orvosbiol\u00f3giai kutat\u00e1sokat t\u00e1mogatva \u00faj, hat\u00e9kony ter\u00e1pi\u00e1s kezel\u00e9sek kialak\u00edt\u00e1s\u00e1t seg\u00edtse el\u0151. Ennek keret\u00e9n bel\u00fcl a szervezet magas szint\u0171 min\u0151s\u00e9gir\u00e1ny\u00edt\u00e1si szolg\u00e1ltat\u00e1st, etikai, jogi \u00e9s t\u00e1rsadalmi jelleg\u0171 k\u00e9rd\u00e9sekkel kapcsolatos tan\u00e1csad\u00e1st, illetve informatikai t\u00e1mogat\u00e1st ny\u00fajt a kutat\u00e1si programok r\u00e9sztvev\u0151i sz\u00e1m\u00e1ra.<\/p>\n<p style=\"text-align: justify\">A <a href=\"https:\/\/www.bbmri.hu\/\">magyarorsz\u00e1gi BBMRI csom\u00f3pont<\/a> koordin\u00e1tora a <strong>Semmelweis Egyetem<\/strong>, tov\u00e1bbi r\u00e9sztvev\u0151i a <strong>Szegedi Tudom\u00e1nyegyetem, a P\u00e9csi Tudom\u00e1nyegyetem, a Debreceni Egyetem, a D\u00e9l-pesti Centrumk\u00f3rh\u00e1z \u00e9s a Richter Gedeon Nyrt. Magyarorsz\u00e1g<\/strong> a BBMRI-ERIC tags\u00e1g\u00e1val egyike lett 17 eur\u00f3pai orsz\u00e1gnak, amelyek egy olyan, nemzetk\u00f6zi f\u00f3kuszba ker\u00fclt ter\u00fcleten alkotnak egy j\u00f6v\u0151bemutat\u00f3 kutat\u00e1si infrastrukt\u00far\u00e1t, mint a biobankol\u00e1s. Ez \u00f6nmag\u00e1ban hatalmas \u00e9rt\u00e9ket k\u00e9pvisel, hiszen \u00edgy a nemzetk\u00f6zi tudom\u00e1nyos t\u00e9rben nem a k\u00f6vet\u0151i szerep jut haz\u00e1nknak, hanem akt\u00edv r\u00e9szese lehet a tudom\u00e1nyos paradigmav\u00e1lt\u00e1s id\u0151szak\u00e1ban a megalapoz\u00f3 \u00e9s kreat\u00edv folyamatoknak. Tagk\u00e9nt minden l\u00e9nyegi strat\u00e9giai \u00e9s operat\u00edv d\u00f6nt\u00e9sben szavazati joggal b\u00edr Magyarorsz\u00e1g. Konzorciumunk tagjainak munkat\u00e1rsai lehet\u0151s\u00e9get kapnak, hogy ezekben a folyamatokban szak\u00e9rtelm\u00fckkel \u00e9s tud\u00e1sukkal p\u00e1ratlan hozz\u00e1adott \u00e9rt\u00e9ket produk\u00e1ljanak a BBMRI-ERIC sz\u00e1mos munkacsoportj\u00e1nak egyik\u00e9ben. Tags\u00e1gunk m\u00e1sik nagy el\u0151nye, hogy a kutat\u00e1si infrastrukt\u00fara r\u00e9v\u00e9n t\u00f6bb eur\u00f3pai p\u00e1ly\u00e1zathoz ny\u00edlt meg a hozz\u00e1f\u00e9r\u00e9s, amely forr\u00e1sokat a hazai infrastrukt\u00far\u00e1k fejleszt\u00e9s\u00e9re lehet ford\u00edtani.<\/p>\n<p style=\"text-align: justify\">Magyarorsz\u00e1g BBMRI-ERIC tags\u00e1ga sz\u00fcks\u00e9gszer\u0171v\u00e9 teszi a csatlakoz\u00f3 magyar konzorcium tagjainak a biobanki uniformiz\u00e1l\u00e1st, azaz a konzorciumban fellelhet\u0151 biobankok mintat\u00e1rol\u00e1si, mintakeres\u00e9si, kapcsol\u00f3d\u00f3 adatok kezel\u00e9s\u00e9nek m\u00f3dszertani, infrastruktur\u00e1lis \u00e9s inform\u00e1ci\u00f3-technol\u00f3giai egys\u00e9ges\u00edt\u00e9s\u00e9t, \u00f6sszef\u00e9s\u00fcl\u00e9s\u00e9t. Az uniformiz\u00e1l\u00e1sban term\u00e9szetesen a BBMRI-ERIC seg\u00edts\u00e9get ny\u00fajt min\u0151s\u00e9gir\u00e1ny\u00edt\u00e1si, etikai ter\u00fcleteken, valamint jogi \u00e9s t\u00e1rsadalmi jelleg\u0171 k\u00e9rd\u00e9sekkel kapcsolatos tan\u00e1csad\u00e1st, illetve informatikai t\u00e1mogat\u00e1st biztos\u00edt.<\/p>\n<p style=\"text-align: justify\">Mindk\u00e9t Kutat\u00e1si Infrastrukt\u00fara 2021-ben elnyerte a <strong>Kiv\u00e1l\u00f3 Kutat\u00e1si Infrastrukt\u00fara<\/strong> c\u00edmet az NKFIH-t\u00f3l.<\/p>\n","protected":false},"excerpt":{"rendered":"<p>BBMRI-ERIC &#8211; Eur\u00f3pai Kutat\u00e1si Infrastrukt\u00fara A <a href=\"https:\/\/www.bbmri-eric.eu\/\">Biobankol\u00e1si \u00e9s Biomolekul\u00e1ris Kutat\u00e1si Infrastrukt\u00fara (BBMRI-ERIC)<\/a> c\u00e9lja, hogy a kutat\u00f3k, ipari szerepl\u0151k \u00e9s kezel\u00e9sre szorul\u00f3 p\u00e1ciensek ig\u00e9nyeit \u00e9s lehet\u0151s\u00e9geit \u00f6sszehangolva \u00e9s a kapcsol\u00f3d\u00f3 orvosbiol\u00f3giai kutat\u00e1sokat t\u00e1mogatva \u00faj, hat\u00e9kony ter\u00e1pi\u00e1s kezel\u00e9sek kialak\u00edt\u00e1s\u00e1t seg\u00edtse el\u0151. Ennek keret\u00e9n bel\u00fcl a szervezet magas szint\u0171 min\u0151s\u00e9gir\u00e1ny\u00edt\u00e1si szolg\u00e1ltat\u00e1st, etikai, jogi \u00e9s t\u00e1rsadalmi jelleg\u0171 k\u00e9rd\u00e9sekkel kapcsolatos tan\u00e1csad\u00e1st, illetve informatikai t\u00e1mogat\u00e1st ny\u00fajt a &hellip;<\/p>\n","protected":false},"author":101429,"featured_media":0,"parent":2692,"menu_order":3,"comment_status":"closed","ping_status":"closed","template":"","meta":{"_acf_changed":false,"footnotes":""},"categories":[],"tags":[],"class_list":["post-3844","page","type-page","status-publish","hentry"],"acf":[],"_links":{"self":[{"href":"https:\/\/semmelweis.hu\/genomikai-medicina\/wp-json\/wp\/v2\/pages\/3844","targetHints":{"allow":["GET"]}}],"collection":[{"href":"https:\/\/semmelweis.hu\/genomikai-medicina\/wp-json\/wp\/v2\/pages"}],"about":[{"href":"https:\/\/semmelweis.hu\/genomikai-medicina\/wp-json\/wp\/v2\/types\/page"}],"author":[{"embeddable":true,"href":"https:\/\/semmelweis.hu\/genomikai-medicina\/wp-json\/wp\/v2\/users\/101429"}],"replies":[{"embeddable":true,"href":"https:\/\/semmelweis.hu\/genomikai-medicina\/wp-json\/wp\/v2\/comments?post=3844"}],"version-history":[{"count":4,"href":"https:\/\/semmelweis.hu\/genomikai-medicina\/wp-json\/wp\/v2\/pages\/3844\/revisions"}],"predecessor-version":[{"id":3848,"href":"https:\/\/semmelweis.hu\/genomikai-medicina\/wp-json\/wp\/v2\/pages\/3844\/revisions\/3848"}],"up":[{"embeddable":true,"href":"https:\/\/semmelweis.hu\/genomikai-medicina\/wp-json\/wp\/v2\/pages\/2692"}],"wp:attachment":[{"href":"https:\/\/semmelweis.hu\/genomikai-medicina\/wp-json\/wp\/v2\/media?parent=3844"}],"wp:term":[{"taxonomy":"category","embeddable":true,"href":"https:\/\/semmelweis.hu\/genomikai-medicina\/wp-json\/wp\/v2\/categories?post=3844"},{"taxonomy":"post_tag","embeddable":true,"href":"https:\/\/semmelweis.hu\/genomikai-medicina\/wp-json\/wp\/v2\/tags?post=3844"}],"curies":[{"name":"wp","href":"https:\/\/api.w.org\/{rel}","templated":true}]}}