{"id":3841,"date":"2023-02-27T11:44:51","date_gmt":"2023-02-27T10:44:51","guid":{"rendered":"https:\/\/semmelweis.hu\/genomikai-medicina\/?page_id=3841"},"modified":"2024-09-06T10:36:12","modified_gmt":"2024-09-06T08:36:12","slug":"kutatasi-palyazatok","status":"publish","type":"page","link":"https:\/\/semmelweis.hu\/genomikai-medicina\/kutatas\/kutatasi-palyazatok\/","title":{"rendered":"Kutat\u00e1si p\u00e1ly\u00e1zatok"},"content":{"rendered":"<h2><a name=\"_TOC_250010\"><\/a>Dr. Moln\u00e1r M\u00e1ria Judit p\u00e1ly\u00e1zatai<\/h2>\n<ol>\n<li><strong><em>P\u00e1ly\u00e1zat T\u00edpusa: NKTH p\u00e1ly\u00e1zat<\/em><\/strong><strong style=\"font-size: 1rem\"><em>\u00a0<\/em><\/strong><\/li>\n<\/ol>\n<ul>\n<li>C\u00edme: Modern Orvostudom\u00e1nyi Technol\u00f3gi\u00e1k a Semmelweis Egyetemen. Kutat\u00f3egyetemi P\u00e1ly\u00e1zat. 2010- 2012.<\/li>\n<li>A szem\u00e9lyre szabott orvosl\u00e1s modul vezet\u0151je<\/li>\n<\/ul>\n<p>&nbsp;<\/p>\n<ol start=\"2\">\n<li><strong><em>P\u00e1ly\u00e1zat T\u00edpusa: NKFI Bilateralis Magyar-Szingap\u00fari Kutat\u00e1si Grant<\/em><\/strong><strong style=\"font-size: 1rem\"><em>\u00a0<\/em><\/strong><\/li>\n<\/ol>\n<ul>\n<li>C\u00edme: \u201eNext generation technologies for the annotation of biomolecular sequencies in neurological and psychiatric disorders, 2011-2013, Konzorcium vezet\u0151 a P\u00e1zm\u00e1ny P\u00e9ter Katolikus Egyetem (Pongor S\u00e1ndor)<\/li>\n<li>Moln\u00e1r M\u00e1ria Judit a Semmelweis Egyetem szakmai vezet\u0151je<\/li>\n<\/ul>\n<p>&nbsp;<\/p>\n<ol start=\"3\">\n<li><strong><em>P\u00e1ly\u00e1zat T\u00edpusa: KTIA p\u00e1ly\u00e1zat<\/em><\/strong><strong style=\"font-size: 1rem\"><em>\u00a0<\/em><\/strong><\/li>\n<\/ol>\n<ul>\n<li>C\u00edme: A kl\u00edmav\u00e1ltoz\u00e1s hat\u00e1s\u00e1nak vizsg\u00e1lata az emberi eg\u00e9szs\u00e9gre \u00e9s a bioszf\u00e9r\u00e1ra. 2013 \u2013 2015.<\/li>\n<\/ul>\n<p>&nbsp;<\/p>\n<ol start=\"4\">\n<li><strong><em>P\u00e1ly\u00e1zat T\u00edpusa: T\u00c1MOP-4.2.6.-15\/1\/2015-0006<\/em><\/strong><strong style=\"font-size: 1rem\"><em>\u00a0<\/em><\/strong><\/li>\n<\/ol>\n<ul>\n<li>C\u00edme: Eg\u00e9szs\u00e9ges \u00c9let &#8211; Innov\u00e1ci\u00f3s k\u00f6rnyezet \u00e9s szakmai h\u00e1l\u00f3zat fejleszt\u00e9se az Eszterh\u00e1zy K\u00e1roly F\u0151iskola \u00e9s a Semmelweis Egyetem egy\u00fcttm\u0171k\u00f6d\u00e9s\u00e9ben<\/li>\n<li>Moln\u00e1r M\u00e1ria Judit a Semmelweis Egyetem szakmai vezet\u0151je<\/li>\n<\/ul>\n<p>&nbsp;<\/p>\n<ol start=\"5\">\n<li><strong><em>P\u00e1ly\u00e1zat T\u00edpusa: KTIA Nemzeti Agykutat\u00e1si Program<\/em><\/strong><strong style=\"font-size: 1rem\"><em>\u00a0<\/em><\/strong><\/li>\n<\/ol>\n<ul>\n<li>C\u00edme: Neurodegenerat\u00edv betegs\u00e9gek molekul\u00e1ris mechanizmusainak \u00e9s klinikai biomarkereinek integr\u00e1lt kutat\u00e1sa \u00faj ter\u00e1pi\u00e1s lehet\u0151s\u00e9gek fejleszt\u00e9s\u00e9re. 2014 \u2013 2017.<\/li>\n<li>T\u00e1rst\u00e9mavezet\u0151k: \u00c1d\u00e1m Vizi Veronika \u00e9s Dr. Moln\u00e1r M\u00e1ria Judit<\/li>\n<\/ul>\n<p>&nbsp;<\/p>\n<ol start=\"6\">\n<li><strong><em>P\u00e1ly\u00e1zat T\u00edpusa: 3rd Health Programme<\/em><\/strong><strong style=\"font-size: 1rem\"><em>\u00a0<\/em><\/strong><\/li>\n<\/ol>\n<ul>\n<li>C\u00edme: Rare Disease Joint Action, 2015- 2017.<\/li>\n<\/ul>\n<p>&nbsp;<\/p>\n<ol start=\"7\">\n<li><strong><em>P\u00e1ly\u00e1zat T\u00edpusa: SE STIA-IN17 2017-2018<\/em><\/strong><strong style=\"font-size: 1rem\"><em>\u00a0<\/em><\/strong><\/li>\n<\/ol>\n<ul>\n<li>C\u00edme: Integr\u00e1lt, longitudin\u00e1lis komplex phenotypus- genotypus adatt\u00e1rh\u00e1z kialak\u00edt\u00e1sa az eg\u00e9szs\u00e9g\u00fcgyi \u201ebig data\u201d elemz\u00e9sekhez<\/li>\n<\/ul>\n<p>&nbsp;<\/p>\n<ol start=\"8\">\n<li><strong><em>P\u00e1ly\u00e1zat T\u00edpusa: KTIA Nemzeti Bionika Program<\/em><\/strong><strong style=\"font-size: 1rem\"><em>\u00a0<\/em><\/strong><\/li>\n<\/ol>\n<ul>\n<li>C\u00edme: Nemzeti Eg\u00e9szs\u00e9gt\u00e1rh\u00e1z kialak\u00edt\u00e1sa \u00e9s m\u0171k\u00f6dtet\u00e9se 2016- 2021.<\/li>\n<\/ul>\n<p>&nbsp;<\/p>\n<ol start=\"9\">\n<li><strong><em>P\u00e1ly\u00e1zat T\u00edpusa: KTIA Nemzeti Agykutat\u00e1si Program<\/em><\/strong><strong style=\"font-size: 1rem\"><em>\u00a0<\/em><\/strong><\/li>\n<\/ol>\n<ul>\n<li>C\u00edme: G\u00e9nvari\u00e1nsok szerep\u00e9nek vizsg\u00e1lata mitochondri\u00e1lis betegs\u00e9gekben \u00e9s neurodegener\u00e1ci\u00f3kban. 2017- 2021.<\/li>\n<\/ul>\n<p>&nbsp;<\/p>\n<ol start=\"10\">\n<li><strong><em>P\u00e1ly\u00e1zat t\u00edpusa: Grant agreement under the connecting Europe facility (CEF)<\/em><\/strong><\/li>\n<\/ol>\n<ul>\n<li>Telecommunications sector agreement. No NEA\/CEF\/ICT\/A2017\/1526022 Agreement number: INEA\/CEF\/ICT\/A2017\/1526022 Action No: 2017-EU- IA-0078 2017-2021<\/li>\n<li>C\u00edme: ERN Rare Neurological Disorders Clinical Patients Management System coordination and education<\/li>\n<\/ul>\n<p>&nbsp;<\/p>\n<ol start=\"11\">\n<li><strong><em>P\u00e1ly\u00e1zat t\u00edpusa: 2021- 2025<\/em><\/strong><strong style=\"font-size: 1rem\"><em>\u00a0<\/em><\/strong><\/li>\n<\/ol>\n<ul>\n<li>C\u00edme: Funkcion\u00e1lis genomikai kutat\u00e1sok a ritka \u00f6r\u00f6kletes neurol\u00f3giai betegs\u00e9gek genomikai architekt\u00far\u00e1j\u00e1nak vizsg\u00e1lat\u00e1ra<\/li>\n<\/ul>\n<p>&nbsp;<\/p>\n<ol start=\"12\">\n<li><strong><em>P\u00e1ly\u00e1zat t\u00edpusa: NKFIH TKP-NVA-15 2021-2024<\/em><\/strong><strong style=\"font-size: 1rem\"><em>\u00a0<\/em><\/strong><\/li>\n<\/ol>\n<ul>\n<li>C\u00edme: Semmelweis Feder\u00e1lt Adatt\u00e1rh\u00e1z (SEFA) kialak\u00edt\u00e1sa a nemzeti genomikai adatok adatv\u00e9delmet biztos\u00edt\u00f3 megoszt\u00e1s\u00e1nak t\u00e1mogat\u00e1s\u00e1ra<\/li>\n<\/ul>\n<p>&nbsp;<\/p>\n<ol start=\"13\">\n<li><strong><em>P\u00e1ly\u00e1zat t\u00edpusa: T\u00e1mogatott Kutat\u00f3csoportok Irod\u00e1ja HUN-REN, Multi-Omikai Neurodegenerativ Munkacsoport kialak\u00edt\u00e1sa 2022-2027<\/em><\/strong><strong style=\"font-size: 1rem\"><em>\u00a0<\/em><\/strong><\/li>\n<\/ol>\n<ul>\n<li>C\u00edme: Multidimenzi\u00f3s adatvez\u00e9relt predikci\u00f3k szem\u00e9lyre szabott alkalmaz\u00e1sa neurodegenerat\u00edv betegs\u00e9gekben (MUDIPRED)<\/li>\n<\/ul>\n<p>&nbsp;<\/p>\n<ol start=\"14\">\n<li><strong><em>P\u00e1ly\u00e1zat t\u00edpusa: Richter T\u00e9map\u00e1ly\u00e1zat 2022-2024<\/em><\/strong><strong style=\"font-size: 1rem\"><em>\u00a0<\/em><\/strong><\/li>\n<\/ol>\n<ul>\n<li>C\u00edme: A cariprazine klinikai alkalmaz\u00e1s\u00e1nak b\u0151v\u00edt\u00e9si lehet\u0151s\u00e9gei neuropszichi\u00e1triai betegs\u00e9gekben a t\u00fcnet alap\u00fa transzdiagnosztikus megk\u00f6zel\u00edt\u00e9s alapj\u00e1n<\/li>\n<\/ul>\n<p>&nbsp;<\/p>\n<p>\u00a0 \u00a015. <strong><em>P\u00e1ly\u00e1zat t\u00edpusa: <\/em><em>2024-1.2.2-ERA_NET-2024-00010 &#8211; GENOMIT5 2024-2027<\/em><\/strong><\/p>\n<ul>\n<li>C\u00edme: Mitochondri\u00e1lis betegs\u00e9gek nemzeti, hosszmetszeti prec\u00edz\u00f3s betegregiszter\u00e9nek \u00e9s biobankj\u00e1nak ki\u00e9p\u00edt\u00e9se<\/li>\n<\/ul>\n<p>&nbsp;<\/p>\n<p>&nbsp;<\/p>\n<h2><a name=\"_TOC_250009\"><\/a>Dr. G\u00e1l Anik\u00f3 P\u00e1ly\u00e1zatai<\/h2>\n<h2><strong>\u00a0<\/strong><\/h2>\n<ol>\n<li><strong><em>P\u00e1ly\u00e1zat t\u00edpusa: Semmelweis Start Up P\u00e1ly\u00e1zat 2018-2020<\/em><\/strong><strong style=\"font-size: 1rem\"><em>\u00a0<\/em><\/strong><\/li>\n<\/ol>\n<ul>\n<li>C\u00edme: Investigation of the MSTO1 and DNM2 proteins on mitochondrial dynamics pathway<\/li>\n<\/ul>\n<p>&nbsp;<\/p>\n<ol start=\"2\">\n<li><strong><em>P\u00e1ly\u00e1zat t\u00edpusa: OTKA 132812 2019 &#8211; 2023<\/em><\/strong><strong style=\"font-size: 1rem\"><em>\u00a0<\/em><\/strong><\/li>\n<\/ol>\n<ul>\n<li>C\u00edme: Mitokondri\u00e1lis dinamikai \u00fatvonalak vizsg\u00e1lata saj\u00e1t eseteinken kapcs\u00e1n<\/li>\n<\/ul>\n<p>&nbsp;<\/p>\n<ol start=\"3\">\n<li><strong><em>P\u00e1ly\u00e1zat t\u00edpusa: B\u00f3lyai J\u00e1nos Kutat\u00e1si \u00d6szt\u00f6nd\u00edj 2020- 2023<\/em><\/strong><strong style=\"font-size: 1rem\"><em>\u00a0<\/em><\/strong><\/li>\n<\/ol>\n<ul>\n<li>C\u00edme: MSTO1 \u00e9s DNM2 g\u00e9nek szerep\u00e9nek vizsg\u00e1lata a mitochondri\u00e1lis dinamikai \u00fatvonalban \u00e9s mut\u00e1ci\u00f3inak hat\u00e1sa a mitochondri\u00e1lis betegs\u00e9gek pathomechanizmus\u00e1ban<\/li>\n<\/ul>\n<p>&nbsp;<\/p>\n<ol start=\"4\">\n<li><strong><em>P\u00e1ly\u00e1zat t\u00edpusa: UNKP Nemzeti Kiv\u00e1lls\u00e1gi Program B\u00f3lyai+ \u00d6szt\u00f6nd\u00edj 2020-2021<\/em><\/strong><strong style=\"font-size: 1rem\"><em>\u00a0<\/em><\/strong><\/li>\n<\/ol>\n<ul>\n<li>C\u00edme: Mitochondri\u00e1lis dinamika \u00fatvonalainak vizsg\u00e1lata saj\u00e1t eseteink kapcs\u00e1n<\/li>\n<\/ul>\n<p>&nbsp;<\/p>\n<ol start=\"5\">\n<li><strong><em>P\u00e1ly\u00e1zat t\u00edpusa: UNKP Nemzeti Kiv\u00e1lls\u00e1gi Program B\u00f3lyai+ \u00d6szt\u00f6nd\u00edj<\/em><\/strong><strong style=\"font-size: 1rem\"><em>\u00a0<\/em><\/strong><\/li>\n<\/ol>\n<ul>\n<li>C\u00edme: Az MSTO1 \u00e9s DNM2 proteinek mitochondri\u00e1lis dinamik\u00e1ban val\u00f3 szerep\u00e9nek vizsg\u00e1lata<\/li>\n<\/ul>\n<p>&nbsp;<\/p>\n<h2><a name=\"_TOC_250008\"><\/a>Dr. Balicza P\u00e9ter P\u00e1ly\u00e1zatai<\/h2>\n<ol>\n<li><strong><em>P\u00e1ly\u00e1zat t\u00edpusa: Richter T\u00e9map\u00e1ly\u00e1zat 2016-17<\/em><\/strong><strong style=\"font-size: 1rem\"><em>\u00a0<\/em><\/strong><\/li>\n<\/ol>\n<ul>\n<li>C\u00edme: FARMATRIX Matrix kit\u00f6lt\u00e9si technik\u00e1kon alapul\u00f3 \u00faj metodikai megk\u00f6zel\u00edt\u00e9s kidolgoz\u00e1sa farmakol\u00f3giai t\u00e1mad\u00e1spontok \u00e9s \u00faj gy\u00f3gyszerek k\u00f6z\u00f6tti kapcsolatok felt\u00e1r\u00e1s\u00e1ra \u00e9s gy\u00f3gyszerek \u00fajra hasznos\u00edt\u00e1s\u00e1ra (T\u00e1rst\u00e9mavezet\u0151 Dr. B\u00faza Kriszti\u00e1n)<\/li>\n<\/ul>\n<p>&nbsp;<\/p>\n<ol start=\"2\">\n<li><strong><em>P\u00e1ly\u00e1zat t\u00edpusa: SE \u2013 Richter Gedeon NyRt, STIA- POC-2021 2021<\/em><\/strong><strong style=\"font-size: 1rem\"><em>\u00a0<\/em><\/strong><\/li>\n<\/ol>\n<ul>\n<li>C\u00edme: A cariprazine hat\u00e1s\u00e1nak vizsg\u00e1lata primer mitochondrialis betegs\u00e9g okozta cognitiv \u00e9s affektiv zavarokban.<\/li>\n<\/ul>\n<p>&nbsp;<\/p>\n","protected":false},"excerpt":{"rendered":"<p><a name=\"_TOC_250010\"><\/a> Dr. Moln\u00e1r M\u00e1ria Judit p\u00e1ly\u00e1zatai P\u00e1ly\u00e1zat T\u00edpusa: NKTH p\u00e1ly\u00e1zat\u00a0 C\u00edme: Modern Orvostudom\u00e1nyi Technol\u00f3gi\u00e1k a Semmelweis Egyetemen. Kutat\u00f3egyetemi P\u00e1ly\u00e1zat. 2010- 2012. A szem\u00e9lyre szabott orvosl\u00e1s modul vezet\u0151je &nbsp; P\u00e1ly\u00e1zat T\u00edpusa: NKFI Bilateralis Magyar-Szingap\u00fari Kutat\u00e1si Grant\u00a0 C\u00edme: \u201eNext generation technologies for the annotation of biomolecular sequencies in neurological and psychiatric disorders, 2011-2013, Konzorcium vezet\u0151 a P\u00e1zm\u00e1ny P\u00e9ter &hellip;<\/p>\n","protected":false},"author":101429,"featured_media":0,"parent":2692,"menu_order":2,"comment_status":"closed","ping_status":"closed","template":"","meta":{"_acf_changed":false,"footnotes":""},"categories":[],"tags":[],"class_list":["post-3841","page","type-page","status-publish","hentry"],"acf":[],"_links":{"self":[{"href":"https:\/\/semmelweis.hu\/genomikai-medicina\/wp-json\/wp\/v2\/pages\/3841","targetHints":{"allow":["GET"]}}],"collection":[{"href":"https:\/\/semmelweis.hu\/genomikai-medicina\/wp-json\/wp\/v2\/pages"}],"about":[{"href":"https:\/\/semmelweis.hu\/genomikai-medicina\/wp-json\/wp\/v2\/types\/page"}],"author":[{"embeddable":true,"href":"https:\/\/semmelweis.hu\/genomikai-medicina\/wp-json\/wp\/v2\/users\/101429"}],"replies":[{"embeddable":true,"href":"https:\/\/semmelweis.hu\/genomikai-medicina\/wp-json\/wp\/v2\/comments?post=3841"}],"version-history":[{"count":4,"href":"https:\/\/semmelweis.hu\/genomikai-medicina\/wp-json\/wp\/v2\/pages\/3841\/revisions"}],"predecessor-version":[{"id":4149,"href":"https:\/\/semmelweis.hu\/genomikai-medicina\/wp-json\/wp\/v2\/pages\/3841\/revisions\/4149"}],"up":[{"embeddable":true,"href":"https:\/\/semmelweis.hu\/genomikai-medicina\/wp-json\/wp\/v2\/pages\/2692"}],"wp:attachment":[{"href":"https:\/\/semmelweis.hu\/genomikai-medicina\/wp-json\/wp\/v2\/media?parent=3841"}],"wp:term":[{"taxonomy":"category","embeddable":true,"href":"https:\/\/semmelweis.hu\/genomikai-medicina\/wp-json\/wp\/v2\/categories?post=3841"},{"taxonomy":"post_tag","embeddable":true,"href":"https:\/\/semmelweis.hu\/genomikai-medicina\/wp-json\/wp\/v2\/tags?post=3841"}],"curies":[{"name":"wp","href":"https:\/\/api.w.org\/{rel}","templated":true}]}}