{"id":3440,"date":"2022-03-29T14:53:02","date_gmt":"2022-03-29T12:53:02","guid":{"rendered":"https:\/\/semmelweis.hu\/genomikai-medicina\/?page_id=3440"},"modified":"2024-09-05T10:56:28","modified_gmt":"2024-09-05T08:56:28","slug":"out-patient-care","status":"publish","type":"page","link":"https:\/\/semmelweis.hu\/genomikai-medicina\/en\/health-care\/out-patient-care\/","title":{"rendered":"Outpatient care"},"content":{"rendered":"<hr \/>\n<p><strong>Booking an appointment via:<\/strong><\/p>\n<p>Tel.: <strong>+36 20 670 1906<\/strong>, Monday &#8211; Friday 11.00 a.m. &#8211; 3.00 p.m.<\/p>\n<p>E-mail: <strong><a href=\"mailto:ritkaidopont@med.semmelweis-univ.hu\" target=\"_blank\" rel=\"noopener\">ritkaidopont@med.semmelweis-univ.hu<\/a><\/strong><\/p>\n<hr \/>\n<p><strong>Outpatient Clinic of Rare Disorders and Neurogenetics<\/strong><\/p>\n<ul>\n<li>Zolt\u00e1n Grosz MD<\/li>\n<li>P\u00e9ter Balicza MD<\/li>\n<li>No\u00e9mi Varga MD<\/li>\n<li>M\u00e1ria Judit Moln\u00e1r MD, PhD, DSc<\/li>\n<li>Idris J\u00e1nos Jimoh, MD<\/li>\n<li>Barbara Csendes MD<\/li>\n<li>\u00c1gnes Pal\u00e1sti MD<\/li>\n<\/ul>\n<p>Monday: 8.00 a.m. &#8211; 3.00 p.m.<\/p>\n<hr \/>\n<p><strong>Genetic Counceling<\/strong><\/p>\n<ul>\n<li>M\u00e1rta Szegedi MD<\/li>\n<li>Bea\u00e1ta Borsos MD<\/li>\n<li>Viktor Moln\u00e1r MD<\/li>\n<\/ul>\n<p>Monday, Tuesday, Friday: 9.00 a.m. &#8211; 12.30 p.m.<\/p>\n<hr \/>\n<p><strong>Prevention and Prediction<\/strong><\/p>\n<ul>\n<li>M\u00e1ria Judit Moln\u00e1r MD, PhD, DSc<\/li>\n<\/ul>\n<p>Wednesday 8.00 a.m. &#8211; 10.00 am<\/p>\n<hr \/>\n<p><strong>Neurophysiology<\/strong><\/p>\n<ul>\n<li>Zolt\u00e1n Grosz\u00a0MD<\/li>\n<\/ul>\n<p>Monday &#8211; Friday: 8.00 a.m. &#8211;\u00a0 2.00 p.m.<\/p>\n<hr \/>\n<p><strong>Myopathology<\/strong><\/p>\n<ul>\n<li>M\u00e1ria Judit Moln\u00e1r MD, PhD, DSc<\/li>\n<\/ul>\n<p>Monday-Friday 8.00 a.m. &#8211; 4.00 p.m.<\/p>\n<hr \/>\n<p><strong>Outpatient Clinic of Leukodystrophy (Degeneration of the white matter in the central nervous system)\u00a0<\/strong><\/p>\n<ul>\n<li>P\u00e9ter Balicza MD<\/li>\n<\/ul>\n<div>Tuesday 2.00 p.m. &#8211; 5.00 p.m.<\/div>\n<p>&nbsp;<\/p>\n<p><strong><a href=\"https:\/\/semmelweis.hu\/genomikai-medicina\/files\/2016\/08\/genetic-test-request-form.pdf\" target=\"_blank\" rel=\"noopener\">Request form for genetic test<\/a><\/strong><\/p>\n<p><strong><a href=\"https:\/\/semmelweis.hu\/genomikai-medicina\/files\/2016\/08\/biopsy.pdf\" target=\"_blank\" rel=\"noopener\">Request form for biopsy<\/a><\/strong><\/p>\n","protected":false},"excerpt":{"rendered":"<p>Booking an appointment via: Tel.: +36 20 670 1906, Monday &#8211; Friday 11.00 a.m. &#8211; 3.00 p.m. E-mail: <a href=\"mailto:ritkaidopont@med.semmelweis-univ.hu\" target=\"_blank\" rel=\"noopener\">ritkaidopont@med.semmelweis-univ.hu<\/a> Outpatient Clinic of Rare Disorders and Neurogenetics Zolt\u00e1n Grosz MD P\u00e9ter Balicza MD No\u00e9mi Varga MD M\u00e1ria Judit Moln\u00e1r MD, PhD, DSc Idris J\u00e1nos Jimoh, MD Barbara Csendes MD \u00c1gnes Pal\u00e1sti MD Monday: 8.00 a.m. &#8211; 3.00 &hellip;<\/p>\n","protected":false},"author":101429,"featured_media":0,"parent":1419,"menu_order":1,"comment_status":"closed","ping_status":"closed","template":"","meta":{"_acf_changed":false,"footnotes":""},"categories":[],"tags":[],"class_list":["post-3440","page","type-page","status-publish","hentry"],"acf":[],"_links":{"self":[{"href":"https:\/\/semmelweis.hu\/genomikai-medicina\/wp-json\/wp\/v2\/pages\/3440","targetHints":{"allow":["GET"]}}],"collection":[{"href":"https:\/\/semmelweis.hu\/genomikai-medicina\/wp-json\/wp\/v2\/pages"}],"about":[{"href":"https:\/\/semmelweis.hu\/genomikai-medicina\/wp-json\/wp\/v2\/types\/page"}],"author":[{"embeddable":true,"href":"https:\/\/semmelweis.hu\/genomikai-medicina\/wp-json\/wp\/v2\/users\/101429"}],"replies":[{"embeddable":true,"href":"https:\/\/semmelweis.hu\/genomikai-medicina\/wp-json\/wp\/v2\/comments?post=3440"}],"version-history":[{"count":10,"href":"https:\/\/semmelweis.hu\/genomikai-medicina\/wp-json\/wp\/v2\/pages\/3440\/revisions"}],"predecessor-version":[{"id":4092,"href":"https:\/\/semmelweis.hu\/genomikai-medicina\/wp-json\/wp\/v2\/pages\/3440\/revisions\/4092"}],"up":[{"embeddable":true,"href":"https:\/\/semmelweis.hu\/genomikai-medicina\/wp-json\/wp\/v2\/pages\/1419"}],"wp:attachment":[{"href":"https:\/\/semmelweis.hu\/genomikai-medicina\/wp-json\/wp\/v2\/media?parent=3440"}],"wp:term":[{"taxonomy":"category","embeddable":true,"href":"https:\/\/semmelweis.hu\/genomikai-medicina\/wp-json\/wp\/v2\/categories?post=3440"},{"taxonomy":"post_tag","embeddable":true,"href":"https:\/\/semmelweis.hu\/genomikai-medicina\/wp-json\/wp\/v2\/tags?post=3440"}],"curies":[{"name":"wp","href":"https:\/\/api.w.org\/{rel}","templated":true}]}}