{"id":3407,"date":"2022-03-29T11:11:05","date_gmt":"2022-03-29T09:11:05","guid":{"rendered":"https:\/\/semmelweis.hu\/genomikai-medicina\/?page_id=3407"},"modified":"2022-04-20T09:40:04","modified_gmt":"2022-04-20T07:40:04","slug":"betegellatas","status":"publish","type":"page","link":"https:\/\/semmelweis.hu\/genomikai-medicina\/betegellatas\/","title":{"rendered":"Betegell\u00e1t\u00e1s"},"content":{"rendered":"<p style=\"text-align: justify;\"><a href=\"https:\/\/semmelweis.hu\/genomikai-medicina\/files\/2022\/04\/VR_szemuveg.jpg\"><img loading=\"lazy\" decoding=\"async\" class=\"wp-image-3485  alignright\" src=\"https:\/\/semmelweis.hu\/genomikai-medicina\/files\/2022\/04\/VR_szemuveg.jpg\" alt=\"\" width=\"439\" height=\"199\" srcset=\"https:\/\/semmelweis.hu\/genomikai-medicina\/files\/2022\/04\/VR_szemuveg.jpg 1078w, https:\/\/semmelweis.hu\/genomikai-medicina\/files\/2022\/04\/VR_szemuveg-300x136.jpg 300w, https:\/\/semmelweis.hu\/genomikai-medicina\/files\/2022\/04\/VR_szemuveg-1024x465.jpg 1024w, https:\/\/semmelweis.hu\/genomikai-medicina\/files\/2022\/04\/VR_szemuveg-768x348.jpg 768w, https:\/\/semmelweis.hu\/genomikai-medicina\/files\/2022\/04\/VR_szemuveg-580x263.jpg 580w\" sizes=\"auto, (max-width: 439px) 100vw, 439px\" \/><\/a>A Genomikai Medicina \u00e9s Ritka Betegs\u00e9gek Int\u00e9zete a j\u00f6v\u0151 orvosl\u00e1s\u00e1nak, <strong>a szem\u00e9lyre szabott orvosl\u00e1snak egy alapm\u0171helye<\/strong> a Semmelweis Egyetemen \u00e9s Magyarorsz\u00e1gon. A Semmelweis Egyetem vezet\u0151s\u00e9ge m\u00e1r 2012-ben felismerte a genetikai alap\u00fa orvosl\u00e1s jelent\u0151s\u00e9g\u00e9nek fontoss\u00e1g\u00e1t, amikor int\u00e9zet\u00fcnk megalap\u00edt\u00e1s\u00e1val megalkotta az orsz\u00e1g els\u0151, \u00f6n\u00e1ll\u00f3, komprehenz\u00edv Ritka Betegs\u00e9g K\u00f6zpontj\u00e1t, ami egyben az Egyetem Ritka Betegs\u00e9g H\u00e1l\u00f3zat\u00e1nak is a koordin\u00e1tora.<\/p>\n<p style=\"text-align: justify;\">Int\u00e9zm\u00e9nyi l\u00e9pt\u00e9kekkel <strong>fiatalnak sz\u00e1m\u00edt az int\u00e9zet a maga 10 \u00e9v\u00e9vel<\/strong>, ugyanakkor lehet\u0151s\u00e9gei hat\u00e1rtalanok, mert a <strong>genomika \u00e9s a genetikai az a tudom\u00e1nyter\u00fclet<\/strong>, amelynek seg\u00edts\u00e9g\u00e9vel \u00faj t\u00e1vlatok ny\u00edlnak meg el\u0151tt\u00fcnk.<\/p>\n<p style=\"text-align: justify;\">A technol\u00f3gia fejl\u0151d\u00e9se folyamatosan \u00faj kih\u00edv\u00e1sokat \u00e9s ezzel egy id\u0151ben \u00faj lehet\u0151s\u00e9geket teremt. Ritka betegs\u00e9gben szenved\u0151k sz\u00e1m\u00e1ra az int\u00e9zet olyan <strong>nemzetk\u00f6zi szinten is elismert szak\u00e9rtelmet biztos\u00edt<\/strong>, amely garant\u00e1lja a <strong>legkorszer\u0171bb betegell\u00e1t\u00e1s<\/strong>t, mind a j\u00e1r\u00f3, mind a fekv\u0151betegek sz\u00e1m\u00e1ra. Egy-egy diagnosztikai rejt\u00e9ly, nem mag\u00e1nyos orvosok harca, hanem a <strong>k\u00f6z\u00f6sen gondolkod\u00f3 csapat kih\u00edv\u00e1sa<\/strong>. A csapatban dolgoz\u00f3 klinikai genetikusok, neurol\u00f3gusok, pszichi\u00e1terek, klinikai farmakol\u00f3gusok, neuropatol\u00f3gusok, pszichol\u00f3gusok, gy\u00f3gytorn\u00e1szok, molekul\u00e1ris biol\u00f3gusok k\u00f6z\u00f6s gondolkod\u00e1sa hozza meg mind p\u00e1cienseink, mind az int\u00e9zet szintj\u00e9n a sikert. Az itt gondozott betegek diagnosztikus Od\u00fcszze\u00e1j\u00e1ban nem utasok, hanem t\u00e1rspil\u00f3t\u00e1k. Ez t\u00fckr\u00f6z\u0151dik az int\u00e9zet szellemis\u00e9g\u00e9ben, a k\u00f6z\u00f6s \u00fatkeres\u00e9sek vezetnek gyorsan a c\u00e9lba, legyen az diagnosztika, gy\u00f3gy\u00edt\u00e1s vagy kutat\u00e1s.<\/p>\n<p style=\"text-align: justify;\">K\u00e9rj\u00fck, v\u00e1lasszon a baloldali men\u00fcpontok k\u00f6z\u00fcl!<\/p>\n","protected":false},"excerpt":{"rendered":"<p><a href=\"https:\/\/semmelweis.hu\/genomikai-medicina\/files\/2022\/04\/VR_szemuveg.jpg\"><\/a> A Genomikai Medicina \u00e9s Ritka Betegs\u00e9gek Int\u00e9zete a j\u00f6v\u0151 orvosl\u00e1s\u00e1nak, a szem\u00e9lyre szabott orvosl\u00e1snak egy alapm\u0171helye a Semmelweis Egyetemen \u00e9s Magyarorsz\u00e1gon. A Semmelweis Egyetem vezet\u0151s\u00e9ge m\u00e1r 2012-ben felismerte a genetikai alap\u00fa orvosl\u00e1s jelent\u0151s\u00e9g\u00e9nek fontoss\u00e1g\u00e1t, amikor int\u00e9zet\u00fcnk megalap\u00edt\u00e1s\u00e1val megalkotta az orsz\u00e1g els\u0151, \u00f6n\u00e1ll\u00f3, komprehenz\u00edv Ritka Betegs\u00e9g K\u00f6zpontj\u00e1t, ami egyben az Egyetem Ritka Betegs\u00e9g H\u00e1l\u00f3zat\u00e1nak is a &hellip;<\/p>\n","protected":false},"author":101429,"featured_media":0,"parent":0,"menu_order":2,"comment_status":"closed","ping_status":"closed","template":"","meta":{"_acf_changed":false,"footnotes":""},"categories":[],"tags":[],"class_list":["post-3407","page","type-page","status-publish","hentry"],"acf":[],"_links":{"self":[{"href":"https:\/\/semmelweis.hu\/genomikai-medicina\/wp-json\/wp\/v2\/pages\/3407","targetHints":{"allow":["GET"]}}],"collection":[{"href":"https:\/\/semmelweis.hu\/genomikai-medicina\/wp-json\/wp\/v2\/pages"}],"about":[{"href":"https:\/\/semmelweis.hu\/genomikai-medicina\/wp-json\/wp\/v2\/types\/page"}],"author":[{"embeddable":true,"href":"https:\/\/semmelweis.hu\/genomikai-medicina\/wp-json\/wp\/v2\/users\/101429"}],"replies":[{"embeddable":true,"href":"https:\/\/semmelweis.hu\/genomikai-medicina\/wp-json\/wp\/v2\/comments?post=3407"}],"version-history":[{"count":10,"href":"https:\/\/semmelweis.hu\/genomikai-medicina\/wp-json\/wp\/v2\/pages\/3407\/revisions"}],"predecessor-version":[{"id":3564,"href":"https:\/\/semmelweis.hu\/genomikai-medicina\/wp-json\/wp\/v2\/pages\/3407\/revisions\/3564"}],"wp:attachment":[{"href":"https:\/\/semmelweis.hu\/genomikai-medicina\/wp-json\/wp\/v2\/media?parent=3407"}],"wp:term":[{"taxonomy":"category","embeddable":true,"href":"https:\/\/semmelweis.hu\/genomikai-medicina\/wp-json\/wp\/v2\/categories?post=3407"},{"taxonomy":"post_tag","embeddable":true,"href":"https:\/\/semmelweis.hu\/genomikai-medicina\/wp-json\/wp\/v2\/tags?post=3407"}],"curies":[{"name":"wp","href":"https:\/\/api.w.org\/{rel}","templated":true}]}}