{"id":3231,"date":"2021-09-22T11:29:22","date_gmt":"2021-09-22T09:29:22","guid":{"rendered":"https:\/\/semmelweis.hu\/genomikai-medicina\/?page_id=3231"},"modified":"2024-03-11T11:39:56","modified_gmt":"2024-03-11T10:39:56","slug":"adatvedelem","status":"publish","type":"page","link":"https:\/\/semmelweis.hu\/genomikai-medicina\/az-intezetrol\/adatvedelem\/","title":{"rendered":"Adatv\u00e9delem"},"content":{"rendered":"<div>\n<p><strong>A Semmelweis Egyetem adatv\u00e9delmi tisztvisel\u0151je:<\/strong><\/p>\n<p><strong>Dr., PHD Tr\u00f3cs\u00e1nyi S\u00e1ra<\/strong><br \/>\n1125 Budapest, K\u00fatv\u00f6lgyi \u00fat 6.<br \/>\nTel.: 06-1\/224-1547<\/p>\n<p><strong>E-mail:<\/strong>\u00a0<a target=\"_blank\" rel=\"noopener noreferrer\">adatvedelem@semmelweis-univ.hu<\/a><\/p>\n<\/div>\n<div><strong><a href=\"https:\/\/semmelweis.hu\/jogigfoig\/adatvedelem-betegjog\/\" target=\"_blank\" rel=\"noopener noreferrer\">https:\/\/semmelweis.hu\/jogigfoig\/adatvedelem-betegjog\/<\/a><\/strong><\/div>\n<div>\u00a0<\/div>\n<div>Adatkezel\u00e9si t\u00e1j\u00e9koztat\u00f3 let\u00f6lthet\u0151<strong> <a href=\"https:\/\/semmelweis.hu\/genomikai-medicina\/files\/2024\/03\/Adatkezelesi_tajekoztato_2024.pdf\">ide kattintva<\/a>.<\/strong><\/div>\n<div>\u00a0<\/div>\n<div>Adatkezel\u00e9si nyilv\u00e1ntart\u00e1s let\u00f6lthet\u0151 <strong><a href=\"https:\/\/semmelweis.hu\/genomikai-medicina\/files\/2024\/03\/Adatkezelesi-nyilvantartas-Genomikai-Medicina-es-Ritka-Betegsegek-Intezete-2024.02.19..xlsx\">ide kattintva<\/a>.<\/strong><\/div>\n<div>\u00a0<\/div>\n<div>\u00a0<\/div>\n","protected":false},"excerpt":{"rendered":"<p>A Semmelweis Egyetem adatv\u00e9delmi tisztvisel\u0151je:<br \/>\nDr., PHD Tr\u00f3cs\u00e1nyi S\u00e1ra<br \/>\n1125 Budapest, K\u00fatv\u00f6lgyi \u00fat 6.<br \/>\nTel.: 06-1\/224-1547<br \/>\nE-mail:\u00a0<a target=\"_blank\" rel=\"noopener noreferrer\">adatvedelem@semmelweis-univ.hu<\/a><\/p>\n<p><a href=\"https:\/\/semmelweis.hu\/jogigfoig\/adatvedelem-betegjog\/\" target=\"_blank\" rel=\"noopener noreferrer\">https:\/\/semmelweis.hu\/jogigfoig\/adatvedelem-betegjog\/<\/a><br \/>\n\u00a0<br \/>\nAdatkezel\u00e9si t\u00e1j\u00e9koztat\u00f3 let\u00f6lthet\u0151 <a href=\"https:\/\/semmelweis.hu\/genomikai-medicina\/files\/2024\/03\/Adatkezelesi_tajekoztato_2024.pdf\">ide kattintva<\/a>.<br \/>\n\u00a0<br \/>\nAdatkezel\u00e9si nyilv\u00e1ntart\u00e1s let\u00f6lthet\u0151 <a href=\"https:\/\/semmelweis.hu\/genomikai-medicina\/files\/2024\/03\/Adatkezelesi-nyilvantartas-Genomikai-Medicina-es-Ritka-Betegsegek-Intezete-2024.02.19..xlsx\">ide kattintva<\/a>.<br \/>\n\u00a0<br \/>\n\u00a0<\/p>\n","protected":false},"author":101429,"featured_media":0,"parent":3409,"menu_order":5,"comment_status":"closed","ping_status":"closed","template":"","meta":{"_acf_changed":false,"footnotes":""},"categories":[],"tags":[],"class_list":["post-3231","page","type-page","status-publish","hentry"],"acf":[],"_links":{"self":[{"href":"https:\/\/semmelweis.hu\/genomikai-medicina\/wp-json\/wp\/v2\/pages\/3231","targetHints":{"allow":["GET"]}}],"collection":[{"href":"https:\/\/semmelweis.hu\/genomikai-medicina\/wp-json\/wp\/v2\/pages"}],"about":[{"href":"https:\/\/semmelweis.hu\/genomikai-medicina\/wp-json\/wp\/v2\/types\/page"}],"author":[{"embeddable":true,"href":"https:\/\/semmelweis.hu\/genomikai-medicina\/wp-json\/wp\/v2\/users\/101429"}],"replies":[{"embeddable":true,"href":"https:\/\/semmelweis.hu\/genomikai-medicina\/wp-json\/wp\/v2\/comments?post=3231"}],"version-history":[{"count":10,"href":"https:\/\/semmelweis.hu\/genomikai-medicina\/wp-json\/wp\/v2\/pages\/3231\/revisions"}],"predecessor-version":[{"id":4041,"href":"https:\/\/semmelweis.hu\/genomikai-medicina\/wp-json\/wp\/v2\/pages\/3231\/revisions\/4041"}],"up":[{"embeddable":true,"href":"https:\/\/semmelweis.hu\/genomikai-medicina\/wp-json\/wp\/v2\/pages\/3409"}],"wp:attachment":[{"href":"https:\/\/semmelweis.hu\/genomikai-medicina\/wp-json\/wp\/v2\/media?parent=3231"}],"wp:term":[{"taxonomy":"category","embeddable":true,"href":"https:\/\/semmelweis.hu\/genomikai-medicina\/wp-json\/wp\/v2\/categories?post=3231"},{"taxonomy":"post_tag","embeddable":true,"href":"https:\/\/semmelweis.hu\/genomikai-medicina\/wp-json\/wp\/v2\/tags?post=3231"}],"curies":[{"name":"wp","href":"https:\/\/api.w.org\/{rel}","templated":true}]}}